{"id":16498,"date":"2025-05-21T16:16:31","date_gmt":"2025-05-21T14:16:31","guid":{"rendered":"https:\/\/chefpastry.ch\/?post_type=product&#038;p=16498"},"modified":"2026-02-18T16:33:58","modified_gmt":"2026-02-18T15:33:58","slug":"moule-silikomart-semisfera","status":"publish","type":"product","link":"https:\/\/chefpastry.ch\/de\/produkt\/moule-silikomart-semisfera\/","title":{"rendered":"SEMISFERA 01-P \u2013 24 cavit\u00e9s, BPA Free"},"content":{"rendered":"<h1 data-start=\"232\" data-end=\"325\">Moule SEMISFERA 01-P Silikomart \u2013 Moule Professionnel pour Chocolat et Pralin\u00e9 (BPA Free)<\/h1>\n<p data-start=\"327\" data-end=\"664\">Sublimez vos cr\u00e9ations chocolat\u00e9es avec le <strong data-start=\"370\" data-end=\"394\">moule SEMISFERA 01-P<\/strong> von <strong data-start=\"398\" data-end=\"425\">Silikomart Professional<\/strong>. Pens\u00e9 pour les chocolatiers et p\u00e2tissiers exigeants, ce moule alimentaire sans BPA permet de r\u00e9aliser <strong data-start=\"529\" data-end=\"572\">24 demi-sph\u00e8res parfaitement r\u00e9guli\u00e8res<\/strong>, id\u00e9ales pour le <strong data-start=\"590\" data-end=\"601\">pralin\u00e9<\/strong>, les <strong data-start=\"607\" data-end=\"619\">ganaches<\/strong> ou les <strong data-start=\"627\" data-end=\"649\">coques de chocolat<\/strong> haut de gamme.<\/p>\n<h4 data-start=\"666\" data-end=\"700\">Caract\u00e9ristiques du produit :<\/h4>\n<ul data-start=\"701\" data-end=\"1181\">\n<li data-start=\"701\" data-end=\"750\">\n<p data-start=\"703\" data-end=\"750\"><strong data-start=\"703\" data-end=\"726\">Dimensions du moule<\/strong> : 275 x 175 x h 25 mm<\/p>\n<\/li>\n<li data-start=\"751\" data-end=\"792\">\n<p data-start=\"753\" data-end=\"792\"><strong data-start=\"753\" data-end=\"774\">Nombre de cavit\u00e9s<\/strong> : 24 empreintes<\/p>\n<\/li>\n<li data-start=\"793\" data-end=\"830\">\n<p data-start=\"795\" data-end=\"830\"><strong data-start=\"795\" data-end=\"819\">Volume par empreinte<\/strong> : 8,5 ml<\/p>\n<\/li>\n<li data-start=\"831\" data-end=\"864\">\n<p data-start=\"833\" data-end=\"864\"><strong data-start=\"833\" data-end=\"842\">Forme<\/strong> : Demi-sph\u00e8re lisse<\/p>\n<\/li>\n<li data-start=\"865\" data-end=\"927\">\n<p data-start=\"867\" data-end=\"927\"><strong data-start=\"867\" data-end=\"879\">Mat\u00e9riau<\/strong> : Plastique de qualit\u00e9 alimentaire (BPA Free)<\/p>\n<\/li>\n<li data-start=\"928\" data-end=\"1039\">\n<p data-start=\"930\" data-end=\"1039\"><strong data-start=\"930\" data-end=\"947\">Compatibilit\u00e9<\/strong> : Id\u00e9al avec les <strong data-start=\"965\" data-end=\"990\">tampons Choco Stamp A<\/strong> r\u00e9f. <a href=\"https:\/\/chefpastry.ch\/de\/produkt\/tampon-de-decoration-pour-pralines\/\">25.153.02.0065<\/a> pour un d\u00e9cor personnalis\u00e9<\/p>\n<\/li>\n<li data-start=\"1040\" data-end=\"1118\">\n<p data-start=\"1042\" data-end=\"1118\"><strong data-start=\"1042\" data-end=\"1057\">Verwendung<\/strong> : Chocolaterie, pralin\u00e9, confiserie, d\u00e9coration p\u00e2tissi\u00e8re<\/p>\n<\/li>\n<li data-start=\"1119\" data-end=\"1181\">\n<p data-start=\"1121\" data-end=\"1181\"><strong data-start=\"1121\" data-end=\"1132\">Origine<\/strong> : Fabriqu\u00e9 en Italie par Silikomart Professional<\/p>\n<\/li>\n<\/ul>\n<hr data-start=\"1183\" data-end=\"1186\" \/>\n<h4 data-start=\"1188\" data-end=\"1231\">Des chocolats dignes d\u2019un professionnel<\/h4>\n<p data-start=\"1233\" data-end=\"1501\">Gr\u00e2ce \u00e0 sa <strong data-start=\"1244\" data-end=\"1261\">surface lisse<\/strong> et sa <strong data-start=\"1268\" data-end=\"1301\">conception de haute pr\u00e9cision<\/strong>, ce moule garantit un <strong data-start=\"1324\" data-end=\"1344\">d\u00e9moulage facile<\/strong> und ein <strong data-start=\"1351\" data-end=\"1369\">rendu brillant<\/strong>, sans besoin de polissage. Chaque empreinte de 8,5 ml permet de cr\u00e9er des pralines au format parfait pour une d\u00e9gustation \u00e9l\u00e9gante.<\/p>\n<p data-start=\"1503\" data-end=\"1695\">Associez-le aux <strong data-start=\"1519\" data-end=\"1544\">tampons Choco Stamp A<\/strong> (r\u00e9f. <a href=\"https:\/\/chefpastry.ch\/de\/produkt\/tampon-de-decoration-pour-pralines\/\">25.153.02.0065<\/a>) pour apposer un <strong data-start=\"1583\" data-end=\"1624\">motif raffin\u00e9 ou un logo personnalis\u00e9<\/strong> sur vos chocolats, et ainsi ajouter une touche unique \u00e0 vos cr\u00e9ations.<\/p>\n<hr data-start=\"1697\" data-end=\"1700\" \/>\n<h4 data-start=\"1702\" data-end=\"1738\">S\u00e9curit\u00e9, hygi\u00e8ne et performance<\/h4>\n<p data-start=\"1740\" data-end=\"1972\">Fabriqu\u00e9 en <strong data-start=\"1752\" data-end=\"1786\">plastique alimentaire sans BPA<\/strong>, ce moule assure une hygi\u00e8ne irr\u00e9prochable et une <strong data-start=\"1837\" data-end=\"1866\">durabilit\u00e9 exceptionnelle<\/strong>. Il est con\u00e7u pour r\u00e9sister \u00e0 un usage professionnel fr\u00e9quent tout en garantissant une finition parfaite.<\/p>\n<hr data-start=\"1974\" data-end=\"1977\" \/>\n<h4 data-start=\"1979\" data-end=\"2027\">Chefpastry.ch \u2013 L\u2019excellence \u00e0 votre service<\/h4>\n<p data-start=\"2029\" data-end=\"2312\">Chez <strong data-start=\"2034\" data-end=\"2051\">chefpastry.ch<\/strong>, nous s\u00e9lectionnons les meilleurs outils pour les professionnels de la p\u00e2tisserie et de la chocolaterie. Le <strong data-start=\"2160\" data-end=\"2184\">moule SEMISFERA 01-P<\/strong> est un incontournable pour celles et ceux qui souhaitent <strong data-start=\"2242\" data-end=\"2288\">allier esth\u00e9tique, pr\u00e9cision et cr\u00e9ativit\u00e9<\/strong> dans leurs productions.<\/p>","protected":false},"excerpt":{"rendered":"<p>Moule professionnel Silikomart SEMISFERA 01-P pour 24 demi-sph\u00e8res de 8,5 ml. Id\u00e9al pour pralin\u00e9s, chocolat, compatible Choco Stamp A. BPA Free, finition parfaite.<\/p>","protected":false},"featured_media":16499,"comment_status":"open","ping_status":"closed","template":"","meta":{"_jet_sm_ready_style":"","_jet_sm_style":"","_jet_sm_controls_values":"","_jet_sm_fonts_collection":"","_jet_sm_fonts_links":"","_joinchat":[]},"product_brand":[],"product_cat":[53,182],"product_tag":[],"class_list":{"0":"post-16498","1":"product","2":"type-product","3":"status-publish","4":"has-post-thumbnail","6":"product_cat-chocolats","7":"product_cat-nouveautes","9":"first","10":"instock","11":"taxable","12":"shipping-taxable","13":"purchasable","14":"product-type-simple"},"yoast_head":"<!-- This site is optimized with the Yoast SEO plugin v27.0 - https:\/\/yoast.com\/product\/yoast-seo-wordpress\/ -->\n<title>SEMISFERA 01-P \u2013 24 cavit\u00e9s, BPA Free - Chef Pastry<\/title>\n<meta name=\"description\" content=\"Moule chocolat 24 cavit\u00e9s Silikomart SEMISFERA 01-P, BPA Free, id\u00e9al pour pralin\u00e9s et compatible avec tampon Choco Stamp A. Finition pro garantie !\" \/>\n<meta name=\"robots\" content=\"index, follow, max-snippet:-1, max-image-preview:large, max-video-preview:-1\" \/>\n<link rel=\"canonical\" href=\"https:\/\/chefpastry.ch\/de\/produkt\/moule-silikomart-semisfera\/\" \/>\n<meta property=\"og:locale\" content=\"de_DE\" \/>\n<meta property=\"og:type\" content=\"article\" \/>\n<meta property=\"og:title\" content=\"SEMISFERA 01-P \u2013 24 cavit\u00e9s, BPA Free - Chef Pastry\" \/>\n<meta property=\"og:description\" content=\"Moule chocolat 24 cavit\u00e9s Silikomart SEMISFERA 01-P, BPA Free, id\u00e9al pour pralin\u00e9s et compatible avec tampon Choco Stamp A. Finition pro garantie !\" \/>\n<meta property=\"og:url\" content=\"https:\/\/chefpastry.ch\/de\/produkt\/moule-silikomart-semisfera\/\" \/>\n<meta property=\"og:site_name\" content=\"Chef Pastry\" \/>\n<meta property=\"article:modified_time\" content=\"2026-02-18T15:33:58+00:00\" \/>\n<meta property=\"og:image\" content=\"https:\/\/chefpastry.ch\/wp-content\/uploads\/2025\/05\/Semisfera-01-p-1-scaled.webp\" \/>\n\t<meta property=\"og:image:width\" content=\"2560\" \/>\n\t<meta property=\"og:image:height\" content=\"2560\" \/>\n\t<meta property=\"og:image:type\" content=\"image\/webp\" \/>\n<meta name=\"twitter:card\" content=\"summary_large_image\" \/>\n<meta name=\"twitter:label1\" content=\"Preis\" \/>\n\t<meta name=\"twitter:data1\" content=\"&#067;&#072;&#070;&nbsp;21.00 TTC\" \/>\n\t<meta name=\"twitter:label2\" content=\"Verf\u00fcgbarkeit\" \/>\n\t<meta name=\"twitter:data2\" content=\"Auf Lager\" \/>\n<script type=\"application\/ld+json\" class=\"yoast-schema-graph\">{\"@context\":\"https:\/\/schema.org\",\"@graph\":[{\"@type\":\"WebPage\",\"@id\":\"https:\/\/chefpastry.ch\/produit\/moule-silikomart-semisfera\/\",\"url\":\"https:\/\/chefpastry.ch\/produit\/moule-silikomart-semisfera\/\",\"name\":\"SEMISFERA 01-P \u2013 24 cavit\u00e9s, BPA Free - Chef Pastry\",\"isPartOf\":{\"@id\":\"https:\/\/chefpastry.ch\/#website\"},\"primaryImageOfPage\":{\"@id\":\"https:\/\/chefpastry.ch\/produit\/moule-silikomart-semisfera\/#primaryimage\"},\"image\":{\"@id\":\"https:\/\/chefpastry.ch\/produit\/moule-silikomart-semisfera\/#primaryimage\"},\"thumbnailUrl\":\"https:\/\/chefpastry.ch\/wp-content\/uploads\/2025\/05\/Semisfera-01-p-1-scaled.webp\",\"datePublished\":\"2025-05-21T14:16:31+00:00\",\"dateModified\":\"2026-02-18T15:33:58+00:00\",\"description\":\"Moule chocolat 24 cavit\u00e9s Silikomart SEMISFERA 01-P, BPA Free, id\u00e9al pour pralin\u00e9s et compatible avec tampon Choco Stamp A. Finition pro garantie !\",\"breadcrumb\":{\"@id\":\"https:\/\/chefpastry.ch\/produit\/moule-silikomart-semisfera\/#breadcrumb\"},\"inLanguage\":\"de\",\"potentialAction\":[{\"@type\":\"ReadAction\",\"target\":[\"https:\/\/chefpastry.ch\/produit\/moule-silikomart-semisfera\/\"]}]},{\"@type\":\"ImageObject\",\"inLanguage\":\"de\",\"@id\":\"https:\/\/chefpastry.ch\/produit\/moule-silikomart-semisfera\/#primaryimage\",\"url\":\"https:\/\/chefpastry.ch\/wp-content\/uploads\/2025\/05\/Semisfera-01-p-1-scaled.webp\",\"contentUrl\":\"https:\/\/chefpastry.ch\/wp-content\/uploads\/2025\/05\/Semisfera-01-p-1-scaled.webp\",\"width\":2560,\"height\":2560,\"caption\":\"Moule SEMISFERA Silikomart\"},{\"@type\":\"BreadcrumbList\",\"@id\":\"https:\/\/chefpastry.ch\/produit\/moule-silikomart-semisfera\/#breadcrumb\",\"itemListElement\":[{\"@type\":\"ListItem\",\"position\":1,\"name\":\"Home\",\"item\":\"https:\/\/chefpastry.ch\/\"},{\"@type\":\"ListItem\",\"position\":2,\"name\":\"E-shop\",\"item\":\"https:\/\/chefpastry.ch\/e-shop\/\"},{\"@type\":\"ListItem\",\"position\":3,\"name\":\"SEMISFERA 01-P \u2013 24 cavit\u00e9s, BPA Free\"}]},{\"@type\":\"WebSite\",\"@id\":\"https:\/\/chefpastry.ch\/#website\",\"url\":\"https:\/\/chefpastry.ch\/\",\"name\":\"Chef Pastry\",\"description\":\"\",\"publisher\":{\"@id\":\"https:\/\/chefpastry.ch\/#organization\"},\"potentialAction\":[{\"@type\":\"SearchAction\",\"target\":{\"@type\":\"EntryPoint\",\"urlTemplate\":\"https:\/\/chefpastry.ch\/?s={search_term_string}\"},\"query-input\":{\"@type\":\"PropertyValueSpecification\",\"valueRequired\":true,\"valueName\":\"search_term_string\"}}],\"inLanguage\":\"de\"},{\"@type\":\"Organization\",\"@id\":\"https:\/\/chefpastry.ch\/#organization\",\"name\":\"Chef Pastry\",\"url\":\"https:\/\/chefpastry.ch\/\",\"logo\":{\"@type\":\"ImageObject\",\"inLanguage\":\"de\",\"@id\":\"https:\/\/chefpastry.ch\/#\/schema\/logo\/image\/\",\"url\":\"https:\/\/chefpastry.ch\/wp-content\/uploads\/2022\/07\/cropped-chef_pastry_logo_rgb-03.png\",\"contentUrl\":\"https:\/\/chefpastry.ch\/wp-content\/uploads\/2022\/07\/cropped-chef_pastry_logo_rgb-03.png\",\"width\":1545,\"height\":412,\"caption\":\"Chef Pastry\"},\"image\":{\"@id\":\"https:\/\/chefpastry.ch\/#\/schema\/logo\/image\/\"}}]}<\/script>\n<meta property=\"product:price:amount\" content=\"21.00\" \/>\n<meta property=\"product:price:currency\" content=\"CHF\" \/>\n<meta property=\"og:availability\" content=\"instock\" \/>\n<meta property=\"product:availability\" content=\"instock\" \/>\n<meta property=\"product:retailer_item_id\" content=\"52.913.86.0165\" \/>\n<meta property=\"product:condition\" content=\"new\" \/>\n<!-- \/ Yoast SEO plugin. -->","yoast_head_json":{"title":"SEMISFERA 01-P \u2013 24 cavit\u00e9s, BPA Free - Chef Pastry","description":"Moule chocolat 24 cavit\u00e9s Silikomart SEMISFERA 01-P, BPA Free, id\u00e9al pour pralin\u00e9s et compatible avec tampon Choco Stamp A. Finition pro garantie !","robots":{"index":"index","follow":"follow","max-snippet":"max-snippet:-1","max-image-preview":"max-image-preview:large","max-video-preview":"max-video-preview:-1"},"canonical":"https:\/\/chefpastry.ch\/de\/produkt\/moule-silikomart-semisfera\/","og_locale":"de_DE","og_type":"article","og_title":"SEMISFERA 01-P \u2013 24 cavit\u00e9s, BPA Free - Chef Pastry","og_description":"Moule chocolat 24 cavit\u00e9s Silikomart SEMISFERA 01-P, BPA Free, id\u00e9al pour pralin\u00e9s et compatible avec tampon Choco Stamp A. Finition pro garantie !","og_url":"https:\/\/chefpastry.ch\/de\/produkt\/moule-silikomart-semisfera\/","og_site_name":"Chef Pastry","article_modified_time":"2026-02-18T15:33:58+00:00","og_image":[{"width":2560,"height":2560,"url":"https:\/\/chefpastry.ch\/wp-content\/uploads\/2025\/05\/Semisfera-01-p-1-scaled.webp","type":"image\/webp"}],"twitter_card":"summary_large_image","twitter_misc":{"Preis":"&#67;&#72;&#70;&nbsp;21.00 TTC","Verf\u00fcgbarkeit":"Auf Lager"},"schema":{"@context":"https:\/\/schema.org","@graph":[{"@type":"WebPage","@id":"https:\/\/chefpastry.ch\/produit\/moule-silikomart-semisfera\/","url":"https:\/\/chefpastry.ch\/produit\/moule-silikomart-semisfera\/","name":"SEMISFERA 01-P \u2013 24 cavit\u00e9s, BPA Free - Chef Pastry","isPartOf":{"@id":"https:\/\/chefpastry.ch\/#website"},"primaryImageOfPage":{"@id":"https:\/\/chefpastry.ch\/produit\/moule-silikomart-semisfera\/#primaryimage"},"image":{"@id":"https:\/\/chefpastry.ch\/produit\/moule-silikomart-semisfera\/#primaryimage"},"thumbnailUrl":"https:\/\/chefpastry.ch\/wp-content\/uploads\/2025\/05\/Semisfera-01-p-1-scaled.webp","datePublished":"2025-05-21T14:16:31+00:00","dateModified":"2026-02-18T15:33:58+00:00","description":"Moule chocolat 24 cavit\u00e9s Silikomart SEMISFERA 01-P, BPA Free, id\u00e9al pour pralin\u00e9s et compatible avec tampon Choco Stamp A. Finition pro garantie !","breadcrumb":{"@id":"https:\/\/chefpastry.ch\/produit\/moule-silikomart-semisfera\/#breadcrumb"},"inLanguage":"de","potentialAction":[{"@type":"ReadAction","target":["https:\/\/chefpastry.ch\/produit\/moule-silikomart-semisfera\/"]}]},{"@type":"ImageObject","inLanguage":"de","@id":"https:\/\/chefpastry.ch\/produit\/moule-silikomart-semisfera\/#primaryimage","url":"https:\/\/chefpastry.ch\/wp-content\/uploads\/2025\/05\/Semisfera-01-p-1-scaled.webp","contentUrl":"https:\/\/chefpastry.ch\/wp-content\/uploads\/2025\/05\/Semisfera-01-p-1-scaled.webp","width":2560,"height":2560,"caption":"Moule SEMISFERA Silikomart"},{"@type":"BreadcrumbList","@id":"https:\/\/chefpastry.ch\/produit\/moule-silikomart-semisfera\/#breadcrumb","itemListElement":[{"@type":"ListItem","position":1,"name":"Home","item":"https:\/\/chefpastry.ch\/"},{"@type":"ListItem","position":2,"name":"E-shop","item":"https:\/\/chefpastry.ch\/e-shop\/"},{"@type":"ListItem","position":3,"name":"SEMISFERA 01-P \u2013 24 cavit\u00e9s, BPA Free"}]},{"@type":"WebSite","@id":"https:\/\/chefpastry.ch\/#website","url":"https:\/\/chefpastry.ch\/","name":"Chef Pastry","description":"","publisher":{"@id":"https:\/\/chefpastry.ch\/#organization"},"potentialAction":[{"@type":"SearchAction","target":{"@type":"EntryPoint","urlTemplate":"https:\/\/chefpastry.ch\/?s={search_term_string}"},"query-input":{"@type":"PropertyValueSpecification","valueRequired":true,"valueName":"search_term_string"}}],"inLanguage":"de"},{"@type":"Organization","@id":"https:\/\/chefpastry.ch\/#organization","name":"Chef Pastry","url":"https:\/\/chefpastry.ch\/","logo":{"@type":"ImageObject","inLanguage":"de","@id":"https:\/\/chefpastry.ch\/#\/schema\/logo\/image\/","url":"https:\/\/chefpastry.ch\/wp-content\/uploads\/2022\/07\/cropped-chef_pastry_logo_rgb-03.png","contentUrl":"https:\/\/chefpastry.ch\/wp-content\/uploads\/2022\/07\/cropped-chef_pastry_logo_rgb-03.png","width":1545,"height":412,"caption":"Chef Pastry"},"image":{"@id":"https:\/\/chefpastry.ch\/#\/schema\/logo\/image\/"}}]},"product_price_amount":"21.00","product_price_currency":"CHF","og_availability":"instock","product_availability":"instock","product_retailer_item_id":"52.913.86.0165","product_condition":"new"},"_links":{"self":[{"href":"https:\/\/chefpastry.ch\/de\/wp-json\/wp\/v2\/product\/16498","targetHints":{"allow":["GET"]}}],"collection":[{"href":"https:\/\/chefpastry.ch\/de\/wp-json\/wp\/v2\/product"}],"about":[{"href":"https:\/\/chefpastry.ch\/de\/wp-json\/wp\/v2\/types\/product"}],"replies":[{"embeddable":true,"href":"https:\/\/chefpastry.ch\/de\/wp-json\/wp\/v2\/comments?post=16498"}],"version-history":[{"count":4,"href":"https:\/\/chefpastry.ch\/de\/wp-json\/wp\/v2\/product\/16498\/revisions"}],"predecessor-version":[{"id":16649,"href":"https:\/\/chefpastry.ch\/de\/wp-json\/wp\/v2\/product\/16498\/revisions\/16649"}],"wp:featuredmedia":[{"embeddable":true,"href":"https:\/\/chefpastry.ch\/de\/wp-json\/wp\/v2\/media\/16499"}],"wp:attachment":[{"href":"https:\/\/chefpastry.ch\/de\/wp-json\/wp\/v2\/media?parent=16498"}],"wp:term":[{"taxonomy":"product_brand","embeddable":true,"href":"https:\/\/chefpastry.ch\/de\/wp-json\/wp\/v2\/product_brand?post=16498"},{"taxonomy":"product_cat","embeddable":true,"href":"https:\/\/chefpastry.ch\/de\/wp-json\/wp\/v2\/product_cat?post=16498"},{"taxonomy":"product_tag","embeddable":true,"href":"https:\/\/chefpastry.ch\/de\/wp-json\/wp\/v2\/product_tag?post=16498"}],"curies":[{"name":"wp","href":"https:\/\/api.w.org\/{rel}","templated":true}]}}