{"id":16486,"date":"2025-05-20T17:30:05","date_gmt":"2025-05-20T15:30:05","guid":{"rendered":"https:\/\/chefpastry.ch\/?post_type=product&#038;p=16486"},"modified":"2025-11-29T14:15:21","modified_gmt":"2025-11-29T13:15:21","slug":"kit-complet-decoration-pralines","status":"publish","type":"product","link":"https:\/\/chefpastry.ch\/de\/produkt\/kit-complet-decoration-pralines\/","title":{"rendered":"KIT DE TAMPONS POUR PRALINES, AVEC MOULE A PRALINES"},"content":{"rendered":"<h4 data-start=\"337\" data-end=\"402\"><strong data-start=\"341\" data-end=\"402\">Kit Complet D\u00e9corations pour Pralines \u2013 Moule + Tampons de D\u00e9coration<\/strong><\/h4>\n<p data-start=\"404\" data-end=\"630\">Cr\u00e9ez des pralines \u00e9l\u00e9gantes et personnalis\u00e9es avec ce <strong data-start=\"459\" data-end=\"489\">kit de d\u00e9coration chocolat<\/strong>. Il contient tout ce qu\u2019il faut pour mouler et d\u00e9corer vos pralines facilement, que vous soyez <strong data-start=\"585\" data-end=\"615\">professionnel ou passionn\u00e9<\/strong> de p\u00e2tisserie.<\/p>\n<p data-start=\"632\" data-end=\"865\">Ce Kit Complet D\u00e9coration Pralines, inclut le <strong data-start=\"649\" data-end=\"681\">moule Tritan Semisphere 01-P<\/strong>, con\u00e7u pour r\u00e9aliser des pralines parfaitement sph\u00e9riques. R\u00e9sistant, pr\u00e9cis et facile \u00e0 utiliser, il permet d\u2019obtenir des chocolats brillants et r\u00e9guliers, de <strong data-start=\"842\" data-end=\"864\">\u00f831 mm x h 16,5 mm<\/strong>.<\/p>\n<p data-start=\"867\" data-end=\"1121\">Pour la d\u00e9coration, vous trouverez <strong data-start=\"902\" data-end=\"929\">4 poign\u00e9es en plastique<\/strong> und <strong data-start=\"933\" data-end=\"970\">4 tampons en silicone alimentaire<\/strong>. Chaque tampon est orn\u00e9 d\u2019un <strong data-start=\"1000\" data-end=\"1018\">motif original<\/strong>, id\u00e9al pour apporter du style \u00e0 vos cr\u00e9ations. Ils sont parfaitement adapt\u00e9s \u00e0 la taille des pralines.<\/p>\n<p data-start=\"1123\" data-end=\"1377\">Le syst\u00e8me est simple et efficace : <strong data-start=\"1159\" data-end=\"1219\">la poign\u00e9e s\u2019ins\u00e8re dans le tampon via une cavit\u00e9 carr\u00e9e<\/strong>, ce qui assure une <strong data-start=\"1239\" data-end=\"1258\">bonne stabilit\u00e9<\/strong> pendant l\u2019estampillage. Vous pouvez ainsi d\u00e9corer chaque praline de fa\u00e7on pr\u00e9cise et rapide, sans glisser ni trembler.<\/p>\n<hr data-start=\"1379\" data-end=\"1382\" \/>\n<h4 data-start=\"1384\" data-end=\"1418\">\u2705 <strong data-start=\"1390\" data-end=\"1418\">Ce que contient le kit :<\/strong><\/h4>\n<ul data-start=\"1419\" data-end=\"1602\">\n<li data-start=\"1419\" data-end=\"1474\">\n<p data-start=\"1421\" data-end=\"1474\">1 moule Tritan Semisphere 01-P (\u00f831 mm x h 16,5 mm)<\/p>\n<\/li>\n<li data-start=\"1475\" data-end=\"1519\">\n<p data-start=\"1477\" data-end=\"1519\">4 tampons en silicone (\u00f831 mm x h 17 mm)<\/p>\n<\/li>\n<li data-start=\"1520\" data-end=\"1556\">\n<p data-start=\"1522\" data-end=\"1556\">4 poign\u00e9es en plastique robustes<\/p>\n<\/li>\n<li data-start=\"1557\" data-end=\"1602\">\n<p data-start=\"1559\" data-end=\"1602\">4 motifs originaux pour varier les d\u00e9cors<\/p>\n<\/li>\n<\/ul>\n<hr data-start=\"1604\" data-end=\"1607\" \/>\n<h4 data-start=\"1609\" data-end=\"1645\">\ud83d\udca1 <strong data-start=\"1616\" data-end=\"1645\">Pourquoi choisir ce kit ?<\/strong><\/h4>\n<ul data-start=\"1646\" data-end=\"1898\">\n<li data-start=\"1646\" data-end=\"1723\">\n<p data-start=\"1648\" data-end=\"1723\">Parfait pour les <strong data-start=\"1665\" data-end=\"1721\">chefs p\u00e2tissiers, chocolatiers ou amateurs exigeants<\/strong><\/p>\n<\/li>\n<li data-start=\"1724\" data-end=\"1789\">\n<p data-start=\"1726\" data-end=\"1789\">Permet de <strong data-start=\"1736\" data-end=\"1772\">d\u00e9corer rapidement et proprement<\/strong> chaque praline<\/p>\n<\/li>\n<li data-start=\"1790\" data-end=\"1864\">\n<p data-start=\"1792\" data-end=\"1864\">Mat\u00e9riaux de qualit\u00e9 : <strong data-start=\"1815\" data-end=\"1862\">silicone alimentaire et plastique r\u00e9sistant<\/strong><\/p>\n<\/li>\n<li data-start=\"1865\" data-end=\"1898\">\n<p data-start=\"1867\" data-end=\"1898\">Nettoyage facile, usage durable<\/p>\n<\/li>\n<li data-start=\"1865\" data-end=\"1898\">BPA FREE<\/li>\n<\/ul>","protected":false},"excerpt":{"rendered":"<p>Cr\u00e9ez des pralines \u00e9l\u00e9gantes et personnalis\u00e9es avec ce <strong class=\"yoast-text-mark\">a-start=\u00a0\u00bb\u00a0\u00bb&gt;=\u00a0\u00bb459&Prime; data-end=\u00a0\u00bb489&Prime;&gt;kit de d\u00e9coration chocolat<\/strong>. Il contient tout ce qu\u2019il faut pour mouler et d\u00e9corer vos pralines facilement, que vous soyez <strong data-start=\"585\" data-end=\"615\">professionnel ou passionn\u00e9<\/strong> de p\u00e2tisserie.<\/p>","protected":false},"featured_media":16488,"comment_status":"open","ping_status":"closed","template":"","meta":{"_jet_sm_ready_style":"","_jet_sm_style":"","_jet_sm_controls_values":"","_jet_sm_fonts_collection":"","_jet_sm_fonts_links":"","_joinchat":[]},"product_brand":[],"product_cat":[53,182],"product_tag":[],"class_list":{"0":"post-16486","1":"product","2":"type-product","3":"status-publish","4":"has-post-thumbnail","6":"product_cat-chocolats","7":"product_cat-nouveautes","9":"first","10":"instock","11":"taxable","12":"shipping-taxable","13":"purchasable","14":"product-type-simple"},"yoast_head":"<!-- This site is optimized with the Yoast SEO plugin v27.0 - https:\/\/yoast.com\/product\/yoast-seo-wordpress\/ -->\n<title>KIT DE TAMPONS POUR PRALINES, AVEC MOULE A PRALINES - Chef Pastry<\/title>\n<meta name=\"description\" content=\"Cr\u00e9ez des pralines \u00e9l\u00e9gantes et personnalis\u00e9es avec ce kit complet de d\u00e9coration pour Pralines. Que vous soyez professionnel ou passionn\u00e9.\" \/>\n<meta name=\"robots\" content=\"index, follow, max-snippet:-1, max-image-preview:large, max-video-preview:-1\" \/>\n<link rel=\"canonical\" href=\"https:\/\/chefpastry.ch\/de\/produkt\/kit-complet-decoration-pralines\/\" \/>\n<meta property=\"og:locale\" content=\"de_DE\" \/>\n<meta property=\"og:type\" content=\"article\" \/>\n<meta property=\"og:title\" content=\"KIT DE TAMPONS POUR PRALINES, AVEC MOULE A PRALINES - Chef Pastry\" \/>\n<meta property=\"og:description\" content=\"Cr\u00e9ez des pralines \u00e9l\u00e9gantes et personnalis\u00e9es avec ce kit complet de d\u00e9coration pour Pralines. Que vous soyez professionnel ou passionn\u00e9.\" \/>\n<meta property=\"og:url\" content=\"https:\/\/chefpastry.ch\/de\/produkt\/kit-complet-decoration-pralines\/\" \/>\n<meta property=\"og:site_name\" content=\"Chef Pastry\" \/>\n<meta property=\"article:modified_time\" content=\"2025-11-29T13:15:21+00:00\" \/>\n<meta property=\"og:image\" content=\"https:\/\/chefpastry.ch\/wp-content\/uploads\/2025\/05\/Semisfera-01-choco-stamp-a-11-scaled.webp\" \/>\n\t<meta property=\"og:image:width\" content=\"2560\" \/>\n\t<meta property=\"og:image:height\" content=\"2560\" \/>\n\t<meta property=\"og:image:type\" content=\"image\/webp\" \/>\n<meta name=\"twitter:card\" content=\"summary_large_image\" \/>\n<meta name=\"twitter:label1\" content=\"Preis\" \/>\n\t<meta name=\"twitter:data1\" content=\"&#067;&#072;&#070;&nbsp;39.00 TTC\" \/>\n\t<meta name=\"twitter:label2\" content=\"Verf\u00fcgbarkeit\" \/>\n\t<meta name=\"twitter:data2\" content=\"Auf Lager\" \/>\n<script type=\"application\/ld+json\" class=\"yoast-schema-graph\">{\"@context\":\"https:\/\/schema.org\",\"@graph\":[{\"@type\":\"WebPage\",\"@id\":\"https:\/\/chefpastry.ch\/produit\/kit-complet-decoration-pralines\/\",\"url\":\"https:\/\/chefpastry.ch\/produit\/kit-complet-decoration-pralines\/\",\"name\":\"KIT DE TAMPONS POUR PRALINES, AVEC MOULE A PRALINES - Chef Pastry\",\"isPartOf\":{\"@id\":\"https:\/\/chefpastry.ch\/#website\"},\"primaryImageOfPage\":{\"@id\":\"https:\/\/chefpastry.ch\/produit\/kit-complet-decoration-pralines\/#primaryimage\"},\"image\":{\"@id\":\"https:\/\/chefpastry.ch\/produit\/kit-complet-decoration-pralines\/#primaryimage\"},\"thumbnailUrl\":\"https:\/\/chefpastry.ch\/wp-content\/uploads\/2025\/05\/Semisfera-01-choco-stamp-a-11-scaled.webp\",\"datePublished\":\"2025-05-20T15:30:05+00:00\",\"dateModified\":\"2025-11-29T13:15:21+00:00\",\"description\":\"Cr\u00e9ez des pralines \u00e9l\u00e9gantes et personnalis\u00e9es avec ce kit complet de d\u00e9coration pour Pralines. Que vous soyez professionnel ou passionn\u00e9.\",\"breadcrumb\":{\"@id\":\"https:\/\/chefpastry.ch\/produit\/kit-complet-decoration-pralines\/#breadcrumb\"},\"inLanguage\":\"de\",\"potentialAction\":[{\"@type\":\"ReadAction\",\"target\":[\"https:\/\/chefpastry.ch\/produit\/kit-complet-decoration-pralines\/\"]}]},{\"@type\":\"ImageObject\",\"inLanguage\":\"de\",\"@id\":\"https:\/\/chefpastry.ch\/produit\/kit-complet-decoration-pralines\/#primaryimage\",\"url\":\"https:\/\/chefpastry.ch\/wp-content\/uploads\/2025\/05\/Semisfera-01-choco-stamp-a-11-scaled.webp\",\"contentUrl\":\"https:\/\/chefpastry.ch\/wp-content\/uploads\/2025\/05\/Semisfera-01-choco-stamp-a-11-scaled.webp\",\"width\":2560,\"height\":2560,\"caption\":\"Kit Complet D\u00e9coration Pralines\"},{\"@type\":\"BreadcrumbList\",\"@id\":\"https:\/\/chefpastry.ch\/produit\/kit-complet-decoration-pralines\/#breadcrumb\",\"itemListElement\":[{\"@type\":\"ListItem\",\"position\":1,\"name\":\"Home\",\"item\":\"https:\/\/chefpastry.ch\/\"},{\"@type\":\"ListItem\",\"position\":2,\"name\":\"E-shop\",\"item\":\"https:\/\/chefpastry.ch\/e-shop\/\"},{\"@type\":\"ListItem\",\"position\":3,\"name\":\"KIT DE TAMPONS POUR PRALINES, AVEC MOULE A PRALINES\"}]},{\"@type\":\"WebSite\",\"@id\":\"https:\/\/chefpastry.ch\/#website\",\"url\":\"https:\/\/chefpastry.ch\/\",\"name\":\"Chef Pastry\",\"description\":\"\",\"publisher\":{\"@id\":\"https:\/\/chefpastry.ch\/#organization\"},\"potentialAction\":[{\"@type\":\"SearchAction\",\"target\":{\"@type\":\"EntryPoint\",\"urlTemplate\":\"https:\/\/chefpastry.ch\/?s={search_term_string}\"},\"query-input\":{\"@type\":\"PropertyValueSpecification\",\"valueRequired\":true,\"valueName\":\"search_term_string\"}}],\"inLanguage\":\"de\"},{\"@type\":\"Organization\",\"@id\":\"https:\/\/chefpastry.ch\/#organization\",\"name\":\"Chef Pastry\",\"url\":\"https:\/\/chefpastry.ch\/\",\"logo\":{\"@type\":\"ImageObject\",\"inLanguage\":\"de\",\"@id\":\"https:\/\/chefpastry.ch\/#\/schema\/logo\/image\/\",\"url\":\"https:\/\/chefpastry.ch\/wp-content\/uploads\/2022\/07\/cropped-chef_pastry_logo_rgb-03.png\",\"contentUrl\":\"https:\/\/chefpastry.ch\/wp-content\/uploads\/2022\/07\/cropped-chef_pastry_logo_rgb-03.png\",\"width\":1545,\"height\":412,\"caption\":\"Chef Pastry\"},\"image\":{\"@id\":\"https:\/\/chefpastry.ch\/#\/schema\/logo\/image\/\"}}]}<\/script>\n<meta property=\"product:price:amount\" content=\"39.00\" \/>\n<meta property=\"product:price:currency\" content=\"CHF\" \/>\n<meta property=\"og:availability\" content=\"instock\" \/>\n<meta property=\"product:availability\" content=\"instock\" \/>\n<meta property=\"product:retailer_item_id\" content=\"25.913.86.0065\" \/>\n<meta property=\"product:condition\" content=\"new\" \/>\n<!-- \/ Yoast SEO plugin. -->","yoast_head_json":{"title":"KIT DE TAMPONS POUR PRALINES, AVEC MOULE A PRALINES - Chef Pastry","description":"Cr\u00e9ez des pralines \u00e9l\u00e9gantes et personnalis\u00e9es avec ce kit complet de d\u00e9coration pour Pralines. Que vous soyez professionnel ou passionn\u00e9.","robots":{"index":"index","follow":"follow","max-snippet":"max-snippet:-1","max-image-preview":"max-image-preview:large","max-video-preview":"max-video-preview:-1"},"canonical":"https:\/\/chefpastry.ch\/de\/produkt\/kit-complet-decoration-pralines\/","og_locale":"de_DE","og_type":"article","og_title":"KIT DE TAMPONS POUR PRALINES, AVEC MOULE A PRALINES - Chef Pastry","og_description":"Cr\u00e9ez des pralines \u00e9l\u00e9gantes et personnalis\u00e9es avec ce kit complet de d\u00e9coration pour Pralines. Que vous soyez professionnel ou passionn\u00e9.","og_url":"https:\/\/chefpastry.ch\/de\/produkt\/kit-complet-decoration-pralines\/","og_site_name":"Chef Pastry","article_modified_time":"2025-11-29T13:15:21+00:00","og_image":[{"width":2560,"height":2560,"url":"https:\/\/chefpastry.ch\/wp-content\/uploads\/2025\/05\/Semisfera-01-choco-stamp-a-11-scaled.webp","type":"image\/webp"}],"twitter_card":"summary_large_image","twitter_misc":{"Preis":"&#67;&#72;&#70;&nbsp;39.00 TTC","Verf\u00fcgbarkeit":"Auf Lager"},"schema":{"@context":"https:\/\/schema.org","@graph":[{"@type":"WebPage","@id":"https:\/\/chefpastry.ch\/produit\/kit-complet-decoration-pralines\/","url":"https:\/\/chefpastry.ch\/produit\/kit-complet-decoration-pralines\/","name":"KIT DE TAMPONS POUR PRALINES, AVEC MOULE A PRALINES - Chef Pastry","isPartOf":{"@id":"https:\/\/chefpastry.ch\/#website"},"primaryImageOfPage":{"@id":"https:\/\/chefpastry.ch\/produit\/kit-complet-decoration-pralines\/#primaryimage"},"image":{"@id":"https:\/\/chefpastry.ch\/produit\/kit-complet-decoration-pralines\/#primaryimage"},"thumbnailUrl":"https:\/\/chefpastry.ch\/wp-content\/uploads\/2025\/05\/Semisfera-01-choco-stamp-a-11-scaled.webp","datePublished":"2025-05-20T15:30:05+00:00","dateModified":"2025-11-29T13:15:21+00:00","description":"Cr\u00e9ez des pralines \u00e9l\u00e9gantes et personnalis\u00e9es avec ce kit complet de d\u00e9coration pour Pralines. Que vous soyez professionnel ou passionn\u00e9.","breadcrumb":{"@id":"https:\/\/chefpastry.ch\/produit\/kit-complet-decoration-pralines\/#breadcrumb"},"inLanguage":"de","potentialAction":[{"@type":"ReadAction","target":["https:\/\/chefpastry.ch\/produit\/kit-complet-decoration-pralines\/"]}]},{"@type":"ImageObject","inLanguage":"de","@id":"https:\/\/chefpastry.ch\/produit\/kit-complet-decoration-pralines\/#primaryimage","url":"https:\/\/chefpastry.ch\/wp-content\/uploads\/2025\/05\/Semisfera-01-choco-stamp-a-11-scaled.webp","contentUrl":"https:\/\/chefpastry.ch\/wp-content\/uploads\/2025\/05\/Semisfera-01-choco-stamp-a-11-scaled.webp","width":2560,"height":2560,"caption":"Kit Complet D\u00e9coration Pralines"},{"@type":"BreadcrumbList","@id":"https:\/\/chefpastry.ch\/produit\/kit-complet-decoration-pralines\/#breadcrumb","itemListElement":[{"@type":"ListItem","position":1,"name":"Home","item":"https:\/\/chefpastry.ch\/"},{"@type":"ListItem","position":2,"name":"E-shop","item":"https:\/\/chefpastry.ch\/e-shop\/"},{"@type":"ListItem","position":3,"name":"KIT DE TAMPONS POUR PRALINES, AVEC MOULE A PRALINES"}]},{"@type":"WebSite","@id":"https:\/\/chefpastry.ch\/#website","url":"https:\/\/chefpastry.ch\/","name":"Chef Pastry","description":"","publisher":{"@id":"https:\/\/chefpastry.ch\/#organization"},"potentialAction":[{"@type":"SearchAction","target":{"@type":"EntryPoint","urlTemplate":"https:\/\/chefpastry.ch\/?s={search_term_string}"},"query-input":{"@type":"PropertyValueSpecification","valueRequired":true,"valueName":"search_term_string"}}],"inLanguage":"de"},{"@type":"Organization","@id":"https:\/\/chefpastry.ch\/#organization","name":"Chef Pastry","url":"https:\/\/chefpastry.ch\/","logo":{"@type":"ImageObject","inLanguage":"de","@id":"https:\/\/chefpastry.ch\/#\/schema\/logo\/image\/","url":"https:\/\/chefpastry.ch\/wp-content\/uploads\/2022\/07\/cropped-chef_pastry_logo_rgb-03.png","contentUrl":"https:\/\/chefpastry.ch\/wp-content\/uploads\/2022\/07\/cropped-chef_pastry_logo_rgb-03.png","width":1545,"height":412,"caption":"Chef Pastry"},"image":{"@id":"https:\/\/chefpastry.ch\/#\/schema\/logo\/image\/"}}]},"product_price_amount":"39.00","product_price_currency":"CHF","og_availability":"instock","product_availability":"instock","product_retailer_item_id":"25.913.86.0065","product_condition":"new"},"_links":{"self":[{"href":"https:\/\/chefpastry.ch\/de\/wp-json\/wp\/v2\/product\/16486","targetHints":{"allow":["GET"]}}],"collection":[{"href":"https:\/\/chefpastry.ch\/de\/wp-json\/wp\/v2\/product"}],"about":[{"href":"https:\/\/chefpastry.ch\/de\/wp-json\/wp\/v2\/types\/product"}],"replies":[{"embeddable":true,"href":"https:\/\/chefpastry.ch\/de\/wp-json\/wp\/v2\/comments?post=16486"}],"version-history":[{"count":2,"href":"https:\/\/chefpastry.ch\/de\/wp-json\/wp\/v2\/product\/16486\/revisions"}],"predecessor-version":[{"id":16490,"href":"https:\/\/chefpastry.ch\/de\/wp-json\/wp\/v2\/product\/16486\/revisions\/16490"}],"wp:featuredmedia":[{"embeddable":true,"href":"https:\/\/chefpastry.ch\/de\/wp-json\/wp\/v2\/media\/16488"}],"wp:attachment":[{"href":"https:\/\/chefpastry.ch\/de\/wp-json\/wp\/v2\/media?parent=16486"}],"wp:term":[{"taxonomy":"product_brand","embeddable":true,"href":"https:\/\/chefpastry.ch\/de\/wp-json\/wp\/v2\/product_brand?post=16486"},{"taxonomy":"product_cat","embeddable":true,"href":"https:\/\/chefpastry.ch\/de\/wp-json\/wp\/v2\/product_cat?post=16486"},{"taxonomy":"product_tag","embeddable":true,"href":"https:\/\/chefpastry.ch\/de\/wp-json\/wp\/v2\/product_tag?post=16486"}],"curies":[{"name":"wp","href":"https:\/\/api.w.org\/{rel}","templated":true}]}}