{"id":16472,"date":"2025-05-20T16:39:06","date_gmt":"2025-05-20T14:39:06","guid":{"rendered":"https:\/\/chefpastry.ch\/?post_type=product&#038;p=16472"},"modified":"2026-02-18T11:59:32","modified_gmt":"2026-02-18T10:59:32","slug":"tampon-de-decoration-pour-pralines","status":"publish","type":"product","link":"https:\/\/chefpastry.ch\/de\/produkt\/tampon-de-decoration-pour-pralines\/","title":{"rendered":"TAMPON DE D\u00c9CORATION POUR PRALINES"},"content":{"rendered":"<h3 data-start=\"216\" data-end=\"271\"><strong data-start=\"220\" data-end=\"269\">Tampon de D\u00e9coration pour Pralines <\/strong><strong data-start=\"220\" data-end=\"269\">\u2013 <\/strong><strong data-start=\"220\" data-end=\"269\">Choco Stamp<br \/>\n<\/strong><\/h3>\n<p data-start=\"272\" data-end=\"342\"><em data-start=\"272\" data-end=\"342\">En collaboration exclusive avec le ma\u00eetre chocolatier Lluc Crusellas<\/em><\/p>\n<p data-start=\"344\" data-end=\"748\">Ajoutez une touche d\u2019\u00e9l\u00e9gance et de cr\u00e9ativit\u00e9 \u00e0 vos pralines gr\u00e2ce au <strong data-start=\"415\" data-end=\"430\">Choco Stamp<\/strong>, un kit de d\u00e9coration haut de gamme con\u00e7u en partenariat avec <strong data-start=\"493\" data-end=\"511\">Lluc Crusellas<\/strong>, champion du monde de chocolat. Sp\u00e9cialement d\u00e9velopp\u00e9 pour s\u2019adapter au moule <strong data-start=\"591\" data-end=\"631\">Semisfera 01-P (r\u00e9f. <a href=\"https:\/\/chefpastry.ch\/de\/produkt\/moule-silikomart-semisfera\/\">52.913.86.0165<\/a>)<\/strong>, ce kit vous permet de <strong data-start=\"655\" data-end=\"685\">personnaliser vos pralines<\/strong> avec pr\u00e9cision et originalit\u00e9, directement apr\u00e8s leur moulage.<\/p>\n<p data-start=\"750\" data-end=\"1125\">Le Choco Stamp se compose de <strong data-start=\"779\" data-end=\"829\">4 poign\u00e9es ergonomiques en plastique r\u00e9sistant<\/strong> und von <strong data-start=\"836\" data-end=\"873\">4 tampons en silicone alimentaire<\/strong> grav\u00e9s de <strong data-start=\"884\" data-end=\"904\">motifs exclusifs<\/strong>. Ces tampons, d\u2019un diam\u00e8tre de <strong data-start=\"936\" data-end=\"945\">31 mm<\/strong> et d\u2019une hauteur de <strong data-start=\"966\" data-end=\"975\">17 mm<\/strong>, s\u2019ins\u00e8rent parfaitement dans la poign\u00e9e via une <strong data-start=\"1025\" data-end=\"1052\">connexion carr\u00e9e stable<\/strong>, garantissant une tenue parfaite et un geste s\u00fbr lors de l\u2019estampillage.<\/p>\n<hr data-start=\"1127\" data-end=\"1130\" \/>\n<h3 data-start=\"1132\" data-end=\"1156\"><strong data-start=\"1136\" data-end=\"1156\">Contenu du kit :<\/strong><\/h3>\n<ul>\n<li data-start=\"1132\" data-end=\"1156\">4 poign\u00e9es en plastique solide<\/li>\n<li data-start=\"1190\" data-end=\"1236\">\n<p data-start=\"1192\" data-end=\"1236\">4 tampons en silicone de qualit\u00e9 alimentaire<\/p>\n<\/li>\n<li data-start=\"1237\" data-end=\"1292\">\n<p data-start=\"1239\" data-end=\"1292\">4 designs grav\u00e9s pour varier les styles de d\u00e9coration<\/p>\n<\/li>\n<\/ul>\n<h3 data-start=\"1294\" data-end=\"1331\"><strong data-start=\"1298\" data-end=\"1331\">Caract\u00e9ristiques techniques :<\/strong><\/h3>\n<ul data-start=\"1332\" data-end=\"1517\">\n<li data-start=\"1332\" data-end=\"1374\">\n<p data-start=\"1334\" data-end=\"1374\">Dimensions tampon : <strong data-start=\"1354\" data-end=\"1374\">\u00f831 mm x h 17 mm<\/strong><\/p>\n<\/li>\n<li data-start=\"1375\" data-end=\"1422\">\n<p data-start=\"1377\" data-end=\"1422\">Mat\u00e9riaux : silicone souple, plastique rigide<\/p>\n<\/li>\n<li data-start=\"1423\" data-end=\"1465\">\n<p data-start=\"1425\" data-end=\"1465\">Compatibilit\u00e9 : moule <a href=\"https:\/\/chefpastry.ch\/de\/produkt\/moule-silikomart-semisfera\/\"><strong data-start=\"1447\" data-end=\"1465\">Semisfera 01-P<\/strong><\/a><\/p>\n<\/li>\n<li data-start=\"1466\" data-end=\"1517\">\n<p data-start=\"1468\" data-end=\"1517\">Utilisation : d\u00e9coration manuelle apr\u00e8s d\u00e9moulage<\/p>\n<\/li>\n<\/ul>\n<hr data-start=\"1519\" data-end=\"1522\" \/>\n<h3 data-start=\"1524\" data-end=\"1581\"><strong data-start=\"1528\" data-end=\"1581\">Un outil professionnel pour une finition parfaite<\/strong><\/h3>\n<p data-start=\"1583\" data-end=\"2031\">Que vous soyez <strong data-start=\"1598\" data-end=\"1616\">chef p\u00e2tissier<\/strong>, <strong data-start=\"1618\" data-end=\"1647\">chocolatier professionnel<\/strong> oder <strong data-start=\"1651\" data-end=\"1678\">passionn\u00e9 de confiserie<\/strong>, ce kit vous permet de <strong data-start=\"1702\" data-end=\"1750\">cr\u00e9er des d\u00e9corations raffin\u00e9es et homog\u00e8nes<\/strong>. Gr\u00e2ce \u00e0 sa conception intuitive, le Choco Stamp vous offre <strong data-start=\"1811\" data-end=\"1844\">un gain de temps consid\u00e9rable<\/strong> tout en assurant une <strong data-start=\"1866\" data-end=\"1894\">pr\u00e9cision exceptionnelle<\/strong>. Les tampons peuvent \u00eatre utilis\u00e9s \u00e0 temp\u00e9rature ambiante sur des pralines temp\u00e9r\u00e9es ou l\u00e9g\u00e8rement r\u00e9chauff\u00e9es, selon l\u2019effet recherch\u00e9.<\/p>\n<p data-start=\"2033\" data-end=\"2312\">Facile \u00e0 nettoyer, durable et r\u00e9utilisable, ce kit est un <strong data-start=\"2091\" data-end=\"2154\">investissement intelligent pour votre atelier de p\u00e2tisserie<\/strong> ou votre laboratoire chocolatier. Il vous permettra de sublimer vos cr\u00e9ations et d\u2019impressionner vos clients avec des finitions dignes des plus grands chefs.<\/p>","protected":false},"excerpt":{"rendered":"<p>Kit Choco Stamp \u2013 D\u00e9corez vos pralines avec style gr\u00e2ce \u00e0 4 tampons exclusifs cr\u00e9\u00e9s avec Lluc Crusellas. Compatibilit\u00e9 parfaite avec le moule Semisfera 01-P.<\/p>","protected":false},"featured_media":16473,"comment_status":"open","ping_status":"closed","template":"","meta":{"_jet_sm_ready_style":"","_jet_sm_style":"","_jet_sm_controls_values":"","_jet_sm_fonts_collection":"","_jet_sm_fonts_links":"","_joinchat":[]},"product_brand":[],"product_cat":[53,182],"product_tag":[],"class_list":{"0":"post-16472","1":"product","2":"type-product","3":"status-publish","4":"has-post-thumbnail","6":"product_cat-chocolats","7":"product_cat-nouveautes","9":"first","10":"instock","11":"taxable","12":"shipping-taxable","13":"purchasable","14":"product-type-simple"},"yoast_head":"<!-- This site is optimized with the Yoast SEO plugin v27.0 - https:\/\/yoast.com\/product\/yoast-seo-wordpress\/ -->\n<title>TAMPON DE D\u00c9CORATION POUR PRALINES - Chef Pastry<\/title>\n<meta name=\"description\" content=\"Tampon de D\u00e9coration pour Pralines, pour d\u00e9corer vos pralines avec 4 tampons en silicone originaux. Compatible avec le moule Semisfera 01-P.\" \/>\n<meta name=\"robots\" content=\"index, follow, max-snippet:-1, max-image-preview:large, max-video-preview:-1\" \/>\n<link rel=\"canonical\" href=\"https:\/\/chefpastry.ch\/de\/produkt\/tampon-de-decoration-pour-pralines\/\" \/>\n<meta property=\"og:locale\" content=\"de_DE\" \/>\n<meta property=\"og:type\" content=\"article\" \/>\n<meta property=\"og:title\" content=\"TAMPON DE D\u00c9CORATION POUR PRALINES - Chef Pastry\" \/>\n<meta property=\"og:description\" content=\"Tampon de D\u00e9coration pour Pralines, pour d\u00e9corer vos pralines avec 4 tampons en silicone originaux. Compatible avec le moule Semisfera 01-P.\" \/>\n<meta property=\"og:url\" content=\"https:\/\/chefpastry.ch\/de\/produkt\/tampon-de-decoration-pour-pralines\/\" \/>\n<meta property=\"og:site_name\" content=\"Chef Pastry\" \/>\n<meta property=\"article:modified_time\" content=\"2026-02-18T10:59:32+00:00\" \/>\n<meta property=\"og:image\" content=\"https:\/\/chefpastry.ch\/wp-content\/uploads\/2025\/05\/Semisfera-01-choco-stamp-a-2.webp\" \/>\n\t<meta property=\"og:image:width\" content=\"2480\" \/>\n\t<meta property=\"og:image:height\" content=\"2480\" \/>\n\t<meta property=\"og:image:type\" content=\"image\/webp\" \/>\n<meta name=\"twitter:card\" content=\"summary_large_image\" \/>\n<meta name=\"twitter:label1\" content=\"Preis\" \/>\n\t<meta name=\"twitter:data1\" content=\"&#067;&#072;&#070;&nbsp;28.00 TTC\" \/>\n\t<meta name=\"twitter:label2\" content=\"Verf\u00fcgbarkeit\" \/>\n\t<meta name=\"twitter:data2\" content=\"Auf Lager\" \/>\n<script type=\"application\/ld+json\" class=\"yoast-schema-graph\">{\"@context\":\"https:\/\/schema.org\",\"@graph\":[{\"@type\":\"WebPage\",\"@id\":\"https:\/\/chefpastry.ch\/produit\/tampon-de-decoration-pour-pralines\/\",\"url\":\"https:\/\/chefpastry.ch\/produit\/tampon-de-decoration-pour-pralines\/\",\"name\":\"TAMPON DE D\u00c9CORATION POUR PRALINES - Chef Pastry\",\"isPartOf\":{\"@id\":\"https:\/\/chefpastry.ch\/#website\"},\"primaryImageOfPage\":{\"@id\":\"https:\/\/chefpastry.ch\/produit\/tampon-de-decoration-pour-pralines\/#primaryimage\"},\"image\":{\"@id\":\"https:\/\/chefpastry.ch\/produit\/tampon-de-decoration-pour-pralines\/#primaryimage\"},\"thumbnailUrl\":\"https:\/\/chefpastry.ch\/wp-content\/uploads\/2025\/05\/Semisfera-01-choco-stamp-a-2.webp\",\"datePublished\":\"2025-05-20T14:39:06+00:00\",\"dateModified\":\"2026-02-18T10:59:32+00:00\",\"description\":\"Tampon de D\u00e9coration pour Pralines, pour d\u00e9corer vos pralines avec 4 tampons en silicone originaux. Compatible avec le moule Semisfera 01-P.\",\"breadcrumb\":{\"@id\":\"https:\/\/chefpastry.ch\/produit\/tampon-de-decoration-pour-pralines\/#breadcrumb\"},\"inLanguage\":\"de\",\"potentialAction\":[{\"@type\":\"ReadAction\",\"target\":[\"https:\/\/chefpastry.ch\/produit\/tampon-de-decoration-pour-pralines\/\"]}]},{\"@type\":\"ImageObject\",\"inLanguage\":\"de\",\"@id\":\"https:\/\/chefpastry.ch\/produit\/tampon-de-decoration-pour-pralines\/#primaryimage\",\"url\":\"https:\/\/chefpastry.ch\/wp-content\/uploads\/2025\/05\/Semisfera-01-choco-stamp-a-2.webp\",\"contentUrl\":\"https:\/\/chefpastry.ch\/wp-content\/uploads\/2025\/05\/Semisfera-01-choco-stamp-a-2.webp\",\"width\":2480,\"height\":2480,\"caption\":\"Tampon D\u00e9coration Pralines\"},{\"@type\":\"BreadcrumbList\",\"@id\":\"https:\/\/chefpastry.ch\/produit\/tampon-de-decoration-pour-pralines\/#breadcrumb\",\"itemListElement\":[{\"@type\":\"ListItem\",\"position\":1,\"name\":\"Home\",\"item\":\"https:\/\/chefpastry.ch\/\"},{\"@type\":\"ListItem\",\"position\":2,\"name\":\"E-shop\",\"item\":\"https:\/\/chefpastry.ch\/e-shop\/\"},{\"@type\":\"ListItem\",\"position\":3,\"name\":\"TAMPON DE D\u00c9CORATION POUR PRALINES\"}]},{\"@type\":\"WebSite\",\"@id\":\"https:\/\/chefpastry.ch\/#website\",\"url\":\"https:\/\/chefpastry.ch\/\",\"name\":\"Chef Pastry\",\"description\":\"\",\"publisher\":{\"@id\":\"https:\/\/chefpastry.ch\/#organization\"},\"potentialAction\":[{\"@type\":\"SearchAction\",\"target\":{\"@type\":\"EntryPoint\",\"urlTemplate\":\"https:\/\/chefpastry.ch\/?s={search_term_string}\"},\"query-input\":{\"@type\":\"PropertyValueSpecification\",\"valueRequired\":true,\"valueName\":\"search_term_string\"}}],\"inLanguage\":\"de\"},{\"@type\":\"Organization\",\"@id\":\"https:\/\/chefpastry.ch\/#organization\",\"name\":\"Chef Pastry\",\"url\":\"https:\/\/chefpastry.ch\/\",\"logo\":{\"@type\":\"ImageObject\",\"inLanguage\":\"de\",\"@id\":\"https:\/\/chefpastry.ch\/#\/schema\/logo\/image\/\",\"url\":\"https:\/\/chefpastry.ch\/wp-content\/uploads\/2022\/07\/cropped-chef_pastry_logo_rgb-03.png\",\"contentUrl\":\"https:\/\/chefpastry.ch\/wp-content\/uploads\/2022\/07\/cropped-chef_pastry_logo_rgb-03.png\",\"width\":1545,\"height\":412,\"caption\":\"Chef Pastry\"},\"image\":{\"@id\":\"https:\/\/chefpastry.ch\/#\/schema\/logo\/image\/\"}}]}<\/script>\n<meta property=\"product:price:amount\" content=\"28.00\" \/>\n<meta property=\"product:price:currency\" content=\"CHF\" \/>\n<meta property=\"og:availability\" content=\"instock\" \/>\n<meta property=\"product:availability\" content=\"instock\" \/>\n<meta property=\"product:retailer_item_id\" content=\"25.153.02.0065\" \/>\n<meta property=\"product:condition\" content=\"new\" \/>\n<!-- \/ Yoast SEO plugin. -->","yoast_head_json":{"title":"TAMPON DE D\u00c9CORATION POUR PRALINES - Chef Pastry","description":"Tampon de D\u00e9coration pour Pralines, pour d\u00e9corer vos pralines avec 4 tampons en silicone originaux. Compatible avec le moule Semisfera 01-P.","robots":{"index":"index","follow":"follow","max-snippet":"max-snippet:-1","max-image-preview":"max-image-preview:large","max-video-preview":"max-video-preview:-1"},"canonical":"https:\/\/chefpastry.ch\/de\/produkt\/tampon-de-decoration-pour-pralines\/","og_locale":"de_DE","og_type":"article","og_title":"TAMPON DE D\u00c9CORATION POUR PRALINES - Chef Pastry","og_description":"Tampon de D\u00e9coration pour Pralines, pour d\u00e9corer vos pralines avec 4 tampons en silicone originaux. Compatible avec le moule Semisfera 01-P.","og_url":"https:\/\/chefpastry.ch\/de\/produkt\/tampon-de-decoration-pour-pralines\/","og_site_name":"Chef Pastry","article_modified_time":"2026-02-18T10:59:32+00:00","og_image":[{"width":2480,"height":2480,"url":"https:\/\/chefpastry.ch\/wp-content\/uploads\/2025\/05\/Semisfera-01-choco-stamp-a-2.webp","type":"image\/webp"}],"twitter_card":"summary_large_image","twitter_misc":{"Preis":"&#67;&#72;&#70;&nbsp;28.00 TTC","Verf\u00fcgbarkeit":"Auf Lager"},"schema":{"@context":"https:\/\/schema.org","@graph":[{"@type":"WebPage","@id":"https:\/\/chefpastry.ch\/produit\/tampon-de-decoration-pour-pralines\/","url":"https:\/\/chefpastry.ch\/produit\/tampon-de-decoration-pour-pralines\/","name":"TAMPON DE D\u00c9CORATION POUR PRALINES - Chef Pastry","isPartOf":{"@id":"https:\/\/chefpastry.ch\/#website"},"primaryImageOfPage":{"@id":"https:\/\/chefpastry.ch\/produit\/tampon-de-decoration-pour-pralines\/#primaryimage"},"image":{"@id":"https:\/\/chefpastry.ch\/produit\/tampon-de-decoration-pour-pralines\/#primaryimage"},"thumbnailUrl":"https:\/\/chefpastry.ch\/wp-content\/uploads\/2025\/05\/Semisfera-01-choco-stamp-a-2.webp","datePublished":"2025-05-20T14:39:06+00:00","dateModified":"2026-02-18T10:59:32+00:00","description":"Tampon de D\u00e9coration pour Pralines, pour d\u00e9corer vos pralines avec 4 tampons en silicone originaux. Compatible avec le moule Semisfera 01-P.","breadcrumb":{"@id":"https:\/\/chefpastry.ch\/produit\/tampon-de-decoration-pour-pralines\/#breadcrumb"},"inLanguage":"de","potentialAction":[{"@type":"ReadAction","target":["https:\/\/chefpastry.ch\/produit\/tampon-de-decoration-pour-pralines\/"]}]},{"@type":"ImageObject","inLanguage":"de","@id":"https:\/\/chefpastry.ch\/produit\/tampon-de-decoration-pour-pralines\/#primaryimage","url":"https:\/\/chefpastry.ch\/wp-content\/uploads\/2025\/05\/Semisfera-01-choco-stamp-a-2.webp","contentUrl":"https:\/\/chefpastry.ch\/wp-content\/uploads\/2025\/05\/Semisfera-01-choco-stamp-a-2.webp","width":2480,"height":2480,"caption":"Tampon D\u00e9coration Pralines"},{"@type":"BreadcrumbList","@id":"https:\/\/chefpastry.ch\/produit\/tampon-de-decoration-pour-pralines\/#breadcrumb","itemListElement":[{"@type":"ListItem","position":1,"name":"Home","item":"https:\/\/chefpastry.ch\/"},{"@type":"ListItem","position":2,"name":"E-shop","item":"https:\/\/chefpastry.ch\/e-shop\/"},{"@type":"ListItem","position":3,"name":"TAMPON DE D\u00c9CORATION POUR PRALINES"}]},{"@type":"WebSite","@id":"https:\/\/chefpastry.ch\/#website","url":"https:\/\/chefpastry.ch\/","name":"Chef Pastry","description":"","publisher":{"@id":"https:\/\/chefpastry.ch\/#organization"},"potentialAction":[{"@type":"SearchAction","target":{"@type":"EntryPoint","urlTemplate":"https:\/\/chefpastry.ch\/?s={search_term_string}"},"query-input":{"@type":"PropertyValueSpecification","valueRequired":true,"valueName":"search_term_string"}}],"inLanguage":"de"},{"@type":"Organization","@id":"https:\/\/chefpastry.ch\/#organization","name":"Chef Pastry","url":"https:\/\/chefpastry.ch\/","logo":{"@type":"ImageObject","inLanguage":"de","@id":"https:\/\/chefpastry.ch\/#\/schema\/logo\/image\/","url":"https:\/\/chefpastry.ch\/wp-content\/uploads\/2022\/07\/cropped-chef_pastry_logo_rgb-03.png","contentUrl":"https:\/\/chefpastry.ch\/wp-content\/uploads\/2022\/07\/cropped-chef_pastry_logo_rgb-03.png","width":1545,"height":412,"caption":"Chef Pastry"},"image":{"@id":"https:\/\/chefpastry.ch\/#\/schema\/logo\/image\/"}}]},"product_price_amount":"28.00","product_price_currency":"CHF","og_availability":"instock","product_availability":"instock","product_retailer_item_id":"25.153.02.0065","product_condition":"new"},"_links":{"self":[{"href":"https:\/\/chefpastry.ch\/de\/wp-json\/wp\/v2\/product\/16472","targetHints":{"allow":["GET"]}}],"collection":[{"href":"https:\/\/chefpastry.ch\/de\/wp-json\/wp\/v2\/product"}],"about":[{"href":"https:\/\/chefpastry.ch\/de\/wp-json\/wp\/v2\/types\/product"}],"replies":[{"embeddable":true,"href":"https:\/\/chefpastry.ch\/de\/wp-json\/wp\/v2\/comments?post=16472"}],"version-history":[{"count":4,"href":"https:\/\/chefpastry.ch\/de\/wp-json\/wp\/v2\/product\/16472\/revisions"}],"predecessor-version":[{"id":16504,"href":"https:\/\/chefpastry.ch\/de\/wp-json\/wp\/v2\/product\/16472\/revisions\/16504"}],"wp:featuredmedia":[{"embeddable":true,"href":"https:\/\/chefpastry.ch\/de\/wp-json\/wp\/v2\/media\/16473"}],"wp:attachment":[{"href":"https:\/\/chefpastry.ch\/de\/wp-json\/wp\/v2\/media?parent=16472"}],"wp:term":[{"taxonomy":"product_brand","embeddable":true,"href":"https:\/\/chefpastry.ch\/de\/wp-json\/wp\/v2\/product_brand?post=16472"},{"taxonomy":"product_cat","embeddable":true,"href":"https:\/\/chefpastry.ch\/de\/wp-json\/wp\/v2\/product_cat?post=16472"},{"taxonomy":"product_tag","embeddable":true,"href":"https:\/\/chefpastry.ch\/de\/wp-json\/wp\/v2\/product_tag?post=16472"}],"curies":[{"name":"wp","href":"https:\/\/api.w.org\/{rel}","templated":true}]}}