{"id":16437,"date":"2025-05-13T10:42:53","date_gmt":"2025-05-13T08:42:53","guid":{"rendered":"https:\/\/chefpastry.ch\/?post_type=product&#038;p=16437"},"modified":"2025-10-21T15:36:46","modified_gmt":"2025-10-21T13:36:46","slug":"tapis-esotico-silikomart","status":"publish","type":"product","link":"https:\/\/chefpastry.ch\/de\/produkt\/tapis-esotico-silikomart\/","title":{"rendered":"TAPIS SILICONE ESOTICO"},"content":{"rendered":"<h3 data-start=\"227\" data-end=\"318\"><strong data-start=\"230\" data-end=\"318\">Tapis ESOTICO\u00a0 \u2013 Silikomart | Silicone Platinum sans BPA \u2013 Fabriqu\u00e9 en Italie<\/strong><\/h3>\n<p data-start=\"320\" data-end=\"740\">Sublimez vos cr\u00e9ations culinaires avec le <strong data-start=\"362\" data-end=\"401\">tapis ESOTICO de Silikomart<\/strong>, un accessoire de qualit\u00e9 professionnelle con\u00e7u pour apporter une <strong data-start=\"468\" data-end=\"501\">touche artistique et raffin\u00e9e<\/strong> \u00e0 vos r\u00e9alisations, qu&rsquo;elles soient sucr\u00e9es ou sal\u00e9es. Fabriqu\u00e9 \u00e0 partir de <strong data-start=\"578\" data-end=\"599\">silicone Platinum<\/strong> de haute qualit\u00e9, ce tapis est garanti <strong data-start=\"639\" data-end=\"651\">sans BPA<\/strong> et est <strong data-start=\"659\" data-end=\"693\">enti\u00e8rement fabriqu\u00e9 en Italie<\/strong>, gage d\u2019excellence et de s\u00e9curit\u00e9 alimentaire.<\/p>\n<p data-start=\"742\" data-end=\"1143\">Ce tapis d\u00e9coratif est orn\u00e9 d\u2019un <strong data-start=\"775\" data-end=\"792\">motif ESOTICO <\/strong>finement grav\u00e9, pens\u00e9 pour offrir des <strong data-start=\"831\" data-end=\"859\">d\u00e9tails nets et \u00e9l\u00e9gants<\/strong>, parfaits pour <strong data-start=\"875\" data-end=\"930\">d\u00e9corer vos plats, entr\u00e9es ou desserts \u00e0 l\u2019assiette<\/strong>. Utilisable aussi bien avec du <strong data-start=\"962\" data-end=\"974\">Schokolade<\/strong>Die <strong data-start=\"980\" data-end=\"1005\">tuiles croustillantes<\/strong>, que des pr\u00e9parations en sucre ou en caramel, il permet de cr\u00e9er des d\u00e9cors uniques qui s\u00e9duiront \u00e0 coup s\u00fbr vos convives ou vos clients.<\/p>\n<h3 data-start=\"1145\" data-end=\"1190\">\u2705 <strong data-start=\"1151\" data-end=\"1190\">Utilisation polyvalente et flexible<\/strong><\/h3>\n<p data-start=\"1191\" data-end=\"1253\">Le tapis ESOTICO peut \u00eatre utilis\u00e9 dans diff\u00e9rents contextes :<\/p>\n<ul data-start=\"1254\" data-end=\"1487\">\n<li data-start=\"1254\" data-end=\"1327\">\n<p data-start=\"1256\" data-end=\"1327\"><strong data-start=\"1256\" data-end=\"1275\">P\u00e2tisserie fine<\/strong> : pour mouler du chocolat temp\u00e9r\u00e9 ou du sucre coul\u00e9<\/p>\n<\/li>\n<li data-start=\"1328\" data-end=\"1406\">\n<p data-start=\"1330\" data-end=\"1406\"><strong data-start=\"1330\" data-end=\"1350\">Cuisine cr\u00e9ative<\/strong> : pour r\u00e9aliser des tuiles sal\u00e9es ou sucr\u00e9es originales<\/p>\n<\/li>\n<li data-start=\"1407\" data-end=\"1487\">\n<p data-start=\"1409\" data-end=\"1487\"><strong data-start=\"1409\" data-end=\"1434\">D\u00e9coration d\u2019assiette<\/strong> : pour sublimer vos desserts et plats gastronomiques<\/p>\n<\/li>\n<\/ul>\n<p data-start=\"1489\" data-end=\"1769\">Pour encore plus de praticit\u00e9, ce tapis peut \u00eatre <strong data-start=\"1539\" data-end=\"1577\">d\u00e9coup\u00e9 selon les lignes indiqu\u00e9es<\/strong>, afin de s\u2019adapter \u00e0 vos besoins ou \u00e0 la taille de vos supports de pr\u00e9sentation. Il r\u00e9siste parfaitement aux <strong data-start=\"1687\" data-end=\"1710\">hautes temp\u00e9ratures<\/strong> (four, cong\u00e9lation, surg\u00e9lation) et se nettoie facilement.<\/p>\n<hr data-start=\"1771\" data-end=\"1774\" \/>\n<h3 data-start=\"1776\" data-end=\"1814\">\ud83d\udcd0 <strong data-start=\"1783\" data-end=\"1814\">Caract\u00e9ristiques techniques<\/strong><\/h3>\n<ul data-start=\"1815\" data-end=\"2132\">\n<li data-start=\"1815\" data-end=\"1844\">\n<p data-start=\"1817\" data-end=\"1844\"><strong data-start=\"1817\" data-end=\"1824\">Name<\/strong> : ESOTICO<\/p>\n<\/li>\n<li data-start=\"1845\" data-end=\"1870\">\n<p data-start=\"1847\" data-end=\"1870\"><strong data-start=\"1847\" data-end=\"1857\">Marque<\/strong> : Silikomart<\/p>\n<\/li>\n<li data-start=\"1871\" data-end=\"1919\">\n<p data-start=\"1873\" data-end=\"1919\"><strong data-start=\"1873\" data-end=\"1884\">Mati\u00e8re<\/strong> : Silicone Platinum 100 % sans BPA<\/p>\n<\/li>\n<li data-start=\"1920\" data-end=\"1954\">\n<p data-start=\"1922\" data-end=\"1954\"><strong data-start=\"1922\" data-end=\"1933\">Origine<\/strong> : Made in Italy \ud83c\uddee\ud83c\uddf9<\/p>\n<\/li>\n<li data-start=\"1955\" data-end=\"2011\">\n<p data-start=\"1957\" data-end=\"2011\"><strong data-start=\"1957\" data-end=\"1980\">Dimensions du tapis<\/strong> : 320 x 170 mm, hauteur 2,5 mm<\/p>\n<\/li>\n<li data-start=\"2012\" data-end=\"2076\">\n<p data-start=\"2014\" data-end=\"2076\"><strong data-start=\"2014\" data-end=\"2049\">Dimensions de la cavit\u00e9 Esotico<\/strong> : \u00d8 140 mm, hauteur 1,7 mm<\/p>\n<\/li>\n<li data-start=\"2077\" data-end=\"2132\">\n<p data-start=\"2079\" data-end=\"2132\"><strong data-start=\"2079\" data-end=\"2096\">Compatibilit\u00e9<\/strong> : Four, cong\u00e9lateur, lave-vaisselle<\/p>\n<\/li>\n<\/ul>","protected":false},"excerpt":{"rendered":"<p>Ajoutez une touche \u00e9l\u00e9gante \u00e0 vos cr\u00e9ations gr\u00e2ce au tapis ESOTICO Mandala de Silikomart. Fabriqu\u00e9 en silicone Platinum sans BPA, il est id\u00e9al pour r\u00e9aliser des d\u00e9cors en chocolat ou en tuile. Flexible, d\u00e9coupable, et r\u00e9sistant aux hautes temp\u00e9ratures, il convient \u00e0 un usage professionnel comme domestique.<\/p>","protected":false},"featured_media":16440,"comment_status":"open","ping_status":"closed","template":"","meta":{"_jet_sm_ready_style":"","_jet_sm_style":"","_jet_sm_controls_values":"","_jet_sm_fonts_collection":"","_jet_sm_fonts_links":"","_joinchat":[]},"product_brand":[],"product_cat":[50,182],"product_tag":[],"class_list":{"0":"post-16437","1":"product","2":"type-product","3":"status-publish","4":"has-post-thumbnail","6":"product_cat-decoration","7":"product_cat-nouveautes","9":"first","10":"instock","11":"taxable","12":"shipping-taxable","13":"purchasable","14":"product-type-simple"},"yoast_head":"<!-- This site is optimized with the Yoast SEO plugin v27.0 - https:\/\/yoast.com\/product\/yoast-seo-wordpress\/ -->\n<title>TAPIS SILICONE ESOTICO - Chef Pastry<\/title>\n<meta name=\"description\" content=\"Tapis silicone ESOTICO Silikomart \u2013 sans BPA, en silicone Platinum. Id\u00e9al pour d\u00e9cors chocolat ou tuiles. Fabriqu\u00e9 en Italie. Pro &amp; amateur.\" \/>\n<meta name=\"robots\" content=\"index, follow, max-snippet:-1, max-image-preview:large, max-video-preview:-1\" \/>\n<link rel=\"canonical\" href=\"https:\/\/chefpastry.ch\/de\/produkt\/tapis-esotico-silikomart\/\" \/>\n<meta property=\"og:locale\" content=\"de_DE\" \/>\n<meta property=\"og:type\" content=\"article\" \/>\n<meta property=\"og:title\" content=\"TAPIS SILICONE ESOTICO - Chef Pastry\" \/>\n<meta property=\"og:description\" content=\"Tapis silicone ESOTICO Silikomart \u2013 sans BPA, en silicone Platinum. Id\u00e9al pour d\u00e9cors chocolat ou tuiles. Fabriqu\u00e9 en Italie. Pro &amp; amateur.\" \/>\n<meta property=\"og:url\" content=\"https:\/\/chefpastry.ch\/de\/produkt\/tapis-esotico-silikomart\/\" \/>\n<meta property=\"og:site_name\" content=\"Chef Pastry\" \/>\n<meta property=\"article:modified_time\" content=\"2025-10-21T13:36:46+00:00\" \/>\n<meta property=\"og:image\" content=\"https:\/\/chefpastry.ch\/wp-content\/uploads\/2025\/05\/Esotico-2.webp\" \/>\n\t<meta property=\"og:image:width\" content=\"1200\" \/>\n\t<meta property=\"og:image:height\" content=\"1200\" \/>\n\t<meta property=\"og:image:type\" content=\"image\/webp\" \/>\n<meta name=\"twitter:card\" content=\"summary_large_image\" \/>\n<meta name=\"twitter:label1\" content=\"Preis\" \/>\n\t<meta name=\"twitter:data1\" content=\"&#067;&#072;&#070;&nbsp;19.00 TTC\" \/>\n\t<meta name=\"twitter:label2\" content=\"Verf\u00fcgbarkeit\" \/>\n\t<meta name=\"twitter:data2\" content=\"Auf Lager\" \/>\n<script type=\"application\/ld+json\" class=\"yoast-schema-graph\">{\"@context\":\"https:\/\/schema.org\",\"@graph\":[{\"@type\":\"WebPage\",\"@id\":\"https:\/\/chefpastry.ch\/produit\/tapis-esotico-silikomart\/\",\"url\":\"https:\/\/chefpastry.ch\/produit\/tapis-esotico-silikomart\/\",\"name\":\"TAPIS SILICONE ESOTICO - Chef Pastry\",\"isPartOf\":{\"@id\":\"https:\/\/chefpastry.ch\/#website\"},\"primaryImageOfPage\":{\"@id\":\"https:\/\/chefpastry.ch\/produit\/tapis-esotico-silikomart\/#primaryimage\"},\"image\":{\"@id\":\"https:\/\/chefpastry.ch\/produit\/tapis-esotico-silikomart\/#primaryimage\"},\"thumbnailUrl\":\"https:\/\/chefpastry.ch\/wp-content\/uploads\/2025\/05\/Esotico-2.webp\",\"datePublished\":\"2025-05-13T08:42:53+00:00\",\"dateModified\":\"2025-10-21T13:36:46+00:00\",\"description\":\"Tapis silicone ESOTICO Silikomart \u2013 sans BPA, en silicone Platinum. Id\u00e9al pour d\u00e9cors chocolat ou tuiles. Fabriqu\u00e9 en Italie. Pro & amateur.\",\"breadcrumb\":{\"@id\":\"https:\/\/chefpastry.ch\/produit\/tapis-esotico-silikomart\/#breadcrumb\"},\"inLanguage\":\"de\",\"potentialAction\":[{\"@type\":\"ReadAction\",\"target\":[\"https:\/\/chefpastry.ch\/produit\/tapis-esotico-silikomart\/\"]}]},{\"@type\":\"ImageObject\",\"inLanguage\":\"de\",\"@id\":\"https:\/\/chefpastry.ch\/produit\/tapis-esotico-silikomart\/#primaryimage\",\"url\":\"https:\/\/chefpastry.ch\/wp-content\/uploads\/2025\/05\/Esotico-2.webp\",\"contentUrl\":\"https:\/\/chefpastry.ch\/wp-content\/uploads\/2025\/05\/Esotico-2.webp\",\"width\":1200,\"height\":1200,\"caption\":\"Tapis ESOTICO\u00a0Silikomart\"},{\"@type\":\"BreadcrumbList\",\"@id\":\"https:\/\/chefpastry.ch\/produit\/tapis-esotico-silikomart\/#breadcrumb\",\"itemListElement\":[{\"@type\":\"ListItem\",\"position\":1,\"name\":\"Home\",\"item\":\"https:\/\/chefpastry.ch\/\"},{\"@type\":\"ListItem\",\"position\":2,\"name\":\"E-shop\",\"item\":\"https:\/\/chefpastry.ch\/e-shop\/\"},{\"@type\":\"ListItem\",\"position\":3,\"name\":\"TAPIS SILICONE ESOTICO\"}]},{\"@type\":\"WebSite\",\"@id\":\"https:\/\/chefpastry.ch\/#website\",\"url\":\"https:\/\/chefpastry.ch\/\",\"name\":\"Chef Pastry\",\"description\":\"\",\"publisher\":{\"@id\":\"https:\/\/chefpastry.ch\/#organization\"},\"potentialAction\":[{\"@type\":\"SearchAction\",\"target\":{\"@type\":\"EntryPoint\",\"urlTemplate\":\"https:\/\/chefpastry.ch\/?s={search_term_string}\"},\"query-input\":{\"@type\":\"PropertyValueSpecification\",\"valueRequired\":true,\"valueName\":\"search_term_string\"}}],\"inLanguage\":\"de\"},{\"@type\":\"Organization\",\"@id\":\"https:\/\/chefpastry.ch\/#organization\",\"name\":\"Chef Pastry\",\"url\":\"https:\/\/chefpastry.ch\/\",\"logo\":{\"@type\":\"ImageObject\",\"inLanguage\":\"de\",\"@id\":\"https:\/\/chefpastry.ch\/#\/schema\/logo\/image\/\",\"url\":\"https:\/\/chefpastry.ch\/wp-content\/uploads\/2022\/07\/cropped-chef_pastry_logo_rgb-03.png\",\"contentUrl\":\"https:\/\/chefpastry.ch\/wp-content\/uploads\/2022\/07\/cropped-chef_pastry_logo_rgb-03.png\",\"width\":1545,\"height\":412,\"caption\":\"Chef Pastry\"},\"image\":{\"@id\":\"https:\/\/chefpastry.ch\/#\/schema\/logo\/image\/\"}}]}<\/script>\n<meta property=\"product:price:amount\" content=\"19.00\" \/>\n<meta property=\"product:price:currency\" content=\"CHF\" \/>\n<meta property=\"og:availability\" content=\"instock\" \/>\n<meta property=\"product:availability\" content=\"instock\" \/>\n<meta property=\"product:retailer_item_id\" content=\"33.327.36.0065\" \/>\n<meta property=\"product:condition\" content=\"new\" \/>\n<!-- \/ Yoast SEO plugin. -->","yoast_head_json":{"title":"TAPIS SILICONE ESOTICO - Chef Pastry","description":"Tapis silicone ESOTICO Silikomart \u2013 sans BPA, en silicone Platinum. Id\u00e9al pour d\u00e9cors chocolat ou tuiles. Fabriqu\u00e9 en Italie. Pro & amateur.","robots":{"index":"index","follow":"follow","max-snippet":"max-snippet:-1","max-image-preview":"max-image-preview:large","max-video-preview":"max-video-preview:-1"},"canonical":"https:\/\/chefpastry.ch\/de\/produkt\/tapis-esotico-silikomart\/","og_locale":"de_DE","og_type":"article","og_title":"TAPIS SILICONE ESOTICO - Chef Pastry","og_description":"Tapis silicone ESOTICO Silikomart \u2013 sans BPA, en silicone Platinum. Id\u00e9al pour d\u00e9cors chocolat ou tuiles. Fabriqu\u00e9 en Italie. Pro & amateur.","og_url":"https:\/\/chefpastry.ch\/de\/produkt\/tapis-esotico-silikomart\/","og_site_name":"Chef Pastry","article_modified_time":"2025-10-21T13:36:46+00:00","og_image":[{"width":1200,"height":1200,"url":"https:\/\/chefpastry.ch\/wp-content\/uploads\/2025\/05\/Esotico-2.webp","type":"image\/webp"}],"twitter_card":"summary_large_image","twitter_misc":{"Preis":"&#67;&#72;&#70;&nbsp;19.00 TTC","Verf\u00fcgbarkeit":"Auf Lager"},"schema":{"@context":"https:\/\/schema.org","@graph":[{"@type":"WebPage","@id":"https:\/\/chefpastry.ch\/produit\/tapis-esotico-silikomart\/","url":"https:\/\/chefpastry.ch\/produit\/tapis-esotico-silikomart\/","name":"TAPIS SILICONE ESOTICO - Chef Pastry","isPartOf":{"@id":"https:\/\/chefpastry.ch\/#website"},"primaryImageOfPage":{"@id":"https:\/\/chefpastry.ch\/produit\/tapis-esotico-silikomart\/#primaryimage"},"image":{"@id":"https:\/\/chefpastry.ch\/produit\/tapis-esotico-silikomart\/#primaryimage"},"thumbnailUrl":"https:\/\/chefpastry.ch\/wp-content\/uploads\/2025\/05\/Esotico-2.webp","datePublished":"2025-05-13T08:42:53+00:00","dateModified":"2025-10-21T13:36:46+00:00","description":"Tapis silicone ESOTICO Silikomart \u2013 sans BPA, en silicone Platinum. Id\u00e9al pour d\u00e9cors chocolat ou tuiles. Fabriqu\u00e9 en Italie. Pro & amateur.","breadcrumb":{"@id":"https:\/\/chefpastry.ch\/produit\/tapis-esotico-silikomart\/#breadcrumb"},"inLanguage":"de","potentialAction":[{"@type":"ReadAction","target":["https:\/\/chefpastry.ch\/produit\/tapis-esotico-silikomart\/"]}]},{"@type":"ImageObject","inLanguage":"de","@id":"https:\/\/chefpastry.ch\/produit\/tapis-esotico-silikomart\/#primaryimage","url":"https:\/\/chefpastry.ch\/wp-content\/uploads\/2025\/05\/Esotico-2.webp","contentUrl":"https:\/\/chefpastry.ch\/wp-content\/uploads\/2025\/05\/Esotico-2.webp","width":1200,"height":1200,"caption":"Tapis ESOTICO\u00a0Silikomart"},{"@type":"BreadcrumbList","@id":"https:\/\/chefpastry.ch\/produit\/tapis-esotico-silikomart\/#breadcrumb","itemListElement":[{"@type":"ListItem","position":1,"name":"Home","item":"https:\/\/chefpastry.ch\/"},{"@type":"ListItem","position":2,"name":"E-shop","item":"https:\/\/chefpastry.ch\/e-shop\/"},{"@type":"ListItem","position":3,"name":"TAPIS SILICONE ESOTICO"}]},{"@type":"WebSite","@id":"https:\/\/chefpastry.ch\/#website","url":"https:\/\/chefpastry.ch\/","name":"Chef Pastry","description":"","publisher":{"@id":"https:\/\/chefpastry.ch\/#organization"},"potentialAction":[{"@type":"SearchAction","target":{"@type":"EntryPoint","urlTemplate":"https:\/\/chefpastry.ch\/?s={search_term_string}"},"query-input":{"@type":"PropertyValueSpecification","valueRequired":true,"valueName":"search_term_string"}}],"inLanguage":"de"},{"@type":"Organization","@id":"https:\/\/chefpastry.ch\/#organization","name":"Chef Pastry","url":"https:\/\/chefpastry.ch\/","logo":{"@type":"ImageObject","inLanguage":"de","@id":"https:\/\/chefpastry.ch\/#\/schema\/logo\/image\/","url":"https:\/\/chefpastry.ch\/wp-content\/uploads\/2022\/07\/cropped-chef_pastry_logo_rgb-03.png","contentUrl":"https:\/\/chefpastry.ch\/wp-content\/uploads\/2022\/07\/cropped-chef_pastry_logo_rgb-03.png","width":1545,"height":412,"caption":"Chef Pastry"},"image":{"@id":"https:\/\/chefpastry.ch\/#\/schema\/logo\/image\/"}}]},"product_price_amount":"19.00","product_price_currency":"CHF","og_availability":"instock","product_availability":"instock","product_retailer_item_id":"33.327.36.0065","product_condition":"new"},"_links":{"self":[{"href":"https:\/\/chefpastry.ch\/de\/wp-json\/wp\/v2\/product\/16437","targetHints":{"allow":["GET"]}}],"collection":[{"href":"https:\/\/chefpastry.ch\/de\/wp-json\/wp\/v2\/product"}],"about":[{"href":"https:\/\/chefpastry.ch\/de\/wp-json\/wp\/v2\/types\/product"}],"replies":[{"embeddable":true,"href":"https:\/\/chefpastry.ch\/de\/wp-json\/wp\/v2\/comments?post=16437"}],"version-history":[{"count":1,"href":"https:\/\/chefpastry.ch\/de\/wp-json\/wp\/v2\/product\/16437\/revisions"}],"predecessor-version":[{"id":16443,"href":"https:\/\/chefpastry.ch\/de\/wp-json\/wp\/v2\/product\/16437\/revisions\/16443"}],"wp:featuredmedia":[{"embeddable":true,"href":"https:\/\/chefpastry.ch\/de\/wp-json\/wp\/v2\/media\/16440"}],"wp:attachment":[{"href":"https:\/\/chefpastry.ch\/de\/wp-json\/wp\/v2\/media?parent=16437"}],"wp:term":[{"taxonomy":"product_brand","embeddable":true,"href":"https:\/\/chefpastry.ch\/de\/wp-json\/wp\/v2\/product_brand?post=16437"},{"taxonomy":"product_cat","embeddable":true,"href":"https:\/\/chefpastry.ch\/de\/wp-json\/wp\/v2\/product_cat?post=16437"},{"taxonomy":"product_tag","embeddable":true,"href":"https:\/\/chefpastry.ch\/de\/wp-json\/wp\/v2\/product_tag?post=16437"}],"curies":[{"name":"wp","href":"https:\/\/api.w.org\/{rel}","templated":true}]}}