{"id":16431,"date":"2025-05-13T10:24:08","date_gmt":"2025-05-13T08:24:08","guid":{"rendered":"https:\/\/chefpastry.ch\/?post_type=product&#038;p=16431"},"modified":"2025-05-29T13:19:34","modified_gmt":"2025-05-29T11:19:34","slug":"tapis-mandala-silikomart","status":"publish","type":"product","link":"https:\/\/chefpastry.ch\/de\/produkt\/tapis-mandala-silikomart\/","title":{"rendered":"MANDALA"},"content":{"rendered":"<h3>Tapis MANDALA Silikomart \u2013 Silicone Platinum, Sans BPA, Fabriqu\u00e9 en Italie<\/h3>\n<p data-start=\"293\" data-end=\"844\">Offrez une touche d\u2019\u00e9l\u00e9gance \u00e0 vos cr\u00e9ations culinaires gr\u00e2ce au <strong data-start=\"358\" data-end=\"389\">tapis MANDALA de Silikomart<\/strong>, un accessoire indispensable pour tous les passionn\u00e9s de <strong data-start=\"447\" data-end=\"470\">p\u00e2tisserie cr\u00e9ative<\/strong>von <strong data-start=\"475\" data-end=\"491\">chocolaterie<\/strong> und von <strong data-start=\"498\" data-end=\"524\">gastronomie d\u00e9corative<\/strong>.<\/p>\n<p data-start=\"293\" data-end=\"844\">Con\u00e7u avec le plus grand soin, ce tapis est fabriqu\u00e9 en <strong data-start=\"582\" data-end=\"603\">silicone Platinum<\/strong> de haute qualit\u00e9, un mat\u00e9riau reconnu pour sa <strong data-start=\"650\" data-end=\"664\">durabilit\u00e9<\/strong>, sa <strong data-start=\"669\" data-end=\"682\">souplesse<\/strong> et sa <strong data-start=\"689\" data-end=\"729\">r\u00e9sistance aux temp\u00e9ratures extr\u00eames<\/strong>. Enti\u00e8rement <strong data-start=\"743\" data-end=\"755\">sans BPA<\/strong>, il garantit une utilisation s\u00fbre et conforme aux normes alimentaires les plus strictes.<\/p>\n<p data-start=\"846\" data-end=\"1209\">Avec son motif Mandala finement dessin\u00e9, ce tapis permet de r\u00e9aliser des <strong data-start=\"919\" data-end=\"946\">d\u00e9corations artistiques<\/strong> aussi bien en <strong data-start=\"961\" data-end=\"980\">tuile croquante<\/strong> qu\u2019en <strong data-start=\"987\" data-end=\"1007\">chocolat temp\u00e9r\u00e9<\/strong>. Il est parfait pour cr\u00e9er des <strong data-start=\"1039\" data-end=\"1061\">ornements raffin\u00e9s<\/strong> sur vos <strong data-start=\"1070\" data-end=\"1095\">desserts \u00e0 l\u2019assiette<\/strong>, vos <strong data-start=\"1101\" data-end=\"1127\">entr\u00e9es gastronomiques<\/strong>, vos <strong data-start=\"1133\" data-end=\"1158\">amuse-bouches de chef<\/strong> ou m\u00eame sur des <strong data-start=\"1175\" data-end=\"1208\">pi\u00e8ces en sucre tir\u00e9 ou coul\u00e9<\/strong>.<\/p>\n<p data-start=\"1211\" data-end=\"1659\">Facile \u00e0 manipuler gr\u00e2ce \u00e0 sa texture antiadh\u00e9sive, le tapis peut \u00eatre utilis\u00e9 au <strong data-start=\"1293\" data-end=\"1301\">four<\/strong>, au <strong data-start=\"1306\" data-end=\"1323\">r\u00e9frig\u00e9rateur<\/strong>, au <strong data-start=\"1328\" data-end=\"1343\">cong\u00e9lateur<\/strong> et m\u00eame en <strong data-start=\"1355\" data-end=\"1392\">cellule de refroidissement rapide<\/strong>.<\/p>\n<p data-start=\"1211\" data-end=\"1659\">Pour s\u2019adapter \u00e0 toutes vos pr\u00e9parations, il peut \u00e9galement \u00eatre <strong data-start=\"1459\" data-end=\"1470\">d\u00e9coup\u00e9<\/strong> selon les indications fournies, afin de cr\u00e9er des formats sur mesure. C\u2019est l\u2019outil id\u00e9al pour les <strong data-start=\"1570\" data-end=\"1579\">chefs<\/strong>, les <strong data-start=\"1585\" data-end=\"1614\">p\u00e2tissiers professionnels<\/strong>, mais aussi pour les <strong data-start=\"1636\" data-end=\"1658\">amateurs exigeants<\/strong>.<\/p>\n<h3 data-start=\"1661\" data-end=\"1694\">Caract\u00e9ristiques techniques :<\/h3>\n<ul data-start=\"1695\" data-end=\"1955\">\n<li data-start=\"1695\" data-end=\"1737\">\n<p data-start=\"1697\" data-end=\"1737\"><strong data-start=\"1697\" data-end=\"1720\">Dimensions du tapis<\/strong> : 320 x 170 mm<\/p>\n<\/li>\n<li data-start=\"1738\" data-end=\"1764\">\n<p data-start=\"1740\" data-end=\"1764\"><strong data-start=\"1740\" data-end=\"1753\">\u00c9paisseur<\/strong> : 2,5 mm<\/p>\n<\/li>\n<li data-start=\"1765\" data-end=\"1827\">\n<p data-start=\"1767\" data-end=\"1827\"><strong data-start=\"1767\" data-end=\"1804\">Dimension de la cavit\u00e9 principale<\/strong> : \u00d8140 mm x h 1,7 mm<\/p>\n<\/li>\n<li data-start=\"1765\" data-end=\"1827\"><strong>Cavit\u00e9 sur le Tapis<\/strong> : 2<\/li>\n<li data-start=\"1828\" data-end=\"1875\">\n<p data-start=\"1830\" data-end=\"1875\"><strong data-start=\"1830\" data-end=\"1842\">Mat\u00e9riau<\/strong> : Silicone Platinum (sans BPA)<\/p>\n<\/li>\n<li data-start=\"1876\" data-end=\"1930\">\n<p data-start=\"1878\" data-end=\"1930\"><strong data-start=\"1878\" data-end=\"1893\">Verwendung<\/strong> : four, cong\u00e9lateur, r\u00e9frig\u00e9rateur<\/p>\n<\/li>\n<li data-start=\"1931\" data-end=\"1955\">\n<p data-start=\"1933\" data-end=\"1955\"><strong data-start=\"1933\" data-end=\"1955\">Fabriqu\u00e9 en Italie<\/strong><\/p>\n<\/li>\n<\/ul>\n<p data-start=\"1957\" data-end=\"2194\">Mit dem <strong data-start=\"1965\" data-end=\"1991\">tapis silicone Mandala<\/strong>, transformez chaque plat en une \u0153uvre d\u2019art culinaire. Offrez \u00e0 vos cr\u00e9ations une pr\u00e9sentation digne des plus grandes tables, avec un outil pratique, r\u00e9sistant et au design raffin\u00e9 sign\u00e9 <strong data-start=\"2179\" data-end=\"2193\">Silikomart<\/strong>.<\/p>","protected":false},"excerpt":{"rendered":"<p>Polyvalent et esth\u00e9tique, le tapis MANDALA permet de r\u00e9aliser de magnifiques ornements aussi bien en <strong data-start=\"742\" data-end=\"754\">Schokolade<\/strong> qu\u2019en <strong data-start=\"761\" data-end=\"770\">tuile<\/strong>. Il est id\u00e9al pour sublimer vos <strong data-start=\"803\" data-end=\"828\">desserts \u00e0 l\u2019assiette<\/strong>, vos <strong data-start=\"834\" data-end=\"860\">entr\u00e9es gastronomiques<\/strong> ou pour ajouter une <strong data-start=\"881\" data-end=\"914\">touche artistique \u00e0 vos plats<\/strong>. Le motif Mandala, d\u00e9licat et pr\u00e9cis, apportera une touche d\u2019\u00e9l\u00e9gance \u00e0 chaque cr\u00e9ation.<\/p>","protected":false},"featured_media":16433,"comment_status":"open","ping_status":"closed","template":"","meta":{"_jet_sm_ready_style":"","_jet_sm_style":"","_jet_sm_controls_values":"","_jet_sm_fonts_collection":"","_jet_sm_fonts_links":"","_joinchat":[]},"product_brand":[],"product_cat":[50,182],"product_tag":[],"class_list":{"0":"post-16431","1":"product","2":"type-product","3":"status-publish","4":"has-post-thumbnail","6":"product_cat-decoration","7":"product_cat-nouveautes","9":"first","10":"instock","11":"taxable","12":"shipping-taxable","13":"purchasable","14":"product-type-simple"},"yoast_head":"<!-- This site is optimized with the Yoast SEO plugin v27.0 - https:\/\/yoast.com\/product\/yoast-seo-wordpress\/ -->\n<title>Mandala Silikomart Tapis \u2013 Design \u00c9l\u00e9gant pour P\u00e2tisserie<\/title>\n<meta name=\"description\" content=\"D\u00e9couvrez le tapis Mandala Silikomart, parfait pour cr\u00e9er des d\u00e9cors raffin\u00e9s en chocolat ou sucre. Id\u00e9al pour chefs p\u00e2tissiers et passionn\u00e9s.\" \/>\n<meta name=\"robots\" content=\"index, follow, max-snippet:-1, max-image-preview:large, max-video-preview:-1\" \/>\n<link rel=\"canonical\" href=\"https:\/\/chefpastry.ch\/de\/produkt\/tapis-mandala-silikomart\/\" \/>\n<meta property=\"og:locale\" content=\"de_DE\" \/>\n<meta property=\"og:type\" content=\"article\" \/>\n<meta property=\"og:title\" content=\"Mandala Silikomart Tapis \u2013 Design \u00c9l\u00e9gant pour P\u00e2tisserie\" \/>\n<meta property=\"og:description\" content=\"D\u00e9couvrez le tapis Mandala Silikomart, parfait pour cr\u00e9er des d\u00e9cors raffin\u00e9s en chocolat ou sucre. Id\u00e9al pour chefs p\u00e2tissiers et passionn\u00e9s.\" \/>\n<meta property=\"og:url\" content=\"https:\/\/chefpastry.ch\/de\/produkt\/tapis-mandala-silikomart\/\" \/>\n<meta property=\"og:site_name\" content=\"Chef Pastry\" \/>\n<meta property=\"article:modified_time\" content=\"2025-05-29T11:19:34+00:00\" \/>\n<meta property=\"og:image\" content=\"https:\/\/chefpastry.ch\/wp-content\/uploads\/2025\/05\/Mandala-2.webp\" \/>\n\t<meta property=\"og:image:width\" content=\"1200\" \/>\n\t<meta property=\"og:image:height\" content=\"1200\" \/>\n\t<meta property=\"og:image:type\" content=\"image\/webp\" \/>\n<meta name=\"twitter:card\" content=\"summary_large_image\" \/>\n<meta name=\"twitter:label1\" content=\"Preis\" \/>\n\t<meta name=\"twitter:data1\" content=\"&#067;&#072;&#070;&nbsp;19.00 TTC\" \/>\n\t<meta name=\"twitter:label2\" content=\"Verf\u00fcgbarkeit\" \/>\n\t<meta name=\"twitter:data2\" content=\"Auf Lager\" \/>\n<script type=\"application\/ld+json\" class=\"yoast-schema-graph\">{\"@context\":\"https:\/\/schema.org\",\"@graph\":[{\"@type\":\"WebPage\",\"@id\":\"https:\/\/chefpastry.ch\/produit\/tapis-mandala-silikomart\/\",\"url\":\"https:\/\/chefpastry.ch\/produit\/tapis-mandala-silikomart\/\",\"name\":\"Mandala Silikomart Tapis \u2013 Design \u00c9l\u00e9gant pour P\u00e2tisserie\",\"isPartOf\":{\"@id\":\"https:\/\/chefpastry.ch\/#website\"},\"primaryImageOfPage\":{\"@id\":\"https:\/\/chefpastry.ch\/produit\/tapis-mandala-silikomart\/#primaryimage\"},\"image\":{\"@id\":\"https:\/\/chefpastry.ch\/produit\/tapis-mandala-silikomart\/#primaryimage\"},\"thumbnailUrl\":\"https:\/\/chefpastry.ch\/wp-content\/uploads\/2025\/05\/Mandala-2.webp\",\"datePublished\":\"2025-05-13T08:24:08+00:00\",\"dateModified\":\"2025-05-29T11:19:34+00:00\",\"description\":\"D\u00e9couvrez le tapis Mandala Silikomart, parfait pour cr\u00e9er des d\u00e9cors raffin\u00e9s en chocolat ou sucre. Id\u00e9al pour chefs p\u00e2tissiers et passionn\u00e9s.\",\"breadcrumb\":{\"@id\":\"https:\/\/chefpastry.ch\/produit\/tapis-mandala-silikomart\/#breadcrumb\"},\"inLanguage\":\"de\",\"potentialAction\":[{\"@type\":\"ReadAction\",\"target\":[\"https:\/\/chefpastry.ch\/produit\/tapis-mandala-silikomart\/\"]}]},{\"@type\":\"ImageObject\",\"inLanguage\":\"de\",\"@id\":\"https:\/\/chefpastry.ch\/produit\/tapis-mandala-silikomart\/#primaryimage\",\"url\":\"https:\/\/chefpastry.ch\/wp-content\/uploads\/2025\/05\/Mandala-2.webp\",\"contentUrl\":\"https:\/\/chefpastry.ch\/wp-content\/uploads\/2025\/05\/Mandala-2.webp\",\"width\":1200,\"height\":1200,\"caption\":\"Tapis MANDALA Silikomart\"},{\"@type\":\"BreadcrumbList\",\"@id\":\"https:\/\/chefpastry.ch\/produit\/tapis-mandala-silikomart\/#breadcrumb\",\"itemListElement\":[{\"@type\":\"ListItem\",\"position\":1,\"name\":\"Home\",\"item\":\"https:\/\/chefpastry.ch\/\"},{\"@type\":\"ListItem\",\"position\":2,\"name\":\"E-shop\",\"item\":\"https:\/\/chefpastry.ch\/e-shop\/\"},{\"@type\":\"ListItem\",\"position\":3,\"name\":\"MANDALA\"}]},{\"@type\":\"WebSite\",\"@id\":\"https:\/\/chefpastry.ch\/#website\",\"url\":\"https:\/\/chefpastry.ch\/\",\"name\":\"Chef Pastry\",\"description\":\"\",\"publisher\":{\"@id\":\"https:\/\/chefpastry.ch\/#organization\"},\"potentialAction\":[{\"@type\":\"SearchAction\",\"target\":{\"@type\":\"EntryPoint\",\"urlTemplate\":\"https:\/\/chefpastry.ch\/?s={search_term_string}\"},\"query-input\":{\"@type\":\"PropertyValueSpecification\",\"valueRequired\":true,\"valueName\":\"search_term_string\"}}],\"inLanguage\":\"de\"},{\"@type\":\"Organization\",\"@id\":\"https:\/\/chefpastry.ch\/#organization\",\"name\":\"Chef Pastry\",\"url\":\"https:\/\/chefpastry.ch\/\",\"logo\":{\"@type\":\"ImageObject\",\"inLanguage\":\"de\",\"@id\":\"https:\/\/chefpastry.ch\/#\/schema\/logo\/image\/\",\"url\":\"https:\/\/chefpastry.ch\/wp-content\/uploads\/2022\/07\/cropped-chef_pastry_logo_rgb-03.png\",\"contentUrl\":\"https:\/\/chefpastry.ch\/wp-content\/uploads\/2022\/07\/cropped-chef_pastry_logo_rgb-03.png\",\"width\":1545,\"height\":412,\"caption\":\"Chef Pastry\"},\"image\":{\"@id\":\"https:\/\/chefpastry.ch\/#\/schema\/logo\/image\/\"}}]}<\/script>\n<meta property=\"product:price:amount\" content=\"19.00\" \/>\n<meta property=\"product:price:currency\" content=\"CHF\" \/>\n<meta property=\"og:availability\" content=\"instock\" \/>\n<meta property=\"product:availability\" content=\"instock\" \/>\n<meta property=\"product:retailer_item_id\" content=\"33.329.36.0065\" \/>\n<meta property=\"product:condition\" content=\"new\" \/>\n<!-- \/ Yoast SEO plugin. -->","yoast_head_json":{"title":"Mandala Silikomart Tapis \u2013 Design \u00c9l\u00e9gant pour P\u00e2tisserie","description":"D\u00e9couvrez le tapis Mandala Silikomart, parfait pour cr\u00e9er des d\u00e9cors raffin\u00e9s en chocolat ou sucre. Id\u00e9al pour chefs p\u00e2tissiers et passionn\u00e9s.","robots":{"index":"index","follow":"follow","max-snippet":"max-snippet:-1","max-image-preview":"max-image-preview:large","max-video-preview":"max-video-preview:-1"},"canonical":"https:\/\/chefpastry.ch\/de\/produkt\/tapis-mandala-silikomart\/","og_locale":"de_DE","og_type":"article","og_title":"Mandala Silikomart Tapis \u2013 Design \u00c9l\u00e9gant pour P\u00e2tisserie","og_description":"D\u00e9couvrez le tapis Mandala Silikomart, parfait pour cr\u00e9er des d\u00e9cors raffin\u00e9s en chocolat ou sucre. Id\u00e9al pour chefs p\u00e2tissiers et passionn\u00e9s.","og_url":"https:\/\/chefpastry.ch\/de\/produkt\/tapis-mandala-silikomart\/","og_site_name":"Chef Pastry","article_modified_time":"2025-05-29T11:19:34+00:00","og_image":[{"width":1200,"height":1200,"url":"https:\/\/chefpastry.ch\/wp-content\/uploads\/2025\/05\/Mandala-2.webp","type":"image\/webp"}],"twitter_card":"summary_large_image","twitter_misc":{"Preis":"&#67;&#72;&#70;&nbsp;19.00 TTC","Verf\u00fcgbarkeit":"Auf Lager"},"schema":{"@context":"https:\/\/schema.org","@graph":[{"@type":"WebPage","@id":"https:\/\/chefpastry.ch\/produit\/tapis-mandala-silikomart\/","url":"https:\/\/chefpastry.ch\/produit\/tapis-mandala-silikomart\/","name":"Mandala Silikomart Tapis \u2013 Design \u00c9l\u00e9gant pour P\u00e2tisserie","isPartOf":{"@id":"https:\/\/chefpastry.ch\/#website"},"primaryImageOfPage":{"@id":"https:\/\/chefpastry.ch\/produit\/tapis-mandala-silikomart\/#primaryimage"},"image":{"@id":"https:\/\/chefpastry.ch\/produit\/tapis-mandala-silikomart\/#primaryimage"},"thumbnailUrl":"https:\/\/chefpastry.ch\/wp-content\/uploads\/2025\/05\/Mandala-2.webp","datePublished":"2025-05-13T08:24:08+00:00","dateModified":"2025-05-29T11:19:34+00:00","description":"D\u00e9couvrez le tapis Mandala Silikomart, parfait pour cr\u00e9er des d\u00e9cors raffin\u00e9s en chocolat ou sucre. Id\u00e9al pour chefs p\u00e2tissiers et passionn\u00e9s.","breadcrumb":{"@id":"https:\/\/chefpastry.ch\/produit\/tapis-mandala-silikomart\/#breadcrumb"},"inLanguage":"de","potentialAction":[{"@type":"ReadAction","target":["https:\/\/chefpastry.ch\/produit\/tapis-mandala-silikomart\/"]}]},{"@type":"ImageObject","inLanguage":"de","@id":"https:\/\/chefpastry.ch\/produit\/tapis-mandala-silikomart\/#primaryimage","url":"https:\/\/chefpastry.ch\/wp-content\/uploads\/2025\/05\/Mandala-2.webp","contentUrl":"https:\/\/chefpastry.ch\/wp-content\/uploads\/2025\/05\/Mandala-2.webp","width":1200,"height":1200,"caption":"Tapis MANDALA Silikomart"},{"@type":"BreadcrumbList","@id":"https:\/\/chefpastry.ch\/produit\/tapis-mandala-silikomart\/#breadcrumb","itemListElement":[{"@type":"ListItem","position":1,"name":"Home","item":"https:\/\/chefpastry.ch\/"},{"@type":"ListItem","position":2,"name":"E-shop","item":"https:\/\/chefpastry.ch\/e-shop\/"},{"@type":"ListItem","position":3,"name":"MANDALA"}]},{"@type":"WebSite","@id":"https:\/\/chefpastry.ch\/#website","url":"https:\/\/chefpastry.ch\/","name":"Chef Pastry","description":"","publisher":{"@id":"https:\/\/chefpastry.ch\/#organization"},"potentialAction":[{"@type":"SearchAction","target":{"@type":"EntryPoint","urlTemplate":"https:\/\/chefpastry.ch\/?s={search_term_string}"},"query-input":{"@type":"PropertyValueSpecification","valueRequired":true,"valueName":"search_term_string"}}],"inLanguage":"de"},{"@type":"Organization","@id":"https:\/\/chefpastry.ch\/#organization","name":"Chef Pastry","url":"https:\/\/chefpastry.ch\/","logo":{"@type":"ImageObject","inLanguage":"de","@id":"https:\/\/chefpastry.ch\/#\/schema\/logo\/image\/","url":"https:\/\/chefpastry.ch\/wp-content\/uploads\/2022\/07\/cropped-chef_pastry_logo_rgb-03.png","contentUrl":"https:\/\/chefpastry.ch\/wp-content\/uploads\/2022\/07\/cropped-chef_pastry_logo_rgb-03.png","width":1545,"height":412,"caption":"Chef Pastry"},"image":{"@id":"https:\/\/chefpastry.ch\/#\/schema\/logo\/image\/"}}]},"product_price_amount":"19.00","product_price_currency":"CHF","og_availability":"instock","product_availability":"instock","product_retailer_item_id":"33.329.36.0065","product_condition":"new"},"_links":{"self":[{"href":"https:\/\/chefpastry.ch\/de\/wp-json\/wp\/v2\/product\/16431","targetHints":{"allow":["GET"]}}],"collection":[{"href":"https:\/\/chefpastry.ch\/de\/wp-json\/wp\/v2\/product"}],"about":[{"href":"https:\/\/chefpastry.ch\/de\/wp-json\/wp\/v2\/types\/product"}],"replies":[{"embeddable":true,"href":"https:\/\/chefpastry.ch\/de\/wp-json\/wp\/v2\/comments?post=16431"}],"version-history":[{"count":1,"href":"https:\/\/chefpastry.ch\/de\/wp-json\/wp\/v2\/product\/16431\/revisions"}],"predecessor-version":[{"id":16436,"href":"https:\/\/chefpastry.ch\/de\/wp-json\/wp\/v2\/product\/16431\/revisions\/16436"}],"wp:featuredmedia":[{"embeddable":true,"href":"https:\/\/chefpastry.ch\/de\/wp-json\/wp\/v2\/media\/16433"}],"wp:attachment":[{"href":"https:\/\/chefpastry.ch\/de\/wp-json\/wp\/v2\/media?parent=16431"}],"wp:term":[{"taxonomy":"product_brand","embeddable":true,"href":"https:\/\/chefpastry.ch\/de\/wp-json\/wp\/v2\/product_brand?post=16431"},{"taxonomy":"product_cat","embeddable":true,"href":"https:\/\/chefpastry.ch\/de\/wp-json\/wp\/v2\/product_cat?post=16431"},{"taxonomy":"product_tag","embeddable":true,"href":"https:\/\/chefpastry.ch\/de\/wp-json\/wp\/v2\/product_tag?post=16431"}],"curies":[{"name":"wp","href":"https:\/\/api.w.org\/{rel}","templated":true}]}}