{"id":16372,"date":"2025-04-14T15:44:48","date_gmt":"2025-04-14T13:44:48","guid":{"rendered":"https:\/\/chefpastry.ch\/?post_type=product&#038;p=16372"},"modified":"2025-10-28T08:34:18","modified_gmt":"2025-10-28T07:34:18","slug":"moule-tapis-taiga-silikomart","status":"publish","type":"product","link":"https:\/\/chefpastry.ch\/de\/produkt\/moule-tapis-taiga-silikomart\/","title":{"rendered":"TAPIS TAIGA"},"content":{"rendered":"<h3 class=\"\" data-start=\"265\" data-end=\"355\">Moule Tapis Silicone Feuille Taiga<\/h3>\n<h3 class=\"\" data-start=\"265\" data-end=\"355\">\u00c9l\u00e9gance et Polyvalence pour Vos Cr\u00e9ations Culinaires<\/h3>\n<p class=\"\" data-start=\"357\" data-end=\"746\">Apportez une touche de finesse et de naturel \u00e0 vos cr\u00e9ations sucr\u00e9es et sal\u00e9es avec le <strong>Moule Tapis Taiga Silikomart<\/strong>, une v\u00e9ritable \u0153uvre d\u2019art culinaire con\u00e7ue en collaboration avec le chef p\u00e2tissier renomm\u00e9 <strong data-start=\"569\" data-end=\"586\">Danny Khezzar<\/strong>.<\/p>\n<p class=\"\" data-start=\"357\" data-end=\"746\">Ce tapis innovant pr\u00e9sente <strong data-start=\"615\" data-end=\"655\">trois formes diff\u00e9rentes de feuilles<\/strong> dans un seul moule, vous offrant une infinit\u00e9 de possibilit\u00e9s pour sublimer vos assiettes.<\/p>\n<p class=\"\" data-start=\"748\" data-end=\"1067\">Le Moule Tapis Taiga Silikomart et fabriqu\u00e9 en silicone alimentaire de haute qualit\u00e9, le moule <strong data-start=\"808\" data-end=\"817\">Taiga<\/strong> est id\u00e9al pour r\u00e9aliser des d\u00e9corations fines et d\u00e9taill\u00e9es en <strong data-start=\"881\" data-end=\"948\">chocolat, p\u00e2te \u00e0 sucre, isomalt, gel\u00e9e ou tuiles croustillantes<\/strong>.<\/p>\n<p class=\"\" data-start=\"748\" data-end=\"1067\">Gr\u00e2ce \u00e0 ses empreintes pr\u00e9cises, vos feuilles auront un rendu ultra-r\u00e9aliste et raffin\u00e9, digne des plus grands chefs.<\/p>\n<p class=\"\" data-start=\"1069\" data-end=\"1492\">Avec ses <strong data-start=\"1078\" data-end=\"1119\">dimensions g\u00e9n\u00e9reuses de 470 x 270 mm<\/strong> et ses <strong data-start=\"1127\" data-end=\"1190\">cavit\u00e9s de tailles vari\u00e9es (69&#215;40 mm, 48&#215;25 mm, 44.5&#215;21 mm)<\/strong>, ce moule vous permet de cr\u00e9er des \u00e9l\u00e9ments d\u00e9coratifs adapt\u00e9s \u00e0 toutes vos compositions : <strong data-start=\"1282\" data-end=\"1372\">desserts \u00e0 l\u2019assiette, entremets, verrines, amuse-bouches ou m\u00eame plats gastronomiques<\/strong>.<\/p>\n<p class=\"\" data-start=\"1069\" data-end=\"1492\">Chaque feuille fait environ <strong data-start=\"1402\" data-end=\"1424\">1,5 mm d\u2019\u00e9paisseur<\/strong>, id\u00e9ale pour une finition d\u00e9licate sans alourdir votre pr\u00e9paration.<\/p>\n<p class=\"\" data-start=\"1494\" data-end=\"1663\">Un autre avantage majeur : le <strong data-start=\"1524\" data-end=\"1548\">tapis est d\u00e9coupable<\/strong> selon les indications fournies, pour une utilisation encore plus ergonomique et adapt\u00e9e \u00e0 vos besoins sp\u00e9cifiques.<\/p>\n<h3 data-start=\"1670\" data-end=\"1689\">Points Forts :<\/h3>\n<ul data-start=\"1691\" data-end=\"2029\">\n<li class=\"\" data-start=\"1691\" data-end=\"1758\">\n<p class=\"\" data-start=\"1693\" data-end=\"1758\"><strong data-start=\"1693\" data-end=\"1720\">Cr\u00e9\u00e9 avec Danny Khezzar<\/strong> \u2013 Expertise et excellence p\u00e2tissi\u00e8re.<\/p>\n<\/li>\n<li class=\"\" data-start=\"1759\" data-end=\"1825\">\n<p class=\"\" data-start=\"1761\" data-end=\"1825\"><strong data-start=\"1761\" data-end=\"1800\">Trois formes de feuilles naturelles<\/strong> pour plus de cr\u00e9ativit\u00e9.<\/p>\n<\/li>\n<li class=\"\" data-start=\"1826\" data-end=\"1907\">\n<p class=\"\" data-start=\"1828\" data-end=\"1907\"><strong data-start=\"1828\" data-end=\"1874\">Compatible avec de nombreuses pr\u00e9parations<\/strong> : chocolat, tuiles, gel\u00e9es, etc.<\/p>\n<\/li>\n<li class=\"\" data-start=\"1908\" data-end=\"1969\">\n<p class=\"\" data-start=\"1910\" data-end=\"1969\"><strong data-start=\"1910\" data-end=\"1924\">Le Tapis et d\u00e9coupable<\/strong> pour une utilisation pratique et sur-mesure.<\/p>\n<\/li>\n<li class=\"\" data-start=\"1970\" data-end=\"2029\">\n<p class=\"\" data-start=\"1972\" data-end=\"2029\"><strong data-start=\"1972\" data-end=\"1995\">Rendu professionnel<\/strong> pour des pr\u00e9sentations \u00e9l\u00e9gantes.<\/p>\n<\/li>\n<\/ul>\n<p>&nbsp;<\/p>\n<p data-start=\"1494\" data-end=\"1663\"><strong>Dimensions du Tapis<\/strong>: 69&#215;40 \/ 48&#215;25 \/ 44.5&#215;21 h 1.5 mm<\/p>\n<p data-start=\"1494\" data-end=\"1663\"><img decoding=\"async\" class=\"alignnone\" src=\"https:\/\/silikomart.bitoobi.cloud\/asset\/d60678e8f2ba9c540798ebbde31177e8\/ZGRsWEMueWdxM1NvRQ--\/SIMBOLI_IN_USO_2021-34.png\" alt=\"BPA Free\" width=\"58\" height=\"57\" \/><\/p>","protected":false},"excerpt":{"rendered":"<p>Apportez une touche de finesse et de naturel \u00e0 vos cr\u00e9ations sucr\u00e9es et sal\u00e9es avec le <strong data-start=\"444\" data-end=\"476\">moule silicone Feuille Taiga<\/strong>, une v\u00e9ritable \u0153uvre d\u2019art culinaire con\u00e7ue en collaboration avec le chef p\u00e2tissier renomm\u00e9 <strong data-start=\"569\" data-end=\"586\">Danny Khezzar<\/strong>.<\/p>","protected":false},"featured_media":16374,"comment_status":"open","ping_status":"closed","template":"","meta":{"_jet_sm_ready_style":"","_jet_sm_style":"","_jet_sm_controls_values":"","_jet_sm_fonts_collection":"","_jet_sm_fonts_links":"","_joinchat":[]},"product_brand":[],"product_cat":[50,109,182],"product_tag":[],"class_list":{"0":"post-16372","1":"product","2":"type-product","3":"status-publish","4":"has-post-thumbnail","6":"product_cat-decoration","7":"product_cat-gastronomie","8":"product_cat-nouveautes","10":"first","11":"instock","12":"taxable","13":"shipping-taxable","14":"purchasable","15":"product-type-simple"},"yoast_head":"<!-- This site is optimized with the Yoast SEO plugin v27.0 - https:\/\/yoast.com\/product\/yoast-seo-wordpress\/ -->\n<title>TAPIS TAIGA - Chef Pastry<\/title>\n<meta name=\"description\" content=\"Apportez une touche de finesse et de naturel \u00e0 vos cr\u00e9ations sucr\u00e9es et sal\u00e9es avec le moule tapis Taiga Silikomart silicone, pour une \u0153uvre d\u2019art culinaire\" \/>\n<meta name=\"robots\" content=\"index, follow, max-snippet:-1, max-image-preview:large, max-video-preview:-1\" \/>\n<link rel=\"canonical\" href=\"https:\/\/chefpastry.ch\/de\/produkt\/moule-tapis-taiga-silikomart\/\" \/>\n<meta property=\"og:locale\" content=\"de_DE\" \/>\n<meta property=\"og:type\" content=\"article\" \/>\n<meta property=\"og:title\" content=\"TAPIS TAIGA - Chef Pastry\" \/>\n<meta property=\"og:description\" content=\"Apportez une touche de finesse et de naturel \u00e0 vos cr\u00e9ations sucr\u00e9es et sal\u00e9es avec le moule tapis Taiga Silikomart silicone, pour une \u0153uvre d\u2019art culinaire\" \/>\n<meta property=\"og:url\" content=\"https:\/\/chefpastry.ch\/de\/produkt\/moule-tapis-taiga-silikomart\/\" \/>\n<meta property=\"og:site_name\" content=\"Chef Pastry\" \/>\n<meta property=\"article:modified_time\" content=\"2025-10-28T07:34:18+00:00\" \/>\n<meta property=\"og:image\" content=\"https:\/\/chefpastry.ch\/wp-content\/uploads\/2025\/04\/Taiga-2.webp\" \/>\n\t<meta property=\"og:image:width\" content=\"1200\" \/>\n\t<meta property=\"og:image:height\" content=\"1200\" \/>\n\t<meta property=\"og:image:type\" content=\"image\/webp\" \/>\n<meta name=\"twitter:card\" content=\"summary_large_image\" \/>\n<meta name=\"twitter:label1\" content=\"Preis\" \/>\n\t<meta name=\"twitter:data1\" content=\"&#067;&#072;&#070;&nbsp;25.00 TTC\" \/>\n\t<meta name=\"twitter:label2\" content=\"Verf\u00fcgbarkeit\" \/>\n\t<meta name=\"twitter:data2\" content=\"Auf Lager\" \/>\n<script type=\"application\/ld+json\" class=\"yoast-schema-graph\">{\"@context\":\"https:\/\/schema.org\",\"@graph\":[{\"@type\":\"WebPage\",\"@id\":\"https:\/\/chefpastry.ch\/produit\/moule-tapis-taiga-silikomart\/\",\"url\":\"https:\/\/chefpastry.ch\/produit\/moule-tapis-taiga-silikomart\/\",\"name\":\"TAPIS TAIGA - Chef Pastry\",\"isPartOf\":{\"@id\":\"https:\/\/chefpastry.ch\/#website\"},\"primaryImageOfPage\":{\"@id\":\"https:\/\/chefpastry.ch\/produit\/moule-tapis-taiga-silikomart\/#primaryimage\"},\"image\":{\"@id\":\"https:\/\/chefpastry.ch\/produit\/moule-tapis-taiga-silikomart\/#primaryimage\"},\"thumbnailUrl\":\"https:\/\/chefpastry.ch\/wp-content\/uploads\/2025\/04\/Taiga-2.webp\",\"datePublished\":\"2025-04-14T13:44:48+00:00\",\"dateModified\":\"2025-10-28T07:34:18+00:00\",\"description\":\"Apportez une touche de finesse et de naturel \u00e0 vos cr\u00e9ations sucr\u00e9es et sal\u00e9es avec le moule tapis Taiga Silikomart silicone, pour une \u0153uvre d\u2019art culinaire\",\"breadcrumb\":{\"@id\":\"https:\/\/chefpastry.ch\/produit\/moule-tapis-taiga-silikomart\/#breadcrumb\"},\"inLanguage\":\"de\",\"potentialAction\":[{\"@type\":\"ReadAction\",\"target\":[\"https:\/\/chefpastry.ch\/produit\/moule-tapis-taiga-silikomart\/\"]}]},{\"@type\":\"ImageObject\",\"inLanguage\":\"de\",\"@id\":\"https:\/\/chefpastry.ch\/produit\/moule-tapis-taiga-silikomart\/#primaryimage\",\"url\":\"https:\/\/chefpastry.ch\/wp-content\/uploads\/2025\/04\/Taiga-2.webp\",\"contentUrl\":\"https:\/\/chefpastry.ch\/wp-content\/uploads\/2025\/04\/Taiga-2.webp\",\"width\":1200,\"height\":1200,\"caption\":\"Moule Tapis Taiga Silikomart\"},{\"@type\":\"BreadcrumbList\",\"@id\":\"https:\/\/chefpastry.ch\/produit\/moule-tapis-taiga-silikomart\/#breadcrumb\",\"itemListElement\":[{\"@type\":\"ListItem\",\"position\":1,\"name\":\"Home\",\"item\":\"https:\/\/chefpastry.ch\/\"},{\"@type\":\"ListItem\",\"position\":2,\"name\":\"E-shop\",\"item\":\"https:\/\/chefpastry.ch\/e-shop\/\"},{\"@type\":\"ListItem\",\"position\":3,\"name\":\"TAPIS TAIGA\"}]},{\"@type\":\"WebSite\",\"@id\":\"https:\/\/chefpastry.ch\/#website\",\"url\":\"https:\/\/chefpastry.ch\/\",\"name\":\"Chef Pastry\",\"description\":\"\",\"publisher\":{\"@id\":\"https:\/\/chefpastry.ch\/#organization\"},\"potentialAction\":[{\"@type\":\"SearchAction\",\"target\":{\"@type\":\"EntryPoint\",\"urlTemplate\":\"https:\/\/chefpastry.ch\/?s={search_term_string}\"},\"query-input\":{\"@type\":\"PropertyValueSpecification\",\"valueRequired\":true,\"valueName\":\"search_term_string\"}}],\"inLanguage\":\"de\"},{\"@type\":\"Organization\",\"@id\":\"https:\/\/chefpastry.ch\/#organization\",\"name\":\"Chef Pastry\",\"url\":\"https:\/\/chefpastry.ch\/\",\"logo\":{\"@type\":\"ImageObject\",\"inLanguage\":\"de\",\"@id\":\"https:\/\/chefpastry.ch\/#\/schema\/logo\/image\/\",\"url\":\"https:\/\/chefpastry.ch\/wp-content\/uploads\/2022\/07\/cropped-chef_pastry_logo_rgb-03.png\",\"contentUrl\":\"https:\/\/chefpastry.ch\/wp-content\/uploads\/2022\/07\/cropped-chef_pastry_logo_rgb-03.png\",\"width\":1545,\"height\":412,\"caption\":\"Chef Pastry\"},\"image\":{\"@id\":\"https:\/\/chefpastry.ch\/#\/schema\/logo\/image\/\"}}]}<\/script>\n<meta property=\"product:price:amount\" content=\"25.00\" \/>\n<meta property=\"product:price:currency\" content=\"CHF\" \/>\n<meta property=\"og:availability\" content=\"instock\" \/>\n<meta property=\"product:availability\" content=\"instock\" \/>\n<meta property=\"product:retailer_item_id\" content=\"33.330.36.0065\" \/>\n<meta property=\"product:condition\" content=\"new\" \/>\n<!-- \/ Yoast SEO plugin. -->","yoast_head_json":{"title":"TAPIS TAIGA - Chef Pastry","description":"Apportez une touche de finesse et de naturel \u00e0 vos cr\u00e9ations sucr\u00e9es et sal\u00e9es avec le moule tapis Taiga Silikomart silicone, pour une \u0153uvre d\u2019art culinaire","robots":{"index":"index","follow":"follow","max-snippet":"max-snippet:-1","max-image-preview":"max-image-preview:large","max-video-preview":"max-video-preview:-1"},"canonical":"https:\/\/chefpastry.ch\/de\/produkt\/moule-tapis-taiga-silikomart\/","og_locale":"de_DE","og_type":"article","og_title":"TAPIS TAIGA - Chef Pastry","og_description":"Apportez une touche de finesse et de naturel \u00e0 vos cr\u00e9ations sucr\u00e9es et sal\u00e9es avec le moule tapis Taiga Silikomart silicone, pour une \u0153uvre d\u2019art culinaire","og_url":"https:\/\/chefpastry.ch\/de\/produkt\/moule-tapis-taiga-silikomart\/","og_site_name":"Chef Pastry","article_modified_time":"2025-10-28T07:34:18+00:00","og_image":[{"width":1200,"height":1200,"url":"https:\/\/chefpastry.ch\/wp-content\/uploads\/2025\/04\/Taiga-2.webp","type":"image\/webp"}],"twitter_card":"summary_large_image","twitter_misc":{"Preis":"&#67;&#72;&#70;&nbsp;25.00 TTC","Verf\u00fcgbarkeit":"Auf Lager"},"schema":{"@context":"https:\/\/schema.org","@graph":[{"@type":"WebPage","@id":"https:\/\/chefpastry.ch\/produit\/moule-tapis-taiga-silikomart\/","url":"https:\/\/chefpastry.ch\/produit\/moule-tapis-taiga-silikomart\/","name":"TAPIS TAIGA - Chef Pastry","isPartOf":{"@id":"https:\/\/chefpastry.ch\/#website"},"primaryImageOfPage":{"@id":"https:\/\/chefpastry.ch\/produit\/moule-tapis-taiga-silikomart\/#primaryimage"},"image":{"@id":"https:\/\/chefpastry.ch\/produit\/moule-tapis-taiga-silikomart\/#primaryimage"},"thumbnailUrl":"https:\/\/chefpastry.ch\/wp-content\/uploads\/2025\/04\/Taiga-2.webp","datePublished":"2025-04-14T13:44:48+00:00","dateModified":"2025-10-28T07:34:18+00:00","description":"Apportez une touche de finesse et de naturel \u00e0 vos cr\u00e9ations sucr\u00e9es et sal\u00e9es avec le moule tapis Taiga Silikomart silicone, pour une \u0153uvre d\u2019art culinaire","breadcrumb":{"@id":"https:\/\/chefpastry.ch\/produit\/moule-tapis-taiga-silikomart\/#breadcrumb"},"inLanguage":"de","potentialAction":[{"@type":"ReadAction","target":["https:\/\/chefpastry.ch\/produit\/moule-tapis-taiga-silikomart\/"]}]},{"@type":"ImageObject","inLanguage":"de","@id":"https:\/\/chefpastry.ch\/produit\/moule-tapis-taiga-silikomart\/#primaryimage","url":"https:\/\/chefpastry.ch\/wp-content\/uploads\/2025\/04\/Taiga-2.webp","contentUrl":"https:\/\/chefpastry.ch\/wp-content\/uploads\/2025\/04\/Taiga-2.webp","width":1200,"height":1200,"caption":"Moule Tapis Taiga Silikomart"},{"@type":"BreadcrumbList","@id":"https:\/\/chefpastry.ch\/produit\/moule-tapis-taiga-silikomart\/#breadcrumb","itemListElement":[{"@type":"ListItem","position":1,"name":"Home","item":"https:\/\/chefpastry.ch\/"},{"@type":"ListItem","position":2,"name":"E-shop","item":"https:\/\/chefpastry.ch\/e-shop\/"},{"@type":"ListItem","position":3,"name":"TAPIS TAIGA"}]},{"@type":"WebSite","@id":"https:\/\/chefpastry.ch\/#website","url":"https:\/\/chefpastry.ch\/","name":"Chef Pastry","description":"","publisher":{"@id":"https:\/\/chefpastry.ch\/#organization"},"potentialAction":[{"@type":"SearchAction","target":{"@type":"EntryPoint","urlTemplate":"https:\/\/chefpastry.ch\/?s={search_term_string}"},"query-input":{"@type":"PropertyValueSpecification","valueRequired":true,"valueName":"search_term_string"}}],"inLanguage":"de"},{"@type":"Organization","@id":"https:\/\/chefpastry.ch\/#organization","name":"Chef Pastry","url":"https:\/\/chefpastry.ch\/","logo":{"@type":"ImageObject","inLanguage":"de","@id":"https:\/\/chefpastry.ch\/#\/schema\/logo\/image\/","url":"https:\/\/chefpastry.ch\/wp-content\/uploads\/2022\/07\/cropped-chef_pastry_logo_rgb-03.png","contentUrl":"https:\/\/chefpastry.ch\/wp-content\/uploads\/2022\/07\/cropped-chef_pastry_logo_rgb-03.png","width":1545,"height":412,"caption":"Chef Pastry"},"image":{"@id":"https:\/\/chefpastry.ch\/#\/schema\/logo\/image\/"}}]},"product_price_amount":"25.00","product_price_currency":"CHF","og_availability":"instock","product_availability":"instock","product_retailer_item_id":"33.330.36.0065","product_condition":"new"},"_links":{"self":[{"href":"https:\/\/chefpastry.ch\/de\/wp-json\/wp\/v2\/product\/16372","targetHints":{"allow":["GET"]}}],"collection":[{"href":"https:\/\/chefpastry.ch\/de\/wp-json\/wp\/v2\/product"}],"about":[{"href":"https:\/\/chefpastry.ch\/de\/wp-json\/wp\/v2\/types\/product"}],"replies":[{"embeddable":true,"href":"https:\/\/chefpastry.ch\/de\/wp-json\/wp\/v2\/comments?post=16372"}],"version-history":[{"count":4,"href":"https:\/\/chefpastry.ch\/de\/wp-json\/wp\/v2\/product\/16372\/revisions"}],"predecessor-version":[{"id":16462,"href":"https:\/\/chefpastry.ch\/de\/wp-json\/wp\/v2\/product\/16372\/revisions\/16462"}],"wp:featuredmedia":[{"embeddable":true,"href":"https:\/\/chefpastry.ch\/de\/wp-json\/wp\/v2\/media\/16374"}],"wp:attachment":[{"href":"https:\/\/chefpastry.ch\/de\/wp-json\/wp\/v2\/media?parent=16372"}],"wp:term":[{"taxonomy":"product_brand","embeddable":true,"href":"https:\/\/chefpastry.ch\/de\/wp-json\/wp\/v2\/product_brand?post=16372"},{"taxonomy":"product_cat","embeddable":true,"href":"https:\/\/chefpastry.ch\/de\/wp-json\/wp\/v2\/product_cat?post=16372"},{"taxonomy":"product_tag","embeddable":true,"href":"https:\/\/chefpastry.ch\/de\/wp-json\/wp\/v2\/product_tag?post=16372"}],"curies":[{"name":"wp","href":"https:\/\/api.w.org\/{rel}","templated":true}]}}