{"id":16173,"date":"2025-02-19T16:53:40","date_gmt":"2025-02-19T15:53:40","guid":{"rendered":"https:\/\/chefpastry.ch\/?post_type=product&#038;p=16173"},"modified":"2025-09-10T11:54:13","modified_gmt":"2025-09-10T09:54:13","slug":"feuilles-dor-ou-argent-comestibles","status":"publish","type":"product","link":"https:\/\/chefpastry.ch\/de\/produkt\/feuilles-dor-ou-argent-comestibles\/","title":{"rendered":"FEUILLES D&rsquo;OR OU ARGENT &#8211; COMESTIBLES"},"content":{"rendered":"<h3 data-start=\"0\" data-end=\"92\"><strong data-start=\"4\" data-end=\"90\">Feuilles d\u2019Or et d\u2019Argent Comestibles \u2013 Une Touche de Luxe pour Sublimer Vos Plats<\/strong><\/h3>\n<p data-start=\"94\" data-end=\"367\">Offrez \u00e0 vos cr\u00e9ations culinaires une \u00e9l\u00e9gance in\u00e9gal\u00e9e avec nos <strong data-start=\"159\" data-end=\"186\">feuilles d\u2019or 24 carats<\/strong> und <strong data-start=\"190\" data-end=\"222\">feuilles d\u2019argent pur 99,9 %<\/strong>. Ces feuilles comestibles de qualit\u00e9 sup\u00e9rieure sont con\u00e7ues pour transformer vos plats et desserts en v\u00e9ritables \u0153uvres d\u2019art gastronomiques.<\/p>\n<h4 data-start=\"369\" data-end=\"421\"><strong data-start=\"373\" data-end=\"419\">Un Produit de Prestige et 100 % Comestible<\/strong><\/h4>\n<p data-start=\"422\" data-end=\"738\">Nos feuilles d\u2019or et d\u2019argent sont sp\u00e9cialement fabriqu\u00e9es pour un usage alimentaire et r\u00e9pondent aux normes de qualit\u00e9 les plus strictes. Elles sont :<\/p>\n<p data-start=\"422\" data-end=\"738\"><strong data-start=\"578\" data-end=\"614\">Sans danger pour la consommation \u2705\u00a0<\/strong><br data-start=\"614\" data-end=\"617\" \/><strong data-start=\"619\" data-end=\"682\">D\u2019une puret\u00e9 exceptionnelle : Or 24 carats et Argent 99,9 % \u2705\u00a0<\/strong><br data-start=\"682\" data-end=\"685\" \/><strong data-start=\"687\" data-end=\"736\">D\u2019un go\u00fbt neutre, parfait pour tous les plats \u2705<br \/>\n<\/strong><\/p>\n<h4 data-start=\"740\" data-end=\"785\"><strong data-start=\"744\" data-end=\"783\">Une Polyvalence In\u00e9gal\u00e9e en Cuisine<\/strong><\/h4>\n<p data-start=\"786\" data-end=\"964\">Que ce soit pour <strong data-start=\"803\" data-end=\"843\">rehausser l\u2019\u00e9l\u00e9gance de vos desserts<\/strong> ou pour apporter une touche raffin\u00e9e \u00e0 vos plats sal\u00e9s, nos feuilles d\u2019or et d\u2019argent s\u2019adaptent \u00e0 toutes vos envies :<\/p>\n<ul data-start=\"965\" data-end=\"1256\">\n<li data-start=\"965\" data-end=\"1059\"><strong data-start=\"967\" data-end=\"993\">P\u00e2tisserie et desserts<\/strong> : Id\u00e9ales pour sublimer g\u00e2teaux, macarons, chocolats et glaces.<\/li>\n<li data-start=\"1060\" data-end=\"1161\"><strong data-start=\"1062\" data-end=\"1077\">Plats sal\u00e9s<\/strong> : Un d\u00e9tail luxueux pour les mets gastronomiques, fruits de mer et amuse-bouches.<\/li>\n<li data-start=\"1162\" data-end=\"1256\"><strong data-start=\"1164\" data-end=\"1189\">Cocktails et boissons<\/strong> : Apportez une finition \u00e9clatante \u00e0 vos champagnes et cocktails.<\/li>\n<\/ul>\n<h4 data-start=\"1258\" data-end=\"1316\"><strong data-start=\"1262\" data-end=\"1314\">Pourquoi Choisir Nos Feuilles d\u2019Or et d\u2019Argent ?<\/strong><\/h4>\n<p data-start=\"1317\" data-end=\"1564\"><strong data-start=\"1320\" data-end=\"1362\">Or v\u00e9ritable 24 carats &amp; Argent 99,9 %<\/strong> \u2013 Une qualit\u00e9 in\u00e9gal\u00e9e pour une exp\u00e9rience culinaire unique. \ud83d\udc8e<br data-start=\"1423\" data-end=\"1426\" \/><strong data-start=\"1428\" data-end=\"1451\">Faciles \u00e0 appliquer<\/strong> \u2013 Transformez vos plats en quelques instants. \u2728<br data-start=\"1497\" data-end=\"1500\" \/><strong data-start=\"1503\" data-end=\"1533\">Sans additifs ni colorants<\/strong> \u2013 Un produit naturel et pur. \ud83c\udf3f<\/p>\n<p data-start=\"1619\" data-end=\"1822\">Si vous recherchez des feuilles d\u2019or ou d\u2019argent comestibles \u00e0 un <strong data-start=\"1685\" data-end=\"1705\">prix raisonnable<\/strong>, vous \u00eates au bon endroit. Faites de chaque plat une \u0153uvre d\u2019art avec nos feuilles d\u2019or et d\u2019argent haut de gamme.<\/p>\n<p data-start=\"1824\" data-end=\"1917\" data-is-last-node=\"\">Ajoutez une touche de prestige et d\u2019\u00e9l\u00e9gance \u00e0 vos cr\u00e9ations culinaires d\u00e8s aujourd\u2019hui ! \u2728\ud83e\udd42<\/p>\n<h4><strong>Plus d&rsquo;informations sur la feuille d&rsquo;or<\/strong><\/h4>\n<ul>\n<li>Quantit\u00e9s : 10x feuilles d&rsquo;or 24 carats<\/li>\n<li>Dimensions : 5 x 5 cm<\/li>\n<li>Stockage : au frais et au sec<\/li>\n<\/ul>\n<h4><strong>Plus d&rsquo;informations sur la feuille d&rsquo;argent<\/strong><\/h4>\n<ul>\n<li>Quantit\u00e9s : 10x 99,9 % d&rsquo;argent pur<\/li>\n<li>Dimensions : 6 x 6 cm<\/li>\n<li>Stockage : au frais et au sec<\/li>\n<\/ul>","protected":false},"excerpt":{"rendered":"<p>Offrez \u00e0 vos cr\u00e9ations culinaires une \u00e9l\u00e9gance in\u00e9gal\u00e9e avec nos <strong data-start=\"159\" data-end=\"186\">feuilles d\u2019or 24 carats<\/strong> und <strong data-start=\"190\" data-end=\"222\">feuilles d\u2019argent pur 99,9 %<\/strong>. Ces feuilles comestibles de qualit\u00e9 sup\u00e9rieure sont con\u00e7ues pour transformer vos plats et desserts en v\u00e9ritables \u0153uvres d\u2019art gastronomiques.<\/p>","protected":false},"featured_media":16184,"comment_status":"open","ping_status":"closed","template":"","meta":{"_jet_sm_ready_style":"","_jet_sm_style":"","_jet_sm_controls_values":"","_jet_sm_fonts_collection":"","_jet_sm_fonts_links":"","_joinchat":[]},"product_brand":[],"product_cat":[77,50,182],"product_tag":[],"class_list":{"0":"post-16173","1":"product","2":"type-product","3":"status-publish","4":"has-post-thumbnail","6":"product_cat-alimentaire","7":"product_cat-decoration","8":"product_cat-nouveautes","9":"pa_declinaison-feuilles-dargent","10":"pa_declinaison-feuilles-dor","12":"first","13":"instock","14":"taxable","15":"shipping-taxable","16":"purchasable","17":"product-type-variable"},"yoast_head":"<!-- This site is optimized with the Yoast SEO plugin v27.0 - https:\/\/yoast.com\/product\/yoast-seo-wordpress\/ -->\n<title>FEUILLES D&#039;OR OU ARGENT - COMESTIBLES - Chef Pastry<\/title>\n<meta name=\"description\" content=\"Offrez \u00e0 vos cr\u00e9ations culinaires une \u00e9l\u00e9gance in\u00e9gal\u00e9e avec nos feuilles d\u2019or 24 carats ou d\u2019argent pur 99,9 %. Feuilles comestibles de qualit\u00e9 sup\u00e9rieure.\" \/>\n<meta name=\"robots\" content=\"index, follow, max-snippet:-1, max-image-preview:large, max-video-preview:-1\" \/>\n<link rel=\"canonical\" href=\"https:\/\/chefpastry.ch\/de\/produkt\/feuilles-dor-ou-argent-comestibles\/\" \/>\n<meta property=\"og:locale\" content=\"de_DE\" \/>\n<meta property=\"og:type\" content=\"article\" \/>\n<meta property=\"og:title\" content=\"FEUILLES D&#039;OR OU ARGENT - COMESTIBLES - Chef Pastry\" \/>\n<meta property=\"og:description\" content=\"Offrez \u00e0 vos cr\u00e9ations culinaires une \u00e9l\u00e9gance in\u00e9gal\u00e9e avec nos feuilles d\u2019or 24 carats ou d\u2019argent pur 99,9 %. Feuilles comestibles de qualit\u00e9 sup\u00e9rieure.\" \/>\n<meta property=\"og:url\" content=\"https:\/\/chefpastry.ch\/de\/produkt\/feuilles-dor-ou-argent-comestibles\/\" \/>\n<meta property=\"og:site_name\" content=\"Chef Pastry\" \/>\n<meta property=\"article:modified_time\" content=\"2025-09-10T09:54:13+00:00\" \/>\n<meta property=\"og:image\" content=\"https:\/\/chefpastry.ch\/wp-content\/uploads\/2025\/02\/RosieRose_DuoSet_2-508787.webp\" \/>\n\t<meta property=\"og:image:width\" content=\"1200\" \/>\n\t<meta property=\"og:image:height\" content=\"1200\" \/>\n\t<meta property=\"og:image:type\" content=\"image\/webp\" \/>\n<meta name=\"twitter:card\" content=\"summary_large_image\" \/>\n<meta name=\"twitter:label1\" content=\"Verf\u00fcgbarkeit\" \/>\n\t<meta name=\"twitter:data1\" content=\"Auf Lager\" \/>\n<script type=\"application\/ld+json\" class=\"yoast-schema-graph\">{\"@context\":\"https:\/\/schema.org\",\"@graph\":[{\"@type\":\"WebPage\",\"@id\":\"https:\/\/chefpastry.ch\/produit\/feuilles-dor-ou-argent-comestibles\/\",\"url\":\"https:\/\/chefpastry.ch\/produit\/feuilles-dor-ou-argent-comestibles\/\",\"name\":\"FEUILLES D'OR OU ARGENT - COMESTIBLES - Chef Pastry\",\"isPartOf\":{\"@id\":\"https:\/\/chefpastry.ch\/#website\"},\"primaryImageOfPage\":{\"@id\":\"https:\/\/chefpastry.ch\/produit\/feuilles-dor-ou-argent-comestibles\/#primaryimage\"},\"image\":{\"@id\":\"https:\/\/chefpastry.ch\/produit\/feuilles-dor-ou-argent-comestibles\/#primaryimage\"},\"thumbnailUrl\":\"https:\/\/chefpastry.ch\/wp-content\/uploads\/2025\/02\/RosieRose_DuoSet_2-508787.webp\",\"datePublished\":\"2025-02-19T15:53:40+00:00\",\"dateModified\":\"2025-09-10T09:54:13+00:00\",\"description\":\"Offrez \u00e0 vos cr\u00e9ations culinaires une \u00e9l\u00e9gance in\u00e9gal\u00e9e avec nos feuilles d\u2019or 24 carats ou d\u2019argent pur 99,9 %. Feuilles comestibles de qualit\u00e9 sup\u00e9rieure.\",\"breadcrumb\":{\"@id\":\"https:\/\/chefpastry.ch\/produit\/feuilles-dor-ou-argent-comestibles\/#breadcrumb\"},\"inLanguage\":\"de\",\"potentialAction\":[{\"@type\":\"ReadAction\",\"target\":[\"https:\/\/chefpastry.ch\/produit\/feuilles-dor-ou-argent-comestibles\/\"]}]},{\"@type\":\"ImageObject\",\"inLanguage\":\"de\",\"@id\":\"https:\/\/chefpastry.ch\/produit\/feuilles-dor-ou-argent-comestibles\/#primaryimage\",\"url\":\"https:\/\/chefpastry.ch\/wp-content\/uploads\/2025\/02\/RosieRose_DuoSet_2-508787.webp\",\"contentUrl\":\"https:\/\/chefpastry.ch\/wp-content\/uploads\/2025\/02\/RosieRose_DuoSet_2-508787.webp\",\"width\":1200,\"height\":1200,\"caption\":\"FEUILLES D'OR OU ARGENT\"},{\"@type\":\"BreadcrumbList\",\"@id\":\"https:\/\/chefpastry.ch\/produit\/feuilles-dor-ou-argent-comestibles\/#breadcrumb\",\"itemListElement\":[{\"@type\":\"ListItem\",\"position\":1,\"name\":\"Home\",\"item\":\"https:\/\/chefpastry.ch\/\"},{\"@type\":\"ListItem\",\"position\":2,\"name\":\"E-shop\",\"item\":\"https:\/\/chefpastry.ch\/e-shop\/\"},{\"@type\":\"ListItem\",\"position\":3,\"name\":\"FEUILLES D&#8217;OR OU ARGENT &#8211; COMESTIBLES\"}]},{\"@type\":\"WebSite\",\"@id\":\"https:\/\/chefpastry.ch\/#website\",\"url\":\"https:\/\/chefpastry.ch\/\",\"name\":\"Chef Pastry\",\"description\":\"\",\"publisher\":{\"@id\":\"https:\/\/chefpastry.ch\/#organization\"},\"potentialAction\":[{\"@type\":\"SearchAction\",\"target\":{\"@type\":\"EntryPoint\",\"urlTemplate\":\"https:\/\/chefpastry.ch\/?s={search_term_string}\"},\"query-input\":{\"@type\":\"PropertyValueSpecification\",\"valueRequired\":true,\"valueName\":\"search_term_string\"}}],\"inLanguage\":\"de\"},{\"@type\":\"Organization\",\"@id\":\"https:\/\/chefpastry.ch\/#organization\",\"name\":\"Chef Pastry\",\"url\":\"https:\/\/chefpastry.ch\/\",\"logo\":{\"@type\":\"ImageObject\",\"inLanguage\":\"de\",\"@id\":\"https:\/\/chefpastry.ch\/#\/schema\/logo\/image\/\",\"url\":\"https:\/\/chefpastry.ch\/wp-content\/uploads\/2022\/07\/cropped-chef_pastry_logo_rgb-03.png\",\"contentUrl\":\"https:\/\/chefpastry.ch\/wp-content\/uploads\/2022\/07\/cropped-chef_pastry_logo_rgb-03.png\",\"width\":1545,\"height\":412,\"caption\":\"Chef Pastry\"},\"image\":{\"@id\":\"https:\/\/chefpastry.ch\/#\/schema\/logo\/image\/\"}}]}<\/script>\n<meta property=\"og:availability\" content=\"instock\" \/>\n<meta property=\"product:availability\" content=\"instock\" \/>\n<meta property=\"product:condition\" content=\"new\" \/>\n<!-- \/ Yoast SEO plugin. -->","yoast_head_json":{"title":"FEUILLES D'OR OU ARGENT - COMESTIBLES - Chef Pastry","description":"Offrez \u00e0 vos cr\u00e9ations culinaires une \u00e9l\u00e9gance in\u00e9gal\u00e9e avec nos feuilles d\u2019or 24 carats ou d\u2019argent pur 99,9 %. Feuilles comestibles de qualit\u00e9 sup\u00e9rieure.","robots":{"index":"index","follow":"follow","max-snippet":"max-snippet:-1","max-image-preview":"max-image-preview:large","max-video-preview":"max-video-preview:-1"},"canonical":"https:\/\/chefpastry.ch\/de\/produkt\/feuilles-dor-ou-argent-comestibles\/","og_locale":"de_DE","og_type":"article","og_title":"FEUILLES D'OR OU ARGENT - COMESTIBLES - Chef Pastry","og_description":"Offrez \u00e0 vos cr\u00e9ations culinaires une \u00e9l\u00e9gance in\u00e9gal\u00e9e avec nos feuilles d\u2019or 24 carats ou d\u2019argent pur 99,9 %. Feuilles comestibles de qualit\u00e9 sup\u00e9rieure.","og_url":"https:\/\/chefpastry.ch\/de\/produkt\/feuilles-dor-ou-argent-comestibles\/","og_site_name":"Chef Pastry","article_modified_time":"2025-09-10T09:54:13+00:00","og_image":[{"width":1200,"height":1200,"url":"https:\/\/chefpastry.ch\/wp-content\/uploads\/2025\/02\/RosieRose_DuoSet_2-508787.webp","type":"image\/webp"}],"twitter_card":"summary_large_image","twitter_misc":{"Verf\u00fcgbarkeit":"Auf Lager"},"schema":{"@context":"https:\/\/schema.org","@graph":[{"@type":"WebPage","@id":"https:\/\/chefpastry.ch\/produit\/feuilles-dor-ou-argent-comestibles\/","url":"https:\/\/chefpastry.ch\/produit\/feuilles-dor-ou-argent-comestibles\/","name":"FEUILLES D'OR OU ARGENT - COMESTIBLES - Chef Pastry","isPartOf":{"@id":"https:\/\/chefpastry.ch\/#website"},"primaryImageOfPage":{"@id":"https:\/\/chefpastry.ch\/produit\/feuilles-dor-ou-argent-comestibles\/#primaryimage"},"image":{"@id":"https:\/\/chefpastry.ch\/produit\/feuilles-dor-ou-argent-comestibles\/#primaryimage"},"thumbnailUrl":"https:\/\/chefpastry.ch\/wp-content\/uploads\/2025\/02\/RosieRose_DuoSet_2-508787.webp","datePublished":"2025-02-19T15:53:40+00:00","dateModified":"2025-09-10T09:54:13+00:00","description":"Offrez \u00e0 vos cr\u00e9ations culinaires une \u00e9l\u00e9gance in\u00e9gal\u00e9e avec nos feuilles d\u2019or 24 carats ou d\u2019argent pur 99,9 %. Feuilles comestibles de qualit\u00e9 sup\u00e9rieure.","breadcrumb":{"@id":"https:\/\/chefpastry.ch\/produit\/feuilles-dor-ou-argent-comestibles\/#breadcrumb"},"inLanguage":"de","potentialAction":[{"@type":"ReadAction","target":["https:\/\/chefpastry.ch\/produit\/feuilles-dor-ou-argent-comestibles\/"]}]},{"@type":"ImageObject","inLanguage":"de","@id":"https:\/\/chefpastry.ch\/produit\/feuilles-dor-ou-argent-comestibles\/#primaryimage","url":"https:\/\/chefpastry.ch\/wp-content\/uploads\/2025\/02\/RosieRose_DuoSet_2-508787.webp","contentUrl":"https:\/\/chefpastry.ch\/wp-content\/uploads\/2025\/02\/RosieRose_DuoSet_2-508787.webp","width":1200,"height":1200,"caption":"FEUILLES D'OR OU ARGENT"},{"@type":"BreadcrumbList","@id":"https:\/\/chefpastry.ch\/produit\/feuilles-dor-ou-argent-comestibles\/#breadcrumb","itemListElement":[{"@type":"ListItem","position":1,"name":"Home","item":"https:\/\/chefpastry.ch\/"},{"@type":"ListItem","position":2,"name":"E-shop","item":"https:\/\/chefpastry.ch\/e-shop\/"},{"@type":"ListItem","position":3,"name":"FEUILLES D&#8217;OR OU ARGENT &#8211; COMESTIBLES"}]},{"@type":"WebSite","@id":"https:\/\/chefpastry.ch\/#website","url":"https:\/\/chefpastry.ch\/","name":"Chef Pastry","description":"","publisher":{"@id":"https:\/\/chefpastry.ch\/#organization"},"potentialAction":[{"@type":"SearchAction","target":{"@type":"EntryPoint","urlTemplate":"https:\/\/chefpastry.ch\/?s={search_term_string}"},"query-input":{"@type":"PropertyValueSpecification","valueRequired":true,"valueName":"search_term_string"}}],"inLanguage":"de"},{"@type":"Organization","@id":"https:\/\/chefpastry.ch\/#organization","name":"Chef Pastry","url":"https:\/\/chefpastry.ch\/","logo":{"@type":"ImageObject","inLanguage":"de","@id":"https:\/\/chefpastry.ch\/#\/schema\/logo\/image\/","url":"https:\/\/chefpastry.ch\/wp-content\/uploads\/2022\/07\/cropped-chef_pastry_logo_rgb-03.png","contentUrl":"https:\/\/chefpastry.ch\/wp-content\/uploads\/2022\/07\/cropped-chef_pastry_logo_rgb-03.png","width":1545,"height":412,"caption":"Chef Pastry"},"image":{"@id":"https:\/\/chefpastry.ch\/#\/schema\/logo\/image\/"}}]},"og_availability":"instock","product_availability":"instock","product_condition":"new"},"_links":{"self":[{"href":"https:\/\/chefpastry.ch\/de\/wp-json\/wp\/v2\/product\/16173","targetHints":{"allow":["GET"]}}],"collection":[{"href":"https:\/\/chefpastry.ch\/de\/wp-json\/wp\/v2\/product"}],"about":[{"href":"https:\/\/chefpastry.ch\/de\/wp-json\/wp\/v2\/types\/product"}],"replies":[{"embeddable":true,"href":"https:\/\/chefpastry.ch\/de\/wp-json\/wp\/v2\/comments?post=16173"}],"version-history":[{"count":1,"href":"https:\/\/chefpastry.ch\/de\/wp-json\/wp\/v2\/product\/16173\/revisions"}],"predecessor-version":[{"id":16185,"href":"https:\/\/chefpastry.ch\/de\/wp-json\/wp\/v2\/product\/16173\/revisions\/16185"}],"wp:featuredmedia":[{"embeddable":true,"href":"https:\/\/chefpastry.ch\/de\/wp-json\/wp\/v2\/media\/16184"}],"wp:attachment":[{"href":"https:\/\/chefpastry.ch\/de\/wp-json\/wp\/v2\/media?parent=16173"}],"wp:term":[{"taxonomy":"product_brand","embeddable":true,"href":"https:\/\/chefpastry.ch\/de\/wp-json\/wp\/v2\/product_brand?post=16173"},{"taxonomy":"product_cat","embeddable":true,"href":"https:\/\/chefpastry.ch\/de\/wp-json\/wp\/v2\/product_cat?post=16173"},{"taxonomy":"product_tag","embeddable":true,"href":"https:\/\/chefpastry.ch\/de\/wp-json\/wp\/v2\/product_tag?post=16173"}],"curies":[{"name":"wp","href":"https:\/\/api.w.org\/{rel}","templated":true}]}}