{"id":16156,"date":"2025-02-19T15:56:03","date_gmt":"2025-02-19T14:56:03","guid":{"rendered":"https:\/\/chefpastry.ch\/?post_type=product&#038;p=16156"},"modified":"2025-09-10T11:54:13","modified_gmt":"2025-09-10T09:54:13","slug":"fleurs-divers-sechees-comestibles","status":"publish","type":"product","link":"https:\/\/chefpastry.ch\/de\/produkt\/fleurs-divers-sechees-comestibles\/","title":{"rendered":"FLEURS DIVERS S\u00c9CH\u00c9ES &#8211; COMESTIBLES"},"content":{"rendered":"<h3 data-start=\"0\" data-end=\"94\"><strong data-start=\"4\" data-end=\"92\">Fleurs Comestibles s\u00e9ch\u00e9es \u2013 Une Explosion de Couleurs et de Saveurs pour Sublimer Vos Plats<\/strong><\/h3>\n<p data-start=\"96\" data-end=\"371\">D\u00e9couvrez notre s\u00e9lection vari\u00e9e de fleurs comestibles, comprenant des <strong data-start=\"167\" data-end=\"206\">p\u00e2querettes, pens\u00e9es et marguerites<\/strong>. Ces fleurs d\u00e9licates et naturelles ajoutent une touche de couleur et d&rsquo;\u00e9l\u00e9gance \u00e0 vos cr\u00e9ations culinaires, tout en \u00e9tant <strong data-start=\"330\" data-end=\"368\">100 % comestibles et sans additifs<\/strong>.<\/p>\n<h4 data-start=\"373\" data-end=\"416\"><strong data-start=\"377\" data-end=\"414\">Un Produit Naturel et Authentique<\/strong><\/h4>\n<p data-start=\"417\" data-end=\"720\">Nous s\u00e9lectionnons et s\u00e9chons nos fleurs avec le plus grand soin afin de pr\u00e9server leur couleur \u00e9clatante, leur parfum subtil et leurs propri\u00e9t\u00e9s naturelles.<\/p>\n<ul>\n<li data-start=\"417\" data-end=\"720\"><strong data-start=\"579\" data-end=\"629\">Sans colorants, sans pesticides, sans additifs \u2705<\/strong><\/li>\n<li data-start=\"417\" data-end=\"720\"><strong data-start=\"634\" data-end=\"682\">Travaill\u00e9 \u00e0 la main et filtr\u00e9 plusieurs fois \u2705<\/strong><\/li>\n<li data-start=\"417\" data-end=\"720\"><strong data-start=\"687\" data-end=\"718\">100 % naturel et comestible \u2705<br \/>\n<\/strong><\/li>\n<\/ul>\n<h4 data-start=\"722\" data-end=\"770\"><strong data-start=\"726\" data-end=\"768\">Une Utilisation Polyvalente en Cuisine<\/strong><\/h4>\n<p data-start=\"771\" data-end=\"854\">Nos fleurs comestibles sont id\u00e9ales pour agr\u00e9menter une grande vari\u00e9t\u00e9 de plats :<\/p>\n<ul data-start=\"855\" data-end=\"1186\">\n<li data-start=\"855\" data-end=\"927\"><strong data-start=\"857\" data-end=\"883\">Salades et plats sal\u00e9s<\/strong> : Ajoutent une touche florale et color\u00e9e.<\/li>\n<li data-start=\"928\" data-end=\"1012\"><strong data-start=\"930\" data-end=\"956\">P\u00e2tisserie et desserts<\/strong> : Parfaites pour d\u00e9corer tartes, g\u00e2teaux et biscuits.<\/li>\n<li data-start=\"1099\" data-end=\"1186\"><strong data-start=\"1101\" data-end=\"1127\">D\u00e9corations culinaires<\/strong> : Un \u00e9l\u00e9ment visuel unique pour des assiettes \u00e9l\u00e9gantes.<\/li>\n<\/ul>\n<h4 data-start=\"1188\" data-end=\"1233\"><strong data-start=\"1192\" data-end=\"1231\">Des Couleurs et des Saveurs Uniques<\/strong><\/h4>\n<p data-start=\"1234\" data-end=\"1544\">Die <strong data-start=\"1238\" data-end=\"1253\">p\u00e2querettes<\/strong> apportent une touche douce et l\u00e9g\u00e8rement herbac\u00e9e, les <strong data-start=\"1309\" data-end=\"1320\">pens\u00e9es<\/strong> offrent une nuance florale subtile, tandis que les <strong data-start=\"1372\" data-end=\"1387\">marguerites<\/strong> ajoutent une belle teinte jaune ensoleill\u00e9e \u00e0 vos plats. En plus de leurs qualit\u00e9s esth\u00e9tiques, elles offrent une exp\u00e9rience gustative l\u00e9g\u00e8re et raffin\u00e9e.<\/p>\n<h4 data-start=\"1546\" data-end=\"1602\"><strong data-start=\"1550\" data-end=\"1600\">Un \u00c9l\u00e9ment D\u00e9coratif pour Toutes les Occasions<\/strong><\/h4>\n<p data-start=\"1603\" data-end=\"1803\">Que ce soit pour un <strong data-start=\"1623\" data-end=\"1713\">mariage, un \u00e9v\u00e9nement sp\u00e9cial, un cadeau naturel ou un moment de cr\u00e9ativit\u00e9 en cuisine<\/strong>, nos fleurs comestibles sont le choix parfait pour impressionner et ravir les papilles.<\/p>\n<p data-start=\"1805\" data-end=\"1915\" data-is-last-node=\"\">Ajoutez une touche florale avec nos fleurs comestibles s\u00e9ch\u00e9es et raffin\u00e9e \u00e0 vos pr\u00e9parations avec nos fleurs comestibles de qualit\u00e9 premium ! \ud83c\udf3f\u2728<\/p>\n<ul>\n<li data-start=\"1805\" data-end=\"1915\"><strong>Zutaten <\/strong>: Pens\u00e9es &#8211; 15 pcs \/ P\u00e2querettes &#8211; 15 pcs \/ Marguerites jaunes &#8211; 15 pcs<\/li>\n<li data-start=\"1805\" data-end=\"1915\"><strong>Stockage <\/strong>: Au frais, au sec et \u00e0 l&rsquo;abri de la lumi\u00e8re<\/li>\n<li data-start=\"1805\" data-end=\"1915\"><strong>Origine <\/strong>: Iran<\/li>\n<\/ul>","protected":false},"excerpt":{"rendered":"<p>D\u00e9couvrez notre s\u00e9lection vari\u00e9e de fleurs comestibles, comprenant des <strong data-start=\"167\" data-end=\"206\">p\u00e2querettes, pens\u00e9es et marguerites<\/strong>. Ces fleurs d\u00e9licates et naturelles ajoutent une touche de couleur et d&rsquo;\u00e9l\u00e9gance \u00e0 vos cr\u00e9ations culinaires, tout en \u00e9tant <strong data-start=\"330\" data-end=\"368\">100 % comestibles et sans additifs<\/strong>.<\/p>","protected":false},"featured_media":16166,"comment_status":"open","ping_status":"closed","template":"","meta":{"_jet_sm_ready_style":"","_jet_sm_style":"","_jet_sm_controls_values":"","_jet_sm_fonts_collection":"","_jet_sm_fonts_links":"","_joinchat":[]},"product_brand":[],"product_cat":[77,50,182],"product_tag":[],"class_list":{"0":"post-16156","1":"product","2":"type-product","3":"status-publish","4":"has-post-thumbnail","6":"product_cat-alimentaire","7":"product_cat-decoration","8":"product_cat-nouveautes","9":"pa_declinaison-marguerites-jaune","10":"pa_declinaison-paquerettes-blanches","11":"pa_declinaison-pensees-mix","13":"first","14":"instock","15":"taxable","16":"shipping-taxable","17":"purchasable","18":"product-type-variable"},"yoast_head":"<!-- This site is optimized with the Yoast SEO plugin v27.0 - https:\/\/yoast.com\/product\/yoast-seo-wordpress\/ -->\n<title>FLEURS DIVERS S\u00c9CH\u00c9ES - COMESTIBLES - Chef Pastry<\/title>\n<meta name=\"description\" content=\"D\u00e9couvrez notre s\u00e9lection vari\u00e9e de fleurs comestibles, comprenant des p\u00e2querettes, pens\u00e9es ou des marguerites, en \u00e9tant 100 % comestibles et sans additifs.\" \/>\n<meta name=\"robots\" content=\"index, follow, max-snippet:-1, max-image-preview:large, max-video-preview:-1\" \/>\n<link rel=\"canonical\" href=\"https:\/\/chefpastry.ch\/de\/produkt\/fleurs-divers-sechees-comestibles\/\" \/>\n<meta property=\"og:locale\" content=\"de_DE\" \/>\n<meta property=\"og:type\" content=\"article\" \/>\n<meta property=\"og:title\" content=\"FLEURS DIVERS S\u00c9CH\u00c9ES - COMESTIBLES - Chef Pastry\" \/>\n<meta property=\"og:description\" content=\"D\u00e9couvrez notre s\u00e9lection vari\u00e9e de fleurs comestibles, comprenant des p\u00e2querettes, pens\u00e9es ou des marguerites, en \u00e9tant 100 % comestibles et sans additifs.\" \/>\n<meta property=\"og:url\" content=\"https:\/\/chefpastry.ch\/de\/produkt\/fleurs-divers-sechees-comestibles\/\" \/>\n<meta property=\"og:site_name\" content=\"Chef Pastry\" \/>\n<meta property=\"article:modified_time\" content=\"2025-09-10T09:54:13+00:00\" \/>\n<meta property=\"og:image\" content=\"https:\/\/chefpastry.ch\/wp-content\/uploads\/2025\/02\/SpecialBluetenSet.jpg\" \/>\n\t<meta property=\"og:image:width\" content=\"1200\" \/>\n\t<meta property=\"og:image:height\" content=\"1200\" \/>\n\t<meta property=\"og:image:type\" content=\"image\/jpeg\" \/>\n<meta name=\"twitter:card\" content=\"summary_large_image\" \/>\n<meta name=\"twitter:label1\" content=\"Verf\u00fcgbarkeit\" \/>\n\t<meta name=\"twitter:data1\" content=\"Auf Lager\" \/>\n<script type=\"application\/ld+json\" class=\"yoast-schema-graph\">{\"@context\":\"https:\/\/schema.org\",\"@graph\":[{\"@type\":\"WebPage\",\"@id\":\"https:\/\/chefpastry.ch\/produit\/fleurs-divers-sechees-comestibles\/\",\"url\":\"https:\/\/chefpastry.ch\/produit\/fleurs-divers-sechees-comestibles\/\",\"name\":\"FLEURS DIVERS S\u00c9CH\u00c9ES - COMESTIBLES - Chef Pastry\",\"isPartOf\":{\"@id\":\"https:\/\/chefpastry.ch\/#website\"},\"primaryImageOfPage\":{\"@id\":\"https:\/\/chefpastry.ch\/produit\/fleurs-divers-sechees-comestibles\/#primaryimage\"},\"image\":{\"@id\":\"https:\/\/chefpastry.ch\/produit\/fleurs-divers-sechees-comestibles\/#primaryimage\"},\"thumbnailUrl\":\"https:\/\/chefpastry.ch\/wp-content\/uploads\/2025\/02\/SpecialBluetenSet.jpg\",\"datePublished\":\"2025-02-19T14:56:03+00:00\",\"dateModified\":\"2025-09-10T09:54:13+00:00\",\"description\":\"D\u00e9couvrez notre s\u00e9lection vari\u00e9e de fleurs comestibles, comprenant des p\u00e2querettes, pens\u00e9es ou des marguerites, en \u00e9tant 100 % comestibles et sans additifs.\",\"breadcrumb\":{\"@id\":\"https:\/\/chefpastry.ch\/produit\/fleurs-divers-sechees-comestibles\/#breadcrumb\"},\"inLanguage\":\"de\",\"potentialAction\":[{\"@type\":\"ReadAction\",\"target\":[\"https:\/\/chefpastry.ch\/produit\/fleurs-divers-sechees-comestibles\/\"]}]},{\"@type\":\"ImageObject\",\"inLanguage\":\"de\",\"@id\":\"https:\/\/chefpastry.ch\/produit\/fleurs-divers-sechees-comestibles\/#primaryimage\",\"url\":\"https:\/\/chefpastry.ch\/wp-content\/uploads\/2025\/02\/SpecialBluetenSet.jpg\",\"contentUrl\":\"https:\/\/chefpastry.ch\/wp-content\/uploads\/2025\/02\/SpecialBluetenSet.jpg\",\"width\":1200,\"height\":1200,\"caption\":\"Fleurs Comestibles s\u00e9ch\u00e9es\"},{\"@type\":\"BreadcrumbList\",\"@id\":\"https:\/\/chefpastry.ch\/produit\/fleurs-divers-sechees-comestibles\/#breadcrumb\",\"itemListElement\":[{\"@type\":\"ListItem\",\"position\":1,\"name\":\"Home\",\"item\":\"https:\/\/chefpastry.ch\/\"},{\"@type\":\"ListItem\",\"position\":2,\"name\":\"E-shop\",\"item\":\"https:\/\/chefpastry.ch\/e-shop\/\"},{\"@type\":\"ListItem\",\"position\":3,\"name\":\"FLEURS DIVERS S\u00c9CH\u00c9ES &#8211; COMESTIBLES\"}]},{\"@type\":\"WebSite\",\"@id\":\"https:\/\/chefpastry.ch\/#website\",\"url\":\"https:\/\/chefpastry.ch\/\",\"name\":\"Chef Pastry\",\"description\":\"\",\"publisher\":{\"@id\":\"https:\/\/chefpastry.ch\/#organization\"},\"potentialAction\":[{\"@type\":\"SearchAction\",\"target\":{\"@type\":\"EntryPoint\",\"urlTemplate\":\"https:\/\/chefpastry.ch\/?s={search_term_string}\"},\"query-input\":{\"@type\":\"PropertyValueSpecification\",\"valueRequired\":true,\"valueName\":\"search_term_string\"}}],\"inLanguage\":\"de\"},{\"@type\":\"Organization\",\"@id\":\"https:\/\/chefpastry.ch\/#organization\",\"name\":\"Chef Pastry\",\"url\":\"https:\/\/chefpastry.ch\/\",\"logo\":{\"@type\":\"ImageObject\",\"inLanguage\":\"de\",\"@id\":\"https:\/\/chefpastry.ch\/#\/schema\/logo\/image\/\",\"url\":\"https:\/\/chefpastry.ch\/wp-content\/uploads\/2022\/07\/cropped-chef_pastry_logo_rgb-03.png\",\"contentUrl\":\"https:\/\/chefpastry.ch\/wp-content\/uploads\/2022\/07\/cropped-chef_pastry_logo_rgb-03.png\",\"width\":1545,\"height\":412,\"caption\":\"Chef Pastry\"},\"image\":{\"@id\":\"https:\/\/chefpastry.ch\/#\/schema\/logo\/image\/\"}}]}<\/script>\n<meta property=\"og:availability\" content=\"instock\" \/>\n<meta property=\"product:availability\" content=\"instock\" \/>\n<meta property=\"product:condition\" content=\"new\" \/>\n<!-- \/ Yoast SEO plugin. -->","yoast_head_json":{"title":"FLEURS DIVERS S\u00c9CH\u00c9ES - COMESTIBLES - Chef Pastry","description":"D\u00e9couvrez notre s\u00e9lection vari\u00e9e de fleurs comestibles, comprenant des p\u00e2querettes, pens\u00e9es ou des marguerites, en \u00e9tant 100 % comestibles et sans additifs.","robots":{"index":"index","follow":"follow","max-snippet":"max-snippet:-1","max-image-preview":"max-image-preview:large","max-video-preview":"max-video-preview:-1"},"canonical":"https:\/\/chefpastry.ch\/de\/produkt\/fleurs-divers-sechees-comestibles\/","og_locale":"de_DE","og_type":"article","og_title":"FLEURS DIVERS S\u00c9CH\u00c9ES - COMESTIBLES - Chef Pastry","og_description":"D\u00e9couvrez notre s\u00e9lection vari\u00e9e de fleurs comestibles, comprenant des p\u00e2querettes, pens\u00e9es ou des marguerites, en \u00e9tant 100 % comestibles et sans additifs.","og_url":"https:\/\/chefpastry.ch\/de\/produkt\/fleurs-divers-sechees-comestibles\/","og_site_name":"Chef Pastry","article_modified_time":"2025-09-10T09:54:13+00:00","og_image":[{"width":1200,"height":1200,"url":"https:\/\/chefpastry.ch\/wp-content\/uploads\/2025\/02\/SpecialBluetenSet.jpg","type":"image\/jpeg"}],"twitter_card":"summary_large_image","twitter_misc":{"Verf\u00fcgbarkeit":"Auf Lager"},"schema":{"@context":"https:\/\/schema.org","@graph":[{"@type":"WebPage","@id":"https:\/\/chefpastry.ch\/produit\/fleurs-divers-sechees-comestibles\/","url":"https:\/\/chefpastry.ch\/produit\/fleurs-divers-sechees-comestibles\/","name":"FLEURS DIVERS S\u00c9CH\u00c9ES - COMESTIBLES - Chef Pastry","isPartOf":{"@id":"https:\/\/chefpastry.ch\/#website"},"primaryImageOfPage":{"@id":"https:\/\/chefpastry.ch\/produit\/fleurs-divers-sechees-comestibles\/#primaryimage"},"image":{"@id":"https:\/\/chefpastry.ch\/produit\/fleurs-divers-sechees-comestibles\/#primaryimage"},"thumbnailUrl":"https:\/\/chefpastry.ch\/wp-content\/uploads\/2025\/02\/SpecialBluetenSet.jpg","datePublished":"2025-02-19T14:56:03+00:00","dateModified":"2025-09-10T09:54:13+00:00","description":"D\u00e9couvrez notre s\u00e9lection vari\u00e9e de fleurs comestibles, comprenant des p\u00e2querettes, pens\u00e9es ou des marguerites, en \u00e9tant 100 % comestibles et sans additifs.","breadcrumb":{"@id":"https:\/\/chefpastry.ch\/produit\/fleurs-divers-sechees-comestibles\/#breadcrumb"},"inLanguage":"de","potentialAction":[{"@type":"ReadAction","target":["https:\/\/chefpastry.ch\/produit\/fleurs-divers-sechees-comestibles\/"]}]},{"@type":"ImageObject","inLanguage":"de","@id":"https:\/\/chefpastry.ch\/produit\/fleurs-divers-sechees-comestibles\/#primaryimage","url":"https:\/\/chefpastry.ch\/wp-content\/uploads\/2025\/02\/SpecialBluetenSet.jpg","contentUrl":"https:\/\/chefpastry.ch\/wp-content\/uploads\/2025\/02\/SpecialBluetenSet.jpg","width":1200,"height":1200,"caption":"Fleurs Comestibles s\u00e9ch\u00e9es"},{"@type":"BreadcrumbList","@id":"https:\/\/chefpastry.ch\/produit\/fleurs-divers-sechees-comestibles\/#breadcrumb","itemListElement":[{"@type":"ListItem","position":1,"name":"Home","item":"https:\/\/chefpastry.ch\/"},{"@type":"ListItem","position":2,"name":"E-shop","item":"https:\/\/chefpastry.ch\/e-shop\/"},{"@type":"ListItem","position":3,"name":"FLEURS DIVERS S\u00c9CH\u00c9ES &#8211; COMESTIBLES"}]},{"@type":"WebSite","@id":"https:\/\/chefpastry.ch\/#website","url":"https:\/\/chefpastry.ch\/","name":"Chef Pastry","description":"","publisher":{"@id":"https:\/\/chefpastry.ch\/#organization"},"potentialAction":[{"@type":"SearchAction","target":{"@type":"EntryPoint","urlTemplate":"https:\/\/chefpastry.ch\/?s={search_term_string}"},"query-input":{"@type":"PropertyValueSpecification","valueRequired":true,"valueName":"search_term_string"}}],"inLanguage":"de"},{"@type":"Organization","@id":"https:\/\/chefpastry.ch\/#organization","name":"Chef Pastry","url":"https:\/\/chefpastry.ch\/","logo":{"@type":"ImageObject","inLanguage":"de","@id":"https:\/\/chefpastry.ch\/#\/schema\/logo\/image\/","url":"https:\/\/chefpastry.ch\/wp-content\/uploads\/2022\/07\/cropped-chef_pastry_logo_rgb-03.png","contentUrl":"https:\/\/chefpastry.ch\/wp-content\/uploads\/2022\/07\/cropped-chef_pastry_logo_rgb-03.png","width":1545,"height":412,"caption":"Chef Pastry"},"image":{"@id":"https:\/\/chefpastry.ch\/#\/schema\/logo\/image\/"}}]},"og_availability":"instock","product_availability":"instock","product_condition":"new"},"_links":{"self":[{"href":"https:\/\/chefpastry.ch\/de\/wp-json\/wp\/v2\/product\/16156","targetHints":{"allow":["GET"]}}],"collection":[{"href":"https:\/\/chefpastry.ch\/de\/wp-json\/wp\/v2\/product"}],"about":[{"href":"https:\/\/chefpastry.ch\/de\/wp-json\/wp\/v2\/types\/product"}],"replies":[{"embeddable":true,"href":"https:\/\/chefpastry.ch\/de\/wp-json\/wp\/v2\/comments?post=16156"}],"version-history":[{"count":3,"href":"https:\/\/chefpastry.ch\/de\/wp-json\/wp\/v2\/product\/16156\/revisions"}],"predecessor-version":[{"id":16172,"href":"https:\/\/chefpastry.ch\/de\/wp-json\/wp\/v2\/product\/16156\/revisions\/16172"}],"wp:featuredmedia":[{"embeddable":true,"href":"https:\/\/chefpastry.ch\/de\/wp-json\/wp\/v2\/media\/16166"}],"wp:attachment":[{"href":"https:\/\/chefpastry.ch\/de\/wp-json\/wp\/v2\/media?parent=16156"}],"wp:term":[{"taxonomy":"product_brand","embeddable":true,"href":"https:\/\/chefpastry.ch\/de\/wp-json\/wp\/v2\/product_brand?post=16156"},{"taxonomy":"product_cat","embeddable":true,"href":"https:\/\/chefpastry.ch\/de\/wp-json\/wp\/v2\/product_cat?post=16156"},{"taxonomy":"product_tag","embeddable":true,"href":"https:\/\/chefpastry.ch\/de\/wp-json\/wp\/v2\/product_tag?post=16156"}],"curies":[{"name":"wp","href":"https:\/\/api.w.org\/{rel}","templated":true}]}}