{"id":16141,"date":"2025-02-19T15:11:58","date_gmt":"2025-02-19T14:11:58","guid":{"rendered":"https:\/\/chefpastry.ch\/?post_type=product&#038;p=16141"},"modified":"2025-02-19T15:14:53","modified_gmt":"2025-02-19T14:14:53","slug":"fleur-gomphrena-sechees","status":"publish","type":"product","link":"https:\/\/chefpastry.ch\/de\/produkt\/fleur-gomphrena-sechees\/","title":{"rendered":"FLEURS GOMPHRENA S\u00c9CH\u00c9ES &#8211; COMESTIBLES"},"content":{"rendered":"<div class=\"flex max-w-full flex-col flex-grow\">\n<div class=\"min-h-8 text-message flex w-full flex-col items-end gap-2 whitespace-normal break-words text-start [.text-message+&amp;]:mt-5\" dir=\"auto\" data-message-author-role=\"assistant\" data-message-id=\"2ac87999-6e68-4a7a-97c2-c904b9413058\" data-message-model-slug=\"gpt-4o\">\n<div class=\"flex w-full flex-col gap-1 empty:hidden first:pt-[3px]\">\n<div class=\"markdown prose w-full break-words dark:prose-invert light\">\n<h2 data-start=\"0\" data-end=\"81\"><strong data-start=\"4\" data-end=\"79\">La Fleur Gomphrena s\u00e9ch\u00e9es \u2013 Une \u00c9l\u00e9gance Naturelle pour Sublimer Vos Cr\u00e9ations<\/strong><\/h2>\n<p data-start=\"83\" data-end=\"387\">Les fleurs Gomphrena, aussi appel\u00e9es amarantes sph\u00e9riques, ne sont pas seulement un r\u00e9gal pour les yeux, mais aussi un atout pr\u00e9cieux pour la cuisine et la d\u00e9coration. Gr\u00e2ce \u00e0 leur couleur \u00e9clatante et leur texture d\u00e9licate, elles ajoutent une touche raffin\u00e9e et originale \u00e0 toutes vos pr\u00e9parations.<\/p>\n<h4 data-start=\"389\" data-end=\"438\"><strong data-start=\"393\" data-end=\"436\">Un Produit 100 % Naturel et Authentique<\/strong><\/h4>\n<p data-start=\"439\" data-end=\"738\">Nos fleurs Gomphrena sont soigneusement s\u00e9lectionn\u00e9es et s\u00e9ch\u00e9es en douceur afin de pr\u00e9server leur \u00e9clat, leur parfum naturel et leurs propri\u00e9t\u00e9s uniques.<\/p>\n<p data-start=\"439\" data-end=\"738\"><strong data-start=\"601\" data-end=\"651\">Sans colorants, sans pesticides, sans additifs \u2705<\/strong><br data-start=\"651\" data-end=\"654\" \/><strong data-start=\"656\" data-end=\"704\">Travaill\u00e9 \u00e0 la main et filtr\u00e9 plusieurs fois \u2705<\/strong><br data-start=\"704\" data-end=\"707\" \/><strong data-start=\"709\" data-end=\"736\">100 % comestible et pur \u2705<br \/>\n<\/strong><\/p>\n<h4 data-start=\"740\" data-end=\"782\"><strong data-start=\"744\" data-end=\"780\">Une Fleur Polyvalente en Cuisine<\/strong><\/h4>\n<p data-start=\"783\" data-end=\"895\">Le go\u00fbt neutre de la Gomphrena permet une utilisation vari\u00e9e en cuisine sans alt\u00e9rer les saveurs principales :<\/p>\n<ul data-start=\"896\" data-end=\"1240\">\n<li data-start=\"980\" data-end=\"1075\"><strong data-start=\"982\" data-end=\"1008\">P\u00e2tisserie et desserts<\/strong> : Apporte une touche visuelle \u00e9l\u00e9gante aux g\u00e2teaux et chocolats.<\/li>\n<li data-start=\"1076\" data-end=\"1172\"><strong data-start=\"1078\" data-end=\"1103\">Boissons et cocktails<\/strong> : Sublime les limonades, cocktails et autres cr\u00e9ations originales.<\/li>\n<li data-start=\"1173\" data-end=\"1240\"><strong data-start=\"1175\" data-end=\"1195\">Plats et salades<\/strong> : Un \u00e9l\u00e9ment d\u00e9coratif naturel et raffin\u00e9.<\/li>\n<\/ul>\n<h4 data-start=\"1242\" data-end=\"1278\"><strong data-start=\"1246\" data-end=\"1276\">Des Bienfaits Insoup\u00e7onn\u00e9s<\/strong><\/h4>\n<p data-start=\"1279\" data-end=\"1516\">En plus les fleurs Gomphrena s\u00e9ch\u00e9e, d\u2019\u00eatre esth\u00e9tiquement captivante, la fleur Gomphrena est reconnue pour ses <strong data-start=\"1365\" data-end=\"1389\">propri\u00e9t\u00e9s curatives<\/strong> et son utilisation en m\u00e9decine traditionnelle. Elle est notamment appr\u00e9ci\u00e9e pour ses vertus <strong data-start=\"1482\" data-end=\"1513\">antioxydantes et apaisantes<\/strong>.<\/p>\n<h4 data-start=\"1518\" data-end=\"1575\"><strong data-start=\"1522\" data-end=\"1573\">Une D\u00e9coration Unique pour Toutes les Occasions<\/strong><\/h4>\n<p data-start=\"1576\" data-end=\"1861\">Que ce soit pour embellir un \u00e9v\u00e9nement sp\u00e9cial, cr\u00e9er des cadeaux naturels ou enrichir vos pr\u00e9parations, nos fleurs de Gomphrena sont un choix id\u00e9al. Leur beaut\u00e9 intemporelle et leur puret\u00e9 en font un ingr\u00e9dient incontournable pour les amateurs de cuisine et de d\u00e9coration naturelle.<\/p>\n<p data-start=\"1863\" data-end=\"1982\" data-is-last-node=\"\">Ajoutez une touche d\u2019exception et de bien-\u00eatre \u00e0 vos cr\u00e9ations avec nos fleurs de Gomphrena de qualit\u00e9 sup\u00e9rieure ! \ud83c\udf3f\u2728<\/p>\n<ul>\n<li data-start=\"1863\" data-end=\"1982\"><strong>Ingr\u00e9dients : Fleurs d&rsquo;amarante boule sans tige, s\u00e9ch\u00e9es<\/strong><\/li>\n<li data-start=\"1863\" data-end=\"1982\"><strong>Stockage : Au frais, au sec et \u00e0 l&rsquo;abri de la lumi\u00e8re<\/strong><\/li>\n<li data-start=\"1863\" data-end=\"1982\"><strong>Origine : Iran<\/strong><\/li>\n<li data-start=\"1863\" data-end=\"1982\"><strong>Contenance : 15 pcs.<\/strong><\/li>\n<\/ul>\n<\/div>\n<\/div>\n<\/div>\n<\/div>\n<div class=\"mb-2 flex gap-3 empty:hidden -ml-2\"><\/div>\n","protected":false},"excerpt":{"rendered":"<p>Les fleurs Gomphrena, aussi appel\u00e9es amarantes sph\u00e9riques, ne sont pas seulement un r\u00e9gal pour les yeux, mais aussi un atout pr\u00e9cieux pour la cuisine et la d\u00e9coration. Gr\u00e2ce \u00e0 leur couleur \u00e9clatante et leur texture d\u00e9licate, elles ajoutent une touche raffin\u00e9e et originale \u00e0 toutes vos pr\u00e9parations.<\/p>","protected":false},"featured_media":16148,"comment_status":"open","ping_status":"closed","template":"","meta":{"_jet_sm_ready_style":"","_jet_sm_style":"","_jet_sm_controls_values":"","_jet_sm_fonts_collection":"","_jet_sm_fonts_links":"","_joinchat":[]},"product_brand":[],"product_cat":[77,50,182],"product_tag":[],"class_list":{"0":"post-16141","1":"product","2":"type-product","3":"status-publish","4":"has-post-thumbnail","6":"product_cat-alimentaire","7":"product_cat-decoration","8":"product_cat-nouveautes","9":"pa_declinaison-gomphrena-lila","10":"pa_declinaison-gomphrena-mix","12":"first","13":"instock","14":"taxable","15":"shipping-taxable","16":"purchasable","17":"product-type-variable"},"yoast_head":"<!-- This site is optimized with the Yoast SEO plugin v27.0 - https:\/\/yoast.com\/product\/yoast-seo-wordpress\/ -->\n<title>FLEURS GOMPHRENA S\u00c9CH\u00c9ES - COMESTIBLES - Chef Pastry<\/title>\n<meta name=\"description\" content=\"Les fleurs Gomphrena s\u00e9ch\u00e9es, aussi appel\u00e9es amarantes sph\u00e9riques, ne sont pas seulement un r\u00e9gal pour les yeux, mais aussi un atout pr\u00e9cieux la cuisine.\" \/>\n<meta name=\"robots\" content=\"index, follow, max-snippet:-1, max-image-preview:large, max-video-preview:-1\" \/>\n<link rel=\"canonical\" href=\"https:\/\/chefpastry.ch\/de\/produkt\/fleur-gomphrena-sechees\/\" \/>\n<meta property=\"og:locale\" content=\"de_DE\" \/>\n<meta property=\"og:type\" content=\"article\" \/>\n<meta property=\"og:title\" content=\"FLEURS GOMPHRENA S\u00c9CH\u00c9ES - COMESTIBLES - Chef Pastry\" \/>\n<meta property=\"og:description\" content=\"Les fleurs Gomphrena s\u00e9ch\u00e9es, aussi appel\u00e9es amarantes sph\u00e9riques, ne sont pas seulement un r\u00e9gal pour les yeux, mais aussi un atout pr\u00e9cieux la cuisine.\" \/>\n<meta property=\"og:url\" content=\"https:\/\/chefpastry.ch\/de\/produkt\/fleur-gomphrena-sechees\/\" \/>\n<meta property=\"og:site_name\" content=\"Chef Pastry\" \/>\n<meta property=\"article:modified_time\" content=\"2025-02-19T14:14:53+00:00\" \/>\n<meta property=\"og:image\" content=\"https:\/\/chefpastry.ch\/wp-content\/uploads\/2025\/02\/Kugelamarant_Set-628279.webp\" \/>\n\t<meta property=\"og:image:width\" content=\"800\" \/>\n\t<meta property=\"og:image:height\" content=\"800\" \/>\n\t<meta property=\"og:image:type\" content=\"image\/webp\" \/>\n<meta name=\"twitter:card\" content=\"summary_large_image\" \/>\n<meta name=\"twitter:label1\" content=\"Verf\u00fcgbarkeit\" \/>\n\t<meta name=\"twitter:data1\" content=\"Auf Lager\" \/>\n<script type=\"application\/ld+json\" class=\"yoast-schema-graph\">{\"@context\":\"https:\/\/schema.org\",\"@graph\":[{\"@type\":\"WebPage\",\"@id\":\"https:\/\/chefpastry.ch\/produit\/fleur-gomphrena-sechees\/\",\"url\":\"https:\/\/chefpastry.ch\/produit\/fleur-gomphrena-sechees\/\",\"name\":\"FLEURS GOMPHRENA S\u00c9CH\u00c9ES - COMESTIBLES - Chef Pastry\",\"isPartOf\":{\"@id\":\"https:\/\/chefpastry.ch\/#website\"},\"primaryImageOfPage\":{\"@id\":\"https:\/\/chefpastry.ch\/produit\/fleur-gomphrena-sechees\/#primaryimage\"},\"image\":{\"@id\":\"https:\/\/chefpastry.ch\/produit\/fleur-gomphrena-sechees\/#primaryimage\"},\"thumbnailUrl\":\"https:\/\/chefpastry.ch\/wp-content\/uploads\/2025\/02\/Kugelamarant_Set-628279.webp\",\"datePublished\":\"2025-02-19T14:11:58+00:00\",\"dateModified\":\"2025-02-19T14:14:53+00:00\",\"description\":\"Les fleurs Gomphrena s\u00e9ch\u00e9es, aussi appel\u00e9es amarantes sph\u00e9riques, ne sont pas seulement un r\u00e9gal pour les yeux, mais aussi un atout pr\u00e9cieux la cuisine.\",\"breadcrumb\":{\"@id\":\"https:\/\/chefpastry.ch\/produit\/fleur-gomphrena-sechees\/#breadcrumb\"},\"inLanguage\":\"de\",\"potentialAction\":[{\"@type\":\"ReadAction\",\"target\":[\"https:\/\/chefpastry.ch\/produit\/fleur-gomphrena-sechees\/\"]}]},{\"@type\":\"ImageObject\",\"inLanguage\":\"de\",\"@id\":\"https:\/\/chefpastry.ch\/produit\/fleur-gomphrena-sechees\/#primaryimage\",\"url\":\"https:\/\/chefpastry.ch\/wp-content\/uploads\/2025\/02\/Kugelamarant_Set-628279.webp\",\"contentUrl\":\"https:\/\/chefpastry.ch\/wp-content\/uploads\/2025\/02\/Kugelamarant_Set-628279.webp\",\"width\":800,\"height\":800,\"caption\":\"Fleurs Gomphrena s\u00e9ch\u00e9es\"},{\"@type\":\"BreadcrumbList\",\"@id\":\"https:\/\/chefpastry.ch\/produit\/fleur-gomphrena-sechees\/#breadcrumb\",\"itemListElement\":[{\"@type\":\"ListItem\",\"position\":1,\"name\":\"Home\",\"item\":\"https:\/\/chefpastry.ch\/\"},{\"@type\":\"ListItem\",\"position\":2,\"name\":\"E-shop\",\"item\":\"https:\/\/chefpastry.ch\/e-shop\/\"},{\"@type\":\"ListItem\",\"position\":3,\"name\":\"FLEURS GOMPHRENA S\u00c9CH\u00c9ES &#8211; COMESTIBLES\"}]},{\"@type\":\"WebSite\",\"@id\":\"https:\/\/chefpastry.ch\/#website\",\"url\":\"https:\/\/chefpastry.ch\/\",\"name\":\"Chef Pastry\",\"description\":\"\",\"publisher\":{\"@id\":\"https:\/\/chefpastry.ch\/#organization\"},\"potentialAction\":[{\"@type\":\"SearchAction\",\"target\":{\"@type\":\"EntryPoint\",\"urlTemplate\":\"https:\/\/chefpastry.ch\/?s={search_term_string}\"},\"query-input\":{\"@type\":\"PropertyValueSpecification\",\"valueRequired\":true,\"valueName\":\"search_term_string\"}}],\"inLanguage\":\"de\"},{\"@type\":\"Organization\",\"@id\":\"https:\/\/chefpastry.ch\/#organization\",\"name\":\"Chef Pastry\",\"url\":\"https:\/\/chefpastry.ch\/\",\"logo\":{\"@type\":\"ImageObject\",\"inLanguage\":\"de\",\"@id\":\"https:\/\/chefpastry.ch\/#\/schema\/logo\/image\/\",\"url\":\"https:\/\/chefpastry.ch\/wp-content\/uploads\/2022\/07\/cropped-chef_pastry_logo_rgb-03.png\",\"contentUrl\":\"https:\/\/chefpastry.ch\/wp-content\/uploads\/2022\/07\/cropped-chef_pastry_logo_rgb-03.png\",\"width\":1545,\"height\":412,\"caption\":\"Chef Pastry\"},\"image\":{\"@id\":\"https:\/\/chefpastry.ch\/#\/schema\/logo\/image\/\"}}]}<\/script>\n<meta property=\"og:availability\" content=\"instock\" \/>\n<meta property=\"product:availability\" content=\"instock\" \/>\n<meta property=\"product:condition\" content=\"new\" \/>\n<!-- \/ Yoast SEO plugin. -->","yoast_head_json":{"title":"FLEURS GOMPHRENA S\u00c9CH\u00c9ES - COMESTIBLES - Chef Pastry","description":"Les fleurs Gomphrena s\u00e9ch\u00e9es, aussi appel\u00e9es amarantes sph\u00e9riques, ne sont pas seulement un r\u00e9gal pour les yeux, mais aussi un atout pr\u00e9cieux la cuisine.","robots":{"index":"index","follow":"follow","max-snippet":"max-snippet:-1","max-image-preview":"max-image-preview:large","max-video-preview":"max-video-preview:-1"},"canonical":"https:\/\/chefpastry.ch\/de\/produkt\/fleur-gomphrena-sechees\/","og_locale":"de_DE","og_type":"article","og_title":"FLEURS GOMPHRENA S\u00c9CH\u00c9ES - COMESTIBLES - Chef Pastry","og_description":"Les fleurs Gomphrena s\u00e9ch\u00e9es, aussi appel\u00e9es amarantes sph\u00e9riques, ne sont pas seulement un r\u00e9gal pour les yeux, mais aussi un atout pr\u00e9cieux la cuisine.","og_url":"https:\/\/chefpastry.ch\/de\/produkt\/fleur-gomphrena-sechees\/","og_site_name":"Chef Pastry","article_modified_time":"2025-02-19T14:14:53+00:00","og_image":[{"width":800,"height":800,"url":"https:\/\/chefpastry.ch\/wp-content\/uploads\/2025\/02\/Kugelamarant_Set-628279.webp","type":"image\/webp"}],"twitter_card":"summary_large_image","twitter_misc":{"Verf\u00fcgbarkeit":"Auf Lager"},"schema":{"@context":"https:\/\/schema.org","@graph":[{"@type":"WebPage","@id":"https:\/\/chefpastry.ch\/produit\/fleur-gomphrena-sechees\/","url":"https:\/\/chefpastry.ch\/produit\/fleur-gomphrena-sechees\/","name":"FLEURS GOMPHRENA S\u00c9CH\u00c9ES - COMESTIBLES - Chef Pastry","isPartOf":{"@id":"https:\/\/chefpastry.ch\/#website"},"primaryImageOfPage":{"@id":"https:\/\/chefpastry.ch\/produit\/fleur-gomphrena-sechees\/#primaryimage"},"image":{"@id":"https:\/\/chefpastry.ch\/produit\/fleur-gomphrena-sechees\/#primaryimage"},"thumbnailUrl":"https:\/\/chefpastry.ch\/wp-content\/uploads\/2025\/02\/Kugelamarant_Set-628279.webp","datePublished":"2025-02-19T14:11:58+00:00","dateModified":"2025-02-19T14:14:53+00:00","description":"Les fleurs Gomphrena s\u00e9ch\u00e9es, aussi appel\u00e9es amarantes sph\u00e9riques, ne sont pas seulement un r\u00e9gal pour les yeux, mais aussi un atout pr\u00e9cieux la cuisine.","breadcrumb":{"@id":"https:\/\/chefpastry.ch\/produit\/fleur-gomphrena-sechees\/#breadcrumb"},"inLanguage":"de","potentialAction":[{"@type":"ReadAction","target":["https:\/\/chefpastry.ch\/produit\/fleur-gomphrena-sechees\/"]}]},{"@type":"ImageObject","inLanguage":"de","@id":"https:\/\/chefpastry.ch\/produit\/fleur-gomphrena-sechees\/#primaryimage","url":"https:\/\/chefpastry.ch\/wp-content\/uploads\/2025\/02\/Kugelamarant_Set-628279.webp","contentUrl":"https:\/\/chefpastry.ch\/wp-content\/uploads\/2025\/02\/Kugelamarant_Set-628279.webp","width":800,"height":800,"caption":"Fleurs Gomphrena s\u00e9ch\u00e9es"},{"@type":"BreadcrumbList","@id":"https:\/\/chefpastry.ch\/produit\/fleur-gomphrena-sechees\/#breadcrumb","itemListElement":[{"@type":"ListItem","position":1,"name":"Home","item":"https:\/\/chefpastry.ch\/"},{"@type":"ListItem","position":2,"name":"E-shop","item":"https:\/\/chefpastry.ch\/e-shop\/"},{"@type":"ListItem","position":3,"name":"FLEURS GOMPHRENA S\u00c9CH\u00c9ES &#8211; COMESTIBLES"}]},{"@type":"WebSite","@id":"https:\/\/chefpastry.ch\/#website","url":"https:\/\/chefpastry.ch\/","name":"Chef Pastry","description":"","publisher":{"@id":"https:\/\/chefpastry.ch\/#organization"},"potentialAction":[{"@type":"SearchAction","target":{"@type":"EntryPoint","urlTemplate":"https:\/\/chefpastry.ch\/?s={search_term_string}"},"query-input":{"@type":"PropertyValueSpecification","valueRequired":true,"valueName":"search_term_string"}}],"inLanguage":"de"},{"@type":"Organization","@id":"https:\/\/chefpastry.ch\/#organization","name":"Chef Pastry","url":"https:\/\/chefpastry.ch\/","logo":{"@type":"ImageObject","inLanguage":"de","@id":"https:\/\/chefpastry.ch\/#\/schema\/logo\/image\/","url":"https:\/\/chefpastry.ch\/wp-content\/uploads\/2022\/07\/cropped-chef_pastry_logo_rgb-03.png","contentUrl":"https:\/\/chefpastry.ch\/wp-content\/uploads\/2022\/07\/cropped-chef_pastry_logo_rgb-03.png","width":1545,"height":412,"caption":"Chef Pastry"},"image":{"@id":"https:\/\/chefpastry.ch\/#\/schema\/logo\/image\/"}}]},"og_availability":"instock","product_availability":"instock","product_condition":"new"},"_links":{"self":[{"href":"https:\/\/chefpastry.ch\/de\/wp-json\/wp\/v2\/product\/16141","targetHints":{"allow":["GET"]}}],"collection":[{"href":"https:\/\/chefpastry.ch\/de\/wp-json\/wp\/v2\/product"}],"about":[{"href":"https:\/\/chefpastry.ch\/de\/wp-json\/wp\/v2\/types\/product"}],"replies":[{"embeddable":true,"href":"https:\/\/chefpastry.ch\/de\/wp-json\/wp\/v2\/comments?post=16141"}],"version-history":[{"count":0,"href":"https:\/\/chefpastry.ch\/de\/wp-json\/wp\/v2\/product\/16141\/revisions"}],"wp:featuredmedia":[{"embeddable":true,"href":"https:\/\/chefpastry.ch\/de\/wp-json\/wp\/v2\/media\/16148"}],"wp:attachment":[{"href":"https:\/\/chefpastry.ch\/de\/wp-json\/wp\/v2\/media?parent=16141"}],"wp:term":[{"taxonomy":"product_brand","embeddable":true,"href":"https:\/\/chefpastry.ch\/de\/wp-json\/wp\/v2\/product_brand?post=16141"},{"taxonomy":"product_cat","embeddable":true,"href":"https:\/\/chefpastry.ch\/de\/wp-json\/wp\/v2\/product_cat?post=16141"},{"taxonomy":"product_tag","embeddable":true,"href":"https:\/\/chefpastry.ch\/de\/wp-json\/wp\/v2\/product_tag?post=16141"}],"curies":[{"name":"wp","href":"https:\/\/api.w.org\/{rel}","templated":true}]}}