{"id":15923,"date":"2024-12-14T11:20:35","date_gmt":"2024-12-14T10:20:35","guid":{"rendered":"https:\/\/chefpastry.ch\/?post_type=product&#038;p=15923"},"modified":"2025-02-17T12:21:37","modified_gmt":"2025-02-17T11:21:37","slug":"moule-tablettes-chocolat-matelasse","status":"publish","type":"product","link":"https:\/\/chefpastry.ch\/de\/produkt\/moule-tablettes-chocolat-matelasse\/","title":{"rendered":"MOULE A TABLETTES CHOCOLAT MATELASSE"},"content":{"rendered":"<h2>Cr\u00e9ez des tablettes de chocolat uniques avec notre moule professionnel en polycarbonate<\/h2>\n<p>R\u00e9alisez des tablettes de chocolat maison (matelasse)dignes des plus grands chocolatiers gr\u00e2ce \u00e0 ce <strong>moule en polycarbonate de haute qualit\u00e9<\/strong>. Con\u00e7u pour offrir des r\u00e9sultats impeccables, ce moule permet de fabriquer <strong>jusqu\u2019\u00e0 3 tablettes de 80 g<\/strong> en une seule fois.<\/p>\n<p>Le design matelass\u00e9 embl\u00e9matique de ce moule ajoute une touche d\u2019\u00e9l\u00e9gance et de sophistication \u00e0 vos cr\u00e9ations chocolat\u00e9es. Surprenez et ravissez votre famille, vos amis ou vos coll\u00e8gues avec des chocolats personnalis\u00e9s au design exceptionnel, parfaits pour offrir ou pour une d\u00e9gustation maison.<\/p>\n<h3>Caract\u00e9ristiques du moule :<\/h3>\n<ul>\n<li><strong>Design matelass\u00e9 :<\/strong> pour des tablettes au motif raffin\u00e9 qui impressionneront vos proches.<\/li>\n<li><strong>Mat\u00e9riau transparent :<\/strong> fabriqu\u00e9 en polycarbonate robuste pour une manipulation facile et une d\u00e9moulage parfait.<\/li>\n<li><strong>Dimensions du moule :<\/strong> 275 x 175 x 26 mm.<\/li>\n<li><strong>Taille des tablettes :<\/strong> 132 x 66 x 10 mm.<\/li>\n<li><strong>Capacit\u00e9 :<\/strong> produit 3 tablettes de 80 g par utilisation.<\/li>\n<li><strong>Emballage :<\/strong> contient 1 moule individuel.<\/li>\n<\/ul>\n<p>&nbsp;<\/p>\n<p>Id\u00e9al \u00e9galement pour cr\u00e9er des chocolats inspir\u00e9s des saveurs luxueuses comme celles du <strong>chocolat de Duba\u00ef<\/strong>, ce moule est un incontournable pour les amateurs de chocolat artisanal ou les professionnels \u00e0 la recherche d\u2019une qualit\u00e9 sup\u00e9rieure.<\/p>\n<h3>Pourquoi choisir ce moule ?<\/h3>\n<p>Ce moule est parfait pour exp\u00e9rimenter avec diff\u00e9rentes recettes, qu\u2019il s\u2019agisse de chocolat noir, au lait ou blanc. Sa surface lisse et sa structure r\u00e9sistante garantissent un d\u00e9moulage facile et des finitions impeccables.<\/p>\n<p>Ajoutez ce moule \u00e0 votre collection et commencez \u00e0 cr\u00e9er des chocolats qui allient saveur et esth\u00e9tique pour des moments gourmands inoubliables.<\/p>\n<p><strong>Commandez d\u00e8s maintenant et donnez vie \u00e0 vos id\u00e9es chocolat\u00e9es\u202f!<\/strong><\/p>","protected":false},"excerpt":{"rendered":"<p>R\u00e9alisez des tablettes de chocolat maison (matelasse)dignes des plus grands chocolatiers gr\u00e2ce \u00e0 ce <strong>moule en polycarbonate de haute qualit\u00e9<\/strong>. Con\u00e7u pour offrir des r\u00e9sultats impeccables, ce moule permet de fabriquer <strong>jusqu\u2019\u00e0 3 tablettes de 80 g<\/strong> en une seule fois.<\/p>","protected":false},"featured_media":15925,"comment_status":"open","ping_status":"closed","template":"","meta":{"_jet_sm_ready_style":"","_jet_sm_style":"","_jet_sm_controls_values":"","_jet_sm_fonts_collection":"","_jet_sm_fonts_links":"","_joinchat":[]},"product_brand":[],"product_cat":[53,182],"product_tag":[],"class_list":{"0":"post-15923","1":"product","2":"type-product","3":"status-publish","4":"has-post-thumbnail","6":"product_cat-chocolats","7":"product_cat-nouveautes","9":"first","10":"instock","11":"taxable","12":"shipping-taxable","13":"purchasable","14":"product-type-simple"},"yoast_head":"<!-- This site is optimized with the Yoast SEO plugin v27.0 - https:\/\/yoast.com\/product\/yoast-seo-wordpress\/ -->\n<title>MOULE A TABLETTES CHOCOLAT MATELASSE - Chef Pastry \ud83d\ude09<\/title>\n<meta name=\"description\" content=\"R\u00e9alisez des tablettes de chocolat maison (matelasse) dignes des plus grands chocolatiers gr\u00e2ce \u00e0 ce moule en polycarbonate de haute qualit\u00e9.\" \/>\n<meta name=\"robots\" content=\"index, follow, max-snippet:-1, max-image-preview:large, max-video-preview:-1\" \/>\n<link rel=\"canonical\" href=\"https:\/\/chefpastry.ch\/de\/produkt\/moule-tablettes-chocolat-matelasse\/\" \/>\n<meta property=\"og:locale\" content=\"de_DE\" \/>\n<meta property=\"og:type\" content=\"article\" \/>\n<meta property=\"og:title\" content=\"MOULE A TABLETTES CHOCOLAT MATELASSE - Chef Pastry \ud83d\ude09\" \/>\n<meta property=\"og:description\" content=\"R\u00e9alisez des tablettes de chocolat maison (matelasse) dignes des plus grands chocolatiers gr\u00e2ce \u00e0 ce moule en polycarbonate de haute qualit\u00e9.\" \/>\n<meta property=\"og:url\" content=\"https:\/\/chefpastry.ch\/de\/produkt\/moule-tablettes-chocolat-matelasse\/\" \/>\n<meta property=\"og:site_name\" content=\"Chef Pastry\" \/>\n<meta property=\"article:modified_time\" content=\"2025-02-17T11:21:37+00:00\" \/>\n<meta property=\"og:image\" content=\"https:\/\/chefpastry.ch\/wp-content\/uploads\/2024\/12\/Quilted.jpg\" \/>\n\t<meta property=\"og:image:width\" content=\"1000\" \/>\n\t<meta property=\"og:image:height\" content=\"1000\" \/>\n\t<meta property=\"og:image:type\" content=\"image\/jpeg\" \/>\n<meta name=\"twitter:card\" content=\"summary_large_image\" \/>\n<meta name=\"twitter:label1\" content=\"Preis\" \/>\n\t<meta name=\"twitter:data1\" content=\"&#067;&#072;&#070;&nbsp;27.00 TTC\" \/>\n\t<meta name=\"twitter:label2\" content=\"Verf\u00fcgbarkeit\" \/>\n\t<meta name=\"twitter:data2\" content=\"Auf Lager\" \/>\n<script type=\"application\/ld+json\" class=\"yoast-schema-graph\">{\"@context\":\"https:\/\/schema.org\",\"@graph\":[{\"@type\":\"WebPage\",\"@id\":\"https:\/\/chefpastry.ch\/produit\/moule-tablettes-chocolat-matelasse\/\",\"url\":\"https:\/\/chefpastry.ch\/produit\/moule-tablettes-chocolat-matelasse\/\",\"name\":\"MOULE A TABLETTES CHOCOLAT MATELASSE - Chef Pastry \ud83d\ude09\",\"isPartOf\":{\"@id\":\"https:\/\/chefpastry.ch\/#website\"},\"primaryImageOfPage\":{\"@id\":\"https:\/\/chefpastry.ch\/produit\/moule-tablettes-chocolat-matelasse\/#primaryimage\"},\"image\":{\"@id\":\"https:\/\/chefpastry.ch\/produit\/moule-tablettes-chocolat-matelasse\/#primaryimage\"},\"thumbnailUrl\":\"https:\/\/chefpastry.ch\/wp-content\/uploads\/2024\/12\/Quilted.jpg\",\"datePublished\":\"2024-12-14T10:20:35+00:00\",\"dateModified\":\"2025-02-17T11:21:37+00:00\",\"description\":\"R\u00e9alisez des tablettes de chocolat maison (matelasse) dignes des plus grands chocolatiers gr\u00e2ce \u00e0 ce moule en polycarbonate de haute qualit\u00e9.\",\"breadcrumb\":{\"@id\":\"https:\/\/chefpastry.ch\/produit\/moule-tablettes-chocolat-matelasse\/#breadcrumb\"},\"inLanguage\":\"de\",\"potentialAction\":[{\"@type\":\"ReadAction\",\"target\":[\"https:\/\/chefpastry.ch\/produit\/moule-tablettes-chocolat-matelasse\/\"]}]},{\"@type\":\"ImageObject\",\"inLanguage\":\"de\",\"@id\":\"https:\/\/chefpastry.ch\/produit\/moule-tablettes-chocolat-matelasse\/#primaryimage\",\"url\":\"https:\/\/chefpastry.ch\/wp-content\/uploads\/2024\/12\/Quilted.jpg\",\"contentUrl\":\"https:\/\/chefpastry.ch\/wp-content\/uploads\/2024\/12\/Quilted.jpg\",\"width\":1000,\"height\":1000,\"caption\":\"tablettes chocolat maison matelasse\"},{\"@type\":\"BreadcrumbList\",\"@id\":\"https:\/\/chefpastry.ch\/produit\/moule-tablettes-chocolat-matelasse\/#breadcrumb\",\"itemListElement\":[{\"@type\":\"ListItem\",\"position\":1,\"name\":\"Home\",\"item\":\"https:\/\/chefpastry.ch\/\"},{\"@type\":\"ListItem\",\"position\":2,\"name\":\"E-shop\",\"item\":\"https:\/\/chefpastry.ch\/e-shop\/\"},{\"@type\":\"ListItem\",\"position\":3,\"name\":\"MOULE A TABLETTES CHOCOLAT MATELASSE\"}]},{\"@type\":\"WebSite\",\"@id\":\"https:\/\/chefpastry.ch\/#website\",\"url\":\"https:\/\/chefpastry.ch\/\",\"name\":\"Chef Pastry\",\"description\":\"\",\"publisher\":{\"@id\":\"https:\/\/chefpastry.ch\/#organization\"},\"potentialAction\":[{\"@type\":\"SearchAction\",\"target\":{\"@type\":\"EntryPoint\",\"urlTemplate\":\"https:\/\/chefpastry.ch\/?s={search_term_string}\"},\"query-input\":{\"@type\":\"PropertyValueSpecification\",\"valueRequired\":true,\"valueName\":\"search_term_string\"}}],\"inLanguage\":\"de\"},{\"@type\":\"Organization\",\"@id\":\"https:\/\/chefpastry.ch\/#organization\",\"name\":\"Chef Pastry\",\"url\":\"https:\/\/chefpastry.ch\/\",\"logo\":{\"@type\":\"ImageObject\",\"inLanguage\":\"de\",\"@id\":\"https:\/\/chefpastry.ch\/#\/schema\/logo\/image\/\",\"url\":\"https:\/\/chefpastry.ch\/wp-content\/uploads\/2022\/07\/cropped-chef_pastry_logo_rgb-03.png\",\"contentUrl\":\"https:\/\/chefpastry.ch\/wp-content\/uploads\/2022\/07\/cropped-chef_pastry_logo_rgb-03.png\",\"width\":1545,\"height\":412,\"caption\":\"Chef Pastry\"},\"image\":{\"@id\":\"https:\/\/chefpastry.ch\/#\/schema\/logo\/image\/\"}}]}<\/script>\n<meta property=\"product:price:amount\" content=\"27.00\" \/>\n<meta property=\"product:price:currency\" content=\"CHF\" \/>\n<meta property=\"og:availability\" content=\"instock\" \/>\n<meta property=\"product:availability\" content=\"instock\" \/>\n<meta property=\"product:retailer_item_id\" content=\"MA2021\" \/>\n<meta property=\"product:condition\" content=\"new\" \/>\n<!-- \/ Yoast SEO plugin. -->","yoast_head_json":{"title":"MOULE A TABLETTES CHOCOLAT MATELASSE - Chef Pastry \ud83d\ude09","description":"R\u00e9alisez des tablettes de chocolat maison (matelasse) dignes des plus grands chocolatiers gr\u00e2ce \u00e0 ce moule en polycarbonate de haute qualit\u00e9.","robots":{"index":"index","follow":"follow","max-snippet":"max-snippet:-1","max-image-preview":"max-image-preview:large","max-video-preview":"max-video-preview:-1"},"canonical":"https:\/\/chefpastry.ch\/de\/produkt\/moule-tablettes-chocolat-matelasse\/","og_locale":"de_DE","og_type":"article","og_title":"MOULE A TABLETTES CHOCOLAT MATELASSE - Chef Pastry \ud83d\ude09","og_description":"R\u00e9alisez des tablettes de chocolat maison (matelasse) dignes des plus grands chocolatiers gr\u00e2ce \u00e0 ce moule en polycarbonate de haute qualit\u00e9.","og_url":"https:\/\/chefpastry.ch\/de\/produkt\/moule-tablettes-chocolat-matelasse\/","og_site_name":"Chef Pastry","article_modified_time":"2025-02-17T11:21:37+00:00","og_image":[{"width":1000,"height":1000,"url":"https:\/\/chefpastry.ch\/wp-content\/uploads\/2024\/12\/Quilted.jpg","type":"image\/jpeg"}],"twitter_card":"summary_large_image","twitter_misc":{"Preis":"&#67;&#72;&#70;&nbsp;27.00 TTC","Verf\u00fcgbarkeit":"Auf Lager"},"schema":{"@context":"https:\/\/schema.org","@graph":[{"@type":"WebPage","@id":"https:\/\/chefpastry.ch\/produit\/moule-tablettes-chocolat-matelasse\/","url":"https:\/\/chefpastry.ch\/produit\/moule-tablettes-chocolat-matelasse\/","name":"MOULE A TABLETTES CHOCOLAT MATELASSE - Chef Pastry \ud83d\ude09","isPartOf":{"@id":"https:\/\/chefpastry.ch\/#website"},"primaryImageOfPage":{"@id":"https:\/\/chefpastry.ch\/produit\/moule-tablettes-chocolat-matelasse\/#primaryimage"},"image":{"@id":"https:\/\/chefpastry.ch\/produit\/moule-tablettes-chocolat-matelasse\/#primaryimage"},"thumbnailUrl":"https:\/\/chefpastry.ch\/wp-content\/uploads\/2024\/12\/Quilted.jpg","datePublished":"2024-12-14T10:20:35+00:00","dateModified":"2025-02-17T11:21:37+00:00","description":"R\u00e9alisez des tablettes de chocolat maison (matelasse) dignes des plus grands chocolatiers gr\u00e2ce \u00e0 ce moule en polycarbonate de haute qualit\u00e9.","breadcrumb":{"@id":"https:\/\/chefpastry.ch\/produit\/moule-tablettes-chocolat-matelasse\/#breadcrumb"},"inLanguage":"de","potentialAction":[{"@type":"ReadAction","target":["https:\/\/chefpastry.ch\/produit\/moule-tablettes-chocolat-matelasse\/"]}]},{"@type":"ImageObject","inLanguage":"de","@id":"https:\/\/chefpastry.ch\/produit\/moule-tablettes-chocolat-matelasse\/#primaryimage","url":"https:\/\/chefpastry.ch\/wp-content\/uploads\/2024\/12\/Quilted.jpg","contentUrl":"https:\/\/chefpastry.ch\/wp-content\/uploads\/2024\/12\/Quilted.jpg","width":1000,"height":1000,"caption":"tablettes chocolat maison matelasse"},{"@type":"BreadcrumbList","@id":"https:\/\/chefpastry.ch\/produit\/moule-tablettes-chocolat-matelasse\/#breadcrumb","itemListElement":[{"@type":"ListItem","position":1,"name":"Home","item":"https:\/\/chefpastry.ch\/"},{"@type":"ListItem","position":2,"name":"E-shop","item":"https:\/\/chefpastry.ch\/e-shop\/"},{"@type":"ListItem","position":3,"name":"MOULE A TABLETTES CHOCOLAT MATELASSE"}]},{"@type":"WebSite","@id":"https:\/\/chefpastry.ch\/#website","url":"https:\/\/chefpastry.ch\/","name":"Chef Pastry","description":"","publisher":{"@id":"https:\/\/chefpastry.ch\/#organization"},"potentialAction":[{"@type":"SearchAction","target":{"@type":"EntryPoint","urlTemplate":"https:\/\/chefpastry.ch\/?s={search_term_string}"},"query-input":{"@type":"PropertyValueSpecification","valueRequired":true,"valueName":"search_term_string"}}],"inLanguage":"de"},{"@type":"Organization","@id":"https:\/\/chefpastry.ch\/#organization","name":"Chef Pastry","url":"https:\/\/chefpastry.ch\/","logo":{"@type":"ImageObject","inLanguage":"de","@id":"https:\/\/chefpastry.ch\/#\/schema\/logo\/image\/","url":"https:\/\/chefpastry.ch\/wp-content\/uploads\/2022\/07\/cropped-chef_pastry_logo_rgb-03.png","contentUrl":"https:\/\/chefpastry.ch\/wp-content\/uploads\/2022\/07\/cropped-chef_pastry_logo_rgb-03.png","width":1545,"height":412,"caption":"Chef Pastry"},"image":{"@id":"https:\/\/chefpastry.ch\/#\/schema\/logo\/image\/"}}]},"product_price_amount":"27.00","product_price_currency":"CHF","og_availability":"instock","product_availability":"instock","product_retailer_item_id":"MA2021","product_condition":"new"},"_links":{"self":[{"href":"https:\/\/chefpastry.ch\/de\/wp-json\/wp\/v2\/product\/15923","targetHints":{"allow":["GET"]}}],"collection":[{"href":"https:\/\/chefpastry.ch\/de\/wp-json\/wp\/v2\/product"}],"about":[{"href":"https:\/\/chefpastry.ch\/de\/wp-json\/wp\/v2\/types\/product"}],"replies":[{"embeddable":true,"href":"https:\/\/chefpastry.ch\/de\/wp-json\/wp\/v2\/comments?post=15923"}],"version-history":[{"count":0,"href":"https:\/\/chefpastry.ch\/de\/wp-json\/wp\/v2\/product\/15923\/revisions"}],"wp:featuredmedia":[{"embeddable":true,"href":"https:\/\/chefpastry.ch\/de\/wp-json\/wp\/v2\/media\/15925"}],"wp:attachment":[{"href":"https:\/\/chefpastry.ch\/de\/wp-json\/wp\/v2\/media?parent=15923"}],"wp:term":[{"taxonomy":"product_brand","embeddable":true,"href":"https:\/\/chefpastry.ch\/de\/wp-json\/wp\/v2\/product_brand?post=15923"},{"taxonomy":"product_cat","embeddable":true,"href":"https:\/\/chefpastry.ch\/de\/wp-json\/wp\/v2\/product_cat?post=15923"},{"taxonomy":"product_tag","embeddable":true,"href":"https:\/\/chefpastry.ch\/de\/wp-json\/wp\/v2\/product_tag?post=15923"}],"curies":[{"name":"wp","href":"https:\/\/api.w.org\/{rel}","templated":true}]}}