{"id":15551,"date":"2024-09-25T15:58:30","date_gmt":"2024-09-25T13:58:30","guid":{"rendered":"https:\/\/chefpastry.ch\/?post_type=product&#038;p=15551"},"modified":"2025-04-14T14:56:38","modified_gmt":"2025-04-14T12:56:38","slug":"moule-winter-joy-thermoformes","status":"publish","type":"product","link":"https:\/\/chefpastry.ch\/de\/produkt\/moule-winter-joy-thermoformes\/","title":{"rendered":"WINTER JOY"},"content":{"rendered":"<p>Le moule Winter Joy en 3D thermoform\u00e9s de chez Silikomart pour chocolats.<\/p>\n<p>Remplir les moules avec le chocolat temp\u00e9r\u00e9, puis les renverser sur une grille.<br \/>\nLaisser les moules \u00e0 l&rsquo;envers sur la grille jusqu&rsquo;\u00e0 ce que le chocolat soit compl\u00e8tement cristallis\u00e9 (environ 4 heures).<br \/>\nD\u00e9mouler en tapant doucement les moules sur le plan de travail.<\/p>\n<p>Coller les \u00e9l\u00e9ments avec du chocolat fondu ou en chauffant les bords par un passage rapide sur une plaque de cuisson chaude.<\/p>\n<p>Le moule Winter Joy 3D, en mat\u00e9riau thermoform\u00e9s pour la r\u00e9alisation de figurines en chocolat en forme de sapin de No\u00ebl. \u2300110 h 160 mm<\/p>\n<p>Caract\u00e9ristiques<\/p>\n<ul>\n<li>Dimensions : \u2300110 h 160 mm<\/li>\n<li>Volumen: 500 ml<\/li>\n<\/ul>","protected":false},"excerpt":{"rendered":"<p>Moule en mat\u00e9riau thermoform\u00e9 pour la r\u00e9alisation de figurines en chocolat en forme de sapin de No\u00ebl. \u2300110 h 160 mm<\/p>","protected":false},"featured_media":15555,"comment_status":"open","ping_status":"closed","template":"","meta":{"_jet_sm_ready_style":"","_jet_sm_style":"","_jet_sm_controls_values":"","_jet_sm_fonts_collection":"","_jet_sm_fonts_links":"","_joinchat":[]},"product_brand":[],"product_cat":[53,52],"product_tag":[],"class_list":{"0":"post-15551","1":"product","2":"type-product","3":"status-publish","4":"has-post-thumbnail","6":"product_cat-chocolats","7":"product_cat-noel","9":"first","10":"instock","11":"taxable","12":"shipping-taxable","13":"purchasable","14":"product-type-simple"},"yoast_head":"<!-- This site is optimized with the Yoast SEO plugin v27.0 - https:\/\/yoast.com\/product\/yoast-seo-wordpress\/ -->\n<title>WINTER JOY - Chef Pastry<\/title>\n<meta name=\"description\" content=\"Moule thermoform\u00e9s winter joy, pour la r\u00e9alisation de figurines en chocolat en forme de sapin de No\u00ebl. \u2300110 h 160 mm en 3D.\" \/>\n<meta name=\"robots\" content=\"index, follow, max-snippet:-1, max-image-preview:large, max-video-preview:-1\" \/>\n<link rel=\"canonical\" href=\"https:\/\/chefpastry.ch\/de\/produkt\/moule-winter-joy-thermoformes\/\" \/>\n<meta property=\"og:locale\" content=\"de_DE\" \/>\n<meta property=\"og:type\" content=\"article\" \/>\n<meta property=\"og:title\" content=\"WINTER JOY - Chef Pastry\" \/>\n<meta property=\"og:description\" content=\"Moule thermoform\u00e9s winter joy, pour la r\u00e9alisation de figurines en chocolat en forme de sapin de No\u00ebl. \u2300110 h 160 mm en 3D.\" \/>\n<meta property=\"og:url\" content=\"https:\/\/chefpastry.ch\/de\/produkt\/moule-winter-joy-thermoformes\/\" \/>\n<meta property=\"og:site_name\" content=\"Chef Pastry\" \/>\n<meta property=\"article:modified_time\" content=\"2025-04-14T12:56:38+00:00\" \/>\n<meta property=\"og:image\" content=\"https:\/\/chefpastry.ch\/wp-content\/uploads\/2024\/09\/Winter-joy.jpg\" \/>\n\t<meta property=\"og:image:width\" content=\"1200\" \/>\n\t<meta property=\"og:image:height\" content=\"1200\" \/>\n\t<meta property=\"og:image:type\" content=\"image\/jpeg\" \/>\n<meta name=\"twitter:card\" content=\"summary_large_image\" \/>\n<meta name=\"twitter:label1\" content=\"Preis\" \/>\n\t<meta name=\"twitter:data1\" content=\"&#067;&#072;&#070;&nbsp;18.50 TTC\" \/>\n\t<meta name=\"twitter:label2\" content=\"Verf\u00fcgbarkeit\" \/>\n\t<meta name=\"twitter:data2\" content=\"Auf Lager\" \/>\n<script type=\"application\/ld+json\" class=\"yoast-schema-graph\">{\"@context\":\"https:\/\/schema.org\",\"@graph\":[{\"@type\":\"WebPage\",\"@id\":\"https:\/\/chefpastry.ch\/produit\/moule-winter-joy-thermoformes\/\",\"url\":\"https:\/\/chefpastry.ch\/produit\/moule-winter-joy-thermoformes\/\",\"name\":\"WINTER JOY - Chef Pastry\",\"isPartOf\":{\"@id\":\"https:\/\/chefpastry.ch\/#website\"},\"primaryImageOfPage\":{\"@id\":\"https:\/\/chefpastry.ch\/produit\/moule-winter-joy-thermoformes\/#primaryimage\"},\"image\":{\"@id\":\"https:\/\/chefpastry.ch\/produit\/moule-winter-joy-thermoformes\/#primaryimage\"},\"thumbnailUrl\":\"https:\/\/chefpastry.ch\/wp-content\/uploads\/2024\/09\/Winter-joy.jpg\",\"datePublished\":\"2024-09-25T13:58:30+00:00\",\"dateModified\":\"2025-04-14T12:56:38+00:00\",\"description\":\"Moule thermoform\u00e9s winter joy, pour la r\u00e9alisation de figurines en chocolat en forme de sapin de No\u00ebl. \u2300110 h 160 mm en 3D.\",\"breadcrumb\":{\"@id\":\"https:\/\/chefpastry.ch\/produit\/moule-winter-joy-thermoformes\/#breadcrumb\"},\"inLanguage\":\"de\",\"potentialAction\":[{\"@type\":\"ReadAction\",\"target\":[\"https:\/\/chefpastry.ch\/produit\/moule-winter-joy-thermoformes\/\"]}]},{\"@type\":\"ImageObject\",\"inLanguage\":\"de\",\"@id\":\"https:\/\/chefpastry.ch\/produit\/moule-winter-joy-thermoformes\/#primaryimage\",\"url\":\"https:\/\/chefpastry.ch\/wp-content\/uploads\/2024\/09\/Winter-joy.jpg\",\"contentUrl\":\"https:\/\/chefpastry.ch\/wp-content\/uploads\/2024\/09\/Winter-joy.jpg\",\"width\":1200,\"height\":1200,\"caption\":\"moule Winter Joy thermoform\u00e9s\"},{\"@type\":\"BreadcrumbList\",\"@id\":\"https:\/\/chefpastry.ch\/produit\/moule-winter-joy-thermoformes\/#breadcrumb\",\"itemListElement\":[{\"@type\":\"ListItem\",\"position\":1,\"name\":\"Home\",\"item\":\"https:\/\/chefpastry.ch\/\"},{\"@type\":\"ListItem\",\"position\":2,\"name\":\"E-shop\",\"item\":\"https:\/\/chefpastry.ch\/e-shop\/\"},{\"@type\":\"ListItem\",\"position\":3,\"name\":\"WINTER JOY\"}]},{\"@type\":\"WebSite\",\"@id\":\"https:\/\/chefpastry.ch\/#website\",\"url\":\"https:\/\/chefpastry.ch\/\",\"name\":\"Chef Pastry\",\"description\":\"\",\"publisher\":{\"@id\":\"https:\/\/chefpastry.ch\/#organization\"},\"potentialAction\":[{\"@type\":\"SearchAction\",\"target\":{\"@type\":\"EntryPoint\",\"urlTemplate\":\"https:\/\/chefpastry.ch\/?s={search_term_string}\"},\"query-input\":{\"@type\":\"PropertyValueSpecification\",\"valueRequired\":true,\"valueName\":\"search_term_string\"}}],\"inLanguage\":\"de\"},{\"@type\":\"Organization\",\"@id\":\"https:\/\/chefpastry.ch\/#organization\",\"name\":\"Chef Pastry\",\"url\":\"https:\/\/chefpastry.ch\/\",\"logo\":{\"@type\":\"ImageObject\",\"inLanguage\":\"de\",\"@id\":\"https:\/\/chefpastry.ch\/#\/schema\/logo\/image\/\",\"url\":\"https:\/\/chefpastry.ch\/wp-content\/uploads\/2022\/07\/cropped-chef_pastry_logo_rgb-03.png\",\"contentUrl\":\"https:\/\/chefpastry.ch\/wp-content\/uploads\/2022\/07\/cropped-chef_pastry_logo_rgb-03.png\",\"width\":1545,\"height\":412,\"caption\":\"Chef Pastry\"},\"image\":{\"@id\":\"https:\/\/chefpastry.ch\/#\/schema\/logo\/image\/\"}}]}<\/script>\n<meta property=\"product:price:amount\" content=\"18.50\" \/>\n<meta property=\"product:price:currency\" content=\"CHF\" \/>\n<meta property=\"og:availability\" content=\"instock\" \/>\n<meta property=\"product:availability\" content=\"instock\" \/>\n<meta property=\"product:retailer_item_id\" content=\"70.615.99.0065\" \/>\n<meta property=\"product:condition\" content=\"new\" \/>\n<!-- \/ Yoast SEO plugin. -->","yoast_head_json":{"title":"WINTER JOY - Chef Pastry","description":"Moule thermoform\u00e9s winter joy, pour la r\u00e9alisation de figurines en chocolat en forme de sapin de No\u00ebl. \u2300110 h 160 mm en 3D.","robots":{"index":"index","follow":"follow","max-snippet":"max-snippet:-1","max-image-preview":"max-image-preview:large","max-video-preview":"max-video-preview:-1"},"canonical":"https:\/\/chefpastry.ch\/de\/produkt\/moule-winter-joy-thermoformes\/","og_locale":"de_DE","og_type":"article","og_title":"WINTER JOY - Chef Pastry","og_description":"Moule thermoform\u00e9s winter joy, pour la r\u00e9alisation de figurines en chocolat en forme de sapin de No\u00ebl. \u2300110 h 160 mm en 3D.","og_url":"https:\/\/chefpastry.ch\/de\/produkt\/moule-winter-joy-thermoformes\/","og_site_name":"Chef Pastry","article_modified_time":"2025-04-14T12:56:38+00:00","og_image":[{"width":1200,"height":1200,"url":"https:\/\/chefpastry.ch\/wp-content\/uploads\/2024\/09\/Winter-joy.jpg","type":"image\/jpeg"}],"twitter_card":"summary_large_image","twitter_misc":{"Preis":"&#67;&#72;&#70;&nbsp;18.50 TTC","Verf\u00fcgbarkeit":"Auf Lager"},"schema":{"@context":"https:\/\/schema.org","@graph":[{"@type":"WebPage","@id":"https:\/\/chefpastry.ch\/produit\/moule-winter-joy-thermoformes\/","url":"https:\/\/chefpastry.ch\/produit\/moule-winter-joy-thermoformes\/","name":"WINTER JOY - Chef Pastry","isPartOf":{"@id":"https:\/\/chefpastry.ch\/#website"},"primaryImageOfPage":{"@id":"https:\/\/chefpastry.ch\/produit\/moule-winter-joy-thermoformes\/#primaryimage"},"image":{"@id":"https:\/\/chefpastry.ch\/produit\/moule-winter-joy-thermoformes\/#primaryimage"},"thumbnailUrl":"https:\/\/chefpastry.ch\/wp-content\/uploads\/2024\/09\/Winter-joy.jpg","datePublished":"2024-09-25T13:58:30+00:00","dateModified":"2025-04-14T12:56:38+00:00","description":"Moule thermoform\u00e9s winter joy, pour la r\u00e9alisation de figurines en chocolat en forme de sapin de No\u00ebl. \u2300110 h 160 mm en 3D.","breadcrumb":{"@id":"https:\/\/chefpastry.ch\/produit\/moule-winter-joy-thermoformes\/#breadcrumb"},"inLanguage":"de","potentialAction":[{"@type":"ReadAction","target":["https:\/\/chefpastry.ch\/produit\/moule-winter-joy-thermoformes\/"]}]},{"@type":"ImageObject","inLanguage":"de","@id":"https:\/\/chefpastry.ch\/produit\/moule-winter-joy-thermoformes\/#primaryimage","url":"https:\/\/chefpastry.ch\/wp-content\/uploads\/2024\/09\/Winter-joy.jpg","contentUrl":"https:\/\/chefpastry.ch\/wp-content\/uploads\/2024\/09\/Winter-joy.jpg","width":1200,"height":1200,"caption":"moule Winter Joy thermoform\u00e9s"},{"@type":"BreadcrumbList","@id":"https:\/\/chefpastry.ch\/produit\/moule-winter-joy-thermoformes\/#breadcrumb","itemListElement":[{"@type":"ListItem","position":1,"name":"Home","item":"https:\/\/chefpastry.ch\/"},{"@type":"ListItem","position":2,"name":"E-shop","item":"https:\/\/chefpastry.ch\/e-shop\/"},{"@type":"ListItem","position":3,"name":"WINTER JOY"}]},{"@type":"WebSite","@id":"https:\/\/chefpastry.ch\/#website","url":"https:\/\/chefpastry.ch\/","name":"Chef Pastry","description":"","publisher":{"@id":"https:\/\/chefpastry.ch\/#organization"},"potentialAction":[{"@type":"SearchAction","target":{"@type":"EntryPoint","urlTemplate":"https:\/\/chefpastry.ch\/?s={search_term_string}"},"query-input":{"@type":"PropertyValueSpecification","valueRequired":true,"valueName":"search_term_string"}}],"inLanguage":"de"},{"@type":"Organization","@id":"https:\/\/chefpastry.ch\/#organization","name":"Chef Pastry","url":"https:\/\/chefpastry.ch\/","logo":{"@type":"ImageObject","inLanguage":"de","@id":"https:\/\/chefpastry.ch\/#\/schema\/logo\/image\/","url":"https:\/\/chefpastry.ch\/wp-content\/uploads\/2022\/07\/cropped-chef_pastry_logo_rgb-03.png","contentUrl":"https:\/\/chefpastry.ch\/wp-content\/uploads\/2022\/07\/cropped-chef_pastry_logo_rgb-03.png","width":1545,"height":412,"caption":"Chef Pastry"},"image":{"@id":"https:\/\/chefpastry.ch\/#\/schema\/logo\/image\/"}}]},"product_price_amount":"18.50","product_price_currency":"CHF","og_availability":"instock","product_availability":"instock","product_retailer_item_id":"70.615.99.0065","product_condition":"new"},"_links":{"self":[{"href":"https:\/\/chefpastry.ch\/de\/wp-json\/wp\/v2\/product\/15551","targetHints":{"allow":["GET"]}}],"collection":[{"href":"https:\/\/chefpastry.ch\/de\/wp-json\/wp\/v2\/product"}],"about":[{"href":"https:\/\/chefpastry.ch\/de\/wp-json\/wp\/v2\/types\/product"}],"replies":[{"embeddable":true,"href":"https:\/\/chefpastry.ch\/de\/wp-json\/wp\/v2\/comments?post=15551"}],"version-history":[{"count":1,"href":"https:\/\/chefpastry.ch\/de\/wp-json\/wp\/v2\/product\/15551\/revisions"}],"predecessor-version":[{"id":16360,"href":"https:\/\/chefpastry.ch\/de\/wp-json\/wp\/v2\/product\/15551\/revisions\/16360"}],"wp:featuredmedia":[{"embeddable":true,"href":"https:\/\/chefpastry.ch\/de\/wp-json\/wp\/v2\/media\/15555"}],"wp:attachment":[{"href":"https:\/\/chefpastry.ch\/de\/wp-json\/wp\/v2\/media?parent=15551"}],"wp:term":[{"taxonomy":"product_brand","embeddable":true,"href":"https:\/\/chefpastry.ch\/de\/wp-json\/wp\/v2\/product_brand?post=15551"},{"taxonomy":"product_cat","embeddable":true,"href":"https:\/\/chefpastry.ch\/de\/wp-json\/wp\/v2\/product_cat?post=15551"},{"taxonomy":"product_tag","embeddable":true,"href":"https:\/\/chefpastry.ch\/de\/wp-json\/wp\/v2\/product_tag?post=15551"}],"curies":[{"name":"wp","href":"https:\/\/api.w.org\/{rel}","templated":true}]}}