{"id":15526,"date":"2024-09-25T15:01:09","date_gmt":"2024-09-25T13:01:09","guid":{"rendered":"https:\/\/chefpastry.ch\/?post_type=product&#038;p=15526"},"modified":"2025-08-06T10:45:38","modified_gmt":"2025-08-06T08:45:38","slug":"pochoir-assiette-feuille","status":"publish","type":"product","link":"https:\/\/chefpastry.ch\/de\/produkt\/pochoir-assiette-feuille\/","title":{"rendered":"POCHOIR ASSIETTE FEUILLE"},"content":{"rendered":"<p>Die <strong>Pochoir Assiette Feuille<\/strong> (Stencil Foglia) de chez Silikomart, est le moule r\u00e9alis\u00e9 en collaboration avec <strong>le Chef P\u00e2tissier Titouan Claudet<\/strong> pour cr\u00e9er rapidement des d\u00e9corations parfaites pour les desserts \u00e0 l&rsquo;assiette ou les pr\u00e9parations sal\u00e9es.<\/p>\n<p>Le moule en silicone platine ultrafin vous permet de cr\u00e9er des d\u00e9corations r\u00e9sistantes au service en une seule \u00e9tape.<br \/>\nLe pack contient 2 moules.<\/p>\n<p><strong>Mode d&#8217;emploi<\/strong> : placer le moule au centre de <strong>l&rsquo;assiette<\/strong>, \u00e9taler un gel ou une cr\u00e8me \u00e0 l&rsquo;aide d&rsquo;une spatule et retirer le moule.<\/p>\n<p>Focus sur :<\/p>\n<ul>\n<li>Facile \u00e0 utiliser<\/li>\n<li>Extr\u00eamement flexible et adaptable au plat de service<\/li>\n<li>Ultra fin et l\u00e9ger<\/li>\n<li>Peut \u00eatre lav\u00e9 au lave-vaisselle<\/li>\n<li>Peut \u00eatre utilis\u00e9 dans le four\/micro-ondes<\/li>\n<li>Peut \u00eatre utilis\u00e9 au cong\u00e9lateur\/refroidisseur rapide<\/li>\n<\/ul>\n<p>Dimensions du moule : 160 x 160 h 1 mm<br \/>\nDimensions du d\u00e9cor : 119 x 62 h 1 mm<\/p>\n<p>Mat\u00e9riau : <strong>Silikon<\/strong><br \/>\nContenu de la livraison : <strong>2 tapis<\/strong><br \/>\nLe moule peut \u00eatre utilis\u00e9 \u00e0 des temp\u00e9ratures comprises entre -60\u00b0C et +230\u00b0C.<br \/>\n<img decoding=\"async\" class=\"alignnone\" src=\"https:\/\/silikomart.bitoobi.cloud\/asset\/d60678e8f2ba9c540798ebbde31177e8\/ZGRsWEMueWdxM1NvRQ--\/SIMBOLI_IN_USO_2021-34.png\" alt=\"BPA Free\" width=\"58\" height=\"57\" \/><\/p>","protected":false},"excerpt":{"rendered":"<p>Die <strong>Pochoir Assiette Feuille<\/strong> (Stencil Foglia) de chez Silikomart, est le moule r\u00e9alis\u00e9 en collaboration avec <strong>le Chef P\u00e2tissier Titouan Claudet<\/strong> pour cr\u00e9er rapidement des d\u00e9corations parfaites pour les desserts \u00e0 l&rsquo;assiette ou les pr\u00e9parations sal\u00e9es.<\/p>","protected":false},"featured_media":15529,"comment_status":"open","ping_status":"closed","template":"","meta":{"_jet_sm_ready_style":"","_jet_sm_style":"","_jet_sm_controls_values":"","_jet_sm_fonts_collection":"","_jet_sm_fonts_links":"","_joinchat":[]},"product_brand":[],"product_cat":[24,109,182],"product_tag":[],"class_list":{"0":"post-15526","1":"product","2":"type-product","3":"status-publish","4":"has-post-thumbnail","6":"product_cat-accessoires","7":"product_cat-gastronomie","8":"product_cat-nouveautes","10":"first","11":"instock","12":"taxable","13":"shipping-taxable","14":"purchasable","15":"product-type-simple"},"yoast_head":"<!-- This site is optimized with the Yoast SEO plugin v27.0 - https:\/\/yoast.com\/product\/yoast-seo-wordpress\/ -->\n<title>POCHOIR ASSIETTE FEUILLE - Chef Pastry<\/title>\n<meta name=\"description\" content=\"Le moule pochoir assiette feuille, pour cr\u00e9er rapidement des d\u00e9corations parfaites pour les desserts \u00e0 l&#039;assiette ou les pr\u00e9parations sal\u00e9es.\" \/>\n<meta name=\"robots\" content=\"index, follow, max-snippet:-1, max-image-preview:large, max-video-preview:-1\" \/>\n<link rel=\"canonical\" href=\"https:\/\/chefpastry.ch\/de\/produkt\/pochoir-assiette-feuille\/\" \/>\n<meta property=\"og:locale\" content=\"de_DE\" \/>\n<meta property=\"og:type\" content=\"article\" \/>\n<meta property=\"og:title\" content=\"POCHOIR ASSIETTE FEUILLE - Chef Pastry\" \/>\n<meta property=\"og:description\" content=\"Le moule pochoir assiette feuille, pour cr\u00e9er rapidement des d\u00e9corations parfaites pour les desserts \u00e0 l&#039;assiette ou les pr\u00e9parations sal\u00e9es.\" \/>\n<meta property=\"og:url\" content=\"https:\/\/chefpastry.ch\/de\/produkt\/pochoir-assiette-feuille\/\" \/>\n<meta property=\"og:site_name\" content=\"Chef Pastry\" \/>\n<meta property=\"article:modified_time\" content=\"2025-08-06T08:45:38+00:00\" \/>\n<meta property=\"og:image\" content=\"https:\/\/chefpastry.ch\/wp-content\/uploads\/2024\/09\/STENCIL-FOGLIA-3.webp\" \/>\n\t<meta property=\"og:image:width\" content=\"1200\" \/>\n\t<meta property=\"og:image:height\" content=\"1200\" \/>\n\t<meta property=\"og:image:type\" content=\"image\/webp\" \/>\n<meta name=\"twitter:card\" content=\"summary_large_image\" \/>\n<meta name=\"twitter:label1\" content=\"Preis\" \/>\n\t<meta name=\"twitter:data1\" content=\"&#067;&#072;&#070;&nbsp;12.50 TTC\" \/>\n\t<meta name=\"twitter:label2\" content=\"Verf\u00fcgbarkeit\" \/>\n\t<meta name=\"twitter:data2\" content=\"Auf Lager\" \/>\n<script type=\"application\/ld+json\" class=\"yoast-schema-graph\">{\"@context\":\"https:\/\/schema.org\",\"@graph\":[{\"@type\":\"WebPage\",\"@id\":\"https:\/\/chefpastry.ch\/produit\/pochoir-assiette-feuille\/\",\"url\":\"https:\/\/chefpastry.ch\/produit\/pochoir-assiette-feuille\/\",\"name\":\"POCHOIR ASSIETTE FEUILLE - Chef Pastry\",\"isPartOf\":{\"@id\":\"https:\/\/chefpastry.ch\/#website\"},\"primaryImageOfPage\":{\"@id\":\"https:\/\/chefpastry.ch\/produit\/pochoir-assiette-feuille\/#primaryimage\"},\"image\":{\"@id\":\"https:\/\/chefpastry.ch\/produit\/pochoir-assiette-feuille\/#primaryimage\"},\"thumbnailUrl\":\"https:\/\/chefpastry.ch\/wp-content\/uploads\/2024\/09\/STENCIL-FOGLIA-3.webp\",\"datePublished\":\"2024-09-25T13:01:09+00:00\",\"dateModified\":\"2025-08-06T08:45:38+00:00\",\"description\":\"Le moule pochoir assiette feuille, pour cr\u00e9er rapidement des d\u00e9corations parfaites pour les desserts \u00e0 l'assiette ou les pr\u00e9parations sal\u00e9es.\",\"breadcrumb\":{\"@id\":\"https:\/\/chefpastry.ch\/produit\/pochoir-assiette-feuille\/#breadcrumb\"},\"inLanguage\":\"de\",\"potentialAction\":[{\"@type\":\"ReadAction\",\"target\":[\"https:\/\/chefpastry.ch\/produit\/pochoir-assiette-feuille\/\"]}]},{\"@type\":\"ImageObject\",\"inLanguage\":\"de\",\"@id\":\"https:\/\/chefpastry.ch\/produit\/pochoir-assiette-feuille\/#primaryimage\",\"url\":\"https:\/\/chefpastry.ch\/wp-content\/uploads\/2024\/09\/STENCIL-FOGLIA-3.webp\",\"contentUrl\":\"https:\/\/chefpastry.ch\/wp-content\/uploads\/2024\/09\/STENCIL-FOGLIA-3.webp\",\"width\":1200,\"height\":1200,\"caption\":\"Pochoir Assiette Feuille\"},{\"@type\":\"BreadcrumbList\",\"@id\":\"https:\/\/chefpastry.ch\/produit\/pochoir-assiette-feuille\/#breadcrumb\",\"itemListElement\":[{\"@type\":\"ListItem\",\"position\":1,\"name\":\"Home\",\"item\":\"https:\/\/chefpastry.ch\/\"},{\"@type\":\"ListItem\",\"position\":2,\"name\":\"E-shop\",\"item\":\"https:\/\/chefpastry.ch\/e-shop\/\"},{\"@type\":\"ListItem\",\"position\":3,\"name\":\"POCHOIR ASSIETTE FEUILLE\"}]},{\"@type\":\"WebSite\",\"@id\":\"https:\/\/chefpastry.ch\/#website\",\"url\":\"https:\/\/chefpastry.ch\/\",\"name\":\"Chef Pastry\",\"description\":\"\",\"publisher\":{\"@id\":\"https:\/\/chefpastry.ch\/#organization\"},\"potentialAction\":[{\"@type\":\"SearchAction\",\"target\":{\"@type\":\"EntryPoint\",\"urlTemplate\":\"https:\/\/chefpastry.ch\/?s={search_term_string}\"},\"query-input\":{\"@type\":\"PropertyValueSpecification\",\"valueRequired\":true,\"valueName\":\"search_term_string\"}}],\"inLanguage\":\"de\"},{\"@type\":\"Organization\",\"@id\":\"https:\/\/chefpastry.ch\/#organization\",\"name\":\"Chef Pastry\",\"url\":\"https:\/\/chefpastry.ch\/\",\"logo\":{\"@type\":\"ImageObject\",\"inLanguage\":\"de\",\"@id\":\"https:\/\/chefpastry.ch\/#\/schema\/logo\/image\/\",\"url\":\"https:\/\/chefpastry.ch\/wp-content\/uploads\/2022\/07\/cropped-chef_pastry_logo_rgb-03.png\",\"contentUrl\":\"https:\/\/chefpastry.ch\/wp-content\/uploads\/2022\/07\/cropped-chef_pastry_logo_rgb-03.png\",\"width\":1545,\"height\":412,\"caption\":\"Chef Pastry\"},\"image\":{\"@id\":\"https:\/\/chefpastry.ch\/#\/schema\/logo\/image\/\"}}]}<\/script>\n<meta property=\"product:price:amount\" content=\"12.50\" \/>\n<meta property=\"product:price:currency\" content=\"CHF\" \/>\n<meta property=\"og:availability\" content=\"instock\" \/>\n<meta property=\"product:availability\" content=\"instock\" \/>\n<meta property=\"product:retailer_item_id\" content=\"25.171.36.0065\" \/>\n<meta property=\"product:condition\" content=\"new\" \/>\n<!-- \/ Yoast SEO plugin. -->","yoast_head_json":{"title":"POCHOIR ASSIETTE FEUILLE - Chef Pastry","description":"Le moule pochoir assiette feuille, pour cr\u00e9er rapidement des d\u00e9corations parfaites pour les desserts \u00e0 l'assiette ou les pr\u00e9parations sal\u00e9es.","robots":{"index":"index","follow":"follow","max-snippet":"max-snippet:-1","max-image-preview":"max-image-preview:large","max-video-preview":"max-video-preview:-1"},"canonical":"https:\/\/chefpastry.ch\/de\/produkt\/pochoir-assiette-feuille\/","og_locale":"de_DE","og_type":"article","og_title":"POCHOIR ASSIETTE FEUILLE - Chef Pastry","og_description":"Le moule pochoir assiette feuille, pour cr\u00e9er rapidement des d\u00e9corations parfaites pour les desserts \u00e0 l'assiette ou les pr\u00e9parations sal\u00e9es.","og_url":"https:\/\/chefpastry.ch\/de\/produkt\/pochoir-assiette-feuille\/","og_site_name":"Chef Pastry","article_modified_time":"2025-08-06T08:45:38+00:00","og_image":[{"width":1200,"height":1200,"url":"https:\/\/chefpastry.ch\/wp-content\/uploads\/2024\/09\/STENCIL-FOGLIA-3.webp","type":"image\/webp"}],"twitter_card":"summary_large_image","twitter_misc":{"Preis":"&#67;&#72;&#70;&nbsp;12.50 TTC","Verf\u00fcgbarkeit":"Auf Lager"},"schema":{"@context":"https:\/\/schema.org","@graph":[{"@type":"WebPage","@id":"https:\/\/chefpastry.ch\/produit\/pochoir-assiette-feuille\/","url":"https:\/\/chefpastry.ch\/produit\/pochoir-assiette-feuille\/","name":"POCHOIR ASSIETTE FEUILLE - Chef Pastry","isPartOf":{"@id":"https:\/\/chefpastry.ch\/#website"},"primaryImageOfPage":{"@id":"https:\/\/chefpastry.ch\/produit\/pochoir-assiette-feuille\/#primaryimage"},"image":{"@id":"https:\/\/chefpastry.ch\/produit\/pochoir-assiette-feuille\/#primaryimage"},"thumbnailUrl":"https:\/\/chefpastry.ch\/wp-content\/uploads\/2024\/09\/STENCIL-FOGLIA-3.webp","datePublished":"2024-09-25T13:01:09+00:00","dateModified":"2025-08-06T08:45:38+00:00","description":"Le moule pochoir assiette feuille, pour cr\u00e9er rapidement des d\u00e9corations parfaites pour les desserts \u00e0 l'assiette ou les pr\u00e9parations sal\u00e9es.","breadcrumb":{"@id":"https:\/\/chefpastry.ch\/produit\/pochoir-assiette-feuille\/#breadcrumb"},"inLanguage":"de","potentialAction":[{"@type":"ReadAction","target":["https:\/\/chefpastry.ch\/produit\/pochoir-assiette-feuille\/"]}]},{"@type":"ImageObject","inLanguage":"de","@id":"https:\/\/chefpastry.ch\/produit\/pochoir-assiette-feuille\/#primaryimage","url":"https:\/\/chefpastry.ch\/wp-content\/uploads\/2024\/09\/STENCIL-FOGLIA-3.webp","contentUrl":"https:\/\/chefpastry.ch\/wp-content\/uploads\/2024\/09\/STENCIL-FOGLIA-3.webp","width":1200,"height":1200,"caption":"Pochoir Assiette Feuille"},{"@type":"BreadcrumbList","@id":"https:\/\/chefpastry.ch\/produit\/pochoir-assiette-feuille\/#breadcrumb","itemListElement":[{"@type":"ListItem","position":1,"name":"Home","item":"https:\/\/chefpastry.ch\/"},{"@type":"ListItem","position":2,"name":"E-shop","item":"https:\/\/chefpastry.ch\/e-shop\/"},{"@type":"ListItem","position":3,"name":"POCHOIR ASSIETTE FEUILLE"}]},{"@type":"WebSite","@id":"https:\/\/chefpastry.ch\/#website","url":"https:\/\/chefpastry.ch\/","name":"Chef Pastry","description":"","publisher":{"@id":"https:\/\/chefpastry.ch\/#organization"},"potentialAction":[{"@type":"SearchAction","target":{"@type":"EntryPoint","urlTemplate":"https:\/\/chefpastry.ch\/?s={search_term_string}"},"query-input":{"@type":"PropertyValueSpecification","valueRequired":true,"valueName":"search_term_string"}}],"inLanguage":"de"},{"@type":"Organization","@id":"https:\/\/chefpastry.ch\/#organization","name":"Chef Pastry","url":"https:\/\/chefpastry.ch\/","logo":{"@type":"ImageObject","inLanguage":"de","@id":"https:\/\/chefpastry.ch\/#\/schema\/logo\/image\/","url":"https:\/\/chefpastry.ch\/wp-content\/uploads\/2022\/07\/cropped-chef_pastry_logo_rgb-03.png","contentUrl":"https:\/\/chefpastry.ch\/wp-content\/uploads\/2022\/07\/cropped-chef_pastry_logo_rgb-03.png","width":1545,"height":412,"caption":"Chef Pastry"},"image":{"@id":"https:\/\/chefpastry.ch\/#\/schema\/logo\/image\/"}}]},"product_price_amount":"12.50","product_price_currency":"CHF","og_availability":"instock","product_availability":"instock","product_retailer_item_id":"25.171.36.0065","product_condition":"new"},"_links":{"self":[{"href":"https:\/\/chefpastry.ch\/de\/wp-json\/wp\/v2\/product\/15526","targetHints":{"allow":["GET"]}}],"collection":[{"href":"https:\/\/chefpastry.ch\/de\/wp-json\/wp\/v2\/product"}],"about":[{"href":"https:\/\/chefpastry.ch\/de\/wp-json\/wp\/v2\/types\/product"}],"replies":[{"embeddable":true,"href":"https:\/\/chefpastry.ch\/de\/wp-json\/wp\/v2\/comments?post=15526"}],"version-history":[{"count":1,"href":"https:\/\/chefpastry.ch\/de\/wp-json\/wp\/v2\/product\/15526\/revisions"}],"predecessor-version":[{"id":16470,"href":"https:\/\/chefpastry.ch\/de\/wp-json\/wp\/v2\/product\/15526\/revisions\/16470"}],"wp:featuredmedia":[{"embeddable":true,"href":"https:\/\/chefpastry.ch\/de\/wp-json\/wp\/v2\/media\/15529"}],"wp:attachment":[{"href":"https:\/\/chefpastry.ch\/de\/wp-json\/wp\/v2\/media?parent=15526"}],"wp:term":[{"taxonomy":"product_brand","embeddable":true,"href":"https:\/\/chefpastry.ch\/de\/wp-json\/wp\/v2\/product_brand?post=15526"},{"taxonomy":"product_cat","embeddable":true,"href":"https:\/\/chefpastry.ch\/de\/wp-json\/wp\/v2\/product_cat?post=15526"},{"taxonomy":"product_tag","embeddable":true,"href":"https:\/\/chefpastry.ch\/de\/wp-json\/wp\/v2\/product_tag?post=15526"}],"curies":[{"name":"wp","href":"https:\/\/api.w.org\/{rel}","templated":true}]}}