{"id":15255,"date":"2024-05-15T16:19:45","date_gmt":"2024-05-15T14:19:45","guid":{"rendered":"https:\/\/chefpastry.ch\/?post_type=product&#038;p=15255"},"modified":"2025-04-14T14:29:09","modified_gmt":"2025-04-14T12:29:09","slug":"moule-silicone-atome-120","status":"publish","type":"product","link":"https:\/\/chefpastry.ch\/de\/produkt\/moule-silicone-atome-120\/","title":{"rendered":"MOULE ATOME 120"},"content":{"rendered":"<p>Die Silikonform <strong>Atome 120<\/strong> von bei <strong>Silikomart<\/strong>, donnera une touche originale et abstraite \u00e0 vos vitrines de portions individuelles.<\/p>\n<p>Atome 120 est compos\u00e9 de six cavit\u00e9s de 120 ml, est id\u00e9al pour les mousses et les parfaits \u00e9l\u00e9gants.<br \/>\nUtilisez le moule <strong>Tr\u00fcffel 40<\/strong> pour cr\u00e9er un <strong>einsatz<\/strong> parfait.<\/p>\n<p>Gestaltet mit <strong>Fran\u00e7ois Daubinet<\/strong><\/p>\n<ul>\n<li><strong>Taille:<\/strong> \u00f863 hauteur 55 mm<\/li>\n<li><strong>Volume:<\/strong> 6x 120 ml total 720 ml<\/li>\n<li><strong>Cavit\u00e9<\/strong>: 6 pcs.<\/li>\n<\/ul>\n<div data-role=\"title\"><\/div>\n<div class=\"section-title\" data-role=\"title\"><strong>Moule Silicone:<\/strong><\/div>\n<div data-role=\"title\">\n<div class=\"product-symbols\"><img decoding=\"async\" class=\"\" src=\"https:\/\/silikomart.bitoobi.cloud\/asset\/ba95d78a7c942571185308775a97a3a0\/ZGRRSmgzNnZrOWsvLg--\/SIMBOLI_IN_USO_2021-03.png\" alt=\"t_plus_230\" width=\"63\" height=\"62\" \/> <img decoding=\"async\" class=\"\" src=\"https:\/\/silikomart.bitoobi.cloud\/asset\/d3630410c51e60941a9001a46871070e\/ZGQ1ZHA5YXFtbkR3Mg--\/SIMBOLI_IN_USO_2021-02.png\" alt=\"t_minus_60\" width=\"63\" height=\"62\" \/> <img decoding=\"async\" class=\"\" src=\"https:\/\/silikomart.bitoobi.cloud\/asset\/8051a3c40561002834e59d566b7430cf\/ZGRnc2J2RmpSWEU4dw--\/SIMBOLI_IN_USO_2021-07.png\" alt=\"no_piastra\" width=\"63\" height=\"62\" \/> <img loading=\"lazy\" decoding=\"async\" class=\"\" src=\"https:\/\/silikomart.bitoobi.cloud\/asset\/d9896106ca98d3d05b8cbdf4fd8b13a1\/ZGRnZEQyTC9DaExMNg--\/SIMBOLI_IN_USO_2021-08.png\" alt=\"no_fiamma\" width=\"63\" height=\"62\" \/> <img loading=\"lazy\" decoding=\"async\" class=\"\" src=\"https:\/\/silikomart.bitoobi.cloud\/asset\/6c4bb406b3e7cd5447f7a76fd7008806\/ZGQ5YUQyYUhNbGouaw--\/SIMBOLI_IN_USO_2021-09.png\" alt=\"no_coltello\" width=\"63\" height=\"62\" \/> <img loading=\"lazy\" decoding=\"async\" class=\"\" src=\"https:\/\/silikomart.bitoobi.cloud\/asset\/f4aa0dd960521e045ae2f20621fb4ee9\/ZGRaNnRXa2YuNUtPMg--\/SIMBOLI_IN_USO_2021-06.png\" alt=\"lavastoviglie\" width=\"63\" height=\"62\" \/> <img loading=\"lazy\" decoding=\"async\" class=\"\" src=\"https:\/\/silikomart.bitoobi.cloud\/asset\/d60678e8f2ba9c540798ebbde31177e8\/ZGRsWEMueWdxM1NvRQ--\/SIMBOLI_IN_USO_2021-34.png\" alt=\"bpa_free\" width=\"63\" height=\"62\" \/> <img loading=\"lazy\" decoding=\"async\" class=\"\" src=\"https:\/\/silikomart.bitoobi.cloud\/asset\/91378b331327b40e564390c43cd6b2be\/ZGR6R3NSUmZZVDUxaw--\/SIMBOLI_IN_USO_2021-04.png\" alt=\"alimentare\" width=\"63\" height=\"62\" \/> <img loading=\"lazy\" decoding=\"async\" class=\"\" src=\"https:\/\/silikomart.bitoobi.cloud\/asset\/59dfa2df42d9e3d41f5b02bfc32229dd\/ZGRRYjI3eTNqc0dSMg--\/SIMBOLI_IN_USO_2021-01.png\" alt=\"100_platinum_silicone\" width=\"63\" height=\"62\" \/><\/div>\n<\/div>","protected":false},"excerpt":{"rendered":"<p>Le moule en silicone Atome 120 de chez Silikomart, donnera une touche originale et abstraite \u00e0 vos vitrines de portions individuelles.<\/p>\n<p>Atome 120 est compos\u00e9 de six cavit\u00e9s de 120 ml, est id\u00e9al pour les mousses et les parfaits \u00e9l\u00e9gants.<br \/>\nUtilisez le moule Truffles 40 pour cr\u00e9er un insert parfait.<\/p>","protected":false},"featured_media":15248,"comment_status":"open","ping_status":"closed","template":"","meta":{"_jet_sm_ready_style":"","_jet_sm_style":"","_jet_sm_controls_values":"","_jet_sm_fonts_collection":"","_jet_sm_fonts_links":"","_joinchat":[]},"product_brand":[],"product_cat":[23],"product_tag":[],"class_list":{"0":"post-15255","1":"product","2":"type-product","3":"status-publish","4":"has-post-thumbnail","6":"product_cat-multiformes","8":"first","9":"instock","10":"taxable","11":"shipping-taxable","12":"purchasable","13":"product-type-simple"},"yoast_head":"<!-- This site is optimized with the Yoast SEO plugin v27.0 - https:\/\/yoast.com\/product\/yoast-seo-wordpress\/ -->\n<title>MOULE ATOME 120 - Chef Pastry<\/title>\n<meta name=\"description\" content=\"Le moule en silicone Atome 120 de chez Silikomart, donnera une touche originale et abstraite \u00e0 vos vitrines de portions individuelles.  Atome 120 est compos\u00e9 de six cavit\u00e9s de 120 ml, est id\u00e9al pour les mousses et les parfaits \u00e9l\u00e9gants. Utilisez le moule Truffles 40 pour cr\u00e9er un insert parfait.\" \/>\n<meta name=\"robots\" content=\"index, follow, max-snippet:-1, max-image-preview:large, max-video-preview:-1\" \/>\n<link rel=\"canonical\" href=\"https:\/\/chefpastry.ch\/de\/produkt\/moule-silicone-atome-120\/\" \/>\n<meta property=\"og:locale\" content=\"de_DE\" \/>\n<meta property=\"og:type\" content=\"article\" \/>\n<meta property=\"og:title\" content=\"MOULE ATOME 120 - Chef Pastry\" \/>\n<meta property=\"og:description\" content=\"Le moule en silicone Atome 120 de chez Silikomart, donnera une touche originale et abstraite \u00e0 vos vitrines de portions individuelles.  Atome 120 est compos\u00e9 de six cavit\u00e9s de 120 ml, est id\u00e9al pour les mousses et les parfaits \u00e9l\u00e9gants. Utilisez le moule Truffles 40 pour cr\u00e9er un insert parfait.\" \/>\n<meta property=\"og:url\" content=\"https:\/\/chefpastry.ch\/de\/produkt\/moule-silicone-atome-120\/\" \/>\n<meta property=\"og:site_name\" content=\"Chef Pastry\" \/>\n<meta property=\"article:modified_time\" content=\"2025-04-14T12:29:09+00:00\" \/>\n<meta property=\"og:image\" content=\"https:\/\/chefpastry.ch\/wp-content\/uploads\/2024\/05\/ATOME-120-.webp\" \/>\n\t<meta property=\"og:image:width\" content=\"1200\" \/>\n\t<meta property=\"og:image:height\" content=\"1200\" \/>\n\t<meta property=\"og:image:type\" content=\"image\/webp\" \/>\n<meta name=\"twitter:card\" content=\"summary_large_image\" \/>\n<meta name=\"twitter:label1\" content=\"Preis\" \/>\n\t<meta name=\"twitter:data1\" content=\"&#067;&#072;&#070;&nbsp;28.00 TTC\" \/>\n\t<meta name=\"twitter:label2\" content=\"Verf\u00fcgbarkeit\" \/>\n\t<meta name=\"twitter:data2\" content=\"Auf Lager\" \/>\n<script type=\"application\/ld+json\" class=\"yoast-schema-graph\">{\"@context\":\"https:\/\/schema.org\",\"@graph\":[{\"@type\":\"WebPage\",\"@id\":\"https:\/\/chefpastry.ch\/produit\/moule-silicone-atome-120\/\",\"url\":\"https:\/\/chefpastry.ch\/produit\/moule-silicone-atome-120\/\",\"name\":\"MOULE ATOME 120 - Chef Pastry\",\"isPartOf\":{\"@id\":\"https:\/\/chefpastry.ch\/#website\"},\"primaryImageOfPage\":{\"@id\":\"https:\/\/chefpastry.ch\/produit\/moule-silicone-atome-120\/#primaryimage\"},\"image\":{\"@id\":\"https:\/\/chefpastry.ch\/produit\/moule-silicone-atome-120\/#primaryimage\"},\"thumbnailUrl\":\"https:\/\/chefpastry.ch\/wp-content\/uploads\/2024\/05\/ATOME-120-.webp\",\"datePublished\":\"2024-05-15T14:19:45+00:00\",\"dateModified\":\"2025-04-14T12:29:09+00:00\",\"description\":\"Le moule en silicone Atome 120 de chez Silikomart, donnera une touche originale et abstraite \u00e0 vos vitrines de portions individuelles. Atome 120 est compos\u00e9 de six cavit\u00e9s de 120 ml, est id\u00e9al pour les mousses et les parfaits \u00e9l\u00e9gants. Utilisez le moule Truffles 40 pour cr\u00e9er un insert parfait.\",\"breadcrumb\":{\"@id\":\"https:\/\/chefpastry.ch\/produit\/moule-silicone-atome-120\/#breadcrumb\"},\"inLanguage\":\"de\",\"potentialAction\":[{\"@type\":\"ReadAction\",\"target\":[\"https:\/\/chefpastry.ch\/produit\/moule-silicone-atome-120\/\"]}]},{\"@type\":\"ImageObject\",\"inLanguage\":\"de\",\"@id\":\"https:\/\/chefpastry.ch\/produit\/moule-silicone-atome-120\/#primaryimage\",\"url\":\"https:\/\/chefpastry.ch\/wp-content\/uploads\/2024\/05\/ATOME-120-.webp\",\"contentUrl\":\"https:\/\/chefpastry.ch\/wp-content\/uploads\/2024\/05\/ATOME-120-.webp\",\"width\":1200,\"height\":1200,\"caption\":\"moule silicone atome silikomart\"},{\"@type\":\"BreadcrumbList\",\"@id\":\"https:\/\/chefpastry.ch\/produit\/moule-silicone-atome-120\/#breadcrumb\",\"itemListElement\":[{\"@type\":\"ListItem\",\"position\":1,\"name\":\"Home\",\"item\":\"https:\/\/chefpastry.ch\/\"},{\"@type\":\"ListItem\",\"position\":2,\"name\":\"E-shop\",\"item\":\"https:\/\/chefpastry.ch\/e-shop\/\"},{\"@type\":\"ListItem\",\"position\":3,\"name\":\"MOULE ATOME 120\"}]},{\"@type\":\"WebSite\",\"@id\":\"https:\/\/chefpastry.ch\/#website\",\"url\":\"https:\/\/chefpastry.ch\/\",\"name\":\"Chef Pastry\",\"description\":\"\",\"publisher\":{\"@id\":\"https:\/\/chefpastry.ch\/#organization\"},\"potentialAction\":[{\"@type\":\"SearchAction\",\"target\":{\"@type\":\"EntryPoint\",\"urlTemplate\":\"https:\/\/chefpastry.ch\/?s={search_term_string}\"},\"query-input\":{\"@type\":\"PropertyValueSpecification\",\"valueRequired\":true,\"valueName\":\"search_term_string\"}}],\"inLanguage\":\"de\"},{\"@type\":\"Organization\",\"@id\":\"https:\/\/chefpastry.ch\/#organization\",\"name\":\"Chef Pastry\",\"url\":\"https:\/\/chefpastry.ch\/\",\"logo\":{\"@type\":\"ImageObject\",\"inLanguage\":\"de\",\"@id\":\"https:\/\/chefpastry.ch\/#\/schema\/logo\/image\/\",\"url\":\"https:\/\/chefpastry.ch\/wp-content\/uploads\/2022\/07\/cropped-chef_pastry_logo_rgb-03.png\",\"contentUrl\":\"https:\/\/chefpastry.ch\/wp-content\/uploads\/2022\/07\/cropped-chef_pastry_logo_rgb-03.png\",\"width\":1545,\"height\":412,\"caption\":\"Chef Pastry\"},\"image\":{\"@id\":\"https:\/\/chefpastry.ch\/#\/schema\/logo\/image\/\"}}]}<\/script>\n<meta property=\"product:price:amount\" content=\"28.00\" \/>\n<meta property=\"product:price:currency\" content=\"CHF\" \/>\n<meta property=\"og:availability\" content=\"instock\" \/>\n<meta property=\"product:availability\" content=\"instock\" \/>\n<meta property=\"product:retailer_item_id\" content=\"36.422.87.0065\" \/>\n<meta property=\"product:condition\" content=\"new\" \/>\n<!-- \/ Yoast SEO plugin. -->","yoast_head_json":{"title":"MOULE ATOME 120 - Chef Pastry","description":"Le moule en silicone Atome 120 de chez Silikomart, donnera une touche originale et abstraite \u00e0 vos vitrines de portions individuelles.  Atome 120 est compos\u00e9 de six cavit\u00e9s de 120 ml, est id\u00e9al pour les mousses et les parfaits \u00e9l\u00e9gants. Utilisez le moule Truffles 40 pour cr\u00e9er un insert parfait.","robots":{"index":"index","follow":"follow","max-snippet":"max-snippet:-1","max-image-preview":"max-image-preview:large","max-video-preview":"max-video-preview:-1"},"canonical":"https:\/\/chefpastry.ch\/de\/produkt\/moule-silicone-atome-120\/","og_locale":"de_DE","og_type":"article","og_title":"MOULE ATOME 120 - Chef Pastry","og_description":"Le moule en silicone Atome 120 de chez Silikomart, donnera une touche originale et abstraite \u00e0 vos vitrines de portions individuelles.  Atome 120 est compos\u00e9 de six cavit\u00e9s de 120 ml, est id\u00e9al pour les mousses et les parfaits \u00e9l\u00e9gants. Utilisez le moule Truffles 40 pour cr\u00e9er un insert parfait.","og_url":"https:\/\/chefpastry.ch\/de\/produkt\/moule-silicone-atome-120\/","og_site_name":"Chef Pastry","article_modified_time":"2025-04-14T12:29:09+00:00","og_image":[{"width":1200,"height":1200,"url":"https:\/\/chefpastry.ch\/wp-content\/uploads\/2024\/05\/ATOME-120-.webp","type":"image\/webp"}],"twitter_card":"summary_large_image","twitter_misc":{"Preis":"&#67;&#72;&#70;&nbsp;28.00 TTC","Verf\u00fcgbarkeit":"Auf Lager"},"schema":{"@context":"https:\/\/schema.org","@graph":[{"@type":"WebPage","@id":"https:\/\/chefpastry.ch\/produit\/moule-silicone-atome-120\/","url":"https:\/\/chefpastry.ch\/produit\/moule-silicone-atome-120\/","name":"MOULE ATOME 120 - Chef Pastry","isPartOf":{"@id":"https:\/\/chefpastry.ch\/#website"},"primaryImageOfPage":{"@id":"https:\/\/chefpastry.ch\/produit\/moule-silicone-atome-120\/#primaryimage"},"image":{"@id":"https:\/\/chefpastry.ch\/produit\/moule-silicone-atome-120\/#primaryimage"},"thumbnailUrl":"https:\/\/chefpastry.ch\/wp-content\/uploads\/2024\/05\/ATOME-120-.webp","datePublished":"2024-05-15T14:19:45+00:00","dateModified":"2025-04-14T12:29:09+00:00","description":"Le moule en silicone Atome 120 de chez Silikomart, donnera une touche originale et abstraite \u00e0 vos vitrines de portions individuelles. Atome 120 est compos\u00e9 de six cavit\u00e9s de 120 ml, est id\u00e9al pour les mousses et les parfaits \u00e9l\u00e9gants. Utilisez le moule Truffles 40 pour cr\u00e9er un insert parfait.","breadcrumb":{"@id":"https:\/\/chefpastry.ch\/produit\/moule-silicone-atome-120\/#breadcrumb"},"inLanguage":"de","potentialAction":[{"@type":"ReadAction","target":["https:\/\/chefpastry.ch\/produit\/moule-silicone-atome-120\/"]}]},{"@type":"ImageObject","inLanguage":"de","@id":"https:\/\/chefpastry.ch\/produit\/moule-silicone-atome-120\/#primaryimage","url":"https:\/\/chefpastry.ch\/wp-content\/uploads\/2024\/05\/ATOME-120-.webp","contentUrl":"https:\/\/chefpastry.ch\/wp-content\/uploads\/2024\/05\/ATOME-120-.webp","width":1200,"height":1200,"caption":"moule silicone atome silikomart"},{"@type":"BreadcrumbList","@id":"https:\/\/chefpastry.ch\/produit\/moule-silicone-atome-120\/#breadcrumb","itemListElement":[{"@type":"ListItem","position":1,"name":"Home","item":"https:\/\/chefpastry.ch\/"},{"@type":"ListItem","position":2,"name":"E-shop","item":"https:\/\/chefpastry.ch\/e-shop\/"},{"@type":"ListItem","position":3,"name":"MOULE ATOME 120"}]},{"@type":"WebSite","@id":"https:\/\/chefpastry.ch\/#website","url":"https:\/\/chefpastry.ch\/","name":"Chef Pastry","description":"","publisher":{"@id":"https:\/\/chefpastry.ch\/#organization"},"potentialAction":[{"@type":"SearchAction","target":{"@type":"EntryPoint","urlTemplate":"https:\/\/chefpastry.ch\/?s={search_term_string}"},"query-input":{"@type":"PropertyValueSpecification","valueRequired":true,"valueName":"search_term_string"}}],"inLanguage":"de"},{"@type":"Organization","@id":"https:\/\/chefpastry.ch\/#organization","name":"Chef Pastry","url":"https:\/\/chefpastry.ch\/","logo":{"@type":"ImageObject","inLanguage":"de","@id":"https:\/\/chefpastry.ch\/#\/schema\/logo\/image\/","url":"https:\/\/chefpastry.ch\/wp-content\/uploads\/2022\/07\/cropped-chef_pastry_logo_rgb-03.png","contentUrl":"https:\/\/chefpastry.ch\/wp-content\/uploads\/2022\/07\/cropped-chef_pastry_logo_rgb-03.png","width":1545,"height":412,"caption":"Chef Pastry"},"image":{"@id":"https:\/\/chefpastry.ch\/#\/schema\/logo\/image\/"}}]},"product_price_amount":"28.00","product_price_currency":"CHF","og_availability":"instock","product_availability":"instock","product_retailer_item_id":"36.422.87.0065","product_condition":"new"},"_links":{"self":[{"href":"https:\/\/chefpastry.ch\/de\/wp-json\/wp\/v2\/product\/15255","targetHints":{"allow":["GET"]}}],"collection":[{"href":"https:\/\/chefpastry.ch\/de\/wp-json\/wp\/v2\/product"}],"about":[{"href":"https:\/\/chefpastry.ch\/de\/wp-json\/wp\/v2\/types\/product"}],"replies":[{"embeddable":true,"href":"https:\/\/chefpastry.ch\/de\/wp-json\/wp\/v2\/comments?post=15255"}],"version-history":[{"count":1,"href":"https:\/\/chefpastry.ch\/de\/wp-json\/wp\/v2\/product\/15255\/revisions"}],"predecessor-version":[{"id":16308,"href":"https:\/\/chefpastry.ch\/de\/wp-json\/wp\/v2\/product\/15255\/revisions\/16308"}],"wp:featuredmedia":[{"embeddable":true,"href":"https:\/\/chefpastry.ch\/de\/wp-json\/wp\/v2\/media\/15248"}],"wp:attachment":[{"href":"https:\/\/chefpastry.ch\/de\/wp-json\/wp\/v2\/media?parent=15255"}],"wp:term":[{"taxonomy":"product_brand","embeddable":true,"href":"https:\/\/chefpastry.ch\/de\/wp-json\/wp\/v2\/product_brand?post=15255"},{"taxonomy":"product_cat","embeddable":true,"href":"https:\/\/chefpastry.ch\/de\/wp-json\/wp\/v2\/product_cat?post=15255"},{"taxonomy":"product_tag","embeddable":true,"href":"https:\/\/chefpastry.ch\/de\/wp-json\/wp\/v2\/product_tag?post=15255"}],"curies":[{"name":"wp","href":"https:\/\/api.w.org\/{rel}","templated":true}]}}