{"id":15173,"date":"2024-04-10T15:58:44","date_gmt":"2024-04-10T13:58:44","guid":{"rendered":"https:\/\/chefpastry.ch\/?post_type=product&#038;p=15173"},"modified":"2025-04-14T11:59:27","modified_gmt":"2025-04-14T09:59:27","slug":"moule-a-chocolat-3d-coq-2-pieces","status":"publish","type":"product","link":"https:\/\/chefpastry.ch\/de\/produkt\/moule-a-chocolat-3d-coq-2-pieces\/","title":{"rendered":"MOULE A CHOCOLAT 3D COQ, 2 PI\u00c8CES"},"content":{"rendered":"<h4><strong>Le parfait moule a chocolat COQ en 3D de chez Martellato<br \/>\n<\/strong><\/h4>\n<p>Le moule \u00e0 chocolat <strong>MS HEN<\/strong> permet de r\u00e9aliser des<strong> COQ en 3D <\/strong>avec un corps creux, gr\u00e2ce aux deux parties reli\u00e9es par des charni\u00e8res et des crochets qui garantissent un r\u00e9sultat parfait.<\/p>\n<p>R\u00e9alisez des figurine en chocolat faite maison, parfaite pour les petits et les grands.<br \/>\nMoulez avec vos enfants de jolis cadeaux pour grand-m\u00e8re, grand-p\u00e8re, parrain et marraine ou cr\u00e9ez une figurine sp\u00e9ciale pour vos proches.<\/p>\n<p>Die <strong>Polycarbonat<\/strong> est un mat\u00e9riau tr\u00e8s stable, tu peux donc mouler de nouvelles figurines au tant de fois que tu veux.<\/p>\n<ul>\n<li><strong>Couleur:<\/strong> Transparente<\/li>\n<li><strong>Taille de l&rsquo;article:<\/strong> 275 x 205 mm<\/li>\n<li><strong>Misura Ms Hen:<\/strong> 126 x 81 h 150 mm<\/li>\n<li><strong>Productivit\u00e9 de l&rsquo;article:<\/strong>\u00a0 2 pcs<\/li>\n<li><strong>Poids du produit fini:<\/strong> ~ 54 gr<\/li>\n<\/ul>\n<p>&nbsp;<\/p>\n<p><strong>Instructions de lavage<\/strong>: Rincer \u00e0 l&rsquo;eau chaude utilisant une serviette en microfibre pour enlever l\u00e9g\u00e8rement l&rsquo;exc\u00e8s de chocolat et s\u00e9cher avec une serviette en microfibre ou une serviette en papier. Ne mettez jamais les moules au lave-vaisselle et n&rsquo;utilisez pas de produits chimiques agressifs.<\/p>\n<p>Et vous perdriez ainsi l&rsquo;\u00e9clat de votre <strong>Schokolade<\/strong>. Une fois sec, polissez chaque cavit\u00e9 \u00e0 l&rsquo;aide d&rsquo;une boule de coton, d&rsquo;une serviette en microfibre ou d&rsquo;une serviette en papier douce. N&rsquo;utilisez jamais d&rsquo;essuie-mains ou d&rsquo;\u00e9ponges ordinaires sur les moules, car ils risquent de les rayer.<\/p>\n<p>Fabriqu\u00e9 en Italie<\/p>","protected":false},"excerpt":{"rendered":"<h4><strong>Le parfait moule a chocolat COQ en 3D<\/strong><\/h4>\n<p>Le moule \u00e0 chocolat <strong>MS HEN<\/strong> permet de r\u00e9aliser des COQ en <strong>3D<\/strong> avec un corps creux, gr\u00e2ce aux deux parties reli\u00e9es par des charni\u00e8res et des crochets qui garantissent un r\u00e9sultat parfait.<\/p>","protected":false},"featured_media":15176,"comment_status":"open","ping_status":"closed","template":"","meta":{"_jet_sm_ready_style":"","_jet_sm_style":"","_jet_sm_controls_values":"","_jet_sm_fonts_collection":"","_jet_sm_fonts_links":"","_joinchat":[]},"product_brand":[],"product_cat":[53,180],"product_tag":[],"class_list":{"0":"post-15173","1":"product","2":"type-product","3":"status-publish","4":"has-post-thumbnail","6":"product_cat-chocolats","7":"product_cat-paques","9":"first","10":"instock","11":"taxable","12":"shipping-taxable","13":"purchasable","14":"product-type-simple"},"yoast_head":"<!-- This site is optimized with the Yoast SEO plugin v27.0 - https:\/\/yoast.com\/product\/yoast-seo-wordpress\/ -->\n<title>MOULE A CHOCOLAT 3D COQ, 2 PI\u00c8CES - Chef Pastry<\/title>\n<meta name=\"description\" content=\"Le moule a chocolat COQ en 3D. Le moule \u00e0 chocolat MS HEN permet de r\u00e9aliser 2 COQ en 3D avec un corps creux reli\u00e9es par des charni\u00e8res et des crochets.\" \/>\n<meta name=\"robots\" content=\"index, follow, max-snippet:-1, max-image-preview:large, max-video-preview:-1\" \/>\n<link rel=\"canonical\" href=\"https:\/\/chefpastry.ch\/de\/produkt\/moule-a-chocolat-3d-coq-2-pieces\/\" \/>\n<meta property=\"og:locale\" content=\"de_DE\" \/>\n<meta property=\"og:type\" content=\"article\" \/>\n<meta property=\"og:title\" content=\"MOULE A CHOCOLAT 3D COQ, 2 PI\u00c8CES - Chef Pastry\" \/>\n<meta property=\"og:description\" content=\"Le moule a chocolat COQ en 3D. Le moule \u00e0 chocolat MS HEN permet de r\u00e9aliser 2 COQ en 3D avec un corps creux reli\u00e9es par des charni\u00e8res et des crochets.\" \/>\n<meta property=\"og:url\" content=\"https:\/\/chefpastry.ch\/de\/produkt\/moule-a-chocolat-3d-coq-2-pieces\/\" \/>\n<meta property=\"og:site_name\" content=\"Chef Pastry\" \/>\n<meta property=\"article:modified_time\" content=\"2025-04-14T09:59:27+00:00\" \/>\n<meta property=\"og:image\" content=\"https:\/\/chefpastry.ch\/wp-content\/uploads\/2024\/04\/MS-HEN.jpg\" \/>\n\t<meta property=\"og:image:width\" content=\"1000\" \/>\n\t<meta property=\"og:image:height\" content=\"1000\" \/>\n\t<meta property=\"og:image:type\" content=\"image\/jpeg\" \/>\n<meta name=\"twitter:card\" content=\"summary_large_image\" \/>\n<meta name=\"twitter:label1\" content=\"Preis\" \/>\n\t<meta name=\"twitter:data1\" content=\"&#067;&#072;&#070;&nbsp;55.00 TTC\" \/>\n\t<meta name=\"twitter:label2\" content=\"Verf\u00fcgbarkeit\" \/>\n\t<meta name=\"twitter:data2\" content=\"Auf Lager\" \/>\n<script type=\"application\/ld+json\" class=\"yoast-schema-graph\">{\"@context\":\"https:\/\/schema.org\",\"@graph\":[{\"@type\":\"WebPage\",\"@id\":\"https:\/\/chefpastry.ch\/produit\/moule-a-chocolat-3d-coq-2-pieces\/\",\"url\":\"https:\/\/chefpastry.ch\/produit\/moule-a-chocolat-3d-coq-2-pieces\/\",\"name\":\"MOULE A CHOCOLAT 3D COQ, 2 PI\u00c8CES - Chef Pastry\",\"isPartOf\":{\"@id\":\"https:\/\/chefpastry.ch\/#website\"},\"primaryImageOfPage\":{\"@id\":\"https:\/\/chefpastry.ch\/produit\/moule-a-chocolat-3d-coq-2-pieces\/#primaryimage\"},\"image\":{\"@id\":\"https:\/\/chefpastry.ch\/produit\/moule-a-chocolat-3d-coq-2-pieces\/#primaryimage\"},\"thumbnailUrl\":\"https:\/\/chefpastry.ch\/wp-content\/uploads\/2024\/04\/MS-HEN.jpg\",\"datePublished\":\"2024-04-10T13:58:44+00:00\",\"dateModified\":\"2025-04-14T09:59:27+00:00\",\"description\":\"Le moule a chocolat COQ en 3D. Le moule \u00e0 chocolat MS HEN permet de r\u00e9aliser 2 COQ en 3D avec un corps creux reli\u00e9es par des charni\u00e8res et des crochets.\",\"breadcrumb\":{\"@id\":\"https:\/\/chefpastry.ch\/produit\/moule-a-chocolat-3d-coq-2-pieces\/#breadcrumb\"},\"inLanguage\":\"de\",\"potentialAction\":[{\"@type\":\"ReadAction\",\"target\":[\"https:\/\/chefpastry.ch\/produit\/moule-a-chocolat-3d-coq-2-pieces\/\"]}]},{\"@type\":\"ImageObject\",\"inLanguage\":\"de\",\"@id\":\"https:\/\/chefpastry.ch\/produit\/moule-a-chocolat-3d-coq-2-pieces\/#primaryimage\",\"url\":\"https:\/\/chefpastry.ch\/wp-content\/uploads\/2024\/04\/MS-HEN.jpg\",\"contentUrl\":\"https:\/\/chefpastry.ch\/wp-content\/uploads\/2024\/04\/MS-HEN.jpg\",\"width\":1000,\"height\":1000,\"caption\":\"moule chocolat coq martellato\"},{\"@type\":\"BreadcrumbList\",\"@id\":\"https:\/\/chefpastry.ch\/produit\/moule-a-chocolat-3d-coq-2-pieces\/#breadcrumb\",\"itemListElement\":[{\"@type\":\"ListItem\",\"position\":1,\"name\":\"Home\",\"item\":\"https:\/\/chefpastry.ch\/\"},{\"@type\":\"ListItem\",\"position\":2,\"name\":\"E-shop\",\"item\":\"https:\/\/chefpastry.ch\/e-shop\/\"},{\"@type\":\"ListItem\",\"position\":3,\"name\":\"MOULE A CHOCOLAT 3D COQ, 2 PI\u00c8CES\"}]},{\"@type\":\"WebSite\",\"@id\":\"https:\/\/chefpastry.ch\/#website\",\"url\":\"https:\/\/chefpastry.ch\/\",\"name\":\"Chef Pastry\",\"description\":\"\",\"publisher\":{\"@id\":\"https:\/\/chefpastry.ch\/#organization\"},\"potentialAction\":[{\"@type\":\"SearchAction\",\"target\":{\"@type\":\"EntryPoint\",\"urlTemplate\":\"https:\/\/chefpastry.ch\/?s={search_term_string}\"},\"query-input\":{\"@type\":\"PropertyValueSpecification\",\"valueRequired\":true,\"valueName\":\"search_term_string\"}}],\"inLanguage\":\"de\"},{\"@type\":\"Organization\",\"@id\":\"https:\/\/chefpastry.ch\/#organization\",\"name\":\"Chef Pastry\",\"url\":\"https:\/\/chefpastry.ch\/\",\"logo\":{\"@type\":\"ImageObject\",\"inLanguage\":\"de\",\"@id\":\"https:\/\/chefpastry.ch\/#\/schema\/logo\/image\/\",\"url\":\"https:\/\/chefpastry.ch\/wp-content\/uploads\/2022\/07\/cropped-chef_pastry_logo_rgb-03.png\",\"contentUrl\":\"https:\/\/chefpastry.ch\/wp-content\/uploads\/2022\/07\/cropped-chef_pastry_logo_rgb-03.png\",\"width\":1545,\"height\":412,\"caption\":\"Chef Pastry\"},\"image\":{\"@id\":\"https:\/\/chefpastry.ch\/#\/schema\/logo\/image\/\"}}]}<\/script>\n<meta property=\"product:price:amount\" content=\"55.00\" \/>\n<meta property=\"product:price:currency\" content=\"CHF\" \/>\n<meta property=\"og:availability\" content=\"instock\" \/>\n<meta property=\"product:availability\" content=\"instock\" \/>\n<meta property=\"product:retailer_item_id\" content=\"21SR005G\" \/>\n<meta property=\"product:condition\" content=\"new\" \/>\n<!-- \/ Yoast SEO plugin. -->","yoast_head_json":{"title":"MOULE A CHOCOLAT 3D COQ, 2 PI\u00c8CES - Chef Pastry","description":"Le moule a chocolat COQ en 3D. Le moule \u00e0 chocolat MS HEN permet de r\u00e9aliser 2 COQ en 3D avec un corps creux reli\u00e9es par des charni\u00e8res et des crochets.","robots":{"index":"index","follow":"follow","max-snippet":"max-snippet:-1","max-image-preview":"max-image-preview:large","max-video-preview":"max-video-preview:-1"},"canonical":"https:\/\/chefpastry.ch\/de\/produkt\/moule-a-chocolat-3d-coq-2-pieces\/","og_locale":"de_DE","og_type":"article","og_title":"MOULE A CHOCOLAT 3D COQ, 2 PI\u00c8CES - Chef Pastry","og_description":"Le moule a chocolat COQ en 3D. Le moule \u00e0 chocolat MS HEN permet de r\u00e9aliser 2 COQ en 3D avec un corps creux reli\u00e9es par des charni\u00e8res et des crochets.","og_url":"https:\/\/chefpastry.ch\/de\/produkt\/moule-a-chocolat-3d-coq-2-pieces\/","og_site_name":"Chef Pastry","article_modified_time":"2025-04-14T09:59:27+00:00","og_image":[{"width":1000,"height":1000,"url":"https:\/\/chefpastry.ch\/wp-content\/uploads\/2024\/04\/MS-HEN.jpg","type":"image\/jpeg"}],"twitter_card":"summary_large_image","twitter_misc":{"Preis":"&#67;&#72;&#70;&nbsp;55.00 TTC","Verf\u00fcgbarkeit":"Auf Lager"},"schema":{"@context":"https:\/\/schema.org","@graph":[{"@type":"WebPage","@id":"https:\/\/chefpastry.ch\/produit\/moule-a-chocolat-3d-coq-2-pieces\/","url":"https:\/\/chefpastry.ch\/produit\/moule-a-chocolat-3d-coq-2-pieces\/","name":"MOULE A CHOCOLAT 3D COQ, 2 PI\u00c8CES - Chef Pastry","isPartOf":{"@id":"https:\/\/chefpastry.ch\/#website"},"primaryImageOfPage":{"@id":"https:\/\/chefpastry.ch\/produit\/moule-a-chocolat-3d-coq-2-pieces\/#primaryimage"},"image":{"@id":"https:\/\/chefpastry.ch\/produit\/moule-a-chocolat-3d-coq-2-pieces\/#primaryimage"},"thumbnailUrl":"https:\/\/chefpastry.ch\/wp-content\/uploads\/2024\/04\/MS-HEN.jpg","datePublished":"2024-04-10T13:58:44+00:00","dateModified":"2025-04-14T09:59:27+00:00","description":"Le moule a chocolat COQ en 3D. Le moule \u00e0 chocolat MS HEN permet de r\u00e9aliser 2 COQ en 3D avec un corps creux reli\u00e9es par des charni\u00e8res et des crochets.","breadcrumb":{"@id":"https:\/\/chefpastry.ch\/produit\/moule-a-chocolat-3d-coq-2-pieces\/#breadcrumb"},"inLanguage":"de","potentialAction":[{"@type":"ReadAction","target":["https:\/\/chefpastry.ch\/produit\/moule-a-chocolat-3d-coq-2-pieces\/"]}]},{"@type":"ImageObject","inLanguage":"de","@id":"https:\/\/chefpastry.ch\/produit\/moule-a-chocolat-3d-coq-2-pieces\/#primaryimage","url":"https:\/\/chefpastry.ch\/wp-content\/uploads\/2024\/04\/MS-HEN.jpg","contentUrl":"https:\/\/chefpastry.ch\/wp-content\/uploads\/2024\/04\/MS-HEN.jpg","width":1000,"height":1000,"caption":"moule chocolat coq martellato"},{"@type":"BreadcrumbList","@id":"https:\/\/chefpastry.ch\/produit\/moule-a-chocolat-3d-coq-2-pieces\/#breadcrumb","itemListElement":[{"@type":"ListItem","position":1,"name":"Home","item":"https:\/\/chefpastry.ch\/"},{"@type":"ListItem","position":2,"name":"E-shop","item":"https:\/\/chefpastry.ch\/e-shop\/"},{"@type":"ListItem","position":3,"name":"MOULE A CHOCOLAT 3D COQ, 2 PI\u00c8CES"}]},{"@type":"WebSite","@id":"https:\/\/chefpastry.ch\/#website","url":"https:\/\/chefpastry.ch\/","name":"Chef Pastry","description":"","publisher":{"@id":"https:\/\/chefpastry.ch\/#organization"},"potentialAction":[{"@type":"SearchAction","target":{"@type":"EntryPoint","urlTemplate":"https:\/\/chefpastry.ch\/?s={search_term_string}"},"query-input":{"@type":"PropertyValueSpecification","valueRequired":true,"valueName":"search_term_string"}}],"inLanguage":"de"},{"@type":"Organization","@id":"https:\/\/chefpastry.ch\/#organization","name":"Chef Pastry","url":"https:\/\/chefpastry.ch\/","logo":{"@type":"ImageObject","inLanguage":"de","@id":"https:\/\/chefpastry.ch\/#\/schema\/logo\/image\/","url":"https:\/\/chefpastry.ch\/wp-content\/uploads\/2022\/07\/cropped-chef_pastry_logo_rgb-03.png","contentUrl":"https:\/\/chefpastry.ch\/wp-content\/uploads\/2022\/07\/cropped-chef_pastry_logo_rgb-03.png","width":1545,"height":412,"caption":"Chef Pastry"},"image":{"@id":"https:\/\/chefpastry.ch\/#\/schema\/logo\/image\/"}}]},"product_price_amount":"55.00","product_price_currency":"CHF","og_availability":"instock","product_availability":"instock","product_retailer_item_id":"21SR005G","product_condition":"new"},"_links":{"self":[{"href":"https:\/\/chefpastry.ch\/de\/wp-json\/wp\/v2\/product\/15173","targetHints":{"allow":["GET"]}}],"collection":[{"href":"https:\/\/chefpastry.ch\/de\/wp-json\/wp\/v2\/product"}],"about":[{"href":"https:\/\/chefpastry.ch\/de\/wp-json\/wp\/v2\/types\/product"}],"replies":[{"embeddable":true,"href":"https:\/\/chefpastry.ch\/de\/wp-json\/wp\/v2\/comments?post=15173"}],"version-history":[{"count":1,"href":"https:\/\/chefpastry.ch\/de\/wp-json\/wp\/v2\/product\/15173\/revisions"}],"predecessor-version":[{"id":16307,"href":"https:\/\/chefpastry.ch\/de\/wp-json\/wp\/v2\/product\/15173\/revisions\/16307"}],"wp:featuredmedia":[{"embeddable":true,"href":"https:\/\/chefpastry.ch\/de\/wp-json\/wp\/v2\/media\/15176"}],"wp:attachment":[{"href":"https:\/\/chefpastry.ch\/de\/wp-json\/wp\/v2\/media?parent=15173"}],"wp:term":[{"taxonomy":"product_brand","embeddable":true,"href":"https:\/\/chefpastry.ch\/de\/wp-json\/wp\/v2\/product_brand?post=15173"},{"taxonomy":"product_cat","embeddable":true,"href":"https:\/\/chefpastry.ch\/de\/wp-json\/wp\/v2\/product_cat?post=15173"},{"taxonomy":"product_tag","embeddable":true,"href":"https:\/\/chefpastry.ch\/de\/wp-json\/wp\/v2\/product_tag?post=15173"}],"curies":[{"name":"wp","href":"https:\/\/api.w.org\/{rel}","templated":true}]}}