{"id":15103,"date":"2024-04-04T16:34:30","date_gmt":"2024-04-04T14:34:30","guid":{"rendered":"https:\/\/chefpastry.ch\/?post_type=product&#038;p=15103"},"modified":"2025-09-25T10:54:18","modified_gmt":"2025-09-25T08:54:18","slug":"drip-top-rouge-martellato","status":"publish","type":"product","link":"https:\/\/chefpastry.ch\/de\/produkt\/drip-top-rouge-martellato\/","title":{"rendered":"DRIP CAKE ROUGE"},"content":{"rendered":"<h5>Le Drip Top rouge (cerise) de chez Martellato est un accessoire sp\u00e9cialement con\u00e7u pour les amateurs ou professionnel de la p\u00e2tisserie et de cake design.<br \/>\nCe produit est con\u00e7u pour ajouter une touche d&rsquo;\u00e9l\u00e9gance et de sophistication \u00e0 vos cr\u00e9ations culinaires, en particulier aux g\u00e2teaux.<\/h5>\n<ul>\n<li><strong>Utilisation:<\/strong> Pour ce faire, place la bouteille sans couvercle pendant 30 secondes dans le micro-ondes 800 W, referme-la ensuite avec le couvercle et secoue-la bien pendant 1 minute. Si tu n&rsquo;as pas de micro-ondes, tu peux aussi placer la bouteille de gla\u00e7age pour drip cake dans un bain d&rsquo;eau ti\u00e8de pendant environ 5 minutes et bien l&rsquo;agiter ensuite.<\/li>\n<li><strong>Le gla\u00e7age<\/strong> peut alors \u00eatre facilement dispos\u00e9 et r\u00e9parti sur le g\u00e2teau ou la tarte \u00e0 l&rsquo;aide de l&rsquo;ouverture \u00e9troite de la bouteille. Pour finir, appliquer sur le gla\u00e7age Drip Cake plusieurs d\u00e9corations telles que : des meringues, du chocolat \u00e0 la casse, des fruits, des fleurs ou des d\u00e9corations \u00e0 saupoudrer.<\/li>\n<li><strong>Le Drip Top termin\u00e9<\/strong> doit \u00eatre conserv\u00e9 au r\u00e9frig\u00e9rateur ou dans un endroit plus frais.<\/li>\n<\/ul>\n<p>&nbsp;<\/p>\n<p>Le Drip Top rouge de chez Martellato est un accessoire qui vous permettra d&rsquo;ajouter une touche professionnelle \u00e0 vos cr\u00e9ations de p\u00e2tisserie et de cake design. Que vous soyez un p\u00e2tissier amateur ou professionnel, ce produit vous aidera \u00e0 r\u00e9aliser des desserts impressionnants et d\u00e9licieux.<\/p>\n<ul>\n<li><strong>Contenance: 180g<\/strong><\/li>\n<li><strong>Sans Gluten &#8211; Sans azo\u00efques<\/strong><\/li>\n<li><strong>Peut contenir des traces de lait, de sulfites et de soja<\/strong><\/li>\n<\/ul>\n<p>&nbsp;<\/p>\n<p><strong>Ingr\u00e9dients:<\/strong> sucre, mati\u00e8re grasse v\u00e9g\u00e9tale (palme, palmiste non hydrog\u00e9n\u00e9), beurre de cacao, \u00e9paississant: E1422, \u00e9mulsifiant: l\u00e9cithine de Soya, colorant: E101, colorant: E129, ar\u00f4me, conservateur: E306, colorant E120<\/p>\n<p><strong><a class=\"h3\">Valeurs nutritives pour 100 g<\/a><\/strong><\/p>\n<p>\u00c9nergie: 2625 kJ, 621 kcal<br \/>\nGraisses: (dont satur\u00e9es) 46 g (37 g)<br \/>\nGlucides: (dont sucres) 53 g (48 g)<br \/>\nProt\u00e9ines: 0 g<br \/>\nSel: 0,01g<\/p>","protected":false},"excerpt":{"rendered":"<p>Le Drip Top rouge (cerise) de chez Martellato est un accessoire sp\u00e9cialement con\u00e7u pour les amateurs ou professionnel de la p\u00e2tisserie et de cake design.<br \/>\nCe produit est con\u00e7u pour ajouter une touche d&rsquo;\u00e9l\u00e9gance et de sophistication \u00e0 vos cr\u00e9ations culinaires, en particulier aux g\u00e2teaux.<\/p>","protected":false},"featured_media":15107,"comment_status":"open","ping_status":"closed","template":"","meta":{"_jet_sm_ready_style":"","_jet_sm_style":"","_jet_sm_controls_values":"","_jet_sm_fonts_collection":"","_jet_sm_fonts_links":"","_joinchat":[]},"product_brand":[],"product_cat":[53,50],"product_tag":[],"class_list":{"0":"post-15103","1":"product","2":"type-product","3":"status-publish","4":"has-post-thumbnail","6":"product_cat-chocolats","7":"product_cat-decoration","9":"first","10":"outofstock","11":"taxable","12":"shipping-taxable","13":"purchasable","14":"product-type-simple"},"yoast_head":"<!-- This site is optimized with the Yoast SEO plugin v27.0 - https:\/\/yoast.com\/product\/yoast-seo-wordpress\/ -->\n<title>DRIP CAKE ROUGE - Chef Pastry<\/title>\n<meta name=\"description\" content=\"Le Drip Top rouge Martelatto est un accessoire sp\u00e9cialement con\u00e7u pour les amateurs ou professionnel de p\u00e2tisserie et de cake design.\" \/>\n<meta name=\"robots\" content=\"index, follow, max-snippet:-1, max-image-preview:large, max-video-preview:-1\" \/>\n<link rel=\"canonical\" href=\"https:\/\/chefpastry.ch\/de\/produkt\/drip-top-rouge-martellato\/\" \/>\n<meta property=\"og:locale\" content=\"de_DE\" \/>\n<meta property=\"og:type\" content=\"article\" \/>\n<meta property=\"og:title\" content=\"DRIP CAKE ROUGE - Chef Pastry\" \/>\n<meta property=\"og:description\" content=\"Le Drip Top rouge Martelatto est un accessoire sp\u00e9cialement con\u00e7u pour les amateurs ou professionnel de p\u00e2tisserie et de cake design.\" \/>\n<meta property=\"og:url\" content=\"https:\/\/chefpastry.ch\/de\/produkt\/drip-top-rouge-martellato\/\" \/>\n<meta property=\"og:site_name\" content=\"Chef Pastry\" \/>\n<meta property=\"article:modified_time\" content=\"2025-09-25T08:54:18+00:00\" \/>\n<meta property=\"og:image\" content=\"https:\/\/chefpastry.ch\/wp-content\/uploads\/2024\/04\/Drip-Top-Cherry-Red.webp\" \/>\n\t<meta property=\"og:image:width\" content=\"510\" \/>\n\t<meta property=\"og:image:height\" content=\"510\" \/>\n\t<meta property=\"og:image:type\" content=\"image\/webp\" \/>\n<meta name=\"twitter:card\" content=\"summary_large_image\" \/>\n<meta name=\"twitter:label1\" content=\"Preis\" \/>\n\t<meta name=\"twitter:data1\" content=\"&#067;&#072;&#070;&nbsp;13.50 TTC\" \/>\n\t<meta name=\"twitter:label2\" content=\"Verf\u00fcgbarkeit\" \/>\n\t<meta name=\"twitter:data2\" content=\"ausverkauft\" \/>\n<script type=\"application\/ld+json\" class=\"yoast-schema-graph\">{\"@context\":\"https:\/\/schema.org\",\"@graph\":[{\"@type\":\"WebPage\",\"@id\":\"https:\/\/chefpastry.ch\/produit\/drip-top-rouge-martellato\/\",\"url\":\"https:\/\/chefpastry.ch\/produit\/drip-top-rouge-martellato\/\",\"name\":\"DRIP CAKE ROUGE - Chef Pastry\",\"isPartOf\":{\"@id\":\"https:\/\/chefpastry.ch\/#website\"},\"primaryImageOfPage\":{\"@id\":\"https:\/\/chefpastry.ch\/produit\/drip-top-rouge-martellato\/#primaryimage\"},\"image\":{\"@id\":\"https:\/\/chefpastry.ch\/produit\/drip-top-rouge-martellato\/#primaryimage\"},\"thumbnailUrl\":\"https:\/\/chefpastry.ch\/wp-content\/uploads\/2024\/04\/Drip-Top-Cherry-Red.webp\",\"datePublished\":\"2024-04-04T14:34:30+00:00\",\"dateModified\":\"2025-09-25T08:54:18+00:00\",\"description\":\"Le Drip Top rouge Martelatto est un accessoire sp\u00e9cialement con\u00e7u pour les amateurs ou professionnel de p\u00e2tisserie et de cake design.\",\"breadcrumb\":{\"@id\":\"https:\/\/chefpastry.ch\/produit\/drip-top-rouge-martellato\/#breadcrumb\"},\"inLanguage\":\"de\",\"potentialAction\":[{\"@type\":\"ReadAction\",\"target\":[\"https:\/\/chefpastry.ch\/produit\/drip-top-rouge-martellato\/\"]}]},{\"@type\":\"ImageObject\",\"inLanguage\":\"de\",\"@id\":\"https:\/\/chefpastry.ch\/produit\/drip-top-rouge-martellato\/#primaryimage\",\"url\":\"https:\/\/chefpastry.ch\/wp-content\/uploads\/2024\/04\/Drip-Top-Cherry-Red.webp\",\"contentUrl\":\"https:\/\/chefpastry.ch\/wp-content\/uploads\/2024\/04\/Drip-Top-Cherry-Red.webp\",\"width\":510,\"height\":510,\"caption\":\"Drip Top Martellato\"},{\"@type\":\"BreadcrumbList\",\"@id\":\"https:\/\/chefpastry.ch\/produit\/drip-top-rouge-martellato\/#breadcrumb\",\"itemListElement\":[{\"@type\":\"ListItem\",\"position\":1,\"name\":\"Home\",\"item\":\"https:\/\/chefpastry.ch\/\"},{\"@type\":\"ListItem\",\"position\":2,\"name\":\"E-shop\",\"item\":\"https:\/\/chefpastry.ch\/e-shop\/\"},{\"@type\":\"ListItem\",\"position\":3,\"name\":\"DRIP CAKE ROUGE\"}]},{\"@type\":\"WebSite\",\"@id\":\"https:\/\/chefpastry.ch\/#website\",\"url\":\"https:\/\/chefpastry.ch\/\",\"name\":\"Chef Pastry\",\"description\":\"\",\"publisher\":{\"@id\":\"https:\/\/chefpastry.ch\/#organization\"},\"potentialAction\":[{\"@type\":\"SearchAction\",\"target\":{\"@type\":\"EntryPoint\",\"urlTemplate\":\"https:\/\/chefpastry.ch\/?s={search_term_string}\"},\"query-input\":{\"@type\":\"PropertyValueSpecification\",\"valueRequired\":true,\"valueName\":\"search_term_string\"}}],\"inLanguage\":\"de\"},{\"@type\":\"Organization\",\"@id\":\"https:\/\/chefpastry.ch\/#organization\",\"name\":\"Chef Pastry\",\"url\":\"https:\/\/chefpastry.ch\/\",\"logo\":{\"@type\":\"ImageObject\",\"inLanguage\":\"de\",\"@id\":\"https:\/\/chefpastry.ch\/#\/schema\/logo\/image\/\",\"url\":\"https:\/\/chefpastry.ch\/wp-content\/uploads\/2022\/07\/cropped-chef_pastry_logo_rgb-03.png\",\"contentUrl\":\"https:\/\/chefpastry.ch\/wp-content\/uploads\/2022\/07\/cropped-chef_pastry_logo_rgb-03.png\",\"width\":1545,\"height\":412,\"caption\":\"Chef Pastry\"},\"image\":{\"@id\":\"https:\/\/chefpastry.ch\/#\/schema\/logo\/image\/\"}}]}<\/script>\n<meta property=\"product:price:amount\" content=\"13.50\" \/>\n<meta property=\"product:price:currency\" content=\"CHF\" \/>\n<meta property=\"og:availability\" content=\"out of stock\" \/>\n<meta property=\"product:availability\" content=\"out of stock\" \/>\n<meta property=\"product:retailer_item_id\" content=\"40LCD008\" \/>\n<meta property=\"product:condition\" content=\"new\" \/>\n<!-- \/ Yoast SEO plugin. -->","yoast_head_json":{"title":"DRIP CAKE ROUGE - Chef Pastry","description":"Le Drip Top rouge Martelatto est un accessoire sp\u00e9cialement con\u00e7u pour les amateurs ou professionnel de p\u00e2tisserie et de cake design.","robots":{"index":"index","follow":"follow","max-snippet":"max-snippet:-1","max-image-preview":"max-image-preview:large","max-video-preview":"max-video-preview:-1"},"canonical":"https:\/\/chefpastry.ch\/de\/produkt\/drip-top-rouge-martellato\/","og_locale":"de_DE","og_type":"article","og_title":"DRIP CAKE ROUGE - Chef Pastry","og_description":"Le Drip Top rouge Martelatto est un accessoire sp\u00e9cialement con\u00e7u pour les amateurs ou professionnel de p\u00e2tisserie et de cake design.","og_url":"https:\/\/chefpastry.ch\/de\/produkt\/drip-top-rouge-martellato\/","og_site_name":"Chef Pastry","article_modified_time":"2025-09-25T08:54:18+00:00","og_image":[{"width":510,"height":510,"url":"https:\/\/chefpastry.ch\/wp-content\/uploads\/2024\/04\/Drip-Top-Cherry-Red.webp","type":"image\/webp"}],"twitter_card":"summary_large_image","twitter_misc":{"Preis":"&#67;&#72;&#70;&nbsp;13.50 TTC","Verf\u00fcgbarkeit":"ausverkauft"},"schema":{"@context":"https:\/\/schema.org","@graph":[{"@type":"WebPage","@id":"https:\/\/chefpastry.ch\/produit\/drip-top-rouge-martellato\/","url":"https:\/\/chefpastry.ch\/produit\/drip-top-rouge-martellato\/","name":"DRIP CAKE ROUGE - Chef Pastry","isPartOf":{"@id":"https:\/\/chefpastry.ch\/#website"},"primaryImageOfPage":{"@id":"https:\/\/chefpastry.ch\/produit\/drip-top-rouge-martellato\/#primaryimage"},"image":{"@id":"https:\/\/chefpastry.ch\/produit\/drip-top-rouge-martellato\/#primaryimage"},"thumbnailUrl":"https:\/\/chefpastry.ch\/wp-content\/uploads\/2024\/04\/Drip-Top-Cherry-Red.webp","datePublished":"2024-04-04T14:34:30+00:00","dateModified":"2025-09-25T08:54:18+00:00","description":"Le Drip Top rouge Martelatto est un accessoire sp\u00e9cialement con\u00e7u pour les amateurs ou professionnel de p\u00e2tisserie et de cake design.","breadcrumb":{"@id":"https:\/\/chefpastry.ch\/produit\/drip-top-rouge-martellato\/#breadcrumb"},"inLanguage":"de","potentialAction":[{"@type":"ReadAction","target":["https:\/\/chefpastry.ch\/produit\/drip-top-rouge-martellato\/"]}]},{"@type":"ImageObject","inLanguage":"de","@id":"https:\/\/chefpastry.ch\/produit\/drip-top-rouge-martellato\/#primaryimage","url":"https:\/\/chefpastry.ch\/wp-content\/uploads\/2024\/04\/Drip-Top-Cherry-Red.webp","contentUrl":"https:\/\/chefpastry.ch\/wp-content\/uploads\/2024\/04\/Drip-Top-Cherry-Red.webp","width":510,"height":510,"caption":"Drip Top Martellato"},{"@type":"BreadcrumbList","@id":"https:\/\/chefpastry.ch\/produit\/drip-top-rouge-martellato\/#breadcrumb","itemListElement":[{"@type":"ListItem","position":1,"name":"Home","item":"https:\/\/chefpastry.ch\/"},{"@type":"ListItem","position":2,"name":"E-shop","item":"https:\/\/chefpastry.ch\/e-shop\/"},{"@type":"ListItem","position":3,"name":"DRIP CAKE ROUGE"}]},{"@type":"WebSite","@id":"https:\/\/chefpastry.ch\/#website","url":"https:\/\/chefpastry.ch\/","name":"Chef Pastry","description":"","publisher":{"@id":"https:\/\/chefpastry.ch\/#organization"},"potentialAction":[{"@type":"SearchAction","target":{"@type":"EntryPoint","urlTemplate":"https:\/\/chefpastry.ch\/?s={search_term_string}"},"query-input":{"@type":"PropertyValueSpecification","valueRequired":true,"valueName":"search_term_string"}}],"inLanguage":"de"},{"@type":"Organization","@id":"https:\/\/chefpastry.ch\/#organization","name":"Chef Pastry","url":"https:\/\/chefpastry.ch\/","logo":{"@type":"ImageObject","inLanguage":"de","@id":"https:\/\/chefpastry.ch\/#\/schema\/logo\/image\/","url":"https:\/\/chefpastry.ch\/wp-content\/uploads\/2022\/07\/cropped-chef_pastry_logo_rgb-03.png","contentUrl":"https:\/\/chefpastry.ch\/wp-content\/uploads\/2022\/07\/cropped-chef_pastry_logo_rgb-03.png","width":1545,"height":412,"caption":"Chef Pastry"},"image":{"@id":"https:\/\/chefpastry.ch\/#\/schema\/logo\/image\/"}}]},"product_price_amount":"13.50","product_price_currency":"CHF","og_availability":"out of stock","product_availability":"out of stock","product_retailer_item_id":"40LCD008","product_condition":"new"},"_links":{"self":[{"href":"https:\/\/chefpastry.ch\/de\/wp-json\/wp\/v2\/product\/15103","targetHints":{"allow":["GET"]}}],"collection":[{"href":"https:\/\/chefpastry.ch\/de\/wp-json\/wp\/v2\/product"}],"about":[{"href":"https:\/\/chefpastry.ch\/de\/wp-json\/wp\/v2\/types\/product"}],"replies":[{"embeddable":true,"href":"https:\/\/chefpastry.ch\/de\/wp-json\/wp\/v2\/comments?post=15103"}],"version-history":[{"count":1,"href":"https:\/\/chefpastry.ch\/de\/wp-json\/wp\/v2\/product\/15103\/revisions"}],"predecessor-version":[{"id":16303,"href":"https:\/\/chefpastry.ch\/de\/wp-json\/wp\/v2\/product\/15103\/revisions\/16303"}],"wp:featuredmedia":[{"embeddable":true,"href":"https:\/\/chefpastry.ch\/de\/wp-json\/wp\/v2\/media\/15107"}],"wp:attachment":[{"href":"https:\/\/chefpastry.ch\/de\/wp-json\/wp\/v2\/media?parent=15103"}],"wp:term":[{"taxonomy":"product_brand","embeddable":true,"href":"https:\/\/chefpastry.ch\/de\/wp-json\/wp\/v2\/product_brand?post=15103"},{"taxonomy":"product_cat","embeddable":true,"href":"https:\/\/chefpastry.ch\/de\/wp-json\/wp\/v2\/product_cat?post=15103"},{"taxonomy":"product_tag","embeddable":true,"href":"https:\/\/chefpastry.ch\/de\/wp-json\/wp\/v2\/product_tag?post=15103"}],"curies":[{"name":"wp","href":"https:\/\/api.w.org\/{rel}","templated":true}]}}