{"id":14930,"date":"2024-03-05T09:53:14","date_gmt":"2024-03-05T08:53:14","guid":{"rendered":"https:\/\/chefpastry.ch\/?post_type=product&#038;p=14930"},"modified":"2025-10-21T15:41:12","modified_gmt":"2025-10-21T13:41:12","slug":"douille-bx1303-decoration-acier-inoxydable","status":"publish","type":"product","link":"https:\/\/chefpastry.ch\/de\/produkt\/douille-bx1303-decoration-acier-inoxydable\/","title":{"rendered":"DOUILLE BX1303"},"content":{"rendered":"<p><strong>Douille de d\u00e9coration en acier inoxydable de Silikomar<\/strong><strong>t<\/strong><\/p>\n<ul>\n<li>Taille : \u00d8 3&#215;17 hauteur 43 mm<\/li>\n<\/ul>\n<p>L&#8217;emballage contient 1 pi\u00e8ce<\/p>","protected":false},"excerpt":{"rendered":"<p><strong>Douille de d\u00e9coration en acier inoxydable de Silikomar<\/strong><strong>t L&#8217;emballage contient 1 pi\u00e8ce<\/strong><\/p>\n<ul>\n<li>Taille : \u00d8 3 x 17 hauteur 43 mm<\/li>\n<\/ul>\n<p>&nbsp;<\/p>","protected":false},"featured_media":14935,"comment_status":"open","ping_status":"closed","template":"","meta":{"_jet_sm_ready_style":"","_jet_sm_style":"","_jet_sm_controls_values":"","_jet_sm_fonts_collection":"","_jet_sm_fonts_links":"","_joinchat":[]},"product_brand":[],"product_cat":[24],"product_tag":[],"class_list":{"0":"post-14930","1":"product","2":"type-product","3":"status-publish","4":"has-post-thumbnail","6":"product_cat-accessoires","8":"first","9":"instock","10":"taxable","11":"shipping-taxable","12":"purchasable","13":"product-type-simple"},"yoast_head":"<!-- This site is optimized with the Yoast SEO plugin v27.0 - https:\/\/yoast.com\/product\/yoast-seo-wordpress\/ -->\n<title>DOUILLE BX1303 - Chef Pastry<\/title>\n<meta name=\"description\" content=\"Douille de d\u00e9coration en acier inoxydable de Silikomart Taille : \u00d8 3x17 hauteur 43 mm L&#039;emballage contient 1 pi\u00e8ce.......\" \/>\n<meta name=\"robots\" content=\"index, follow, max-snippet:-1, max-image-preview:large, max-video-preview:-1\" \/>\n<link rel=\"canonical\" href=\"https:\/\/chefpastry.ch\/de\/produkt\/douille-bx1303-decoration-acier-inoxydable\/\" \/>\n<meta property=\"og:locale\" content=\"de_DE\" \/>\n<meta property=\"og:type\" content=\"article\" \/>\n<meta property=\"og:title\" content=\"DOUILLE BX1303 - Chef Pastry\" \/>\n<meta property=\"og:description\" content=\"Douille de d\u00e9coration en acier inoxydable de Silikomart Taille : \u00d8 3x17 hauteur 43 mm L&#039;emballage contient 1 pi\u00e8ce.......\" \/>\n<meta property=\"og:url\" content=\"https:\/\/chefpastry.ch\/de\/produkt\/douille-bx1303-decoration-acier-inoxydable\/\" \/>\n<meta property=\"og:site_name\" content=\"Chef Pastry\" \/>\n<meta property=\"article:modified_time\" content=\"2025-10-21T13:41:12+00:00\" \/>\n<meta property=\"og:image\" content=\"https:\/\/chefpastry.ch\/wp-content\/uploads\/2024\/03\/BX1303.webp\" \/>\n\t<meta property=\"og:image:width\" content=\"1500\" \/>\n\t<meta property=\"og:image:height\" content=\"1500\" \/>\n\t<meta property=\"og:image:type\" content=\"image\/webp\" \/>\n<meta name=\"twitter:card\" content=\"summary_large_image\" \/>\n<meta name=\"twitter:label1\" content=\"Preis\" \/>\n\t<meta name=\"twitter:data1\" content=\"&#067;&#072;&#070;&nbsp;5.00 TTC\" \/>\n\t<meta name=\"twitter:label2\" content=\"Verf\u00fcgbarkeit\" \/>\n\t<meta name=\"twitter:data2\" content=\"Auf Lager\" \/>\n<script type=\"application\/ld+json\" class=\"yoast-schema-graph\">{\"@context\":\"https:\/\/schema.org\",\"@graph\":[{\"@type\":\"WebPage\",\"@id\":\"https:\/\/chefpastry.ch\/produit\/douille-bx1303-decoration-acier-inoxydable\/\",\"url\":\"https:\/\/chefpastry.ch\/produit\/douille-bx1303-decoration-acier-inoxydable\/\",\"name\":\"DOUILLE BX1303 - Chef Pastry\",\"isPartOf\":{\"@id\":\"https:\/\/chefpastry.ch\/#website\"},\"primaryImageOfPage\":{\"@id\":\"https:\/\/chefpastry.ch\/produit\/douille-bx1303-decoration-acier-inoxydable\/#primaryimage\"},\"image\":{\"@id\":\"https:\/\/chefpastry.ch\/produit\/douille-bx1303-decoration-acier-inoxydable\/#primaryimage\"},\"thumbnailUrl\":\"https:\/\/chefpastry.ch\/wp-content\/uploads\/2024\/03\/BX1303.webp\",\"datePublished\":\"2024-03-05T08:53:14+00:00\",\"dateModified\":\"2025-10-21T13:41:12+00:00\",\"description\":\"Douille de d\u00e9coration en acier inoxydable de Silikomart Taille : \u00d8 3x17 hauteur 43 mm L'emballage contient 1 pi\u00e8ce.......\",\"breadcrumb\":{\"@id\":\"https:\/\/chefpastry.ch\/produit\/douille-bx1303-decoration-acier-inoxydable\/#breadcrumb\"},\"inLanguage\":\"de\",\"potentialAction\":[{\"@type\":\"ReadAction\",\"target\":[\"https:\/\/chefpastry.ch\/produit\/douille-bx1303-decoration-acier-inoxydable\/\"]}]},{\"@type\":\"ImageObject\",\"inLanguage\":\"de\",\"@id\":\"https:\/\/chefpastry.ch\/produit\/douille-bx1303-decoration-acier-inoxydable\/#primaryimage\",\"url\":\"https:\/\/chefpastry.ch\/wp-content\/uploads\/2024\/03\/BX1303.webp\",\"contentUrl\":\"https:\/\/chefpastry.ch\/wp-content\/uploads\/2024\/03\/BX1303.webp\",\"width\":1500,\"height\":1500,\"caption\":\"douille d\u00e9coration acier inoxydable\"},{\"@type\":\"BreadcrumbList\",\"@id\":\"https:\/\/chefpastry.ch\/produit\/douille-bx1303-decoration-acier-inoxydable\/#breadcrumb\",\"itemListElement\":[{\"@type\":\"ListItem\",\"position\":1,\"name\":\"Home\",\"item\":\"https:\/\/chefpastry.ch\/\"},{\"@type\":\"ListItem\",\"position\":2,\"name\":\"E-shop\",\"item\":\"https:\/\/chefpastry.ch\/e-shop\/\"},{\"@type\":\"ListItem\",\"position\":3,\"name\":\"DOUILLE BX1303\"}]},{\"@type\":\"WebSite\",\"@id\":\"https:\/\/chefpastry.ch\/#website\",\"url\":\"https:\/\/chefpastry.ch\/\",\"name\":\"Chef Pastry\",\"description\":\"\",\"publisher\":{\"@id\":\"https:\/\/chefpastry.ch\/#organization\"},\"potentialAction\":[{\"@type\":\"SearchAction\",\"target\":{\"@type\":\"EntryPoint\",\"urlTemplate\":\"https:\/\/chefpastry.ch\/?s={search_term_string}\"},\"query-input\":{\"@type\":\"PropertyValueSpecification\",\"valueRequired\":true,\"valueName\":\"search_term_string\"}}],\"inLanguage\":\"de\"},{\"@type\":\"Organization\",\"@id\":\"https:\/\/chefpastry.ch\/#organization\",\"name\":\"Chef Pastry\",\"url\":\"https:\/\/chefpastry.ch\/\",\"logo\":{\"@type\":\"ImageObject\",\"inLanguage\":\"de\",\"@id\":\"https:\/\/chefpastry.ch\/#\/schema\/logo\/image\/\",\"url\":\"https:\/\/chefpastry.ch\/wp-content\/uploads\/2022\/07\/cropped-chef_pastry_logo_rgb-03.png\",\"contentUrl\":\"https:\/\/chefpastry.ch\/wp-content\/uploads\/2022\/07\/cropped-chef_pastry_logo_rgb-03.png\",\"width\":1545,\"height\":412,\"caption\":\"Chef Pastry\"},\"image\":{\"@id\":\"https:\/\/chefpastry.ch\/#\/schema\/logo\/image\/\"}}]}<\/script>\n<meta property=\"product:price:amount\" content=\"5.00\" \/>\n<meta property=\"product:price:currency\" content=\"CHF\" \/>\n<meta property=\"og:availability\" content=\"instock\" \/>\n<meta property=\"product:availability\" content=\"instock\" \/>\n<meta property=\"product:retailer_item_id\" content=\"43.367.99.0000\" \/>\n<meta property=\"product:condition\" content=\"new\" \/>\n<!-- \/ Yoast SEO plugin. -->","yoast_head_json":{"title":"DOUILLE BX1303 - Chef Pastry","description":"Douille de d\u00e9coration en acier inoxydable de Silikomart Taille : \u00d8 3x17 hauteur 43 mm L'emballage contient 1 pi\u00e8ce.......","robots":{"index":"index","follow":"follow","max-snippet":"max-snippet:-1","max-image-preview":"max-image-preview:large","max-video-preview":"max-video-preview:-1"},"canonical":"https:\/\/chefpastry.ch\/de\/produkt\/douille-bx1303-decoration-acier-inoxydable\/","og_locale":"de_DE","og_type":"article","og_title":"DOUILLE BX1303 - Chef Pastry","og_description":"Douille de d\u00e9coration en acier inoxydable de Silikomart Taille : \u00d8 3x17 hauteur 43 mm L'emballage contient 1 pi\u00e8ce.......","og_url":"https:\/\/chefpastry.ch\/de\/produkt\/douille-bx1303-decoration-acier-inoxydable\/","og_site_name":"Chef Pastry","article_modified_time":"2025-10-21T13:41:12+00:00","og_image":[{"width":1500,"height":1500,"url":"https:\/\/chefpastry.ch\/wp-content\/uploads\/2024\/03\/BX1303.webp","type":"image\/webp"}],"twitter_card":"summary_large_image","twitter_misc":{"Preis":"&#67;&#72;&#70;&nbsp;5.00 TTC","Verf\u00fcgbarkeit":"Auf Lager"},"schema":{"@context":"https:\/\/schema.org","@graph":[{"@type":"WebPage","@id":"https:\/\/chefpastry.ch\/produit\/douille-bx1303-decoration-acier-inoxydable\/","url":"https:\/\/chefpastry.ch\/produit\/douille-bx1303-decoration-acier-inoxydable\/","name":"DOUILLE BX1303 - Chef Pastry","isPartOf":{"@id":"https:\/\/chefpastry.ch\/#website"},"primaryImageOfPage":{"@id":"https:\/\/chefpastry.ch\/produit\/douille-bx1303-decoration-acier-inoxydable\/#primaryimage"},"image":{"@id":"https:\/\/chefpastry.ch\/produit\/douille-bx1303-decoration-acier-inoxydable\/#primaryimage"},"thumbnailUrl":"https:\/\/chefpastry.ch\/wp-content\/uploads\/2024\/03\/BX1303.webp","datePublished":"2024-03-05T08:53:14+00:00","dateModified":"2025-10-21T13:41:12+00:00","description":"Douille de d\u00e9coration en acier inoxydable de Silikomart Taille : \u00d8 3x17 hauteur 43 mm L'emballage contient 1 pi\u00e8ce.......","breadcrumb":{"@id":"https:\/\/chefpastry.ch\/produit\/douille-bx1303-decoration-acier-inoxydable\/#breadcrumb"},"inLanguage":"de","potentialAction":[{"@type":"ReadAction","target":["https:\/\/chefpastry.ch\/produit\/douille-bx1303-decoration-acier-inoxydable\/"]}]},{"@type":"ImageObject","inLanguage":"de","@id":"https:\/\/chefpastry.ch\/produit\/douille-bx1303-decoration-acier-inoxydable\/#primaryimage","url":"https:\/\/chefpastry.ch\/wp-content\/uploads\/2024\/03\/BX1303.webp","contentUrl":"https:\/\/chefpastry.ch\/wp-content\/uploads\/2024\/03\/BX1303.webp","width":1500,"height":1500,"caption":"douille d\u00e9coration acier inoxydable"},{"@type":"BreadcrumbList","@id":"https:\/\/chefpastry.ch\/produit\/douille-bx1303-decoration-acier-inoxydable\/#breadcrumb","itemListElement":[{"@type":"ListItem","position":1,"name":"Home","item":"https:\/\/chefpastry.ch\/"},{"@type":"ListItem","position":2,"name":"E-shop","item":"https:\/\/chefpastry.ch\/e-shop\/"},{"@type":"ListItem","position":3,"name":"DOUILLE BX1303"}]},{"@type":"WebSite","@id":"https:\/\/chefpastry.ch\/#website","url":"https:\/\/chefpastry.ch\/","name":"Chef Pastry","description":"","publisher":{"@id":"https:\/\/chefpastry.ch\/#organization"},"potentialAction":[{"@type":"SearchAction","target":{"@type":"EntryPoint","urlTemplate":"https:\/\/chefpastry.ch\/?s={search_term_string}"},"query-input":{"@type":"PropertyValueSpecification","valueRequired":true,"valueName":"search_term_string"}}],"inLanguage":"de"},{"@type":"Organization","@id":"https:\/\/chefpastry.ch\/#organization","name":"Chef Pastry","url":"https:\/\/chefpastry.ch\/","logo":{"@type":"ImageObject","inLanguage":"de","@id":"https:\/\/chefpastry.ch\/#\/schema\/logo\/image\/","url":"https:\/\/chefpastry.ch\/wp-content\/uploads\/2022\/07\/cropped-chef_pastry_logo_rgb-03.png","contentUrl":"https:\/\/chefpastry.ch\/wp-content\/uploads\/2022\/07\/cropped-chef_pastry_logo_rgb-03.png","width":1545,"height":412,"caption":"Chef Pastry"},"image":{"@id":"https:\/\/chefpastry.ch\/#\/schema\/logo\/image\/"}}]},"product_price_amount":"5.00","product_price_currency":"CHF","og_availability":"instock","product_availability":"instock","product_retailer_item_id":"43.367.99.0000","product_condition":"new"},"_links":{"self":[{"href":"https:\/\/chefpastry.ch\/de\/wp-json\/wp\/v2\/product\/14930","targetHints":{"allow":["GET"]}}],"collection":[{"href":"https:\/\/chefpastry.ch\/de\/wp-json\/wp\/v2\/product"}],"about":[{"href":"https:\/\/chefpastry.ch\/de\/wp-json\/wp\/v2\/types\/product"}],"replies":[{"embeddable":true,"href":"https:\/\/chefpastry.ch\/de\/wp-json\/wp\/v2\/comments?post=14930"}],"version-history":[{"count":1,"href":"https:\/\/chefpastry.ch\/de\/wp-json\/wp\/v2\/product\/14930\/revisions"}],"predecessor-version":[{"id":16362,"href":"https:\/\/chefpastry.ch\/de\/wp-json\/wp\/v2\/product\/14930\/revisions\/16362"}],"wp:featuredmedia":[{"embeddable":true,"href":"https:\/\/chefpastry.ch\/de\/wp-json\/wp\/v2\/media\/14935"}],"wp:attachment":[{"href":"https:\/\/chefpastry.ch\/de\/wp-json\/wp\/v2\/media?parent=14930"}],"wp:term":[{"taxonomy":"product_brand","embeddable":true,"href":"https:\/\/chefpastry.ch\/de\/wp-json\/wp\/v2\/product_brand?post=14930"},{"taxonomy":"product_cat","embeddable":true,"href":"https:\/\/chefpastry.ch\/de\/wp-json\/wp\/v2\/product_cat?post=14930"},{"taxonomy":"product_tag","embeddable":true,"href":"https:\/\/chefpastry.ch\/de\/wp-json\/wp\/v2\/product_tag?post=14930"}],"curies":[{"name":"wp","href":"https:\/\/api.w.org\/{rel}","templated":true}]}}