{"id":14894,"date":"2024-03-04T16:51:56","date_gmt":"2024-03-04T15:51:56","guid":{"rendered":"https:\/\/chefpastry.ch\/?post_type=product&#038;p=14894"},"modified":"2025-05-13T16:34:18","modified_gmt":"2025-05-13T14:34:18","slug":"moule-silikomart-tapis-ambra-mosaique","status":"publish","type":"product","link":"https:\/\/chefpastry.ch\/de\/produkt\/moule-silikomart-tapis-ambra-mosaique\/","title":{"rendered":"TAPIS AMBRA"},"content":{"rendered":"<p>Le tapis <strong>Ambra de silikomart,<\/strong> pr\u00e9sente 2 formes diff\u00e9rentes de mosa\u00efque (motif de vitrail).<\/p>\n<p>Pour une d\u00e9coration tr\u00e8s sp\u00e9ciale sur les plats, qu&rsquo;ils soient sal\u00e9s ou sucr\u00e9s !<\/p>\n<p>Ambra peut \u00eatre utilis\u00e9 aussi bien avec de la p\u00e2te \u00e0 cigarette qu&rsquo;avec du chocolat pour cr\u00e9er des d\u00e9corations \u00e9l\u00e9gantes et raffin\u00e9es.<br \/>\nIl est utile pour d\u00e9corer les plats, les entr\u00e9es et les plats de r\u00e9sistance, pour cr\u00e9er des ap\u00e9ritifs originaux ou pour donner une touche raffin\u00e9e aux desserts \u00e0 l&rsquo;assiette.<\/p>\n<ul>\n<li><strong>Taille Tapis:<\/strong> 470 x 270 mm<\/li>\n<li><strong>Taille Mosa\u00efque<\/strong><strong>:<\/strong> \u00d8 68 x Hauteur 2 mm<\/li>\n<li><strong>Volume:<\/strong> 9 x 2 ml + 9 x 2,6 ml<\/li>\n<li><strong>Unit\u00e9:<\/strong> 18<\/li>\n<li><strong>Mat\u00e9riau:<\/strong> Silikon<\/li>\n<\/ul>\n<p>Peut \u00eatre utilis\u00e9 dans le four\/micro-ondes<br \/>\nPeut \u00eatre utilis\u00e9 dans le cong\u00e9lateur\/cellule de froid<br \/>\nPasse au lave-vaisselle<\/p>\n<p><strong>Le moule peut \u00eatre utilis\u00e9 \u00e0 des temp\u00e9ratures comprises entre -60\u00b0C et +230\u00b0C.<\/strong><\/p>","protected":false},"excerpt":{"rendered":"<p>Le tapis <strong>Ambra de silikomart,<\/strong> pr\u00e9sente 2 formes diff\u00e9rentes de mosa\u00efque (motif de vitrail).<\/p>\n<p>Pour une d\u00e9coration tr\u00e8s sp\u00e9ciale sur les plats, qu&rsquo;ils soient sal\u00e9s ou sucr\u00e9s !<\/p>","protected":false},"featured_media":14897,"comment_status":"open","ping_status":"closed","template":"","meta":{"_jet_sm_ready_style":"","_jet_sm_style":"","_jet_sm_controls_values":"","_jet_sm_fonts_collection":"","_jet_sm_fonts_links":"","_joinchat":[]},"product_brand":[],"product_cat":[50,109,182],"product_tag":[],"class_list":{"0":"post-14894","1":"product","2":"type-product","3":"status-publish","4":"has-post-thumbnail","6":"product_cat-decoration","7":"product_cat-gastronomie","8":"product_cat-nouveautes","10":"first","11":"instock","12":"taxable","13":"shipping-taxable","14":"purchasable","15":"product-type-simple"},"yoast_head":"<!-- This site is optimized with the Yoast SEO plugin v27.0 - https:\/\/yoast.com\/product\/yoast-seo-wordpress\/ -->\n<title>TAPIS AMBRA - Chef Pastry<\/title>\n<meta name=\"description\" content=\"Le tapis Ambra, pr\u00e9sente 2 formes diff\u00e9rentes de mosa\u00efque (motive mosa\u00efque), pour une d\u00e9coration tr\u00e8s sp\u00e9ciale sur les plats, qu&#039;ils soient sal\u00e9s ou sucr\u00e9s.\" \/>\n<meta name=\"robots\" content=\"index, follow, max-snippet:-1, max-image-preview:large, max-video-preview:-1\" \/>\n<link rel=\"canonical\" href=\"https:\/\/chefpastry.ch\/de\/produkt\/moule-silikomart-tapis-ambra-mosaique\/\" \/>\n<meta property=\"og:locale\" content=\"de_DE\" \/>\n<meta property=\"og:type\" content=\"article\" \/>\n<meta property=\"og:title\" content=\"TAPIS AMBRA - Chef Pastry\" \/>\n<meta property=\"og:description\" content=\"Le tapis Ambra, pr\u00e9sente 2 formes diff\u00e9rentes de mosa\u00efque (motive mosa\u00efque), pour une d\u00e9coration tr\u00e8s sp\u00e9ciale sur les plats, qu&#039;ils soient sal\u00e9s ou sucr\u00e9s.\" \/>\n<meta property=\"og:url\" content=\"https:\/\/chefpastry.ch\/de\/produkt\/moule-silikomart-tapis-ambra-mosaique\/\" \/>\n<meta property=\"og:site_name\" content=\"Chef Pastry\" \/>\n<meta property=\"article:modified_time\" content=\"2025-05-13T14:34:18+00:00\" \/>\n<meta property=\"og:image\" content=\"https:\/\/chefpastry.ch\/wp-content\/uploads\/2024\/03\/AMBRA.webp\" \/>\n\t<meta property=\"og:image:width\" content=\"900\" \/>\n\t<meta property=\"og:image:height\" content=\"900\" \/>\n\t<meta property=\"og:image:type\" content=\"image\/webp\" \/>\n<meta name=\"twitter:card\" content=\"summary_large_image\" \/>\n<meta name=\"twitter:label1\" content=\"Preis\" \/>\n\t<meta name=\"twitter:data1\" content=\"&#067;&#072;&#070;&nbsp;25.00 TTC\" \/>\n\t<meta name=\"twitter:label2\" content=\"Verf\u00fcgbarkeit\" \/>\n\t<meta name=\"twitter:data2\" content=\"Auf Lager\" \/>\n<script type=\"application\/ld+json\" class=\"yoast-schema-graph\">{\"@context\":\"https:\/\/schema.org\",\"@graph\":[{\"@type\":\"WebPage\",\"@id\":\"https:\/\/chefpastry.ch\/produit\/moule-silikomart-tapis-ambra-mosaique\/\",\"url\":\"https:\/\/chefpastry.ch\/produit\/moule-silikomart-tapis-ambra-mosaique\/\",\"name\":\"TAPIS AMBRA - Chef Pastry\",\"isPartOf\":{\"@id\":\"https:\/\/chefpastry.ch\/#website\"},\"primaryImageOfPage\":{\"@id\":\"https:\/\/chefpastry.ch\/produit\/moule-silikomart-tapis-ambra-mosaique\/#primaryimage\"},\"image\":{\"@id\":\"https:\/\/chefpastry.ch\/produit\/moule-silikomart-tapis-ambra-mosaique\/#primaryimage\"},\"thumbnailUrl\":\"https:\/\/chefpastry.ch\/wp-content\/uploads\/2024\/03\/AMBRA.webp\",\"datePublished\":\"2024-03-04T15:51:56+00:00\",\"dateModified\":\"2025-05-13T14:34:18+00:00\",\"description\":\"Le tapis Ambra, pr\u00e9sente 2 formes diff\u00e9rentes de mosa\u00efque (motive mosa\u00efque), pour une d\u00e9coration tr\u00e8s sp\u00e9ciale sur les plats, qu'ils soient sal\u00e9s ou sucr\u00e9s.\",\"breadcrumb\":{\"@id\":\"https:\/\/chefpastry.ch\/produit\/moule-silikomart-tapis-ambra-mosaique\/#breadcrumb\"},\"inLanguage\":\"de\",\"potentialAction\":[{\"@type\":\"ReadAction\",\"target\":[\"https:\/\/chefpastry.ch\/produit\/moule-silikomart-tapis-ambra-mosaique\/\"]}]},{\"@type\":\"ImageObject\",\"inLanguage\":\"de\",\"@id\":\"https:\/\/chefpastry.ch\/produit\/moule-silikomart-tapis-ambra-mosaique\/#primaryimage\",\"url\":\"https:\/\/chefpastry.ch\/wp-content\/uploads\/2024\/03\/AMBRA.webp\",\"contentUrl\":\"https:\/\/chefpastry.ch\/wp-content\/uploads\/2024\/03\/AMBRA.webp\",\"width\":900,\"height\":900,\"caption\":\"tapis ambra silikomart mosa\u00efque\"},{\"@type\":\"BreadcrumbList\",\"@id\":\"https:\/\/chefpastry.ch\/produit\/moule-silikomart-tapis-ambra-mosaique\/#breadcrumb\",\"itemListElement\":[{\"@type\":\"ListItem\",\"position\":1,\"name\":\"Home\",\"item\":\"https:\/\/chefpastry.ch\/\"},{\"@type\":\"ListItem\",\"position\":2,\"name\":\"E-shop\",\"item\":\"https:\/\/chefpastry.ch\/e-shop\/\"},{\"@type\":\"ListItem\",\"position\":3,\"name\":\"TAPIS AMBRA\"}]},{\"@type\":\"WebSite\",\"@id\":\"https:\/\/chefpastry.ch\/#website\",\"url\":\"https:\/\/chefpastry.ch\/\",\"name\":\"Chef Pastry\",\"description\":\"\",\"publisher\":{\"@id\":\"https:\/\/chefpastry.ch\/#organization\"},\"potentialAction\":[{\"@type\":\"SearchAction\",\"target\":{\"@type\":\"EntryPoint\",\"urlTemplate\":\"https:\/\/chefpastry.ch\/?s={search_term_string}\"},\"query-input\":{\"@type\":\"PropertyValueSpecification\",\"valueRequired\":true,\"valueName\":\"search_term_string\"}}],\"inLanguage\":\"de\"},{\"@type\":\"Organization\",\"@id\":\"https:\/\/chefpastry.ch\/#organization\",\"name\":\"Chef Pastry\",\"url\":\"https:\/\/chefpastry.ch\/\",\"logo\":{\"@type\":\"ImageObject\",\"inLanguage\":\"de\",\"@id\":\"https:\/\/chefpastry.ch\/#\/schema\/logo\/image\/\",\"url\":\"https:\/\/chefpastry.ch\/wp-content\/uploads\/2022\/07\/cropped-chef_pastry_logo_rgb-03.png\",\"contentUrl\":\"https:\/\/chefpastry.ch\/wp-content\/uploads\/2022\/07\/cropped-chef_pastry_logo_rgb-03.png\",\"width\":1545,\"height\":412,\"caption\":\"Chef Pastry\"},\"image\":{\"@id\":\"https:\/\/chefpastry.ch\/#\/schema\/logo\/image\/\"}}]}<\/script>\n<meta property=\"product:price:amount\" content=\"25.00\" \/>\n<meta property=\"product:price:currency\" content=\"CHF\" \/>\n<meta property=\"og:availability\" content=\"instock\" \/>\n<meta property=\"product:availability\" content=\"instock\" \/>\n<meta property=\"product:retailer_item_id\" content=\"33.320.36.0065\" \/>\n<meta property=\"product:condition\" content=\"new\" \/>\n<!-- \/ Yoast SEO plugin. -->","yoast_head_json":{"title":"TAPIS AMBRA - Chef Pastry","description":"Le tapis Ambra, pr\u00e9sente 2 formes diff\u00e9rentes de mosa\u00efque (motive mosa\u00efque), pour une d\u00e9coration tr\u00e8s sp\u00e9ciale sur les plats, qu'ils soient sal\u00e9s ou sucr\u00e9s.","robots":{"index":"index","follow":"follow","max-snippet":"max-snippet:-1","max-image-preview":"max-image-preview:large","max-video-preview":"max-video-preview:-1"},"canonical":"https:\/\/chefpastry.ch\/de\/produkt\/moule-silikomart-tapis-ambra-mosaique\/","og_locale":"de_DE","og_type":"article","og_title":"TAPIS AMBRA - Chef Pastry","og_description":"Le tapis Ambra, pr\u00e9sente 2 formes diff\u00e9rentes de mosa\u00efque (motive mosa\u00efque), pour une d\u00e9coration tr\u00e8s sp\u00e9ciale sur les plats, qu'ils soient sal\u00e9s ou sucr\u00e9s.","og_url":"https:\/\/chefpastry.ch\/de\/produkt\/moule-silikomart-tapis-ambra-mosaique\/","og_site_name":"Chef Pastry","article_modified_time":"2025-05-13T14:34:18+00:00","og_image":[{"width":900,"height":900,"url":"https:\/\/chefpastry.ch\/wp-content\/uploads\/2024\/03\/AMBRA.webp","type":"image\/webp"}],"twitter_card":"summary_large_image","twitter_misc":{"Preis":"&#67;&#72;&#70;&nbsp;25.00 TTC","Verf\u00fcgbarkeit":"Auf Lager"},"schema":{"@context":"https:\/\/schema.org","@graph":[{"@type":"WebPage","@id":"https:\/\/chefpastry.ch\/produit\/moule-silikomart-tapis-ambra-mosaique\/","url":"https:\/\/chefpastry.ch\/produit\/moule-silikomart-tapis-ambra-mosaique\/","name":"TAPIS AMBRA - Chef Pastry","isPartOf":{"@id":"https:\/\/chefpastry.ch\/#website"},"primaryImageOfPage":{"@id":"https:\/\/chefpastry.ch\/produit\/moule-silikomart-tapis-ambra-mosaique\/#primaryimage"},"image":{"@id":"https:\/\/chefpastry.ch\/produit\/moule-silikomart-tapis-ambra-mosaique\/#primaryimage"},"thumbnailUrl":"https:\/\/chefpastry.ch\/wp-content\/uploads\/2024\/03\/AMBRA.webp","datePublished":"2024-03-04T15:51:56+00:00","dateModified":"2025-05-13T14:34:18+00:00","description":"Le tapis Ambra, pr\u00e9sente 2 formes diff\u00e9rentes de mosa\u00efque (motive mosa\u00efque), pour une d\u00e9coration tr\u00e8s sp\u00e9ciale sur les plats, qu'ils soient sal\u00e9s ou sucr\u00e9s.","breadcrumb":{"@id":"https:\/\/chefpastry.ch\/produit\/moule-silikomart-tapis-ambra-mosaique\/#breadcrumb"},"inLanguage":"de","potentialAction":[{"@type":"ReadAction","target":["https:\/\/chefpastry.ch\/produit\/moule-silikomart-tapis-ambra-mosaique\/"]}]},{"@type":"ImageObject","inLanguage":"de","@id":"https:\/\/chefpastry.ch\/produit\/moule-silikomart-tapis-ambra-mosaique\/#primaryimage","url":"https:\/\/chefpastry.ch\/wp-content\/uploads\/2024\/03\/AMBRA.webp","contentUrl":"https:\/\/chefpastry.ch\/wp-content\/uploads\/2024\/03\/AMBRA.webp","width":900,"height":900,"caption":"tapis ambra silikomart mosa\u00efque"},{"@type":"BreadcrumbList","@id":"https:\/\/chefpastry.ch\/produit\/moule-silikomart-tapis-ambra-mosaique\/#breadcrumb","itemListElement":[{"@type":"ListItem","position":1,"name":"Home","item":"https:\/\/chefpastry.ch\/"},{"@type":"ListItem","position":2,"name":"E-shop","item":"https:\/\/chefpastry.ch\/e-shop\/"},{"@type":"ListItem","position":3,"name":"TAPIS AMBRA"}]},{"@type":"WebSite","@id":"https:\/\/chefpastry.ch\/#website","url":"https:\/\/chefpastry.ch\/","name":"Chef Pastry","description":"","publisher":{"@id":"https:\/\/chefpastry.ch\/#organization"},"potentialAction":[{"@type":"SearchAction","target":{"@type":"EntryPoint","urlTemplate":"https:\/\/chefpastry.ch\/?s={search_term_string}"},"query-input":{"@type":"PropertyValueSpecification","valueRequired":true,"valueName":"search_term_string"}}],"inLanguage":"de"},{"@type":"Organization","@id":"https:\/\/chefpastry.ch\/#organization","name":"Chef Pastry","url":"https:\/\/chefpastry.ch\/","logo":{"@type":"ImageObject","inLanguage":"de","@id":"https:\/\/chefpastry.ch\/#\/schema\/logo\/image\/","url":"https:\/\/chefpastry.ch\/wp-content\/uploads\/2022\/07\/cropped-chef_pastry_logo_rgb-03.png","contentUrl":"https:\/\/chefpastry.ch\/wp-content\/uploads\/2022\/07\/cropped-chef_pastry_logo_rgb-03.png","width":1545,"height":412,"caption":"Chef Pastry"},"image":{"@id":"https:\/\/chefpastry.ch\/#\/schema\/logo\/image\/"}}]},"product_price_amount":"25.00","product_price_currency":"CHF","og_availability":"instock","product_availability":"instock","product_retailer_item_id":"33.320.36.0065","product_condition":"new"},"_links":{"self":[{"href":"https:\/\/chefpastry.ch\/de\/wp-json\/wp\/v2\/product\/14894","targetHints":{"allow":["GET"]}}],"collection":[{"href":"https:\/\/chefpastry.ch\/de\/wp-json\/wp\/v2\/product"}],"about":[{"href":"https:\/\/chefpastry.ch\/de\/wp-json\/wp\/v2\/types\/product"}],"replies":[{"embeddable":true,"href":"https:\/\/chefpastry.ch\/de\/wp-json\/wp\/v2\/comments?post=14894"}],"version-history":[{"count":1,"href":"https:\/\/chefpastry.ch\/de\/wp-json\/wp\/v2\/product\/14894\/revisions"}],"predecessor-version":[{"id":16460,"href":"https:\/\/chefpastry.ch\/de\/wp-json\/wp\/v2\/product\/14894\/revisions\/16460"}],"wp:featuredmedia":[{"embeddable":true,"href":"https:\/\/chefpastry.ch\/de\/wp-json\/wp\/v2\/media\/14897"}],"wp:attachment":[{"href":"https:\/\/chefpastry.ch\/de\/wp-json\/wp\/v2\/media?parent=14894"}],"wp:term":[{"taxonomy":"product_brand","embeddable":true,"href":"https:\/\/chefpastry.ch\/de\/wp-json\/wp\/v2\/product_brand?post=14894"},{"taxonomy":"product_cat","embeddable":true,"href":"https:\/\/chefpastry.ch\/de\/wp-json\/wp\/v2\/product_cat?post=14894"},{"taxonomy":"product_tag","embeddable":true,"href":"https:\/\/chefpastry.ch\/de\/wp-json\/wp\/v2\/product_tag?post=14894"}],"curies":[{"name":"wp","href":"https:\/\/api.w.org\/{rel}","templated":true}]}}