{"id":14730,"date":"2024-01-29T15:55:33","date_gmt":"2024-01-29T14:55:33","guid":{"rendered":"https:\/\/chefpastry.ch\/?post_type=product&#038;p=14730"},"modified":"2025-04-14T14:43:37","modified_gmt":"2025-04-14T12:43:37","slug":"moule-silicone-silikomart-egg-hunt","status":"publish","type":"product","link":"https:\/\/chefpastry.ch\/de\/produkt\/moule-silicone-silikomart-egg-hunt\/","title":{"rendered":"EGG HUNT"},"content":{"rendered":"<p>Die Form <strong>EGG HUNT<\/strong> von bei <strong>Silikomart<\/strong>, parfait pour la r\u00e9alisations <strong>d&rsquo;\u0153ufs de P\u00e2ques<\/strong> !<br \/>\nUn moule en silicone pour r\u00e9aliser 11 cr\u00e9ations d&rsquo;\u0153ufs de P\u00e2ques avec un effet 3D original : <strong>vagues, fleurs, c\u0153urs<\/strong>.<\/p>\n<p>Les cavit\u00e9s du moule Egg hunt sont dot\u00e9es d&rsquo;un bord interne <strong>r\u00e9volutionnaire<\/strong> qui donne au fond de vos pr\u00e9parations une forme l\u00e9g\u00e8rement arrondie.<br \/>\nLe moule Egg hunt <strong>garantit<\/strong> des r\u00e9sultats impeccables non seulement pour les produits semi-congel\u00e9s, mais aussi pour les <strong>Patisserie<\/strong>.<\/p>\n<p>Je <strong>recommande<\/strong> pour cela les <a href=\"https:\/\/chefpastry.ch\/de\/produkt\/silikomart-velvet-jaune-spray-velours\/\">Velvet Spray<\/a> ou les colorants alimentaires <a href=\"https:\/\/chefpastry.ch\/de\/produkt\/silikomart-colorant-liposoluble-vert\/\">liposolubles<\/a>.<\/p>\n<ul>\n<li>Dimensions : 53 x 67 mm<\/li>\n<li>Contenance : 11 x 100 ml = 1100ml<\/li>\n<li>facile \u00e0 nettoyer et r\u00e9sistant au lave-vaisselle<\/li>\n<li>r\u00e9sistant \u00e0 la chaleur de -60\u00b0C \u00e0 +230\u00b0C<\/li>\n<li>ne doit pas \u00eatre graiss\u00e9<\/li>\n<\/ul>","protected":false},"excerpt":{"rendered":"<p>Die Form <strong>EGG HUNT<\/strong> von bei <strong>Silikomart<\/strong>, parfait pour la r\u00e9alisations <strong>d&rsquo;\u0153ufs de P\u00e2ques<\/strong> !<br \/>\nUn moule en silicone pour r\u00e9aliser 11 cr\u00e9ations d&rsquo;\u0153ufs de P\u00e2ques avec un effet 3D original : <strong>vagues, fleurs, c\u0153urs<\/strong>.<\/p>","protected":false},"featured_media":14731,"comment_status":"open","ping_status":"closed","template":"","meta":{"_jet_sm_ready_style":"","_jet_sm_style":"","_jet_sm_controls_values":"","_jet_sm_fonts_collection":"","_jet_sm_fonts_links":"","_joinchat":[]},"product_brand":[],"product_cat":[23,180],"product_tag":[],"class_list":{"0":"post-14730","1":"product","2":"type-product","3":"status-publish","4":"has-post-thumbnail","6":"product_cat-multiformes","7":"product_cat-paques","9":"first","10":"instock","11":"taxable","12":"shipping-taxable","13":"purchasable","14":"product-type-simple"},"yoast_head":"<!-- This site is optimized with the Yoast SEO plugin v27.0 - https:\/\/yoast.com\/product\/yoast-seo-wordpress\/ -->\n<title>EGG HUNT - Chef Pastry<\/title>\n<meta name=\"description\" content=\"Le moule EGG HUNT, parfait pour la r\u00e9alisations d&#039;\u0153ufs de P\u00e2ques ! Pour r\u00e9aliser 11 cr\u00e9ations d&#039;\u0153ufs de P\u00e2ques avec un effet: vagues, fleurs ou c\u0153urs.\" \/>\n<meta name=\"robots\" content=\"index, follow, max-snippet:-1, max-image-preview:large, max-video-preview:-1\" \/>\n<link rel=\"canonical\" href=\"https:\/\/chefpastry.ch\/de\/produkt\/moule-silicone-silikomart-egg-hunt\/\" \/>\n<meta property=\"og:locale\" content=\"de_DE\" \/>\n<meta property=\"og:type\" content=\"article\" \/>\n<meta property=\"og:title\" content=\"EGG HUNT - Chef Pastry\" \/>\n<meta property=\"og:description\" content=\"Le moule EGG HUNT, parfait pour la r\u00e9alisations d&#039;\u0153ufs de P\u00e2ques ! Pour r\u00e9aliser 11 cr\u00e9ations d&#039;\u0153ufs de P\u00e2ques avec un effet: vagues, fleurs ou c\u0153urs.\" \/>\n<meta property=\"og:url\" content=\"https:\/\/chefpastry.ch\/de\/produkt\/moule-silicone-silikomart-egg-hunt\/\" \/>\n<meta property=\"og:site_name\" content=\"Chef Pastry\" \/>\n<meta property=\"article:modified_time\" content=\"2025-04-14T12:43:37+00:00\" \/>\n<meta property=\"og:image\" content=\"https:\/\/chefpastry.ch\/wp-content\/uploads\/2024\/01\/EGG-HUNT-.webp\" \/>\n\t<meta property=\"og:image:width\" content=\"900\" \/>\n\t<meta property=\"og:image:height\" content=\"900\" \/>\n\t<meta property=\"og:image:type\" content=\"image\/webp\" \/>\n<meta name=\"twitter:card\" content=\"summary_large_image\" \/>\n<meta name=\"twitter:label1\" content=\"Preis\" \/>\n\t<meta name=\"twitter:data1\" content=\"&#067;&#072;&#070;&nbsp;19.00 TTC\" \/>\n\t<meta name=\"twitter:label2\" content=\"Verf\u00fcgbarkeit\" \/>\n\t<meta name=\"twitter:data2\" content=\"Auf Lager\" \/>\n<script type=\"application\/ld+json\" class=\"yoast-schema-graph\">{\"@context\":\"https:\/\/schema.org\",\"@graph\":[{\"@type\":\"WebPage\",\"@id\":\"https:\/\/chefpastry.ch\/produit\/moule-silicone-silikomart-egg-hunt\/\",\"url\":\"https:\/\/chefpastry.ch\/produit\/moule-silicone-silikomart-egg-hunt\/\",\"name\":\"EGG HUNT - Chef Pastry\",\"isPartOf\":{\"@id\":\"https:\/\/chefpastry.ch\/#website\"},\"primaryImageOfPage\":{\"@id\":\"https:\/\/chefpastry.ch\/produit\/moule-silicone-silikomart-egg-hunt\/#primaryimage\"},\"image\":{\"@id\":\"https:\/\/chefpastry.ch\/produit\/moule-silicone-silikomart-egg-hunt\/#primaryimage\"},\"thumbnailUrl\":\"https:\/\/chefpastry.ch\/wp-content\/uploads\/2024\/01\/EGG-HUNT-.webp\",\"datePublished\":\"2024-01-29T14:55:33+00:00\",\"dateModified\":\"2025-04-14T12:43:37+00:00\",\"description\":\"Le moule EGG HUNT, parfait pour la r\u00e9alisations d'\u0153ufs de P\u00e2ques ! Pour r\u00e9aliser 11 cr\u00e9ations d'\u0153ufs de P\u00e2ques avec un effet: vagues, fleurs ou c\u0153urs.\",\"breadcrumb\":{\"@id\":\"https:\/\/chefpastry.ch\/produit\/moule-silicone-silikomart-egg-hunt\/#breadcrumb\"},\"inLanguage\":\"de\",\"potentialAction\":[{\"@type\":\"ReadAction\",\"target\":[\"https:\/\/chefpastry.ch\/produit\/moule-silicone-silikomart-egg-hunt\/\"]}]},{\"@type\":\"ImageObject\",\"inLanguage\":\"de\",\"@id\":\"https:\/\/chefpastry.ch\/produit\/moule-silicone-silikomart-egg-hunt\/#primaryimage\",\"url\":\"https:\/\/chefpastry.ch\/wp-content\/uploads\/2024\/01\/EGG-HUNT-.webp\",\"contentUrl\":\"https:\/\/chefpastry.ch\/wp-content\/uploads\/2024\/01\/EGG-HUNT-.webp\",\"width\":900,\"height\":900,\"caption\":\"moule egg hunt paques silikomart\"},{\"@type\":\"BreadcrumbList\",\"@id\":\"https:\/\/chefpastry.ch\/produit\/moule-silicone-silikomart-egg-hunt\/#breadcrumb\",\"itemListElement\":[{\"@type\":\"ListItem\",\"position\":1,\"name\":\"Home\",\"item\":\"https:\/\/chefpastry.ch\/\"},{\"@type\":\"ListItem\",\"position\":2,\"name\":\"E-shop\",\"item\":\"https:\/\/chefpastry.ch\/e-shop\/\"},{\"@type\":\"ListItem\",\"position\":3,\"name\":\"EGG HUNT\"}]},{\"@type\":\"WebSite\",\"@id\":\"https:\/\/chefpastry.ch\/#website\",\"url\":\"https:\/\/chefpastry.ch\/\",\"name\":\"Chef Pastry\",\"description\":\"\",\"publisher\":{\"@id\":\"https:\/\/chefpastry.ch\/#organization\"},\"potentialAction\":[{\"@type\":\"SearchAction\",\"target\":{\"@type\":\"EntryPoint\",\"urlTemplate\":\"https:\/\/chefpastry.ch\/?s={search_term_string}\"},\"query-input\":{\"@type\":\"PropertyValueSpecification\",\"valueRequired\":true,\"valueName\":\"search_term_string\"}}],\"inLanguage\":\"de\"},{\"@type\":\"Organization\",\"@id\":\"https:\/\/chefpastry.ch\/#organization\",\"name\":\"Chef Pastry\",\"url\":\"https:\/\/chefpastry.ch\/\",\"logo\":{\"@type\":\"ImageObject\",\"inLanguage\":\"de\",\"@id\":\"https:\/\/chefpastry.ch\/#\/schema\/logo\/image\/\",\"url\":\"https:\/\/chefpastry.ch\/wp-content\/uploads\/2022\/07\/cropped-chef_pastry_logo_rgb-03.png\",\"contentUrl\":\"https:\/\/chefpastry.ch\/wp-content\/uploads\/2022\/07\/cropped-chef_pastry_logo_rgb-03.png\",\"width\":1545,\"height\":412,\"caption\":\"Chef Pastry\"},\"image\":{\"@id\":\"https:\/\/chefpastry.ch\/#\/schema\/logo\/image\/\"}}]}<\/script>\n<meta property=\"product:price:amount\" content=\"19.00\" \/>\n<meta property=\"product:price:currency\" content=\"CHF\" \/>\n<meta property=\"og:availability\" content=\"instock\" \/>\n<meta property=\"product:availability\" content=\"instock\" \/>\n<meta property=\"product:retailer_item_id\" content=\"26.421.13.0065\" \/>\n<meta property=\"product:condition\" content=\"new\" \/>\n<!-- \/ Yoast SEO plugin. -->","yoast_head_json":{"title":"EGG HUNT - Chef Pastry","description":"Le moule EGG HUNT, parfait pour la r\u00e9alisations d'\u0153ufs de P\u00e2ques ! Pour r\u00e9aliser 11 cr\u00e9ations d'\u0153ufs de P\u00e2ques avec un effet: vagues, fleurs ou c\u0153urs.","robots":{"index":"index","follow":"follow","max-snippet":"max-snippet:-1","max-image-preview":"max-image-preview:large","max-video-preview":"max-video-preview:-1"},"canonical":"https:\/\/chefpastry.ch\/de\/produkt\/moule-silicone-silikomart-egg-hunt\/","og_locale":"de_DE","og_type":"article","og_title":"EGG HUNT - Chef Pastry","og_description":"Le moule EGG HUNT, parfait pour la r\u00e9alisations d'\u0153ufs de P\u00e2ques ! Pour r\u00e9aliser 11 cr\u00e9ations d'\u0153ufs de P\u00e2ques avec un effet: vagues, fleurs ou c\u0153urs.","og_url":"https:\/\/chefpastry.ch\/de\/produkt\/moule-silicone-silikomart-egg-hunt\/","og_site_name":"Chef Pastry","article_modified_time":"2025-04-14T12:43:37+00:00","og_image":[{"width":900,"height":900,"url":"https:\/\/chefpastry.ch\/wp-content\/uploads\/2024\/01\/EGG-HUNT-.webp","type":"image\/webp"}],"twitter_card":"summary_large_image","twitter_misc":{"Preis":"&#67;&#72;&#70;&nbsp;19.00 TTC","Verf\u00fcgbarkeit":"Auf Lager"},"schema":{"@context":"https:\/\/schema.org","@graph":[{"@type":"WebPage","@id":"https:\/\/chefpastry.ch\/produit\/moule-silicone-silikomart-egg-hunt\/","url":"https:\/\/chefpastry.ch\/produit\/moule-silicone-silikomart-egg-hunt\/","name":"EGG HUNT - Chef Pastry","isPartOf":{"@id":"https:\/\/chefpastry.ch\/#website"},"primaryImageOfPage":{"@id":"https:\/\/chefpastry.ch\/produit\/moule-silicone-silikomart-egg-hunt\/#primaryimage"},"image":{"@id":"https:\/\/chefpastry.ch\/produit\/moule-silicone-silikomart-egg-hunt\/#primaryimage"},"thumbnailUrl":"https:\/\/chefpastry.ch\/wp-content\/uploads\/2024\/01\/EGG-HUNT-.webp","datePublished":"2024-01-29T14:55:33+00:00","dateModified":"2025-04-14T12:43:37+00:00","description":"Le moule EGG HUNT, parfait pour la r\u00e9alisations d'\u0153ufs de P\u00e2ques ! Pour r\u00e9aliser 11 cr\u00e9ations d'\u0153ufs de P\u00e2ques avec un effet: vagues, fleurs ou c\u0153urs.","breadcrumb":{"@id":"https:\/\/chefpastry.ch\/produit\/moule-silicone-silikomart-egg-hunt\/#breadcrumb"},"inLanguage":"de","potentialAction":[{"@type":"ReadAction","target":["https:\/\/chefpastry.ch\/produit\/moule-silicone-silikomart-egg-hunt\/"]}]},{"@type":"ImageObject","inLanguage":"de","@id":"https:\/\/chefpastry.ch\/produit\/moule-silicone-silikomart-egg-hunt\/#primaryimage","url":"https:\/\/chefpastry.ch\/wp-content\/uploads\/2024\/01\/EGG-HUNT-.webp","contentUrl":"https:\/\/chefpastry.ch\/wp-content\/uploads\/2024\/01\/EGG-HUNT-.webp","width":900,"height":900,"caption":"moule egg hunt paques silikomart"},{"@type":"BreadcrumbList","@id":"https:\/\/chefpastry.ch\/produit\/moule-silicone-silikomart-egg-hunt\/#breadcrumb","itemListElement":[{"@type":"ListItem","position":1,"name":"Home","item":"https:\/\/chefpastry.ch\/"},{"@type":"ListItem","position":2,"name":"E-shop","item":"https:\/\/chefpastry.ch\/e-shop\/"},{"@type":"ListItem","position":3,"name":"EGG HUNT"}]},{"@type":"WebSite","@id":"https:\/\/chefpastry.ch\/#website","url":"https:\/\/chefpastry.ch\/","name":"Chef Pastry","description":"","publisher":{"@id":"https:\/\/chefpastry.ch\/#organization"},"potentialAction":[{"@type":"SearchAction","target":{"@type":"EntryPoint","urlTemplate":"https:\/\/chefpastry.ch\/?s={search_term_string}"},"query-input":{"@type":"PropertyValueSpecification","valueRequired":true,"valueName":"search_term_string"}}],"inLanguage":"de"},{"@type":"Organization","@id":"https:\/\/chefpastry.ch\/#organization","name":"Chef Pastry","url":"https:\/\/chefpastry.ch\/","logo":{"@type":"ImageObject","inLanguage":"de","@id":"https:\/\/chefpastry.ch\/#\/schema\/logo\/image\/","url":"https:\/\/chefpastry.ch\/wp-content\/uploads\/2022\/07\/cropped-chef_pastry_logo_rgb-03.png","contentUrl":"https:\/\/chefpastry.ch\/wp-content\/uploads\/2022\/07\/cropped-chef_pastry_logo_rgb-03.png","width":1545,"height":412,"caption":"Chef Pastry"},"image":{"@id":"https:\/\/chefpastry.ch\/#\/schema\/logo\/image\/"}}]},"product_price_amount":"19.00","product_price_currency":"CHF","og_availability":"instock","product_availability":"instock","product_retailer_item_id":"26.421.13.0065","product_condition":"new"},"_links":{"self":[{"href":"https:\/\/chefpastry.ch\/de\/wp-json\/wp\/v2\/product\/14730","targetHints":{"allow":["GET"]}}],"collection":[{"href":"https:\/\/chefpastry.ch\/de\/wp-json\/wp\/v2\/product"}],"about":[{"href":"https:\/\/chefpastry.ch\/de\/wp-json\/wp\/v2\/types\/product"}],"replies":[{"embeddable":true,"href":"https:\/\/chefpastry.ch\/de\/wp-json\/wp\/v2\/comments?post=14730"}],"version-history":[{"count":1,"href":"https:\/\/chefpastry.ch\/de\/wp-json\/wp\/v2\/product\/14730\/revisions"}],"predecessor-version":[{"id":16337,"href":"https:\/\/chefpastry.ch\/de\/wp-json\/wp\/v2\/product\/14730\/revisions\/16337"}],"wp:featuredmedia":[{"embeddable":true,"href":"https:\/\/chefpastry.ch\/de\/wp-json\/wp\/v2\/media\/14731"}],"wp:attachment":[{"href":"https:\/\/chefpastry.ch\/de\/wp-json\/wp\/v2\/media?parent=14730"}],"wp:term":[{"taxonomy":"product_brand","embeddable":true,"href":"https:\/\/chefpastry.ch\/de\/wp-json\/wp\/v2\/product_brand?post=14730"},{"taxonomy":"product_cat","embeddable":true,"href":"https:\/\/chefpastry.ch\/de\/wp-json\/wp\/v2\/product_cat?post=14730"},{"taxonomy":"product_tag","embeddable":true,"href":"https:\/\/chefpastry.ch\/de\/wp-json\/wp\/v2\/product_tag?post=14730"}],"curies":[{"name":"wp","href":"https:\/\/api.w.org\/{rel}","templated":true}]}}