{"id":14713,"date":"2024-01-29T15:22:42","date_gmt":"2024-01-29T14:22:42","guid":{"rendered":"https:\/\/chefpastry.ch\/?post_type=product&#038;p=14713"},"modified":"2025-04-14T11:53:43","modified_gmt":"2025-04-14T09:53:43","slug":"moule-silicone-silikomart-daisy-60","status":"publish","type":"product","link":"https:\/\/chefpastry.ch\/de\/produkt\/moule-silicone-silikomart-daisy-60\/","title":{"rendered":"DAISY 60"},"content":{"rendered":"<div class=\"description formatted-text\">\n<p>Die <strong>moule Fleur Daisy de chez SIlikomart<\/strong>, est le fruit d&rsquo;une collaboration entre Silikomart et <strong>Carmine di Donna<\/strong>, p\u00e2tissier italien et consultant pour les entreprises, p\u00e2tisseries et \u00e9coles de cuisine.<\/p>\n<p>Une forme tr\u00e8s <strong>printani\u00e8re<\/strong> qui permet de r\u00e9aliser une collerette pour d\u00e9corer l\u2019entremet.<br \/>\nEn silicone <strong>100% platinique sans bisph\u00e9nol-A<\/strong> (ou BPA), il est facile d&rsquo;entretien et d&rsquo;utilisation.<\/p>\n<p><strong>Livr\u00e9 avec un d\u00e9coupoir double.<\/strong><\/p>\n<ul>\n<li class=\"niv2\">Dimensions de la plaque : 30 x 17,5 cm<\/li>\n<li class=\"niv2\">Volume : 8 x 60 ml<\/li>\n<li class=\"niv2\">Dimensions empreinte : \u00d8 5,8 x ht 4,1 cm<\/li>\n<li class=\"niv2\">Mati\u00e8re : Silicone liquide 100% platinique sans bisph\u00e9nol-A (ou BPA)<\/li>\n<li class=\"niv2\">Utilisation : Moule silicone utilisable dans une plage thermique allant de : -60\u00b0C \u00e0 +230\u00b0C (Cong\u00e9lateur &#8211; r\u00e9frig\u00e9rateur &#8211; four et micro-ondes)<\/li>\n<li class=\"niv2\">Entretien : Facile, passe au lave-vaisselle<\/li>\n<li class=\"niv2\">Fabriqu\u00e9 en Italie<\/li>\n<\/ul>\n<p><img decoding=\"async\" class=\"alignnone\" src=\"https:\/\/files.meilleurduchef.com\/mdc\/library2\/img\/boutique\/label\/silicone-platinique.png\" alt=\"Certifi\u00e9 Qualit\u00e9, Exigences Alimentaires\" width=\"60\" height=\"60\" \/><img decoding=\"async\" class=\"alignnone\" src=\"https:\/\/files.meilleurduchef.com\/mdc\/library2\/img\/boutique\/label\/sans-bisphenol-a.png\" alt=\"Sans Bisph\u00e9nol A\" width=\"59\" height=\"59\" \/><\/p>\n<\/div>","protected":false},"excerpt":{"rendered":"<p>Die <strong>moule Fleur Daisy de chez SIlikomart<\/strong>, est le fruit d&rsquo;une collaboration entre Silikomart et <strong>Carmine di Donna<\/strong>, p\u00e2tissier italien et consultant pour les entreprises, p\u00e2tisseries et \u00e9coles de cuisine.<br \/>\nUne forme tr\u00e8s <strong>printani\u00e8re<\/strong> qui permet de r\u00e9aliser une collerette pour d\u00e9corer l\u2019entremet.<\/p>","protected":false},"featured_media":14715,"comment_status":"open","ping_status":"closed","template":"","meta":{"_jet_sm_ready_style":"","_jet_sm_style":"","_jet_sm_controls_values":"","_jet_sm_fonts_collection":"","_jet_sm_fonts_links":"","_joinchat":[]},"product_brand":[],"product_cat":[23],"product_tag":[],"class_list":{"0":"post-14713","1":"product","2":"type-product","3":"status-publish","4":"has-post-thumbnail","6":"product_cat-multiformes","8":"first","9":"instock","10":"taxable","11":"shipping-taxable","12":"purchasable","13":"product-type-simple"},"yoast_head":"<!-- This site is optimized with the Yoast SEO plugin v27.0 - https:\/\/yoast.com\/product\/yoast-seo-wordpress\/ -->\n<title>DAISY 60 - Chef Pastry<\/title>\n<meta name=\"description\" content=\"Le moule Daisy de chez SIlikomart, une forme tr\u00e8s printani\u00e8re qui permet de r\u00e9aliser une collerette pour d\u00e9corer l\u2019entremet.\" \/>\n<meta name=\"robots\" content=\"index, follow, max-snippet:-1, max-image-preview:large, max-video-preview:-1\" \/>\n<link rel=\"canonical\" href=\"https:\/\/chefpastry.ch\/de\/produkt\/moule-silicone-silikomart-daisy-60\/\" \/>\n<meta property=\"og:locale\" content=\"de_DE\" \/>\n<meta property=\"og:type\" content=\"article\" \/>\n<meta property=\"og:title\" content=\"DAISY 60 - Chef Pastry\" \/>\n<meta property=\"og:description\" content=\"Le moule Daisy de chez SIlikomart, une forme tr\u00e8s printani\u00e8re qui permet de r\u00e9aliser une collerette pour d\u00e9corer l\u2019entremet.\" \/>\n<meta property=\"og:url\" content=\"https:\/\/chefpastry.ch\/de\/produkt\/moule-silicone-silikomart-daisy-60\/\" \/>\n<meta property=\"og:site_name\" content=\"Chef Pastry\" \/>\n<meta property=\"article:modified_time\" content=\"2025-04-14T09:53:43+00:00\" \/>\n<meta property=\"og:image\" content=\"https:\/\/chefpastry.ch\/wp-content\/uploads\/2024\/01\/DAISY-60--e1706537963963.webp\" \/>\n\t<meta property=\"og:image:width\" content=\"484\" \/>\n\t<meta property=\"og:image:height\" content=\"388\" \/>\n\t<meta property=\"og:image:type\" content=\"image\/webp\" \/>\n<meta name=\"twitter:card\" content=\"summary_large_image\" \/>\n<meta name=\"twitter:label1\" content=\"Preis\" \/>\n\t<meta name=\"twitter:data1\" content=\"&#067;&#072;&#070;&nbsp;26.50 TTC\" \/>\n\t<meta name=\"twitter:label2\" content=\"Verf\u00fcgbarkeit\" \/>\n\t<meta name=\"twitter:data2\" content=\"Auf Lager\" \/>\n<script type=\"application\/ld+json\" class=\"yoast-schema-graph\">{\"@context\":\"https:\/\/schema.org\",\"@graph\":[{\"@type\":\"WebPage\",\"@id\":\"https:\/\/chefpastry.ch\/produit\/moule-silicone-silikomart-daisy-60\/\",\"url\":\"https:\/\/chefpastry.ch\/produit\/moule-silicone-silikomart-daisy-60\/\",\"name\":\"DAISY 60 - Chef Pastry\",\"isPartOf\":{\"@id\":\"https:\/\/chefpastry.ch\/#website\"},\"primaryImageOfPage\":{\"@id\":\"https:\/\/chefpastry.ch\/produit\/moule-silicone-silikomart-daisy-60\/#primaryimage\"},\"image\":{\"@id\":\"https:\/\/chefpastry.ch\/produit\/moule-silicone-silikomart-daisy-60\/#primaryimage\"},\"thumbnailUrl\":\"https:\/\/chefpastry.ch\/wp-content\/uploads\/2024\/01\/DAISY-60--e1706537963963.webp\",\"datePublished\":\"2024-01-29T14:22:42+00:00\",\"dateModified\":\"2025-04-14T09:53:43+00:00\",\"description\":\"Le moule Daisy de chez SIlikomart, une forme tr\u00e8s printani\u00e8re qui permet de r\u00e9aliser une collerette pour d\u00e9corer l\u2019entremet.\",\"breadcrumb\":{\"@id\":\"https:\/\/chefpastry.ch\/produit\/moule-silicone-silikomart-daisy-60\/#breadcrumb\"},\"inLanguage\":\"de\",\"potentialAction\":[{\"@type\":\"ReadAction\",\"target\":[\"https:\/\/chefpastry.ch\/produit\/moule-silicone-silikomart-daisy-60\/\"]}]},{\"@type\":\"ImageObject\",\"inLanguage\":\"de\",\"@id\":\"https:\/\/chefpastry.ch\/produit\/moule-silicone-silikomart-daisy-60\/#primaryimage\",\"url\":\"https:\/\/chefpastry.ch\/wp-content\/uploads\/2024\/01\/DAISY-60--e1706537963963.webp\",\"contentUrl\":\"https:\/\/chefpastry.ch\/wp-content\/uploads\/2024\/01\/DAISY-60--e1706537963963.webp\",\"width\":484,\"height\":388,\"caption\":\"moule fleur daisy silikomart\"},{\"@type\":\"BreadcrumbList\",\"@id\":\"https:\/\/chefpastry.ch\/produit\/moule-silicone-silikomart-daisy-60\/#breadcrumb\",\"itemListElement\":[{\"@type\":\"ListItem\",\"position\":1,\"name\":\"Home\",\"item\":\"https:\/\/chefpastry.ch\/\"},{\"@type\":\"ListItem\",\"position\":2,\"name\":\"E-shop\",\"item\":\"https:\/\/chefpastry.ch\/e-shop\/\"},{\"@type\":\"ListItem\",\"position\":3,\"name\":\"DAISY 60\"}]},{\"@type\":\"WebSite\",\"@id\":\"https:\/\/chefpastry.ch\/#website\",\"url\":\"https:\/\/chefpastry.ch\/\",\"name\":\"Chef Pastry\",\"description\":\"\",\"publisher\":{\"@id\":\"https:\/\/chefpastry.ch\/#organization\"},\"potentialAction\":[{\"@type\":\"SearchAction\",\"target\":{\"@type\":\"EntryPoint\",\"urlTemplate\":\"https:\/\/chefpastry.ch\/?s={search_term_string}\"},\"query-input\":{\"@type\":\"PropertyValueSpecification\",\"valueRequired\":true,\"valueName\":\"search_term_string\"}}],\"inLanguage\":\"de\"},{\"@type\":\"Organization\",\"@id\":\"https:\/\/chefpastry.ch\/#organization\",\"name\":\"Chef Pastry\",\"url\":\"https:\/\/chefpastry.ch\/\",\"logo\":{\"@type\":\"ImageObject\",\"inLanguage\":\"de\",\"@id\":\"https:\/\/chefpastry.ch\/#\/schema\/logo\/image\/\",\"url\":\"https:\/\/chefpastry.ch\/wp-content\/uploads\/2022\/07\/cropped-chef_pastry_logo_rgb-03.png\",\"contentUrl\":\"https:\/\/chefpastry.ch\/wp-content\/uploads\/2022\/07\/cropped-chef_pastry_logo_rgb-03.png\",\"width\":1545,\"height\":412,\"caption\":\"Chef Pastry\"},\"image\":{\"@id\":\"https:\/\/chefpastry.ch\/#\/schema\/logo\/image\/\"}}]}<\/script>\n<meta property=\"product:price:amount\" content=\"26.50\" \/>\n<meta property=\"product:price:currency\" content=\"CHF\" \/>\n<meta property=\"og:availability\" content=\"instock\" \/>\n<meta property=\"product:availability\" content=\"instock\" \/>\n<meta property=\"product:retailer_item_id\" content=\"36.417.87.0065\" \/>\n<meta property=\"product:condition\" content=\"new\" \/>\n<!-- \/ Yoast SEO plugin. -->","yoast_head_json":{"title":"DAISY 60 - Chef Pastry","description":"Le moule Daisy de chez SIlikomart, une forme tr\u00e8s printani\u00e8re qui permet de r\u00e9aliser une collerette pour d\u00e9corer l\u2019entremet.","robots":{"index":"index","follow":"follow","max-snippet":"max-snippet:-1","max-image-preview":"max-image-preview:large","max-video-preview":"max-video-preview:-1"},"canonical":"https:\/\/chefpastry.ch\/de\/produkt\/moule-silicone-silikomart-daisy-60\/","og_locale":"de_DE","og_type":"article","og_title":"DAISY 60 - Chef Pastry","og_description":"Le moule Daisy de chez SIlikomart, une forme tr\u00e8s printani\u00e8re qui permet de r\u00e9aliser une collerette pour d\u00e9corer l\u2019entremet.","og_url":"https:\/\/chefpastry.ch\/de\/produkt\/moule-silicone-silikomart-daisy-60\/","og_site_name":"Chef Pastry","article_modified_time":"2025-04-14T09:53:43+00:00","og_image":[{"width":484,"height":388,"url":"https:\/\/chefpastry.ch\/wp-content\/uploads\/2024\/01\/DAISY-60--e1706537963963.webp","type":"image\/webp"}],"twitter_card":"summary_large_image","twitter_misc":{"Preis":"&#67;&#72;&#70;&nbsp;26.50 TTC","Verf\u00fcgbarkeit":"Auf Lager"},"schema":{"@context":"https:\/\/schema.org","@graph":[{"@type":"WebPage","@id":"https:\/\/chefpastry.ch\/produit\/moule-silicone-silikomart-daisy-60\/","url":"https:\/\/chefpastry.ch\/produit\/moule-silicone-silikomart-daisy-60\/","name":"DAISY 60 - Chef Pastry","isPartOf":{"@id":"https:\/\/chefpastry.ch\/#website"},"primaryImageOfPage":{"@id":"https:\/\/chefpastry.ch\/produit\/moule-silicone-silikomart-daisy-60\/#primaryimage"},"image":{"@id":"https:\/\/chefpastry.ch\/produit\/moule-silicone-silikomart-daisy-60\/#primaryimage"},"thumbnailUrl":"https:\/\/chefpastry.ch\/wp-content\/uploads\/2024\/01\/DAISY-60--e1706537963963.webp","datePublished":"2024-01-29T14:22:42+00:00","dateModified":"2025-04-14T09:53:43+00:00","description":"Le moule Daisy de chez SIlikomart, une forme tr\u00e8s printani\u00e8re qui permet de r\u00e9aliser une collerette pour d\u00e9corer l\u2019entremet.","breadcrumb":{"@id":"https:\/\/chefpastry.ch\/produit\/moule-silicone-silikomart-daisy-60\/#breadcrumb"},"inLanguage":"de","potentialAction":[{"@type":"ReadAction","target":["https:\/\/chefpastry.ch\/produit\/moule-silicone-silikomart-daisy-60\/"]}]},{"@type":"ImageObject","inLanguage":"de","@id":"https:\/\/chefpastry.ch\/produit\/moule-silicone-silikomart-daisy-60\/#primaryimage","url":"https:\/\/chefpastry.ch\/wp-content\/uploads\/2024\/01\/DAISY-60--e1706537963963.webp","contentUrl":"https:\/\/chefpastry.ch\/wp-content\/uploads\/2024\/01\/DAISY-60--e1706537963963.webp","width":484,"height":388,"caption":"moule fleur daisy silikomart"},{"@type":"BreadcrumbList","@id":"https:\/\/chefpastry.ch\/produit\/moule-silicone-silikomart-daisy-60\/#breadcrumb","itemListElement":[{"@type":"ListItem","position":1,"name":"Home","item":"https:\/\/chefpastry.ch\/"},{"@type":"ListItem","position":2,"name":"E-shop","item":"https:\/\/chefpastry.ch\/e-shop\/"},{"@type":"ListItem","position":3,"name":"DAISY 60"}]},{"@type":"WebSite","@id":"https:\/\/chefpastry.ch\/#website","url":"https:\/\/chefpastry.ch\/","name":"Chef Pastry","description":"","publisher":{"@id":"https:\/\/chefpastry.ch\/#organization"},"potentialAction":[{"@type":"SearchAction","target":{"@type":"EntryPoint","urlTemplate":"https:\/\/chefpastry.ch\/?s={search_term_string}"},"query-input":{"@type":"PropertyValueSpecification","valueRequired":true,"valueName":"search_term_string"}}],"inLanguage":"de"},{"@type":"Organization","@id":"https:\/\/chefpastry.ch\/#organization","name":"Chef Pastry","url":"https:\/\/chefpastry.ch\/","logo":{"@type":"ImageObject","inLanguage":"de","@id":"https:\/\/chefpastry.ch\/#\/schema\/logo\/image\/","url":"https:\/\/chefpastry.ch\/wp-content\/uploads\/2022\/07\/cropped-chef_pastry_logo_rgb-03.png","contentUrl":"https:\/\/chefpastry.ch\/wp-content\/uploads\/2022\/07\/cropped-chef_pastry_logo_rgb-03.png","width":1545,"height":412,"caption":"Chef Pastry"},"image":{"@id":"https:\/\/chefpastry.ch\/#\/schema\/logo\/image\/"}}]},"product_price_amount":"26.50","product_price_currency":"CHF","og_availability":"instock","product_availability":"instock","product_retailer_item_id":"36.417.87.0065","product_condition":"new"},"_links":{"self":[{"href":"https:\/\/chefpastry.ch\/de\/wp-json\/wp\/v2\/product\/14713","targetHints":{"allow":["GET"]}}],"collection":[{"href":"https:\/\/chefpastry.ch\/de\/wp-json\/wp\/v2\/product"}],"about":[{"href":"https:\/\/chefpastry.ch\/de\/wp-json\/wp\/v2\/types\/product"}],"replies":[{"embeddable":true,"href":"https:\/\/chefpastry.ch\/de\/wp-json\/wp\/v2\/comments?post=14713"}],"version-history":[{"count":1,"href":"https:\/\/chefpastry.ch\/de\/wp-json\/wp\/v2\/product\/14713\/revisions"}],"predecessor-version":[{"id":16298,"href":"https:\/\/chefpastry.ch\/de\/wp-json\/wp\/v2\/product\/14713\/revisions\/16298"}],"wp:featuredmedia":[{"embeddable":true,"href":"https:\/\/chefpastry.ch\/de\/wp-json\/wp\/v2\/media\/14715"}],"wp:attachment":[{"href":"https:\/\/chefpastry.ch\/de\/wp-json\/wp\/v2\/media?parent=14713"}],"wp:term":[{"taxonomy":"product_brand","embeddable":true,"href":"https:\/\/chefpastry.ch\/de\/wp-json\/wp\/v2\/product_brand?post=14713"},{"taxonomy":"product_cat","embeddable":true,"href":"https:\/\/chefpastry.ch\/de\/wp-json\/wp\/v2\/product_cat?post=14713"},{"taxonomy":"product_tag","embeddable":true,"href":"https:\/\/chefpastry.ch\/de\/wp-json\/wp\/v2\/product_tag?post=14713"}],"curies":[{"name":"wp","href":"https:\/\/api.w.org\/{rel}","templated":true}]}}