{"id":14705,"date":"2024-01-29T15:02:18","date_gmt":"2024-01-29T14:02:18","guid":{"rendered":"https:\/\/chefpastry.ch\/?post_type=product&#038;p=14705"},"modified":"2025-05-13T16:35:24","modified_gmt":"2025-05-13T14:35:24","slug":"silicone-tapis-giardino-feuilles-silikomart","status":"publish","type":"product","link":"https:\/\/chefpastry.ch\/de\/produkt\/silicone-tapis-giardino-feuilles-silikomart\/","title":{"rendered":"TAPIS GIARDINO"},"content":{"rendered":"<p>Die <strong>Tapis Giardino de chez Silikomart<\/strong>, pr\u00e9sente <strong>quatre feuilles<\/strong> diff\u00e9rentes sur le tapis.<\/p>\n<p>Vous pouvez l&rsquo;utiliser avec la <strong>p\u00e2te \u00e0 cigarette<\/strong> ou du <strong>Schokolade<\/strong> pour cr\u00e9er des d\u00e9corations \u00e9l\u00e9gantes et raffin\u00e9es.<br \/>\nLe tapis peut \u00eatre tr\u00e8s utile, pour d\u00e9corer vos assiette, plats ou m\u00eame vos <strong>Dessert<\/strong>.<\/p>\n<p>Le tapis Giardino pr\u00e9sente <strong>quatre tailles<\/strong> diff\u00e9rentes de coraux.<\/p>\n<ul>\n<li><strong>Taille du Tapis:<\/strong> 470 x 270 mm<\/li>\n<li><strong>Taille des la feuilles:<\/strong> 42 x 33 mm &#8211; 42 x 17 mm &#8211;\u00a0 40 x 25 mm &#8211; 40 x 49 mm hauteur 1,5 mm<\/li>\n<li><strong>Volume:<\/strong> 1 ml<\/li>\n<li><strong>Volume totale:<\/strong> 51 ml<\/li>\n<\/ul>","protected":false},"excerpt":{"rendered":"<p>Die <strong>Tapis Giardino de chez Silikomart<\/strong>, pr\u00e9sente <strong>quatre feuilles<\/strong> diff\u00e9rentes sur le tapis.<br \/>\nVous pouvez l&rsquo;utiliser avec la <strong>p\u00e2te \u00e0 cigarette<\/strong> ou du <strong>Schokolade<\/strong> pour cr\u00e9er des d\u00e9corations \u00e9l\u00e9gantes et raffin\u00e9es.<br \/>\nLe tapis peut \u00eatre tr\u00e8s utile, pour d\u00e9corer vos assiette, plats ou m\u00eame vos <strong>Dessert<\/strong>.<\/p>","protected":false},"featured_media":14710,"comment_status":"open","ping_status":"closed","template":"","meta":{"_jet_sm_ready_style":"","_jet_sm_style":"","_jet_sm_controls_values":"","_jet_sm_fonts_collection":"","_jet_sm_fonts_links":"","_joinchat":[]},"product_brand":[],"product_cat":[24,109,182,26],"product_tag":[],"class_list":{"0":"post-14705","1":"product","2":"type-product","3":"status-publish","4":"has-post-thumbnail","6":"product_cat-accessoires","7":"product_cat-gastronomie","8":"product_cat-nouveautes","9":"product_cat-tapis","11":"first","12":"instock","13":"taxable","14":"shipping-taxable","15":"purchasable","16":"product-type-simple"},"yoast_head":"<!-- This site is optimized with the Yoast SEO plugin v27.0 - https:\/\/yoast.com\/product\/yoast-seo-wordpress\/ -->\n<title>TAPIS GIARDINO - Chef Pastry<\/title>\n<meta name=\"description\" content=\"Le Tapis Giardino, pr\u00e9sente quatre feuilles diff\u00e9rentes sur le tapis. Vous pouvez l&#039;utiliser avec la p\u00e2te \u00e0 cigarette ou du chocolat.\" \/>\n<meta name=\"robots\" content=\"index, follow, max-snippet:-1, max-image-preview:large, max-video-preview:-1\" \/>\n<link rel=\"canonical\" href=\"https:\/\/chefpastry.ch\/de\/produkt\/silicone-tapis-giardino-feuilles-silikomart\/\" \/>\n<meta property=\"og:locale\" content=\"de_DE\" \/>\n<meta property=\"og:type\" content=\"article\" \/>\n<meta property=\"og:title\" content=\"TAPIS GIARDINO - Chef Pastry\" \/>\n<meta property=\"og:description\" content=\"Le Tapis Giardino, pr\u00e9sente quatre feuilles diff\u00e9rentes sur le tapis. Vous pouvez l&#039;utiliser avec la p\u00e2te \u00e0 cigarette ou du chocolat.\" \/>\n<meta property=\"og:url\" content=\"https:\/\/chefpastry.ch\/de\/produkt\/silicone-tapis-giardino-feuilles-silikomart\/\" \/>\n<meta property=\"og:site_name\" content=\"Chef Pastry\" \/>\n<meta property=\"article:modified_time\" content=\"2025-05-13T14:35:24+00:00\" \/>\n<meta property=\"og:image\" content=\"https:\/\/chefpastry.ch\/wp-content\/uploads\/2024\/01\/GIARDINO.webp\" \/>\n\t<meta property=\"og:image:width\" content=\"900\" \/>\n\t<meta property=\"og:image:height\" content=\"900\" \/>\n\t<meta property=\"og:image:type\" content=\"image\/webp\" \/>\n<meta name=\"twitter:card\" content=\"summary_large_image\" \/>\n<meta name=\"twitter:label1\" content=\"Preis\" \/>\n\t<meta name=\"twitter:data1\" content=\"&#067;&#072;&#070;&nbsp;25.00 TTC\" \/>\n\t<meta name=\"twitter:label2\" content=\"Verf\u00fcgbarkeit\" \/>\n\t<meta name=\"twitter:data2\" content=\"Auf Lager\" \/>\n<script type=\"application\/ld+json\" class=\"yoast-schema-graph\">{\"@context\":\"https:\/\/schema.org\",\"@graph\":[{\"@type\":\"WebPage\",\"@id\":\"https:\/\/chefpastry.ch\/produit\/silicone-tapis-giardino-feuilles-silikomart\/\",\"url\":\"https:\/\/chefpastry.ch\/produit\/silicone-tapis-giardino-feuilles-silikomart\/\",\"name\":\"TAPIS GIARDINO - Chef Pastry\",\"isPartOf\":{\"@id\":\"https:\/\/chefpastry.ch\/#website\"},\"primaryImageOfPage\":{\"@id\":\"https:\/\/chefpastry.ch\/produit\/silicone-tapis-giardino-feuilles-silikomart\/#primaryimage\"},\"image\":{\"@id\":\"https:\/\/chefpastry.ch\/produit\/silicone-tapis-giardino-feuilles-silikomart\/#primaryimage\"},\"thumbnailUrl\":\"https:\/\/chefpastry.ch\/wp-content\/uploads\/2024\/01\/GIARDINO.webp\",\"datePublished\":\"2024-01-29T14:02:18+00:00\",\"dateModified\":\"2025-05-13T14:35:24+00:00\",\"description\":\"Le Tapis Giardino, pr\u00e9sente quatre feuilles diff\u00e9rentes sur le tapis. Vous pouvez l'utiliser avec la p\u00e2te \u00e0 cigarette ou du chocolat.\",\"breadcrumb\":{\"@id\":\"https:\/\/chefpastry.ch\/produit\/silicone-tapis-giardino-feuilles-silikomart\/#breadcrumb\"},\"inLanguage\":\"de\",\"potentialAction\":[{\"@type\":\"ReadAction\",\"target\":[\"https:\/\/chefpastry.ch\/produit\/silicone-tapis-giardino-feuilles-silikomart\/\"]}]},{\"@type\":\"ImageObject\",\"inLanguage\":\"de\",\"@id\":\"https:\/\/chefpastry.ch\/produit\/silicone-tapis-giardino-feuilles-silikomart\/#primaryimage\",\"url\":\"https:\/\/chefpastry.ch\/wp-content\/uploads\/2024\/01\/GIARDINO.webp\",\"contentUrl\":\"https:\/\/chefpastry.ch\/wp-content\/uploads\/2024\/01\/GIARDINO.webp\",\"width\":900,\"height\":900,\"caption\":\"Tapis giardino feuilles silikomart\"},{\"@type\":\"BreadcrumbList\",\"@id\":\"https:\/\/chefpastry.ch\/produit\/silicone-tapis-giardino-feuilles-silikomart\/#breadcrumb\",\"itemListElement\":[{\"@type\":\"ListItem\",\"position\":1,\"name\":\"Home\",\"item\":\"https:\/\/chefpastry.ch\/\"},{\"@type\":\"ListItem\",\"position\":2,\"name\":\"E-shop\",\"item\":\"https:\/\/chefpastry.ch\/e-shop\/\"},{\"@type\":\"ListItem\",\"position\":3,\"name\":\"TAPIS GIARDINO\"}]},{\"@type\":\"WebSite\",\"@id\":\"https:\/\/chefpastry.ch\/#website\",\"url\":\"https:\/\/chefpastry.ch\/\",\"name\":\"Chef Pastry\",\"description\":\"\",\"publisher\":{\"@id\":\"https:\/\/chefpastry.ch\/#organization\"},\"potentialAction\":[{\"@type\":\"SearchAction\",\"target\":{\"@type\":\"EntryPoint\",\"urlTemplate\":\"https:\/\/chefpastry.ch\/?s={search_term_string}\"},\"query-input\":{\"@type\":\"PropertyValueSpecification\",\"valueRequired\":true,\"valueName\":\"search_term_string\"}}],\"inLanguage\":\"de\"},{\"@type\":\"Organization\",\"@id\":\"https:\/\/chefpastry.ch\/#organization\",\"name\":\"Chef Pastry\",\"url\":\"https:\/\/chefpastry.ch\/\",\"logo\":{\"@type\":\"ImageObject\",\"inLanguage\":\"de\",\"@id\":\"https:\/\/chefpastry.ch\/#\/schema\/logo\/image\/\",\"url\":\"https:\/\/chefpastry.ch\/wp-content\/uploads\/2022\/07\/cropped-chef_pastry_logo_rgb-03.png\",\"contentUrl\":\"https:\/\/chefpastry.ch\/wp-content\/uploads\/2022\/07\/cropped-chef_pastry_logo_rgb-03.png\",\"width\":1545,\"height\":412,\"caption\":\"Chef Pastry\"},\"image\":{\"@id\":\"https:\/\/chefpastry.ch\/#\/schema\/logo\/image\/\"}}]}<\/script>\n<meta property=\"product:price:amount\" content=\"25.00\" \/>\n<meta property=\"product:price:currency\" content=\"CHF\" \/>\n<meta property=\"og:availability\" content=\"instock\" \/>\n<meta property=\"product:availability\" content=\"instock\" \/>\n<meta property=\"product:retailer_item_id\" content=\"33.323.36.0065\" \/>\n<meta property=\"product:condition\" content=\"new\" \/>\n<!-- \/ Yoast SEO plugin. -->","yoast_head_json":{"title":"TAPIS GIARDINO - Chef Pastry","description":"Le Tapis Giardino, pr\u00e9sente quatre feuilles diff\u00e9rentes sur le tapis. Vous pouvez l'utiliser avec la p\u00e2te \u00e0 cigarette ou du chocolat.","robots":{"index":"index","follow":"follow","max-snippet":"max-snippet:-1","max-image-preview":"max-image-preview:large","max-video-preview":"max-video-preview:-1"},"canonical":"https:\/\/chefpastry.ch\/de\/produkt\/silicone-tapis-giardino-feuilles-silikomart\/","og_locale":"de_DE","og_type":"article","og_title":"TAPIS GIARDINO - Chef Pastry","og_description":"Le Tapis Giardino, pr\u00e9sente quatre feuilles diff\u00e9rentes sur le tapis. Vous pouvez l'utiliser avec la p\u00e2te \u00e0 cigarette ou du chocolat.","og_url":"https:\/\/chefpastry.ch\/de\/produkt\/silicone-tapis-giardino-feuilles-silikomart\/","og_site_name":"Chef Pastry","article_modified_time":"2025-05-13T14:35:24+00:00","og_image":[{"width":900,"height":900,"url":"https:\/\/chefpastry.ch\/wp-content\/uploads\/2024\/01\/GIARDINO.webp","type":"image\/webp"}],"twitter_card":"summary_large_image","twitter_misc":{"Preis":"&#67;&#72;&#70;&nbsp;25.00 TTC","Verf\u00fcgbarkeit":"Auf Lager"},"schema":{"@context":"https:\/\/schema.org","@graph":[{"@type":"WebPage","@id":"https:\/\/chefpastry.ch\/produit\/silicone-tapis-giardino-feuilles-silikomart\/","url":"https:\/\/chefpastry.ch\/produit\/silicone-tapis-giardino-feuilles-silikomart\/","name":"TAPIS GIARDINO - Chef Pastry","isPartOf":{"@id":"https:\/\/chefpastry.ch\/#website"},"primaryImageOfPage":{"@id":"https:\/\/chefpastry.ch\/produit\/silicone-tapis-giardino-feuilles-silikomart\/#primaryimage"},"image":{"@id":"https:\/\/chefpastry.ch\/produit\/silicone-tapis-giardino-feuilles-silikomart\/#primaryimage"},"thumbnailUrl":"https:\/\/chefpastry.ch\/wp-content\/uploads\/2024\/01\/GIARDINO.webp","datePublished":"2024-01-29T14:02:18+00:00","dateModified":"2025-05-13T14:35:24+00:00","description":"Le Tapis Giardino, pr\u00e9sente quatre feuilles diff\u00e9rentes sur le tapis. Vous pouvez l'utiliser avec la p\u00e2te \u00e0 cigarette ou du chocolat.","breadcrumb":{"@id":"https:\/\/chefpastry.ch\/produit\/silicone-tapis-giardino-feuilles-silikomart\/#breadcrumb"},"inLanguage":"de","potentialAction":[{"@type":"ReadAction","target":["https:\/\/chefpastry.ch\/produit\/silicone-tapis-giardino-feuilles-silikomart\/"]}]},{"@type":"ImageObject","inLanguage":"de","@id":"https:\/\/chefpastry.ch\/produit\/silicone-tapis-giardino-feuilles-silikomart\/#primaryimage","url":"https:\/\/chefpastry.ch\/wp-content\/uploads\/2024\/01\/GIARDINO.webp","contentUrl":"https:\/\/chefpastry.ch\/wp-content\/uploads\/2024\/01\/GIARDINO.webp","width":900,"height":900,"caption":"Tapis giardino feuilles silikomart"},{"@type":"BreadcrumbList","@id":"https:\/\/chefpastry.ch\/produit\/silicone-tapis-giardino-feuilles-silikomart\/#breadcrumb","itemListElement":[{"@type":"ListItem","position":1,"name":"Home","item":"https:\/\/chefpastry.ch\/"},{"@type":"ListItem","position":2,"name":"E-shop","item":"https:\/\/chefpastry.ch\/e-shop\/"},{"@type":"ListItem","position":3,"name":"TAPIS GIARDINO"}]},{"@type":"WebSite","@id":"https:\/\/chefpastry.ch\/#website","url":"https:\/\/chefpastry.ch\/","name":"Chef Pastry","description":"","publisher":{"@id":"https:\/\/chefpastry.ch\/#organization"},"potentialAction":[{"@type":"SearchAction","target":{"@type":"EntryPoint","urlTemplate":"https:\/\/chefpastry.ch\/?s={search_term_string}"},"query-input":{"@type":"PropertyValueSpecification","valueRequired":true,"valueName":"search_term_string"}}],"inLanguage":"de"},{"@type":"Organization","@id":"https:\/\/chefpastry.ch\/#organization","name":"Chef Pastry","url":"https:\/\/chefpastry.ch\/","logo":{"@type":"ImageObject","inLanguage":"de","@id":"https:\/\/chefpastry.ch\/#\/schema\/logo\/image\/","url":"https:\/\/chefpastry.ch\/wp-content\/uploads\/2022\/07\/cropped-chef_pastry_logo_rgb-03.png","contentUrl":"https:\/\/chefpastry.ch\/wp-content\/uploads\/2022\/07\/cropped-chef_pastry_logo_rgb-03.png","width":1545,"height":412,"caption":"Chef Pastry"},"image":{"@id":"https:\/\/chefpastry.ch\/#\/schema\/logo\/image\/"}}]},"product_price_amount":"25.00","product_price_currency":"CHF","og_availability":"instock","product_availability":"instock","product_retailer_item_id":"33.323.36.0065","product_condition":"new"},"_links":{"self":[{"href":"https:\/\/chefpastry.ch\/de\/wp-json\/wp\/v2\/product\/14705","targetHints":{"allow":["GET"]}}],"collection":[{"href":"https:\/\/chefpastry.ch\/de\/wp-json\/wp\/v2\/product"}],"about":[{"href":"https:\/\/chefpastry.ch\/de\/wp-json\/wp\/v2\/types\/product"}],"replies":[{"embeddable":true,"href":"https:\/\/chefpastry.ch\/de\/wp-json\/wp\/v2\/comments?post=14705"}],"version-history":[{"count":1,"href":"https:\/\/chefpastry.ch\/de\/wp-json\/wp\/v2\/product\/14705\/revisions"}],"predecessor-version":[{"id":16461,"href":"https:\/\/chefpastry.ch\/de\/wp-json\/wp\/v2\/product\/14705\/revisions\/16461"}],"wp:featuredmedia":[{"embeddable":true,"href":"https:\/\/chefpastry.ch\/de\/wp-json\/wp\/v2\/media\/14710"}],"wp:attachment":[{"href":"https:\/\/chefpastry.ch\/de\/wp-json\/wp\/v2\/media?parent=14705"}],"wp:term":[{"taxonomy":"product_brand","embeddable":true,"href":"https:\/\/chefpastry.ch\/de\/wp-json\/wp\/v2\/product_brand?post=14705"},{"taxonomy":"product_cat","embeddable":true,"href":"https:\/\/chefpastry.ch\/de\/wp-json\/wp\/v2\/product_cat?post=14705"},{"taxonomy":"product_tag","embeddable":true,"href":"https:\/\/chefpastry.ch\/de\/wp-json\/wp\/v2\/product_tag?post=14705"}],"curies":[{"name":"wp","href":"https:\/\/api.w.org\/{rel}","templated":true}]}}