{"id":14087,"date":"2023-11-01T14:40:52","date_gmt":"2023-11-01T13:40:52","guid":{"rendered":"https:\/\/chefpastry.ch\/?post_type=product&#038;p=14087"},"modified":"2025-04-14T14:32:15","modified_gmt":"2025-04-14T12:32:15","slug":"moule-chablon-buche-silikomart","status":"publish","type":"product","link":"https:\/\/chefpastry.ch\/de\/produkt\/moule-chablon-buche-silikomart\/","title":{"rendered":"MOULE CHABLON B\u00dbCHE"},"content":{"rendered":"<p>Die <strong>Moule Chablon B\u00fbche de Silikomart<\/strong> est un moule en silicone platinium con\u00e7u pour cr\u00e9er des d\u00e9corations en chocolat qui termineront parfaitement toutes vos <strong>Weihnachtsstollen<\/strong>.<\/p>\n<ul>\n<li>Le moule se compose de 3 formes d&#8217;embouts chablon pour b\u00fbches :<br \/>\n&#8211; 2x <strong>Rond<\/strong> avec bords angles droits (94 x 73 x 2 mm)<br \/>\n&#8211; 2x <strong>Rond<\/strong> (87 x 69 x 2 mm)<br \/>\n&#8211; 2x <strong>Carr\u00e9<\/strong> avec bords arrondis (96 x 73 x 2 mm)<\/li>\n<\/ul>\n<p>Le tapis en silicone est un moule flexible et tr\u00e8s facile \u00e0 utiliser.<\/p>\n<p>Taille:<\/p>\n<ul>\n<li>Cavit\u00e9s : 6 pcs.<\/li>\n<li>Tapis : 297 x 210 mm<\/li>\n<\/ul>","protected":false},"excerpt":{"rendered":"<p>Die <strong>Moule Chablon B\u00fbche de Silikomart<\/strong> est un moule en silicone platinium con\u00e7u pour cr\u00e9er des d\u00e9corations en chocolat qui termineront parfaitement toutes vos <strong>Weihnachtsstollen<\/strong>.<\/p>","protected":false},"featured_media":14092,"comment_status":"open","ping_status":"closed","template":"","meta":{"_jet_sm_ready_style":"","_jet_sm_style":"","_jet_sm_controls_values":"","_jet_sm_fonts_collection":"","_jet_sm_fonts_links":"","_joinchat":[]},"product_brand":[],"product_cat":[53,50,52],"product_tag":[],"class_list":{"0":"post-14087","1":"product","2":"type-product","3":"status-publish","4":"has-post-thumbnail","6":"product_cat-chocolats","7":"product_cat-decoration","8":"product_cat-noel","10":"first","11":"instock","12":"taxable","13":"shipping-taxable","14":"purchasable","15":"product-type-simple"},"yoast_head":"<!-- This site is optimized with the Yoast SEO plugin v27.0 - https:\/\/yoast.com\/product\/yoast-seo-wordpress\/ -->\n<title>MOULE CHABLON B\u00dbCHE - Chef Pastry<\/title>\n<meta name=\"description\" content=\"Le Moule Chablon B\u00fbche est un tapis en silicone con\u00e7u pour cr\u00e9er des d\u00e9corations en chocolat qui termineront parfaitement toutes vos b\u00fbches de No\u00ebl.\" \/>\n<meta name=\"robots\" content=\"index, follow, max-snippet:-1, max-image-preview:large, max-video-preview:-1\" \/>\n<link rel=\"canonical\" href=\"https:\/\/chefpastry.ch\/de\/produkt\/moule-chablon-buche-silikomart\/\" \/>\n<meta property=\"og:locale\" content=\"de_DE\" \/>\n<meta property=\"og:type\" content=\"article\" \/>\n<meta property=\"og:title\" content=\"MOULE CHABLON B\u00dbCHE - Chef Pastry\" \/>\n<meta property=\"og:description\" content=\"Le Moule Chablon B\u00fbche est un tapis en silicone con\u00e7u pour cr\u00e9er des d\u00e9corations en chocolat qui termineront parfaitement toutes vos b\u00fbches de No\u00ebl.\" \/>\n<meta property=\"og:url\" content=\"https:\/\/chefpastry.ch\/de\/produkt\/moule-chablon-buche-silikomart\/\" \/>\n<meta property=\"og:site_name\" content=\"Chef Pastry\" \/>\n<meta property=\"article:modified_time\" content=\"2025-04-14T12:32:15+00:00\" \/>\n<meta property=\"og:image\" content=\"https:\/\/chefpastry.ch\/wp-content\/uploads\/2023\/11\/CHABLON-BUCHE-scaled.webp\" \/>\n\t<meta property=\"og:image:width\" content=\"2560\" \/>\n\t<meta property=\"og:image:height\" content=\"2560\" \/>\n\t<meta property=\"og:image:type\" content=\"image\/webp\" \/>\n<meta name=\"twitter:card\" content=\"summary_large_image\" \/>\n<meta name=\"twitter:label1\" content=\"Preis\" \/>\n\t<meta name=\"twitter:data1\" content=\"&#067;&#072;&#070;&nbsp;19.00 TTC\" \/>\n\t<meta name=\"twitter:label2\" content=\"Verf\u00fcgbarkeit\" \/>\n\t<meta name=\"twitter:data2\" content=\"Auf Lager\" \/>\n<script type=\"application\/ld+json\" class=\"yoast-schema-graph\">{\"@context\":\"https:\/\/schema.org\",\"@graph\":[{\"@type\":\"WebPage\",\"@id\":\"https:\/\/chefpastry.ch\/produit\/moule-chablon-buche-silikomart\/\",\"url\":\"https:\/\/chefpastry.ch\/produit\/moule-chablon-buche-silikomart\/\",\"name\":\"MOULE CHABLON B\u00dbCHE - Chef Pastry\",\"isPartOf\":{\"@id\":\"https:\/\/chefpastry.ch\/#website\"},\"primaryImageOfPage\":{\"@id\":\"https:\/\/chefpastry.ch\/produit\/moule-chablon-buche-silikomart\/#primaryimage\"},\"image\":{\"@id\":\"https:\/\/chefpastry.ch\/produit\/moule-chablon-buche-silikomart\/#primaryimage\"},\"thumbnailUrl\":\"https:\/\/chefpastry.ch\/wp-content\/uploads\/2023\/11\/CHABLON-BUCHE-scaled.webp\",\"datePublished\":\"2023-11-01T13:40:52+00:00\",\"dateModified\":\"2025-04-14T12:32:15+00:00\",\"description\":\"Le Moule Chablon B\u00fbche est un tapis en silicone con\u00e7u pour cr\u00e9er des d\u00e9corations en chocolat qui termineront parfaitement toutes vos b\u00fbches de No\u00ebl.\",\"breadcrumb\":{\"@id\":\"https:\/\/chefpastry.ch\/produit\/moule-chablon-buche-silikomart\/#breadcrumb\"},\"inLanguage\":\"de\",\"potentialAction\":[{\"@type\":\"ReadAction\",\"target\":[\"https:\/\/chefpastry.ch\/produit\/moule-chablon-buche-silikomart\/\"]}]},{\"@type\":\"ImageObject\",\"inLanguage\":\"de\",\"@id\":\"https:\/\/chefpastry.ch\/produit\/moule-chablon-buche-silikomart\/#primaryimage\",\"url\":\"https:\/\/chefpastry.ch\/wp-content\/uploads\/2023\/11\/CHABLON-BUCHE-scaled.webp\",\"contentUrl\":\"https:\/\/chefpastry.ch\/wp-content\/uploads\/2023\/11\/CHABLON-BUCHE-scaled.webp\",\"width\":2560,\"height\":2560,\"caption\":\"Moule Chablon B\u00fbche de Silikomart\"},{\"@type\":\"BreadcrumbList\",\"@id\":\"https:\/\/chefpastry.ch\/produit\/moule-chablon-buche-silikomart\/#breadcrumb\",\"itemListElement\":[{\"@type\":\"ListItem\",\"position\":1,\"name\":\"Home\",\"item\":\"https:\/\/chefpastry.ch\/\"},{\"@type\":\"ListItem\",\"position\":2,\"name\":\"E-shop\",\"item\":\"https:\/\/chefpastry.ch\/e-shop\/\"},{\"@type\":\"ListItem\",\"position\":3,\"name\":\"MOULE CHABLON B\u00dbCHE\"}]},{\"@type\":\"WebSite\",\"@id\":\"https:\/\/chefpastry.ch\/#website\",\"url\":\"https:\/\/chefpastry.ch\/\",\"name\":\"Chef Pastry\",\"description\":\"\",\"publisher\":{\"@id\":\"https:\/\/chefpastry.ch\/#organization\"},\"potentialAction\":[{\"@type\":\"SearchAction\",\"target\":{\"@type\":\"EntryPoint\",\"urlTemplate\":\"https:\/\/chefpastry.ch\/?s={search_term_string}\"},\"query-input\":{\"@type\":\"PropertyValueSpecification\",\"valueRequired\":true,\"valueName\":\"search_term_string\"}}],\"inLanguage\":\"de\"},{\"@type\":\"Organization\",\"@id\":\"https:\/\/chefpastry.ch\/#organization\",\"name\":\"Chef Pastry\",\"url\":\"https:\/\/chefpastry.ch\/\",\"logo\":{\"@type\":\"ImageObject\",\"inLanguage\":\"de\",\"@id\":\"https:\/\/chefpastry.ch\/#\/schema\/logo\/image\/\",\"url\":\"https:\/\/chefpastry.ch\/wp-content\/uploads\/2022\/07\/cropped-chef_pastry_logo_rgb-03.png\",\"contentUrl\":\"https:\/\/chefpastry.ch\/wp-content\/uploads\/2022\/07\/cropped-chef_pastry_logo_rgb-03.png\",\"width\":1545,\"height\":412,\"caption\":\"Chef Pastry\"},\"image\":{\"@id\":\"https:\/\/chefpastry.ch\/#\/schema\/logo\/image\/\"}}]}<\/script>\n<meta property=\"product:price:amount\" content=\"19.00\" \/>\n<meta property=\"product:price:currency\" content=\"CHF\" \/>\n<meta property=\"og:availability\" content=\"instock\" \/>\n<meta property=\"product:availability\" content=\"instock\" \/>\n<meta property=\"product:retailer_item_id\" content=\"27.006.13.0065\" \/>\n<meta property=\"product:condition\" content=\"new\" \/>\n<!-- \/ Yoast SEO plugin. -->","yoast_head_json":{"title":"MOULE CHABLON B\u00dbCHE - Chef Pastry","description":"Le Moule Chablon B\u00fbche est un tapis en silicone con\u00e7u pour cr\u00e9er des d\u00e9corations en chocolat qui termineront parfaitement toutes vos b\u00fbches de No\u00ebl.","robots":{"index":"index","follow":"follow","max-snippet":"max-snippet:-1","max-image-preview":"max-image-preview:large","max-video-preview":"max-video-preview:-1"},"canonical":"https:\/\/chefpastry.ch\/de\/produkt\/moule-chablon-buche-silikomart\/","og_locale":"de_DE","og_type":"article","og_title":"MOULE CHABLON B\u00dbCHE - Chef Pastry","og_description":"Le Moule Chablon B\u00fbche est un tapis en silicone con\u00e7u pour cr\u00e9er des d\u00e9corations en chocolat qui termineront parfaitement toutes vos b\u00fbches de No\u00ebl.","og_url":"https:\/\/chefpastry.ch\/de\/produkt\/moule-chablon-buche-silikomart\/","og_site_name":"Chef Pastry","article_modified_time":"2025-04-14T12:32:15+00:00","og_image":[{"width":2560,"height":2560,"url":"https:\/\/chefpastry.ch\/wp-content\/uploads\/2023\/11\/CHABLON-BUCHE-scaled.webp","type":"image\/webp"}],"twitter_card":"summary_large_image","twitter_misc":{"Preis":"&#67;&#72;&#70;&nbsp;19.00 TTC","Verf\u00fcgbarkeit":"Auf Lager"},"schema":{"@context":"https:\/\/schema.org","@graph":[{"@type":"WebPage","@id":"https:\/\/chefpastry.ch\/produit\/moule-chablon-buche-silikomart\/","url":"https:\/\/chefpastry.ch\/produit\/moule-chablon-buche-silikomart\/","name":"MOULE CHABLON B\u00dbCHE - Chef Pastry","isPartOf":{"@id":"https:\/\/chefpastry.ch\/#website"},"primaryImageOfPage":{"@id":"https:\/\/chefpastry.ch\/produit\/moule-chablon-buche-silikomart\/#primaryimage"},"image":{"@id":"https:\/\/chefpastry.ch\/produit\/moule-chablon-buche-silikomart\/#primaryimage"},"thumbnailUrl":"https:\/\/chefpastry.ch\/wp-content\/uploads\/2023\/11\/CHABLON-BUCHE-scaled.webp","datePublished":"2023-11-01T13:40:52+00:00","dateModified":"2025-04-14T12:32:15+00:00","description":"Le Moule Chablon B\u00fbche est un tapis en silicone con\u00e7u pour cr\u00e9er des d\u00e9corations en chocolat qui termineront parfaitement toutes vos b\u00fbches de No\u00ebl.","breadcrumb":{"@id":"https:\/\/chefpastry.ch\/produit\/moule-chablon-buche-silikomart\/#breadcrumb"},"inLanguage":"de","potentialAction":[{"@type":"ReadAction","target":["https:\/\/chefpastry.ch\/produit\/moule-chablon-buche-silikomart\/"]}]},{"@type":"ImageObject","inLanguage":"de","@id":"https:\/\/chefpastry.ch\/produit\/moule-chablon-buche-silikomart\/#primaryimage","url":"https:\/\/chefpastry.ch\/wp-content\/uploads\/2023\/11\/CHABLON-BUCHE-scaled.webp","contentUrl":"https:\/\/chefpastry.ch\/wp-content\/uploads\/2023\/11\/CHABLON-BUCHE-scaled.webp","width":2560,"height":2560,"caption":"Moule Chablon B\u00fbche de Silikomart"},{"@type":"BreadcrumbList","@id":"https:\/\/chefpastry.ch\/produit\/moule-chablon-buche-silikomart\/#breadcrumb","itemListElement":[{"@type":"ListItem","position":1,"name":"Home","item":"https:\/\/chefpastry.ch\/"},{"@type":"ListItem","position":2,"name":"E-shop","item":"https:\/\/chefpastry.ch\/e-shop\/"},{"@type":"ListItem","position":3,"name":"MOULE CHABLON B\u00dbCHE"}]},{"@type":"WebSite","@id":"https:\/\/chefpastry.ch\/#website","url":"https:\/\/chefpastry.ch\/","name":"Chef Pastry","description":"","publisher":{"@id":"https:\/\/chefpastry.ch\/#organization"},"potentialAction":[{"@type":"SearchAction","target":{"@type":"EntryPoint","urlTemplate":"https:\/\/chefpastry.ch\/?s={search_term_string}"},"query-input":{"@type":"PropertyValueSpecification","valueRequired":true,"valueName":"search_term_string"}}],"inLanguage":"de"},{"@type":"Organization","@id":"https:\/\/chefpastry.ch\/#organization","name":"Chef Pastry","url":"https:\/\/chefpastry.ch\/","logo":{"@type":"ImageObject","inLanguage":"de","@id":"https:\/\/chefpastry.ch\/#\/schema\/logo\/image\/","url":"https:\/\/chefpastry.ch\/wp-content\/uploads\/2022\/07\/cropped-chef_pastry_logo_rgb-03.png","contentUrl":"https:\/\/chefpastry.ch\/wp-content\/uploads\/2022\/07\/cropped-chef_pastry_logo_rgb-03.png","width":1545,"height":412,"caption":"Chef Pastry"},"image":{"@id":"https:\/\/chefpastry.ch\/#\/schema\/logo\/image\/"}}]},"product_price_amount":"19.00","product_price_currency":"CHF","og_availability":"instock","product_availability":"instock","product_retailer_item_id":"27.006.13.0065","product_condition":"new"},"_links":{"self":[{"href":"https:\/\/chefpastry.ch\/de\/wp-json\/wp\/v2\/product\/14087","targetHints":{"allow":["GET"]}}],"collection":[{"href":"https:\/\/chefpastry.ch\/de\/wp-json\/wp\/v2\/product"}],"about":[{"href":"https:\/\/chefpastry.ch\/de\/wp-json\/wp\/v2\/types\/product"}],"replies":[{"embeddable":true,"href":"https:\/\/chefpastry.ch\/de\/wp-json\/wp\/v2\/comments?post=14087"}],"version-history":[{"count":1,"href":"https:\/\/chefpastry.ch\/de\/wp-json\/wp\/v2\/product\/14087\/revisions"}],"predecessor-version":[{"id":16314,"href":"https:\/\/chefpastry.ch\/de\/wp-json\/wp\/v2\/product\/14087\/revisions\/16314"}],"wp:featuredmedia":[{"embeddable":true,"href":"https:\/\/chefpastry.ch\/de\/wp-json\/wp\/v2\/media\/14092"}],"wp:attachment":[{"href":"https:\/\/chefpastry.ch\/de\/wp-json\/wp\/v2\/media?parent=14087"}],"wp:term":[{"taxonomy":"product_brand","embeddable":true,"href":"https:\/\/chefpastry.ch\/de\/wp-json\/wp\/v2\/product_brand?post=14087"},{"taxonomy":"product_cat","embeddable":true,"href":"https:\/\/chefpastry.ch\/de\/wp-json\/wp\/v2\/product_cat?post=14087"},{"taxonomy":"product_tag","embeddable":true,"href":"https:\/\/chefpastry.ch\/de\/wp-json\/wp\/v2\/product_tag?post=14087"}],"curies":[{"name":"wp","href":"https:\/\/api.w.org\/{rel}","templated":true}]}}