{"id":13861,"date":"2023-09-07T17:05:49","date_gmt":"2023-09-07T15:05:49","guid":{"rendered":"https:\/\/chefpastry.ch\/?post_type=product&#038;p=13861"},"modified":"2025-04-14T14:51:41","modified_gmt":"2025-04-14T12:51:41","slug":"plateaux-gateaux-carre-epaisse","status":"publish","type":"product","link":"https:\/\/chefpastry.ch\/de\/produkt\/plateaux-gateaux-carre-epaisse\/","title":{"rendered":"PLATEAUX CARRE OR \/ ARGENT"},"content":{"rendered":"<p>Plateaux \u00e0 g\u00e2teaux carr\u00e9 \u00e9paisse recouverte d&rsquo;une feuille d&rsquo;argent ou Or.<br \/>\nSie ist widerstandsf\u00e4hig und wiederverwendbar und eignet sich perfekt f\u00fcr die Pr\u00e4sentation Ihrer Torten.<\/p>\n<p>Pr\u00e9sentez vos cr\u00e9ations gr\u00e2ce \u00e0 ces plateaux de bonne qualit\u00e9.<\/p>\n<p>Abmessungen:<\/p>\n<ul>\n<li><strong>Grandeurs disponibles : <\/strong>25 x 25 cm \/ 35 x 35 cm<\/li>\n<li><strong>\u00c9paisseur :<\/strong> 1 cm<\/li>\n<li><strong>Couleur<\/strong> : Or ou Argent<\/li>\n<\/ul>\n<p>* Cet article n&rsquo;est pas adapt\u00e9 pour le four<\/p>","protected":false},"excerpt":{"rendered":"<p>Plateaux \u00e0 g\u00e2teaux carr\u00e9 \u00e9paisse recouverte d&rsquo;une feuille d&rsquo;argent ou or. R\u00e9sistante et r\u00e9utilisable, elle est parfaite pour pr\u00e9senter vos g\u00e2teaux.<br \/>\nPr\u00e9sentez vos cr\u00e9ations gr\u00e2ce \u00e0 ces plateaux de bonne qualit\u00e9.<\/p>","protected":false},"featured_media":13876,"comment_status":"open","ping_status":"closed","template":"","meta":{"_jet_sm_ready_style":"","_jet_sm_style":"","_jet_sm_controls_values":"","_jet_sm_fonts_collection":"","_jet_sm_fonts_links":"","_joinchat":[]},"product_brand":[],"product_cat":[24],"product_tag":[],"class_list":{"0":"post-13861","1":"product","2":"type-product","3":"status-publish","4":"has-post-thumbnail","6":"product_cat-accessoires","7":"pa_declinaison-25-x-25-cm","8":"pa_declinaison-35-x-35-cm","10":"first","11":"instock","12":"taxable","13":"shipping-taxable","14":"purchasable","15":"product-type-variable"},"yoast_head":"<!-- This site is optimized with the Yoast SEO plugin v27.0 - https:\/\/yoast.com\/product\/yoast-seo-wordpress\/ -->\n<title>PLATEAUX CARRE OR \/ ARGENT - Chef Pastry<\/title>\n<meta name=\"description\" content=\"Plateaux \u00e0 g\u00e2teaux carr\u00e9 \u00e9paisse recouverte d&#039;une feuille d&#039;argent ou Or. R\u00e9sistante et r\u00e9utilisable, elle est parfaite pour pr\u00e9senter vos g\u00e2teaux.\" \/>\n<meta name=\"robots\" content=\"index, follow, max-snippet:-1, max-image-preview:large, max-video-preview:-1\" \/>\n<link rel=\"canonical\" href=\"https:\/\/chefpastry.ch\/de\/produkt\/plateaux-gateaux-carre-epaisse\/\" \/>\n<meta property=\"og:locale\" content=\"de_DE\" \/>\n<meta property=\"og:type\" content=\"article\" \/>\n<meta property=\"og:title\" content=\"PLATEAUX CARRE OR \/ ARGENT - Chef Pastry\" \/>\n<meta property=\"og:description\" content=\"Plateaux \u00e0 g\u00e2teaux carr\u00e9 \u00e9paisse recouverte d&#039;une feuille d&#039;argent ou Or. R\u00e9sistante et r\u00e9utilisable, elle est parfaite pour pr\u00e9senter vos g\u00e2teaux.\" \/>\n<meta property=\"og:url\" content=\"https:\/\/chefpastry.ch\/de\/produkt\/plateaux-gateaux-carre-epaisse\/\" \/>\n<meta property=\"og:site_name\" content=\"Chef Pastry\" \/>\n<meta property=\"article:modified_time\" content=\"2025-04-14T12:51:41+00:00\" \/>\n<meta property=\"og:image\" content=\"https:\/\/chefpastry.ch\/wp-content\/uploads\/2023\/09\/Sottotorta-Quadrato.jpg\" \/>\n\t<meta property=\"og:image:width\" content=\"600\" \/>\n\t<meta property=\"og:image:height\" content=\"600\" \/>\n\t<meta property=\"og:image:type\" content=\"image\/jpeg\" \/>\n<meta name=\"twitter:card\" content=\"summary_large_image\" \/>\n<meta name=\"twitter:label1\" content=\"Verf\u00fcgbarkeit\" \/>\n\t<meta name=\"twitter:data1\" content=\"Auf Lager\" \/>\n<script type=\"application\/ld+json\" class=\"yoast-schema-graph\">{\"@context\":\"https:\/\/schema.org\",\"@graph\":[{\"@type\":\"WebPage\",\"@id\":\"https:\/\/chefpastry.ch\/produit\/plateaux-gateaux-carre-epaisse\/\",\"url\":\"https:\/\/chefpastry.ch\/produit\/plateaux-gateaux-carre-epaisse\/\",\"name\":\"PLATEAUX CARRE OR \/ ARGENT - Chef Pastry\",\"isPartOf\":{\"@id\":\"https:\/\/chefpastry.ch\/#website\"},\"primaryImageOfPage\":{\"@id\":\"https:\/\/chefpastry.ch\/produit\/plateaux-gateaux-carre-epaisse\/#primaryimage\"},\"image\":{\"@id\":\"https:\/\/chefpastry.ch\/produit\/plateaux-gateaux-carre-epaisse\/#primaryimage\"},\"thumbnailUrl\":\"https:\/\/chefpastry.ch\/wp-content\/uploads\/2023\/09\/Sottotorta-Quadrato.jpg\",\"datePublished\":\"2023-09-07T15:05:49+00:00\",\"dateModified\":\"2025-04-14T12:51:41+00:00\",\"description\":\"Plateaux \u00e0 g\u00e2teaux carr\u00e9 \u00e9paisse recouverte d'une feuille d'argent ou Or. R\u00e9sistante et r\u00e9utilisable, elle est parfaite pour pr\u00e9senter vos g\u00e2teaux.\",\"breadcrumb\":{\"@id\":\"https:\/\/chefpastry.ch\/produit\/plateaux-gateaux-carre-epaisse\/#breadcrumb\"},\"inLanguage\":\"de\",\"potentialAction\":[{\"@type\":\"ReadAction\",\"target\":[\"https:\/\/chefpastry.ch\/produit\/plateaux-gateaux-carre-epaisse\/\"]}]},{\"@type\":\"ImageObject\",\"inLanguage\":\"de\",\"@id\":\"https:\/\/chefpastry.ch\/produit\/plateaux-gateaux-carre-epaisse\/#primaryimage\",\"url\":\"https:\/\/chefpastry.ch\/wp-content\/uploads\/2023\/09\/Sottotorta-Quadrato.jpg\",\"contentUrl\":\"https:\/\/chefpastry.ch\/wp-content\/uploads\/2023\/09\/Sottotorta-Quadrato.jpg\",\"width\":600,\"height\":600,\"caption\":\"Plateaux \u00e0 g\u00e2teaux carr\u00e9 \u00e9paisse\"},{\"@type\":\"BreadcrumbList\",\"@id\":\"https:\/\/chefpastry.ch\/produit\/plateaux-gateaux-carre-epaisse\/#breadcrumb\",\"itemListElement\":[{\"@type\":\"ListItem\",\"position\":1,\"name\":\"Home\",\"item\":\"https:\/\/chefpastry.ch\/\"},{\"@type\":\"ListItem\",\"position\":2,\"name\":\"E-shop\",\"item\":\"https:\/\/chefpastry.ch\/e-shop\/\"},{\"@type\":\"ListItem\",\"position\":3,\"name\":\"PLATEAUX CARRE OR \/ ARGENT\"}]},{\"@type\":\"WebSite\",\"@id\":\"https:\/\/chefpastry.ch\/#website\",\"url\":\"https:\/\/chefpastry.ch\/\",\"name\":\"Chef Pastry\",\"description\":\"\",\"publisher\":{\"@id\":\"https:\/\/chefpastry.ch\/#organization\"},\"potentialAction\":[{\"@type\":\"SearchAction\",\"target\":{\"@type\":\"EntryPoint\",\"urlTemplate\":\"https:\/\/chefpastry.ch\/?s={search_term_string}\"},\"query-input\":{\"@type\":\"PropertyValueSpecification\",\"valueRequired\":true,\"valueName\":\"search_term_string\"}}],\"inLanguage\":\"de\"},{\"@type\":\"Organization\",\"@id\":\"https:\/\/chefpastry.ch\/#organization\",\"name\":\"Chef Pastry\",\"url\":\"https:\/\/chefpastry.ch\/\",\"logo\":{\"@type\":\"ImageObject\",\"inLanguage\":\"de\",\"@id\":\"https:\/\/chefpastry.ch\/#\/schema\/logo\/image\/\",\"url\":\"https:\/\/chefpastry.ch\/wp-content\/uploads\/2022\/07\/cropped-chef_pastry_logo_rgb-03.png\",\"contentUrl\":\"https:\/\/chefpastry.ch\/wp-content\/uploads\/2022\/07\/cropped-chef_pastry_logo_rgb-03.png\",\"width\":1545,\"height\":412,\"caption\":\"Chef Pastry\"},\"image\":{\"@id\":\"https:\/\/chefpastry.ch\/#\/schema\/logo\/image\/\"}}]}<\/script>\n<meta property=\"og:availability\" content=\"instock\" \/>\n<meta property=\"product:availability\" content=\"instock\" \/>\n<meta property=\"product:condition\" content=\"new\" \/>\n<!-- \/ Yoast SEO plugin. -->","yoast_head_json":{"title":"PLATEAUX CARRE OR \/ ARGENT - Chef Pastry","description":"Plateaux \u00e0 g\u00e2teaux carr\u00e9 \u00e9paisse recouverte d'une feuille d'argent ou Or. R\u00e9sistante et r\u00e9utilisable, elle est parfaite pour pr\u00e9senter vos g\u00e2teaux.","robots":{"index":"index","follow":"follow","max-snippet":"max-snippet:-1","max-image-preview":"max-image-preview:large","max-video-preview":"max-video-preview:-1"},"canonical":"https:\/\/chefpastry.ch\/de\/produkt\/plateaux-gateaux-carre-epaisse\/","og_locale":"de_DE","og_type":"article","og_title":"PLATEAUX CARRE OR \/ ARGENT - Chef Pastry","og_description":"Plateaux \u00e0 g\u00e2teaux carr\u00e9 \u00e9paisse recouverte d'une feuille d'argent ou Or. R\u00e9sistante et r\u00e9utilisable, elle est parfaite pour pr\u00e9senter vos g\u00e2teaux.","og_url":"https:\/\/chefpastry.ch\/de\/produkt\/plateaux-gateaux-carre-epaisse\/","og_site_name":"Chef Pastry","article_modified_time":"2025-04-14T12:51:41+00:00","og_image":[{"width":600,"height":600,"url":"https:\/\/chefpastry.ch\/wp-content\/uploads\/2023\/09\/Sottotorta-Quadrato.jpg","type":"image\/jpeg"}],"twitter_card":"summary_large_image","twitter_misc":{"Verf\u00fcgbarkeit":"Auf Lager"},"schema":{"@context":"https:\/\/schema.org","@graph":[{"@type":"WebPage","@id":"https:\/\/chefpastry.ch\/produit\/plateaux-gateaux-carre-epaisse\/","url":"https:\/\/chefpastry.ch\/produit\/plateaux-gateaux-carre-epaisse\/","name":"PLATEAUX CARRE OR \/ ARGENT - Chef Pastry","isPartOf":{"@id":"https:\/\/chefpastry.ch\/#website"},"primaryImageOfPage":{"@id":"https:\/\/chefpastry.ch\/produit\/plateaux-gateaux-carre-epaisse\/#primaryimage"},"image":{"@id":"https:\/\/chefpastry.ch\/produit\/plateaux-gateaux-carre-epaisse\/#primaryimage"},"thumbnailUrl":"https:\/\/chefpastry.ch\/wp-content\/uploads\/2023\/09\/Sottotorta-Quadrato.jpg","datePublished":"2023-09-07T15:05:49+00:00","dateModified":"2025-04-14T12:51:41+00:00","description":"Plateaux \u00e0 g\u00e2teaux carr\u00e9 \u00e9paisse recouverte d'une feuille d'argent ou Or. R\u00e9sistante et r\u00e9utilisable, elle est parfaite pour pr\u00e9senter vos g\u00e2teaux.","breadcrumb":{"@id":"https:\/\/chefpastry.ch\/produit\/plateaux-gateaux-carre-epaisse\/#breadcrumb"},"inLanguage":"de","potentialAction":[{"@type":"ReadAction","target":["https:\/\/chefpastry.ch\/produit\/plateaux-gateaux-carre-epaisse\/"]}]},{"@type":"ImageObject","inLanguage":"de","@id":"https:\/\/chefpastry.ch\/produit\/plateaux-gateaux-carre-epaisse\/#primaryimage","url":"https:\/\/chefpastry.ch\/wp-content\/uploads\/2023\/09\/Sottotorta-Quadrato.jpg","contentUrl":"https:\/\/chefpastry.ch\/wp-content\/uploads\/2023\/09\/Sottotorta-Quadrato.jpg","width":600,"height":600,"caption":"Plateaux \u00e0 g\u00e2teaux carr\u00e9 \u00e9paisse"},{"@type":"BreadcrumbList","@id":"https:\/\/chefpastry.ch\/produit\/plateaux-gateaux-carre-epaisse\/#breadcrumb","itemListElement":[{"@type":"ListItem","position":1,"name":"Home","item":"https:\/\/chefpastry.ch\/"},{"@type":"ListItem","position":2,"name":"E-shop","item":"https:\/\/chefpastry.ch\/e-shop\/"},{"@type":"ListItem","position":3,"name":"PLATEAUX CARRE OR \/ ARGENT"}]},{"@type":"WebSite","@id":"https:\/\/chefpastry.ch\/#website","url":"https:\/\/chefpastry.ch\/","name":"Chef Pastry","description":"","publisher":{"@id":"https:\/\/chefpastry.ch\/#organization"},"potentialAction":[{"@type":"SearchAction","target":{"@type":"EntryPoint","urlTemplate":"https:\/\/chefpastry.ch\/?s={search_term_string}"},"query-input":{"@type":"PropertyValueSpecification","valueRequired":true,"valueName":"search_term_string"}}],"inLanguage":"de"},{"@type":"Organization","@id":"https:\/\/chefpastry.ch\/#organization","name":"Chef Pastry","url":"https:\/\/chefpastry.ch\/","logo":{"@type":"ImageObject","inLanguage":"de","@id":"https:\/\/chefpastry.ch\/#\/schema\/logo\/image\/","url":"https:\/\/chefpastry.ch\/wp-content\/uploads\/2022\/07\/cropped-chef_pastry_logo_rgb-03.png","contentUrl":"https:\/\/chefpastry.ch\/wp-content\/uploads\/2022\/07\/cropped-chef_pastry_logo_rgb-03.png","width":1545,"height":412,"caption":"Chef Pastry"},"image":{"@id":"https:\/\/chefpastry.ch\/#\/schema\/logo\/image\/"}}]},"og_availability":"instock","product_availability":"instock","product_condition":"new"},"_links":{"self":[{"href":"https:\/\/chefpastry.ch\/de\/wp-json\/wp\/v2\/product\/13861","targetHints":{"allow":["GET"]}}],"collection":[{"href":"https:\/\/chefpastry.ch\/de\/wp-json\/wp\/v2\/product"}],"about":[{"href":"https:\/\/chefpastry.ch\/de\/wp-json\/wp\/v2\/types\/product"}],"replies":[{"embeddable":true,"href":"https:\/\/chefpastry.ch\/de\/wp-json\/wp\/v2\/comments?post=13861"}],"version-history":[{"count":1,"href":"https:\/\/chefpastry.ch\/de\/wp-json\/wp\/v2\/product\/13861\/revisions"}],"predecessor-version":[{"id":16354,"href":"https:\/\/chefpastry.ch\/de\/wp-json\/wp\/v2\/product\/13861\/revisions\/16354"}],"wp:featuredmedia":[{"embeddable":true,"href":"https:\/\/chefpastry.ch\/de\/wp-json\/wp\/v2\/media\/13876"}],"wp:attachment":[{"href":"https:\/\/chefpastry.ch\/de\/wp-json\/wp\/v2\/media?parent=13861"}],"wp:term":[{"taxonomy":"product_brand","embeddable":true,"href":"https:\/\/chefpastry.ch\/de\/wp-json\/wp\/v2\/product_brand?post=13861"},{"taxonomy":"product_cat","embeddable":true,"href":"https:\/\/chefpastry.ch\/de\/wp-json\/wp\/v2\/product_cat?post=13861"},{"taxonomy":"product_tag","embeddable":true,"href":"https:\/\/chefpastry.ch\/de\/wp-json\/wp\/v2\/product_tag?post=13861"}],"curies":[{"name":"wp","href":"https:\/\/api.w.org\/{rel}","templated":true}]}}