{"id":13560,"date":"2023-06-20T11:51:12","date_gmt":"2023-06-20T09:51:12","guid":{"rendered":"https:\/\/chefpastry.ch\/?post_type=product&#038;p=13560"},"modified":"2025-04-14T14:56:12","modified_gmt":"2025-04-14T12:56:12","slug":"moule-silicone-tor-carre","status":"publish","type":"product","link":"https:\/\/chefpastry.ch\/de\/produkt\/moule-silicone-tor-carre\/","title":{"rendered":"TOR CARR\u00c9"},"content":{"rendered":"<p>Die <strong>moule en silicone TOR Carr\u00e9<\/strong> permet de donner la forme carr\u00e9 classique \u00e0 vos g\u00e2teaux.<\/p>\n<p>Il r\u00e9siste parfaitement aux temp\u00e9ratures n\u00e9gatives, ce qui permet de r\u00e9aliser des entremets, et positives, ce qui permet de r\u00e9aliser des g\u00e2teaux passant au four.<\/p>\n<p>Die <strong>moule en silicone TOR Carr\u00e9<\/strong> ist <strong>antiadh\u00e4siv<\/strong> et flexible pour un d\u00e9moulage facile qui conservera parfaitement la forme \u00e0 vos pr\u00e9parations.<\/p>\n<p>Les moules en silicone <strong>TOR<\/strong> se d\u00e9cline en plusieurs grandeur et hauteurs, pour encore plus de possibilit\u00e9s de p\u00e2tisseries.<\/p>\n<p><strong>Dimensions TOR135 x 135 H40 :<\/strong><br \/>\nTaille : 135 x 135mm h 40 mm<br \/>\nVolumen :<\/p>\n<p><strong>Dimensions TOR160 x 160 H40 :<\/strong><br \/>\nTaille : 160 x 160mm h 40 mm<br \/>\nVolume : 1019 ml<\/p>\n<p><strong>Dimensions TOR180 x 180 H40 :<\/strong><br \/>\nTaille : 180 x 180mm h 40 mm<br \/>\nVolume : 1248 ml<\/p>","protected":false},"excerpt":{"rendered":"<p>Le moule en silicone TOR permet de donner la forme ronde classique \u00e0 vos p\u00e2tisseries. R\u00e9sistant aux temp\u00e9ratures n\u00e9gatives et positives, il offre une grande polyvalence.<\/p>","protected":false},"featured_media":13573,"comment_status":"closed","ping_status":"closed","template":"","meta":{"_jet_sm_ready_style":"","_jet_sm_style":"","_jet_sm_controls_values":"","_jet_sm_fonts_collection":"","_jet_sm_fonts_links":"","_joinchat":[]},"product_brand":[],"product_cat":[22],"product_tag":[],"class_list":{"0":"post-13560","1":"product","2":"type-product","3":"status-publish","4":"has-post-thumbnail","6":"product_cat-gateaux","7":"pa_declinaison-tor160-h40","8":"pa_declinaison-tor160-h50","9":"pa_declinaison-tor180-h40","10":"pa_declinaison-tor180-h50","11":"pa_declinaison-tor200-h40","12":"pa_declinaison-tor200-h50","13":"pa_declinaison-tor220-h40","14":"pa_declinaison-tor220-h50","15":"pa_declinaison-tor240-h40","16":"pa_declinaison-tor240-h50","17":"pa_declinaison-tor260-h40","18":"pa_declinaison-tor260-h50","19":"pa_declinaison-tor135-h40","21":"first","22":"instock","23":"taxable","24":"shipping-taxable","25":"purchasable","26":"product-type-variable"},"yoast_head":"<!-- This site is optimized with the Yoast SEO plugin v27.0 - https:\/\/yoast.com\/product\/yoast-seo-wordpress\/ -->\n<title>TOR CARR\u00c9 - Chef Pastry<\/title>\n<meta name=\"description\" content=\"Le moule en silicone TOR Carr\u00e9 permet de donner la forme carr\u00e9 classique \u00e0 vos p\u00e2tisseries ou insert. R\u00e9sistant aux temp\u00e9ratures n\u00e9gatives et positives.\" \/>\n<meta name=\"robots\" content=\"index, follow, max-snippet:-1, max-image-preview:large, max-video-preview:-1\" \/>\n<link rel=\"canonical\" href=\"https:\/\/chefpastry.ch\/de\/produkt\/moule-silicone-tor-carre\/\" \/>\n<meta property=\"og:locale\" content=\"de_DE\" \/>\n<meta property=\"og:type\" content=\"article\" \/>\n<meta property=\"og:title\" content=\"TOR CARR\u00c9 - Chef Pastry\" \/>\n<meta property=\"og:description\" content=\"Le moule en silicone TOR Carr\u00e9 permet de donner la forme carr\u00e9 classique \u00e0 vos p\u00e2tisseries ou insert. R\u00e9sistant aux temp\u00e9ratures n\u00e9gatives et positives.\" \/>\n<meta property=\"og:url\" content=\"https:\/\/chefpastry.ch\/de\/produkt\/moule-silicone-tor-carre\/\" \/>\n<meta property=\"og:site_name\" content=\"Chef Pastry\" \/>\n<meta property=\"article:modified_time\" content=\"2025-04-14T12:56:12+00:00\" \/>\n<meta property=\"og:image\" content=\"https:\/\/chefpastry.ch\/wp-content\/uploads\/2023\/06\/TOR160X160-H40.jpg\" \/>\n\t<meta property=\"og:image:width\" content=\"1500\" \/>\n\t<meta property=\"og:image:height\" content=\"1500\" \/>\n\t<meta property=\"og:image:type\" content=\"image\/jpeg\" \/>\n<meta name=\"twitter:card\" content=\"summary_large_image\" \/>\n<meta name=\"twitter:label1\" content=\"Verf\u00fcgbarkeit\" \/>\n\t<meta name=\"twitter:data1\" content=\"Auf Lager\" \/>\n<script type=\"application\/ld+json\" class=\"yoast-schema-graph\">{\"@context\":\"https:\/\/schema.org\",\"@graph\":[{\"@type\":\"WebPage\",\"@id\":\"https:\/\/chefpastry.ch\/produit\/moule-silicone-tor-carre\/\",\"url\":\"https:\/\/chefpastry.ch\/produit\/moule-silicone-tor-carre\/\",\"name\":\"TOR CARR\u00c9 - Chef Pastry\",\"isPartOf\":{\"@id\":\"https:\/\/chefpastry.ch\/#website\"},\"primaryImageOfPage\":{\"@id\":\"https:\/\/chefpastry.ch\/produit\/moule-silicone-tor-carre\/#primaryimage\"},\"image\":{\"@id\":\"https:\/\/chefpastry.ch\/produit\/moule-silicone-tor-carre\/#primaryimage\"},\"thumbnailUrl\":\"https:\/\/chefpastry.ch\/wp-content\/uploads\/2023\/06\/TOR160X160-H40.jpg\",\"datePublished\":\"2023-06-20T09:51:12+00:00\",\"dateModified\":\"2025-04-14T12:56:12+00:00\",\"description\":\"Le moule en silicone TOR Carr\u00e9 permet de donner la forme carr\u00e9 classique \u00e0 vos p\u00e2tisseries ou insert. R\u00e9sistant aux temp\u00e9ratures n\u00e9gatives et positives.\",\"breadcrumb\":{\"@id\":\"https:\/\/chefpastry.ch\/produit\/moule-silicone-tor-carre\/#breadcrumb\"},\"inLanguage\":\"de\",\"potentialAction\":[{\"@type\":\"ReadAction\",\"target\":[\"https:\/\/chefpastry.ch\/produit\/moule-silicone-tor-carre\/\"]}]},{\"@type\":\"ImageObject\",\"inLanguage\":\"de\",\"@id\":\"https:\/\/chefpastry.ch\/produit\/moule-silicone-tor-carre\/#primaryimage\",\"url\":\"https:\/\/chefpastry.ch\/wp-content\/uploads\/2023\/06\/TOR160X160-H40.jpg\",\"contentUrl\":\"https:\/\/chefpastry.ch\/wp-content\/uploads\/2023\/06\/TOR160X160-H40.jpg\",\"width\":1500,\"height\":1500,\"caption\":\"moule silicone TOR Carr\u00e9 pour Gateaux TOR160X160 H40\"},{\"@type\":\"BreadcrumbList\",\"@id\":\"https:\/\/chefpastry.ch\/produit\/moule-silicone-tor-carre\/#breadcrumb\",\"itemListElement\":[{\"@type\":\"ListItem\",\"position\":1,\"name\":\"Home\",\"item\":\"https:\/\/chefpastry.ch\/\"},{\"@type\":\"ListItem\",\"position\":2,\"name\":\"E-shop\",\"item\":\"https:\/\/chefpastry.ch\/e-shop\/\"},{\"@type\":\"ListItem\",\"position\":3,\"name\":\"TOR CARR\u00c9\"}]},{\"@type\":\"WebSite\",\"@id\":\"https:\/\/chefpastry.ch\/#website\",\"url\":\"https:\/\/chefpastry.ch\/\",\"name\":\"Chef Pastry\",\"description\":\"\",\"publisher\":{\"@id\":\"https:\/\/chefpastry.ch\/#organization\"},\"potentialAction\":[{\"@type\":\"SearchAction\",\"target\":{\"@type\":\"EntryPoint\",\"urlTemplate\":\"https:\/\/chefpastry.ch\/?s={search_term_string}\"},\"query-input\":{\"@type\":\"PropertyValueSpecification\",\"valueRequired\":true,\"valueName\":\"search_term_string\"}}],\"inLanguage\":\"de\"},{\"@type\":\"Organization\",\"@id\":\"https:\/\/chefpastry.ch\/#organization\",\"name\":\"Chef Pastry\",\"url\":\"https:\/\/chefpastry.ch\/\",\"logo\":{\"@type\":\"ImageObject\",\"inLanguage\":\"de\",\"@id\":\"https:\/\/chefpastry.ch\/#\/schema\/logo\/image\/\",\"url\":\"https:\/\/chefpastry.ch\/wp-content\/uploads\/2022\/07\/cropped-chef_pastry_logo_rgb-03.png\",\"contentUrl\":\"https:\/\/chefpastry.ch\/wp-content\/uploads\/2022\/07\/cropped-chef_pastry_logo_rgb-03.png\",\"width\":1545,\"height\":412,\"caption\":\"Chef Pastry\"},\"image\":{\"@id\":\"https:\/\/chefpastry.ch\/#\/schema\/logo\/image\/\"}}]}<\/script>\n<meta property=\"og:availability\" content=\"instock\" \/>\n<meta property=\"product:availability\" content=\"instock\" \/>\n<meta property=\"product:condition\" content=\"new\" \/>\n<!-- \/ Yoast SEO plugin. -->","yoast_head_json":{"title":"TOR CARR\u00c9 - Chef Pastry","description":"Le moule en silicone TOR Carr\u00e9 permet de donner la forme carr\u00e9 classique \u00e0 vos p\u00e2tisseries ou insert. R\u00e9sistant aux temp\u00e9ratures n\u00e9gatives et positives.","robots":{"index":"index","follow":"follow","max-snippet":"max-snippet:-1","max-image-preview":"max-image-preview:large","max-video-preview":"max-video-preview:-1"},"canonical":"https:\/\/chefpastry.ch\/de\/produkt\/moule-silicone-tor-carre\/","og_locale":"de_DE","og_type":"article","og_title":"TOR CARR\u00c9 - Chef Pastry","og_description":"Le moule en silicone TOR Carr\u00e9 permet de donner la forme carr\u00e9 classique \u00e0 vos p\u00e2tisseries ou insert. R\u00e9sistant aux temp\u00e9ratures n\u00e9gatives et positives.","og_url":"https:\/\/chefpastry.ch\/de\/produkt\/moule-silicone-tor-carre\/","og_site_name":"Chef Pastry","article_modified_time":"2025-04-14T12:56:12+00:00","og_image":[{"width":1500,"height":1500,"url":"https:\/\/chefpastry.ch\/wp-content\/uploads\/2023\/06\/TOR160X160-H40.jpg","type":"image\/jpeg"}],"twitter_card":"summary_large_image","twitter_misc":{"Verf\u00fcgbarkeit":"Auf Lager"},"schema":{"@context":"https:\/\/schema.org","@graph":[{"@type":"WebPage","@id":"https:\/\/chefpastry.ch\/produit\/moule-silicone-tor-carre\/","url":"https:\/\/chefpastry.ch\/produit\/moule-silicone-tor-carre\/","name":"TOR CARR\u00c9 - Chef Pastry","isPartOf":{"@id":"https:\/\/chefpastry.ch\/#website"},"primaryImageOfPage":{"@id":"https:\/\/chefpastry.ch\/produit\/moule-silicone-tor-carre\/#primaryimage"},"image":{"@id":"https:\/\/chefpastry.ch\/produit\/moule-silicone-tor-carre\/#primaryimage"},"thumbnailUrl":"https:\/\/chefpastry.ch\/wp-content\/uploads\/2023\/06\/TOR160X160-H40.jpg","datePublished":"2023-06-20T09:51:12+00:00","dateModified":"2025-04-14T12:56:12+00:00","description":"Le moule en silicone TOR Carr\u00e9 permet de donner la forme carr\u00e9 classique \u00e0 vos p\u00e2tisseries ou insert. R\u00e9sistant aux temp\u00e9ratures n\u00e9gatives et positives.","breadcrumb":{"@id":"https:\/\/chefpastry.ch\/produit\/moule-silicone-tor-carre\/#breadcrumb"},"inLanguage":"de","potentialAction":[{"@type":"ReadAction","target":["https:\/\/chefpastry.ch\/produit\/moule-silicone-tor-carre\/"]}]},{"@type":"ImageObject","inLanguage":"de","@id":"https:\/\/chefpastry.ch\/produit\/moule-silicone-tor-carre\/#primaryimage","url":"https:\/\/chefpastry.ch\/wp-content\/uploads\/2023\/06\/TOR160X160-H40.jpg","contentUrl":"https:\/\/chefpastry.ch\/wp-content\/uploads\/2023\/06\/TOR160X160-H40.jpg","width":1500,"height":1500,"caption":"moule silicone TOR Carr\u00e9 pour Gateaux TOR160X160 H40"},{"@type":"BreadcrumbList","@id":"https:\/\/chefpastry.ch\/produit\/moule-silicone-tor-carre\/#breadcrumb","itemListElement":[{"@type":"ListItem","position":1,"name":"Home","item":"https:\/\/chefpastry.ch\/"},{"@type":"ListItem","position":2,"name":"E-shop","item":"https:\/\/chefpastry.ch\/e-shop\/"},{"@type":"ListItem","position":3,"name":"TOR CARR\u00c9"}]},{"@type":"WebSite","@id":"https:\/\/chefpastry.ch\/#website","url":"https:\/\/chefpastry.ch\/","name":"Chef Pastry","description":"","publisher":{"@id":"https:\/\/chefpastry.ch\/#organization"},"potentialAction":[{"@type":"SearchAction","target":{"@type":"EntryPoint","urlTemplate":"https:\/\/chefpastry.ch\/?s={search_term_string}"},"query-input":{"@type":"PropertyValueSpecification","valueRequired":true,"valueName":"search_term_string"}}],"inLanguage":"de"},{"@type":"Organization","@id":"https:\/\/chefpastry.ch\/#organization","name":"Chef Pastry","url":"https:\/\/chefpastry.ch\/","logo":{"@type":"ImageObject","inLanguage":"de","@id":"https:\/\/chefpastry.ch\/#\/schema\/logo\/image\/","url":"https:\/\/chefpastry.ch\/wp-content\/uploads\/2022\/07\/cropped-chef_pastry_logo_rgb-03.png","contentUrl":"https:\/\/chefpastry.ch\/wp-content\/uploads\/2022\/07\/cropped-chef_pastry_logo_rgb-03.png","width":1545,"height":412,"caption":"Chef Pastry"},"image":{"@id":"https:\/\/chefpastry.ch\/#\/schema\/logo\/image\/"}}]},"og_availability":"instock","product_availability":"instock","product_condition":"new"},"_links":{"self":[{"href":"https:\/\/chefpastry.ch\/de\/wp-json\/wp\/v2\/product\/13560","targetHints":{"allow":["GET"]}}],"collection":[{"href":"https:\/\/chefpastry.ch\/de\/wp-json\/wp\/v2\/product"}],"about":[{"href":"https:\/\/chefpastry.ch\/de\/wp-json\/wp\/v2\/types\/product"}],"replies":[{"embeddable":true,"href":"https:\/\/chefpastry.ch\/de\/wp-json\/wp\/v2\/comments?post=13560"}],"version-history":[{"count":1,"href":"https:\/\/chefpastry.ch\/de\/wp-json\/wp\/v2\/product\/13560\/revisions"}],"predecessor-version":[{"id":16359,"href":"https:\/\/chefpastry.ch\/de\/wp-json\/wp\/v2\/product\/13560\/revisions\/16359"}],"wp:featuredmedia":[{"embeddable":true,"href":"https:\/\/chefpastry.ch\/de\/wp-json\/wp\/v2\/media\/13573"}],"wp:attachment":[{"href":"https:\/\/chefpastry.ch\/de\/wp-json\/wp\/v2\/media?parent=13560"}],"wp:term":[{"taxonomy":"product_brand","embeddable":true,"href":"https:\/\/chefpastry.ch\/de\/wp-json\/wp\/v2\/product_brand?post=13560"},{"taxonomy":"product_cat","embeddable":true,"href":"https:\/\/chefpastry.ch\/de\/wp-json\/wp\/v2\/product_cat?post=13560"},{"taxonomy":"product_tag","embeddable":true,"href":"https:\/\/chefpastry.ch\/de\/wp-json\/wp\/v2\/product_tag?post=13560"}],"curies":[{"name":"wp","href":"https:\/\/api.w.org\/{rel}","templated":true}]}}