{"id":12796,"date":"2023-02-28T16:23:57","date_gmt":"2023-02-28T15:23:57","guid":{"rendered":"https:\/\/chefpastry.ch\/?post_type=product&#038;p=12796"},"modified":"2025-04-08T15:13:00","modified_gmt":"2025-04-08T13:13:00","slug":"moule-polycarbonate-bunny-roger","status":"publish","type":"product","link":"https:\/\/chefpastry.ch\/de\/produkt\/moule-polycarbonate-bunny-roger\/","title":{"rendered":"FORM BUNNY ROGER"},"content":{"rendered":"<p>F\u00fcr Ihr <strong>Schokolade,<\/strong> die <strong>Form<\/strong> in <strong>Polycarbonat<\/strong> Bunny<strong> ROGER aus Martellato<\/strong>\u00dcberraschen Sie Ihre Kunden und Freunde mit dem <strong>Kaninchen<\/strong> aus weichherzigem Diamant, in <strong>Ostern, <\/strong>und zu jedem besonderen Anlass.<br \/>\nDie Bunny-Form<strong> Roger <\/strong>ist in <strong>Polycarbonat<\/strong>Das Buch ist aus hochwertigen Materialien hergestellt.<\/p>\n<p>Der kreative Gedanke kommt direkt von den Designern bei Martellato mit der Unterst\u00fctzung der besten <strong>Chocolatiers<\/strong>.<\/p>\n<p>Auf den Fotos wurde der Hase Roger vom Ma\u00eetre Chocolatier verziert <strong>Nicolas Nikolakopoulos<\/strong>.<\/p>\n<ul>\n<li>Farbe: Transparent<\/li>\n<li>Produktgr\u00f6\u00dfe: 275 x 175 mm<\/li>\n<li>Gr\u00f6\u00dfe des Kaninchens: 78 x 73 x h 150 mm<\/li>\n<li>Productivit\u00e9 de l&rsquo;objet : 1 pc<\/li>\n<li>Gewicht des fertigen Produkts: ~ 130 gr<\/li>\n<li>Teile in der Verpackung: 1 pc<\/li>\n<\/ul>\n<p>&nbsp;<\/p>\n<p><img decoding=\"async\" class=\"alignleft wp-image-12787\" src=\"https:\/\/chefpastry.ch\/wp-content\/uploads\/2023\/02\/FOOD-SAFE-.png\" alt=\"FOOD SAFE\" width=\"57\" height=\"57\" srcset=\"https:\/\/chefpastry.ch\/wp-content\/uploads\/2023\/02\/FOOD-SAFE--300x300.png.jpg 300w, https:\/\/chefpastry.ch\/wp-content\/uploads\/2023\/02\/FOOD-SAFE--600x600.png.jpg 600w, https:\/\/chefpastry.ch\/wp-content\/uploads\/2023\/02\/FOOD-SAFE--100x100.png.jpg 100w, https:\/\/chefpastry.ch\/wp-content\/uploads\/2023\/02\/FOOD-SAFE--768x768.png.jpg 768w, https:\/\/chefpastry.ch\/wp-content\/uploads\/2023\/02\/FOOD-SAFE--1024x1024.png.jpg 1024w\" sizes=\"(max-width: 57px) 100vw, 57px\" \/><img decoding=\"async\" class=\"alignleft wp-image-12788\" src=\"https:\/\/chefpastry.ch\/wp-content\/uploads\/2023\/02\/FORNO-NO.png\" alt=\"FORNO NO\" width=\"56\" height=\"56\" srcset=\"https:\/\/chefpastry.ch\/wp-content\/uploads\/2023\/02\/FORNO-NO-300x300.png.jpg 300w, https:\/\/chefpastry.ch\/wp-content\/uploads\/2023\/02\/FORNO-NO-600x600.png.jpg 600w, https:\/\/chefpastry.ch\/wp-content\/uploads\/2023\/02\/FORNO-NO-100x100.png.jpg 100w, https:\/\/chefpastry.ch\/wp-content\/uploads\/2023\/02\/FORNO-NO-768x768.png.jpg 768w, https:\/\/chefpastry.ch\/wp-content\/uploads\/2023\/02\/FORNO-NO-1024x1024.png.jpg 1024w\" sizes=\"(max-width: 56px) 100vw, 56px\" \/><\/p>","protected":false},"excerpt":{"rendered":"<p>F\u00fcr Ihr <strong>Schokolade,<\/strong> die <strong>Form<\/strong> in <strong>Polycarbonat<\/strong> <strong>Teddy aus Martellato<\/strong>, surprenez vos clients et amis, l&rsquo;ours en peluche en diamant au c\u0153ur tendre, \u00e0 <strong>Ostern, <\/strong>a<strong> Weihnachten<\/strong> und zu jedem besonderen Anlass.<br \/>\nDie Form <strong>Teddy<\/strong> ist in <strong>Polycarbonat<\/strong>Das Buch ist aus hochwertigen Materialien hergestellt.<\/p>","protected":false},"featured_media":12799,"comment_status":"open","ping_status":"closed","template":"","meta":{"_jet_sm_ready_style":"","_jet_sm_style":"","_jet_sm_controls_values":"","_jet_sm_fonts_collection":"","_jet_sm_fonts_links":"","_joinchat":[]},"product_brand":[],"product_cat":[53,180],"product_tag":[],"class_list":{"0":"post-12796","1":"product","2":"type-product","3":"status-publish","4":"has-post-thumbnail","6":"product_cat-chocolats","7":"product_cat-paques","9":"first","10":"instock","11":"taxable","12":"shipping-taxable","13":"purchasable","14":"product-type-simple"},"yoast_head":"<!-- This site is optimized with the Yoast SEO plugin v27.0 - https:\/\/yoast.com\/product\/yoast-seo-wordpress\/ -->\n<title>MOULE BUNNY ROGER - Chef Pastry<\/title>\n<meta name=\"description\" content=\"Pour votre chocolat, le Moule en Polycarbonate Bunny Roger, surprenez vos clients et amis, le lapin en diamant au c\u0153ur tendre, \u00e0 toute occasion sp\u00e9ciale.\" \/>\n<meta name=\"robots\" content=\"index, follow, max-snippet:-1, max-image-preview:large, max-video-preview:-1\" \/>\n<link rel=\"canonical\" href=\"https:\/\/chefpastry.ch\/de\/produkt\/moule-polycarbonate-bunny-roger\/\" \/>\n<meta property=\"og:locale\" content=\"de_DE\" \/>\n<meta property=\"og:type\" content=\"article\" \/>\n<meta property=\"og:title\" content=\"MOULE BUNNY ROGER - Chef Pastry\" \/>\n<meta property=\"og:description\" content=\"Pour votre chocolat, le Moule en Polycarbonate Bunny Roger, surprenez vos clients et amis, le lapin en diamant au c\u0153ur tendre, \u00e0 toute occasion sp\u00e9ciale.\" \/>\n<meta property=\"og:url\" content=\"https:\/\/chefpastry.ch\/de\/produkt\/moule-polycarbonate-bunny-roger\/\" \/>\n<meta property=\"og:site_name\" content=\"Chef Pastry\" \/>\n<meta property=\"article:modified_time\" content=\"2025-04-08T13:13:00+00:00\" \/>\n<meta property=\"og:image\" content=\"https:\/\/chefpastry.ch\/wp-content\/uploads\/2023\/02\/Bunny-M2.jpg\" \/>\n\t<meta property=\"og:image:width\" content=\"1200\" \/>\n\t<meta property=\"og:image:height\" content=\"1200\" \/>\n\t<meta property=\"og:image:type\" content=\"image\/jpeg\" \/>\n<meta name=\"twitter:card\" content=\"summary_large_image\" \/>\n<meta name=\"twitter:label1\" content=\"Preis\" \/>\n\t<meta name=\"twitter:data1\" content=\"&#067;&#072;&#070;&nbsp;29.00 TTC\" \/>\n\t<meta name=\"twitter:label2\" content=\"Verf\u00fcgbarkeit\" \/>\n\t<meta name=\"twitter:data2\" content=\"Auf Lager\" \/>\n<script type=\"application\/ld+json\" class=\"yoast-schema-graph\">{\"@context\":\"https:\/\/schema.org\",\"@graph\":[{\"@type\":\"WebPage\",\"@id\":\"https:\/\/chefpastry.ch\/produit\/moule-polycarbonate-bunny-roger\/\",\"url\":\"https:\/\/chefpastry.ch\/produit\/moule-polycarbonate-bunny-roger\/\",\"name\":\"MOULE BUNNY ROGER - Chef Pastry\",\"isPartOf\":{\"@id\":\"https:\/\/chefpastry.ch\/#website\"},\"primaryImageOfPage\":{\"@id\":\"https:\/\/chefpastry.ch\/produit\/moule-polycarbonate-bunny-roger\/#primaryimage\"},\"image\":{\"@id\":\"https:\/\/chefpastry.ch\/produit\/moule-polycarbonate-bunny-roger\/#primaryimage\"},\"thumbnailUrl\":\"https:\/\/chefpastry.ch\/wp-content\/uploads\/2023\/02\/Bunny-M2.jpg\",\"datePublished\":\"2023-02-28T15:23:57+00:00\",\"dateModified\":\"2025-04-08T13:13:00+00:00\",\"description\":\"Pour votre chocolat, le Moule en Polycarbonate Bunny Roger, surprenez vos clients et amis, le lapin en diamant au c\u0153ur tendre, \u00e0 toute occasion sp\u00e9ciale.\",\"breadcrumb\":{\"@id\":\"https:\/\/chefpastry.ch\/produit\/moule-polycarbonate-bunny-roger\/#breadcrumb\"},\"inLanguage\":\"de\",\"potentialAction\":[{\"@type\":\"ReadAction\",\"target\":[\"https:\/\/chefpastry.ch\/produit\/moule-polycarbonate-bunny-roger\/\"]}]},{\"@type\":\"ImageObject\",\"inLanguage\":\"de\",\"@id\":\"https:\/\/chefpastry.ch\/produit\/moule-polycarbonate-bunny-roger\/#primaryimage\",\"url\":\"https:\/\/chefpastry.ch\/wp-content\/uploads\/2023\/02\/Bunny-M2.jpg\",\"contentUrl\":\"https:\/\/chefpastry.ch\/wp-content\/uploads\/2023\/02\/Bunny-M2.jpg\",\"width\":1200,\"height\":1200,\"caption\":\"Moule Polycarbonate Bunny Roger\"},{\"@type\":\"BreadcrumbList\",\"@id\":\"https:\/\/chefpastry.ch\/produit\/moule-polycarbonate-bunny-roger\/#breadcrumb\",\"itemListElement\":[{\"@type\":\"ListItem\",\"position\":1,\"name\":\"Home\",\"item\":\"https:\/\/chefpastry.ch\/\"},{\"@type\":\"ListItem\",\"position\":2,\"name\":\"E-shop\",\"item\":\"https:\/\/chefpastry.ch\/e-shop\/\"},{\"@type\":\"ListItem\",\"position\":3,\"name\":\"MOULE BUNNY ROGER\"}]},{\"@type\":\"WebSite\",\"@id\":\"https:\/\/chefpastry.ch\/#website\",\"url\":\"https:\/\/chefpastry.ch\/\",\"name\":\"Chef Pastry\",\"description\":\"\",\"publisher\":{\"@id\":\"https:\/\/chefpastry.ch\/#organization\"},\"potentialAction\":[{\"@type\":\"SearchAction\",\"target\":{\"@type\":\"EntryPoint\",\"urlTemplate\":\"https:\/\/chefpastry.ch\/?s={search_term_string}\"},\"query-input\":{\"@type\":\"PropertyValueSpecification\",\"valueRequired\":true,\"valueName\":\"search_term_string\"}}],\"inLanguage\":\"de\"},{\"@type\":\"Organization\",\"@id\":\"https:\/\/chefpastry.ch\/#organization\",\"name\":\"Chef Pastry\",\"url\":\"https:\/\/chefpastry.ch\/\",\"logo\":{\"@type\":\"ImageObject\",\"inLanguage\":\"de\",\"@id\":\"https:\/\/chefpastry.ch\/#\/schema\/logo\/image\/\",\"url\":\"https:\/\/chefpastry.ch\/wp-content\/uploads\/2022\/07\/cropped-chef_pastry_logo_rgb-03.png\",\"contentUrl\":\"https:\/\/chefpastry.ch\/wp-content\/uploads\/2022\/07\/cropped-chef_pastry_logo_rgb-03.png\",\"width\":1545,\"height\":412,\"caption\":\"Chef Pastry\"},\"image\":{\"@id\":\"https:\/\/chefpastry.ch\/#\/schema\/logo\/image\/\"}}]}<\/script>\n<meta property=\"product:price:amount\" content=\"29.00\" \/>\n<meta property=\"product:price:currency\" content=\"CHF\" \/>\n<meta property=\"og:availability\" content=\"instock\" \/>\n<meta property=\"product:availability\" content=\"instock\" \/>\n<meta property=\"product:retailer_item_id\" content=\"MA3016\" \/>\n<meta property=\"product:condition\" content=\"new\" \/>\n<!-- \/ Yoast SEO plugin. -->","yoast_head_json":{"title":"MOULE BUNNY ROGER - Chef Pastry","description":"Pour votre chocolat, le Moule en Polycarbonate Bunny Roger, surprenez vos clients et amis, le lapin en diamant au c\u0153ur tendre, \u00e0 toute occasion sp\u00e9ciale.","robots":{"index":"index","follow":"follow","max-snippet":"max-snippet:-1","max-image-preview":"max-image-preview:large","max-video-preview":"max-video-preview:-1"},"canonical":"https:\/\/chefpastry.ch\/de\/produkt\/moule-polycarbonate-bunny-roger\/","og_locale":"de_DE","og_type":"article","og_title":"MOULE BUNNY ROGER - Chef Pastry","og_description":"Pour votre chocolat, le Moule en Polycarbonate Bunny Roger, surprenez vos clients et amis, le lapin en diamant au c\u0153ur tendre, \u00e0 toute occasion sp\u00e9ciale.","og_url":"https:\/\/chefpastry.ch\/de\/produkt\/moule-polycarbonate-bunny-roger\/","og_site_name":"Chef Pastry","article_modified_time":"2025-04-08T13:13:00+00:00","og_image":[{"width":1200,"height":1200,"url":"https:\/\/chefpastry.ch\/wp-content\/uploads\/2023\/02\/Bunny-M2.jpg","type":"image\/jpeg"}],"twitter_card":"summary_large_image","twitter_misc":{"Preis":"&#67;&#72;&#70;&nbsp;29.00 TTC","Verf\u00fcgbarkeit":"Auf Lager"},"schema":{"@context":"https:\/\/schema.org","@graph":[{"@type":"WebPage","@id":"https:\/\/chefpastry.ch\/produit\/moule-polycarbonate-bunny-roger\/","url":"https:\/\/chefpastry.ch\/produit\/moule-polycarbonate-bunny-roger\/","name":"MOULE BUNNY ROGER - Chef Pastry","isPartOf":{"@id":"https:\/\/chefpastry.ch\/#website"},"primaryImageOfPage":{"@id":"https:\/\/chefpastry.ch\/produit\/moule-polycarbonate-bunny-roger\/#primaryimage"},"image":{"@id":"https:\/\/chefpastry.ch\/produit\/moule-polycarbonate-bunny-roger\/#primaryimage"},"thumbnailUrl":"https:\/\/chefpastry.ch\/wp-content\/uploads\/2023\/02\/Bunny-M2.jpg","datePublished":"2023-02-28T15:23:57+00:00","dateModified":"2025-04-08T13:13:00+00:00","description":"Pour votre chocolat, le Moule en Polycarbonate Bunny Roger, surprenez vos clients et amis, le lapin en diamant au c\u0153ur tendre, \u00e0 toute occasion sp\u00e9ciale.","breadcrumb":{"@id":"https:\/\/chefpastry.ch\/produit\/moule-polycarbonate-bunny-roger\/#breadcrumb"},"inLanguage":"de","potentialAction":[{"@type":"ReadAction","target":["https:\/\/chefpastry.ch\/produit\/moule-polycarbonate-bunny-roger\/"]}]},{"@type":"ImageObject","inLanguage":"de","@id":"https:\/\/chefpastry.ch\/produit\/moule-polycarbonate-bunny-roger\/#primaryimage","url":"https:\/\/chefpastry.ch\/wp-content\/uploads\/2023\/02\/Bunny-M2.jpg","contentUrl":"https:\/\/chefpastry.ch\/wp-content\/uploads\/2023\/02\/Bunny-M2.jpg","width":1200,"height":1200,"caption":"Moule Polycarbonate Bunny Roger"},{"@type":"BreadcrumbList","@id":"https:\/\/chefpastry.ch\/produit\/moule-polycarbonate-bunny-roger\/#breadcrumb","itemListElement":[{"@type":"ListItem","position":1,"name":"Home","item":"https:\/\/chefpastry.ch\/"},{"@type":"ListItem","position":2,"name":"E-shop","item":"https:\/\/chefpastry.ch\/e-shop\/"},{"@type":"ListItem","position":3,"name":"MOULE BUNNY ROGER"}]},{"@type":"WebSite","@id":"https:\/\/chefpastry.ch\/#website","url":"https:\/\/chefpastry.ch\/","name":"Chef Pastry","description":"","publisher":{"@id":"https:\/\/chefpastry.ch\/#organization"},"potentialAction":[{"@type":"SearchAction","target":{"@type":"EntryPoint","urlTemplate":"https:\/\/chefpastry.ch\/?s={search_term_string}"},"query-input":{"@type":"PropertyValueSpecification","valueRequired":true,"valueName":"search_term_string"}}],"inLanguage":"de"},{"@type":"Organization","@id":"https:\/\/chefpastry.ch\/#organization","name":"Chef Pastry","url":"https:\/\/chefpastry.ch\/","logo":{"@type":"ImageObject","inLanguage":"de","@id":"https:\/\/chefpastry.ch\/#\/schema\/logo\/image\/","url":"https:\/\/chefpastry.ch\/wp-content\/uploads\/2022\/07\/cropped-chef_pastry_logo_rgb-03.png","contentUrl":"https:\/\/chefpastry.ch\/wp-content\/uploads\/2022\/07\/cropped-chef_pastry_logo_rgb-03.png","width":1545,"height":412,"caption":"Chef Pastry"},"image":{"@id":"https:\/\/chefpastry.ch\/#\/schema\/logo\/image\/"}}]},"product_price_amount":"29.00","product_price_currency":"CHF","og_availability":"instock","product_availability":"instock","product_retailer_item_id":"MA3016","product_condition":"new"},"_links":{"self":[{"href":"https:\/\/chefpastry.ch\/de\/wp-json\/wp\/v2\/product\/12796","targetHints":{"allow":["GET"]}}],"collection":[{"href":"https:\/\/chefpastry.ch\/de\/wp-json\/wp\/v2\/product"}],"about":[{"href":"https:\/\/chefpastry.ch\/de\/wp-json\/wp\/v2\/types\/product"}],"replies":[{"embeddable":true,"href":"https:\/\/chefpastry.ch\/de\/wp-json\/wp\/v2\/comments?post=12796"}],"version-history":[{"count":1,"href":"https:\/\/chefpastry.ch\/de\/wp-json\/wp\/v2\/product\/12796\/revisions"}],"predecessor-version":[{"id":16216,"href":"https:\/\/chefpastry.ch\/de\/wp-json\/wp\/v2\/product\/12796\/revisions\/16216"}],"wp:featuredmedia":[{"embeddable":true,"href":"https:\/\/chefpastry.ch\/de\/wp-json\/wp\/v2\/media\/12799"}],"wp:attachment":[{"href":"https:\/\/chefpastry.ch\/de\/wp-json\/wp\/v2\/media?parent=12796"}],"wp:term":[{"taxonomy":"product_brand","embeddable":true,"href":"https:\/\/chefpastry.ch\/de\/wp-json\/wp\/v2\/product_brand?post=12796"},{"taxonomy":"product_cat","embeddable":true,"href":"https:\/\/chefpastry.ch\/de\/wp-json\/wp\/v2\/product_cat?post=12796"},{"taxonomy":"product_tag","embeddable":true,"href":"https:\/\/chefpastry.ch\/de\/wp-json\/wp\/v2\/product_tag?post=12796"}],"curies":[{"name":"wp","href":"https:\/\/api.w.org\/{rel}","templated":true}]}}