{"id":12674,"date":"2023-02-26T12:30:34","date_gmt":"2023-02-26T11:30:34","guid":{"rendered":"https:\/\/chefpastry.ch\/?post_type=product&#038;p=12674"},"modified":"2023-12-31T16:11:21","modified_gmt":"2023-12-31T15:11:21","slug":"moule-piatto-assiette-silikomart","status":"publish","type":"product","link":"https:\/\/chefpastry.ch\/de\/produkt\/moule-piatto-assiette-silikomart\/","title":{"rendered":"PIATTOFORM (TELLER)"},"content":{"rendered":"<p>Die Form <strong>Piatto (Teller)<\/strong> aus Silikon von <strong>Silikomart Professional<\/strong> vous permet de r\u00e9aliser l&rsquo;une des formes les plus classiques du service de table : la <strong>Untertasse<\/strong> Perfekt, um Vorspeisen und zweite G\u00e4nge zu kreieren, die beeindrucken sollen.<br \/>\nAusgezeichnet in seiner Entformbarkeit, auch perfekt f\u00fcr Back- und Schokoladenkreationen.<\/p>\n<p>Entworfen mit dem Sternekoch Iside De Cesare<\/p>\n<ul>\n<li>Gr\u00f6\u00dfen: h15 mm, \u00d8115 mm<\/li>\n<li>H\u00f6hle: 6<\/li>\n<li>Volumen des Hohlraums: 80 ml<\/li>\n<\/ul>\n<p>Ofen-\/Mikrowellenbest\u00e4ndig<br \/>\nGefrierbest\u00e4ndig \/ Schnellgefrierer<br \/>\nSp\u00fclmaschinenfest<\/p>","protected":false},"excerpt":{"rendered":"<p>Le moule Piatto (Assiette) en silicone de Silikomart Professional vous permet de r\u00e9aliser l&rsquo;une des formes les plus classiques du service de table : la soucoupe ! Parfait pour cr\u00e9er des plats, desserts ou chocolat destin\u00e9s \u00e0 impressionner.<\/p>","protected":false},"featured_media":12679,"comment_status":"open","ping_status":"closed","template":"","meta":{"_jet_sm_ready_style":"","_jet_sm_style":"","_jet_sm_controls_values":"","_jet_sm_fonts_collection":"","_jet_sm_fonts_links":"","_joinchat":[]},"product_brand":[],"product_cat":[109,183],"product_tag":[],"class_list":{"0":"post-12674","1":"product","2":"type-product","3":"status-publish","4":"has-post-thumbnail","6":"product_cat-gastronomie","7":"product_cat-promo","9":"first","10":"instock","11":"sale","12":"taxable","13":"shipping-taxable","14":"purchasable","15":"product-type-simple"},"yoast_head":"<!-- This site is optimized with the Yoast SEO plugin v27.0 - https:\/\/yoast.com\/product\/yoast-seo-wordpress\/ -->\n<title>MOULE PIATTO (ASSIETTE) - Chef Pastry<\/title>\n<meta name=\"description\" content=\"Le moule Assiette en silicone de Silikomart Professional vous permet de r\u00e9aliser l&#039;une des formes les plus classiques du service de table : la soucoupe !\" \/>\n<meta name=\"robots\" content=\"index, follow, max-snippet:-1, max-image-preview:large, max-video-preview:-1\" \/>\n<link rel=\"canonical\" href=\"https:\/\/chefpastry.ch\/de\/produkt\/moule-piatto-assiette-silikomart\/\" \/>\n<meta property=\"og:locale\" content=\"de_DE\" \/>\n<meta property=\"og:type\" content=\"article\" \/>\n<meta property=\"og:title\" content=\"MOULE PIATTO (ASSIETTE) - Chef Pastry\" \/>\n<meta property=\"og:description\" content=\"Le moule Assiette en silicone de Silikomart Professional vous permet de r\u00e9aliser l&#039;une des formes les plus classiques du service de table : la soucoupe !\" \/>\n<meta property=\"og:url\" content=\"https:\/\/chefpastry.ch\/de\/produkt\/moule-piatto-assiette-silikomart\/\" \/>\n<meta property=\"og:site_name\" content=\"Chef Pastry\" \/>\n<meta property=\"article:modified_time\" content=\"2023-12-31T15:11:21+00:00\" \/>\n<meta property=\"og:image\" content=\"https:\/\/chefpastry.ch\/wp-content\/uploads\/2023\/02\/PIATTO-80.jpg\" \/>\n\t<meta property=\"og:image:width\" content=\"1500\" \/>\n\t<meta property=\"og:image:height\" content=\"1500\" \/>\n\t<meta property=\"og:image:type\" content=\"image\/jpeg\" \/>\n<meta name=\"twitter:card\" content=\"summary_large_image\" \/>\n<meta name=\"twitter:label1\" content=\"Preis\" \/>\n\t<meta name=\"twitter:data1\" content=\"&#067;&#072;&#070;&nbsp;28.50 TTC\" \/>\n\t<meta name=\"twitter:label2\" content=\"Verf\u00fcgbarkeit\" \/>\n\t<meta name=\"twitter:data2\" content=\"Auf Lager\" \/>\n<script type=\"application\/ld+json\" class=\"yoast-schema-graph\">{\"@context\":\"https:\/\/schema.org\",\"@graph\":[{\"@type\":\"WebPage\",\"@id\":\"https:\/\/chefpastry.ch\/produit\/moule-piatto-assiette-silikomart\/\",\"url\":\"https:\/\/chefpastry.ch\/produit\/moule-piatto-assiette-silikomart\/\",\"name\":\"MOULE PIATTO (ASSIETTE) - Chef Pastry\",\"isPartOf\":{\"@id\":\"https:\/\/chefpastry.ch\/#website\"},\"primaryImageOfPage\":{\"@id\":\"https:\/\/chefpastry.ch\/produit\/moule-piatto-assiette-silikomart\/#primaryimage\"},\"image\":{\"@id\":\"https:\/\/chefpastry.ch\/produit\/moule-piatto-assiette-silikomart\/#primaryimage\"},\"thumbnailUrl\":\"https:\/\/chefpastry.ch\/wp-content\/uploads\/2023\/02\/PIATTO-80.jpg\",\"datePublished\":\"2023-02-26T11:30:34+00:00\",\"dateModified\":\"2023-12-31T15:11:21+00:00\",\"description\":\"Le moule Assiette en silicone de Silikomart Professional vous permet de r\u00e9aliser l'une des formes les plus classiques du service de table : la soucoupe !\",\"breadcrumb\":{\"@id\":\"https:\/\/chefpastry.ch\/produit\/moule-piatto-assiette-silikomart\/#breadcrumb\"},\"inLanguage\":\"de\",\"potentialAction\":[{\"@type\":\"ReadAction\",\"target\":[\"https:\/\/chefpastry.ch\/produit\/moule-piatto-assiette-silikomart\/\"]}]},{\"@type\":\"ImageObject\",\"inLanguage\":\"de\",\"@id\":\"https:\/\/chefpastry.ch\/produit\/moule-piatto-assiette-silikomart\/#primaryimage\",\"url\":\"https:\/\/chefpastry.ch\/wp-content\/uploads\/2023\/02\/PIATTO-80.jpg\",\"contentUrl\":\"https:\/\/chefpastry.ch\/wp-content\/uploads\/2023\/02\/PIATTO-80.jpg\",\"width\":1500,\"height\":1500,\"caption\":\"moule Piatto Assiette Silikomart\"},{\"@type\":\"BreadcrumbList\",\"@id\":\"https:\/\/chefpastry.ch\/produit\/moule-piatto-assiette-silikomart\/#breadcrumb\",\"itemListElement\":[{\"@type\":\"ListItem\",\"position\":1,\"name\":\"Home\",\"item\":\"https:\/\/chefpastry.ch\/\"},{\"@type\":\"ListItem\",\"position\":2,\"name\":\"E-shop\",\"item\":\"https:\/\/chefpastry.ch\/e-shop\/\"},{\"@type\":\"ListItem\",\"position\":3,\"name\":\"MOULE PIATTO (ASSIETTE)\"}]},{\"@type\":\"WebSite\",\"@id\":\"https:\/\/chefpastry.ch\/#website\",\"url\":\"https:\/\/chefpastry.ch\/\",\"name\":\"Chef Pastry\",\"description\":\"\",\"publisher\":{\"@id\":\"https:\/\/chefpastry.ch\/#organization\"},\"potentialAction\":[{\"@type\":\"SearchAction\",\"target\":{\"@type\":\"EntryPoint\",\"urlTemplate\":\"https:\/\/chefpastry.ch\/?s={search_term_string}\"},\"query-input\":{\"@type\":\"PropertyValueSpecification\",\"valueRequired\":true,\"valueName\":\"search_term_string\"}}],\"inLanguage\":\"de\"},{\"@type\":\"Organization\",\"@id\":\"https:\/\/chefpastry.ch\/#organization\",\"name\":\"Chef Pastry\",\"url\":\"https:\/\/chefpastry.ch\/\",\"logo\":{\"@type\":\"ImageObject\",\"inLanguage\":\"de\",\"@id\":\"https:\/\/chefpastry.ch\/#\/schema\/logo\/image\/\",\"url\":\"https:\/\/chefpastry.ch\/wp-content\/uploads\/2022\/07\/cropped-chef_pastry_logo_rgb-03.png\",\"contentUrl\":\"https:\/\/chefpastry.ch\/wp-content\/uploads\/2022\/07\/cropped-chef_pastry_logo_rgb-03.png\",\"width\":1545,\"height\":412,\"caption\":\"Chef Pastry\"},\"image\":{\"@id\":\"https:\/\/chefpastry.ch\/#\/schema\/logo\/image\/\"}}]}<\/script>\n<meta property=\"product:price:amount\" content=\"28.50\" \/>\n<meta property=\"product:price:currency\" content=\"CHF\" \/>\n<meta property=\"og:availability\" content=\"instock\" \/>\n<meta property=\"product:availability\" content=\"instock\" \/>\n<meta property=\"product:retailer_item_id\" content=\"33.315.36.0065\" \/>\n<meta property=\"product:condition\" content=\"new\" \/>\n<!-- \/ Yoast SEO plugin. -->","yoast_head_json":{"title":"MOULE PIATTO (ASSIETTE) - Chef Pastry","description":"Le moule Assiette en silicone de Silikomart Professional vous permet de r\u00e9aliser l'une des formes les plus classiques du service de table : la soucoupe !","robots":{"index":"index","follow":"follow","max-snippet":"max-snippet:-1","max-image-preview":"max-image-preview:large","max-video-preview":"max-video-preview:-1"},"canonical":"https:\/\/chefpastry.ch\/de\/produkt\/moule-piatto-assiette-silikomart\/","og_locale":"de_DE","og_type":"article","og_title":"MOULE PIATTO (ASSIETTE) - Chef Pastry","og_description":"Le moule Assiette en silicone de Silikomart Professional vous permet de r\u00e9aliser l'une des formes les plus classiques du service de table : la soucoupe !","og_url":"https:\/\/chefpastry.ch\/de\/produkt\/moule-piatto-assiette-silikomart\/","og_site_name":"Chef Pastry","article_modified_time":"2023-12-31T15:11:21+00:00","og_image":[{"width":1500,"height":1500,"url":"https:\/\/chefpastry.ch\/wp-content\/uploads\/2023\/02\/PIATTO-80.jpg","type":"image\/jpeg"}],"twitter_card":"summary_large_image","twitter_misc":{"Preis":"&#67;&#72;&#70;&nbsp;28.50 TTC","Verf\u00fcgbarkeit":"Auf Lager"},"schema":{"@context":"https:\/\/schema.org","@graph":[{"@type":"WebPage","@id":"https:\/\/chefpastry.ch\/produit\/moule-piatto-assiette-silikomart\/","url":"https:\/\/chefpastry.ch\/produit\/moule-piatto-assiette-silikomart\/","name":"MOULE PIATTO (ASSIETTE) - Chef Pastry","isPartOf":{"@id":"https:\/\/chefpastry.ch\/#website"},"primaryImageOfPage":{"@id":"https:\/\/chefpastry.ch\/produit\/moule-piatto-assiette-silikomart\/#primaryimage"},"image":{"@id":"https:\/\/chefpastry.ch\/produit\/moule-piatto-assiette-silikomart\/#primaryimage"},"thumbnailUrl":"https:\/\/chefpastry.ch\/wp-content\/uploads\/2023\/02\/PIATTO-80.jpg","datePublished":"2023-02-26T11:30:34+00:00","dateModified":"2023-12-31T15:11:21+00:00","description":"Le moule Assiette en silicone de Silikomart Professional vous permet de r\u00e9aliser l'une des formes les plus classiques du service de table : la soucoupe !","breadcrumb":{"@id":"https:\/\/chefpastry.ch\/produit\/moule-piatto-assiette-silikomart\/#breadcrumb"},"inLanguage":"de","potentialAction":[{"@type":"ReadAction","target":["https:\/\/chefpastry.ch\/produit\/moule-piatto-assiette-silikomart\/"]}]},{"@type":"ImageObject","inLanguage":"de","@id":"https:\/\/chefpastry.ch\/produit\/moule-piatto-assiette-silikomart\/#primaryimage","url":"https:\/\/chefpastry.ch\/wp-content\/uploads\/2023\/02\/PIATTO-80.jpg","contentUrl":"https:\/\/chefpastry.ch\/wp-content\/uploads\/2023\/02\/PIATTO-80.jpg","width":1500,"height":1500,"caption":"moule Piatto Assiette Silikomart"},{"@type":"BreadcrumbList","@id":"https:\/\/chefpastry.ch\/produit\/moule-piatto-assiette-silikomart\/#breadcrumb","itemListElement":[{"@type":"ListItem","position":1,"name":"Home","item":"https:\/\/chefpastry.ch\/"},{"@type":"ListItem","position":2,"name":"E-shop","item":"https:\/\/chefpastry.ch\/e-shop\/"},{"@type":"ListItem","position":3,"name":"MOULE PIATTO (ASSIETTE)"}]},{"@type":"WebSite","@id":"https:\/\/chefpastry.ch\/#website","url":"https:\/\/chefpastry.ch\/","name":"Chef Pastry","description":"","publisher":{"@id":"https:\/\/chefpastry.ch\/#organization"},"potentialAction":[{"@type":"SearchAction","target":{"@type":"EntryPoint","urlTemplate":"https:\/\/chefpastry.ch\/?s={search_term_string}"},"query-input":{"@type":"PropertyValueSpecification","valueRequired":true,"valueName":"search_term_string"}}],"inLanguage":"de"},{"@type":"Organization","@id":"https:\/\/chefpastry.ch\/#organization","name":"Chef Pastry","url":"https:\/\/chefpastry.ch\/","logo":{"@type":"ImageObject","inLanguage":"de","@id":"https:\/\/chefpastry.ch\/#\/schema\/logo\/image\/","url":"https:\/\/chefpastry.ch\/wp-content\/uploads\/2022\/07\/cropped-chef_pastry_logo_rgb-03.png","contentUrl":"https:\/\/chefpastry.ch\/wp-content\/uploads\/2022\/07\/cropped-chef_pastry_logo_rgb-03.png","width":1545,"height":412,"caption":"Chef Pastry"},"image":{"@id":"https:\/\/chefpastry.ch\/#\/schema\/logo\/image\/"}}]},"product_price_amount":"28.50","product_price_currency":"CHF","og_availability":"instock","product_availability":"instock","product_retailer_item_id":"33.315.36.0065","product_condition":"new"},"_links":{"self":[{"href":"https:\/\/chefpastry.ch\/de\/wp-json\/wp\/v2\/product\/12674","targetHints":{"allow":["GET"]}}],"collection":[{"href":"https:\/\/chefpastry.ch\/de\/wp-json\/wp\/v2\/product"}],"about":[{"href":"https:\/\/chefpastry.ch\/de\/wp-json\/wp\/v2\/types\/product"}],"replies":[{"embeddable":true,"href":"https:\/\/chefpastry.ch\/de\/wp-json\/wp\/v2\/comments?post=12674"}],"version-history":[{"count":0,"href":"https:\/\/chefpastry.ch\/de\/wp-json\/wp\/v2\/product\/12674\/revisions"}],"wp:featuredmedia":[{"embeddable":true,"href":"https:\/\/chefpastry.ch\/de\/wp-json\/wp\/v2\/media\/12679"}],"wp:attachment":[{"href":"https:\/\/chefpastry.ch\/de\/wp-json\/wp\/v2\/media?parent=12674"}],"wp:term":[{"taxonomy":"product_brand","embeddable":true,"href":"https:\/\/chefpastry.ch\/de\/wp-json\/wp\/v2\/product_brand?post=12674"},{"taxonomy":"product_cat","embeddable":true,"href":"https:\/\/chefpastry.ch\/de\/wp-json\/wp\/v2\/product_cat?post=12674"},{"taxonomy":"product_tag","embeddable":true,"href":"https:\/\/chefpastry.ch\/de\/wp-json\/wp\/v2\/product_tag?post=12674"}],"curies":[{"name":"wp","href":"https:\/\/api.w.org\/{rel}","templated":true}]}}