{"id":12652,"date":"2023-02-26T11:19:23","date_gmt":"2023-02-26T10:19:23","guid":{"rendered":"https:\/\/chefpastry.ch\/?post_type=product&#038;p=12652"},"modified":"2024-09-12T16:20:28","modified_gmt":"2024-09-12T14:20:28","slug":"moule-carciofo-artichaut-silikomart","status":"publish","type":"product","link":"https:\/\/chefpastry.ch\/de\/produkt\/moule-carciofo-artichaut-silikomart\/","title":{"rendered":"CARCIOFO (ARTISCHOCKE)"},"content":{"rendered":"<p>Die Muschel <strong>Carciofo<\/strong> (<strong>Artischocke<\/strong>) von <strong>Silikomart<\/strong>, la nature comme vous ne l&rsquo;avez jamais vue. Une interpr\u00e9tation originale des \u00e9l\u00e9ments de la nature pour fa\u00e7onner une version innovante du go\u00fbt ! Les formes de M\u00e8re Nature donnent vie \u00e0 des plats exclusifs tels que des entr\u00e9es, des entr\u00e9es et des plats principaux.<\/p>\n<p><strong>Carciofo 28<\/strong> ist die ideale Form, um die Geschm\u00e4cker und Formen der Erde neu zu interpretieren. Sie ist sehr vielseitig und kann mit Sch\u00e4umen, Cremes und Zubereitungen verwendet werden, die an ihre Form erinnern, oder, warum nicht, mit etwas anderem, das einen Kontrast schafft, und so der Kreativit\u00e4t des Fachmanns freien Lauf l\u00e4sst.<\/p>\n<ul>\n<li>Gr\u00f6\u00dfe: 41 mm x 62 mm x h 28mm<\/li>\n<li>Kavit\u00e4t: 12<\/li>\n<li>Cavity Vol.: 28ml<\/li>\n<\/ul>\n<p>Ofen-\/Mikrowellenbest\u00e4ndig<br \/>\nGefrierbest\u00e4ndig \/ Schnellgefrierer<br \/>\nSp\u00fclmaschinenfest<\/p>","protected":false},"excerpt":{"rendered":"<p>Die Muschel <strong>Carciofo<\/strong> (<strong>Artischocke<\/strong>) von <strong>Silikomart<\/strong>, la nature comme vous ne l&rsquo;avez jamais vue. Une interpr\u00e9tation originale des \u00e9l\u00e9ments de la nature pour fa\u00e7onner une version innovante du go\u00fbt ! Les formes de M\u00e8re Nature donnent vie \u00e0 des plats exclusifs.<\/p>","protected":false},"featured_media":12657,"comment_status":"open","ping_status":"closed","template":"","meta":{"_jet_sm_ready_style":"","_jet_sm_style":"","_jet_sm_controls_values":"","_jet_sm_fonts_collection":"","_jet_sm_fonts_links":"","_joinchat":[]},"product_brand":[],"product_cat":[109],"product_tag":[],"class_list":{"0":"post-12652","1":"product","2":"type-product","3":"status-publish","4":"has-post-thumbnail","6":"product_cat-gastronomie","8":"first","9":"instock","10":"taxable","11":"shipping-taxable","12":"purchasable","13":"product-type-simple"},"yoast_head":"<!-- This site is optimized with the Yoast SEO plugin v27.0 - https:\/\/yoast.com\/product\/yoast-seo-wordpress\/ -->\n<title>CARCIOFO (ARTICHAUT) - Chef Pastry<\/title>\n<meta name=\"description\" content=\"Le Moule Artichaut de Silikomart, la nature comme vous ne l&#039;avez jamais vue. Une interpr\u00e9tation originale des \u00e9l\u00e9ments de la nature...\" \/>\n<meta name=\"robots\" content=\"index, follow, max-snippet:-1, max-image-preview:large, max-video-preview:-1\" \/>\n<link rel=\"canonical\" href=\"https:\/\/chefpastry.ch\/de\/produkt\/moule-carciofo-artichaut-silikomart\/\" \/>\n<meta property=\"og:locale\" content=\"de_DE\" \/>\n<meta property=\"og:type\" content=\"article\" \/>\n<meta property=\"og:title\" content=\"CARCIOFO (ARTICHAUT) - Chef Pastry\" \/>\n<meta property=\"og:description\" content=\"Le Moule Artichaut de Silikomart, la nature comme vous ne l&#039;avez jamais vue. Une interpr\u00e9tation originale des \u00e9l\u00e9ments de la nature...\" \/>\n<meta property=\"og:url\" content=\"https:\/\/chefpastry.ch\/de\/produkt\/moule-carciofo-artichaut-silikomart\/\" \/>\n<meta property=\"og:site_name\" content=\"Chef Pastry\" \/>\n<meta property=\"article:modified_time\" content=\"2024-09-12T14:20:28+00:00\" \/>\n<meta property=\"og:image\" content=\"https:\/\/chefpastry.ch\/wp-content\/uploads\/2023\/02\/CARCIOFO-28.jpg\" \/>\n\t<meta property=\"og:image:width\" content=\"2500\" \/>\n\t<meta property=\"og:image:height\" content=\"2500\" \/>\n\t<meta property=\"og:image:type\" content=\"image\/jpeg\" \/>\n<meta name=\"twitter:card\" content=\"summary_large_image\" \/>\n<meta name=\"twitter:label1\" content=\"Preis\" \/>\n\t<meta name=\"twitter:data1\" content=\"&#067;&#072;&#070;&nbsp;22.00 TTC\" \/>\n\t<meta name=\"twitter:label2\" content=\"Verf\u00fcgbarkeit\" \/>\n\t<meta name=\"twitter:data2\" content=\"Auf Lager\" \/>\n<script type=\"application\/ld+json\" class=\"yoast-schema-graph\">{\"@context\":\"https:\/\/schema.org\",\"@graph\":[{\"@type\":\"WebPage\",\"@id\":\"https:\/\/chefpastry.ch\/produit\/moule-carciofo-artichaut-silikomart\/\",\"url\":\"https:\/\/chefpastry.ch\/produit\/moule-carciofo-artichaut-silikomart\/\",\"name\":\"CARCIOFO (ARTICHAUT) - Chef Pastry\",\"isPartOf\":{\"@id\":\"https:\/\/chefpastry.ch\/#website\"},\"primaryImageOfPage\":{\"@id\":\"https:\/\/chefpastry.ch\/produit\/moule-carciofo-artichaut-silikomart\/#primaryimage\"},\"image\":{\"@id\":\"https:\/\/chefpastry.ch\/produit\/moule-carciofo-artichaut-silikomart\/#primaryimage\"},\"thumbnailUrl\":\"https:\/\/chefpastry.ch\/wp-content\/uploads\/2023\/02\/CARCIOFO-28.jpg\",\"datePublished\":\"2023-02-26T10:19:23+00:00\",\"dateModified\":\"2024-09-12T14:20:28+00:00\",\"description\":\"Le Moule Artichaut de Silikomart, la nature comme vous ne l'avez jamais vue. Une interpr\u00e9tation originale des \u00e9l\u00e9ments de la nature...\",\"breadcrumb\":{\"@id\":\"https:\/\/chefpastry.ch\/produit\/moule-carciofo-artichaut-silikomart\/#breadcrumb\"},\"inLanguage\":\"de\",\"potentialAction\":[{\"@type\":\"ReadAction\",\"target\":[\"https:\/\/chefpastry.ch\/produit\/moule-carciofo-artichaut-silikomart\/\"]}]},{\"@type\":\"ImageObject\",\"inLanguage\":\"de\",\"@id\":\"https:\/\/chefpastry.ch\/produit\/moule-carciofo-artichaut-silikomart\/#primaryimage\",\"url\":\"https:\/\/chefpastry.ch\/wp-content\/uploads\/2023\/02\/CARCIOFO-28.jpg\",\"contentUrl\":\"https:\/\/chefpastry.ch\/wp-content\/uploads\/2023\/02\/CARCIOFO-28.jpg\",\"width\":2500,\"height\":2500,\"caption\":\"Moule Carciofo Artichaut Silikomart\"},{\"@type\":\"BreadcrumbList\",\"@id\":\"https:\/\/chefpastry.ch\/produit\/moule-carciofo-artichaut-silikomart\/#breadcrumb\",\"itemListElement\":[{\"@type\":\"ListItem\",\"position\":1,\"name\":\"Home\",\"item\":\"https:\/\/chefpastry.ch\/\"},{\"@type\":\"ListItem\",\"position\":2,\"name\":\"E-shop\",\"item\":\"https:\/\/chefpastry.ch\/e-shop\/\"},{\"@type\":\"ListItem\",\"position\":3,\"name\":\"CARCIOFO (ARTICHAUT)\"}]},{\"@type\":\"WebSite\",\"@id\":\"https:\/\/chefpastry.ch\/#website\",\"url\":\"https:\/\/chefpastry.ch\/\",\"name\":\"Chef Pastry\",\"description\":\"\",\"publisher\":{\"@id\":\"https:\/\/chefpastry.ch\/#organization\"},\"potentialAction\":[{\"@type\":\"SearchAction\",\"target\":{\"@type\":\"EntryPoint\",\"urlTemplate\":\"https:\/\/chefpastry.ch\/?s={search_term_string}\"},\"query-input\":{\"@type\":\"PropertyValueSpecification\",\"valueRequired\":true,\"valueName\":\"search_term_string\"}}],\"inLanguage\":\"de\"},{\"@type\":\"Organization\",\"@id\":\"https:\/\/chefpastry.ch\/#organization\",\"name\":\"Chef Pastry\",\"url\":\"https:\/\/chefpastry.ch\/\",\"logo\":{\"@type\":\"ImageObject\",\"inLanguage\":\"de\",\"@id\":\"https:\/\/chefpastry.ch\/#\/schema\/logo\/image\/\",\"url\":\"https:\/\/chefpastry.ch\/wp-content\/uploads\/2022\/07\/cropped-chef_pastry_logo_rgb-03.png\",\"contentUrl\":\"https:\/\/chefpastry.ch\/wp-content\/uploads\/2022\/07\/cropped-chef_pastry_logo_rgb-03.png\",\"width\":1545,\"height\":412,\"caption\":\"Chef Pastry\"},\"image\":{\"@id\":\"https:\/\/chefpastry.ch\/#\/schema\/logo\/image\/\"}}]}<\/script>\n<meta property=\"product:price:amount\" content=\"22.00\" \/>\n<meta property=\"product:price:currency\" content=\"CHF\" \/>\n<meta property=\"og:availability\" content=\"instock\" \/>\n<meta property=\"product:availability\" content=\"instock\" \/>\n<meta property=\"product:retailer_item_id\" content=\"36.400.36.0065\" \/>\n<meta property=\"product:condition\" content=\"new\" \/>\n<!-- \/ Yoast SEO plugin. -->","yoast_head_json":{"title":"CARCIOFO (ARTICHAUT) - Chef Pastry","description":"Le Moule Artichaut de Silikomart, la nature comme vous ne l'avez jamais vue. Une interpr\u00e9tation originale des \u00e9l\u00e9ments de la nature...","robots":{"index":"index","follow":"follow","max-snippet":"max-snippet:-1","max-image-preview":"max-image-preview:large","max-video-preview":"max-video-preview:-1"},"canonical":"https:\/\/chefpastry.ch\/de\/produkt\/moule-carciofo-artichaut-silikomart\/","og_locale":"de_DE","og_type":"article","og_title":"CARCIOFO (ARTICHAUT) - Chef Pastry","og_description":"Le Moule Artichaut de Silikomart, la nature comme vous ne l'avez jamais vue. Une interpr\u00e9tation originale des \u00e9l\u00e9ments de la nature...","og_url":"https:\/\/chefpastry.ch\/de\/produkt\/moule-carciofo-artichaut-silikomart\/","og_site_name":"Chef Pastry","article_modified_time":"2024-09-12T14:20:28+00:00","og_image":[{"width":2500,"height":2500,"url":"https:\/\/chefpastry.ch\/wp-content\/uploads\/2023\/02\/CARCIOFO-28.jpg","type":"image\/jpeg"}],"twitter_card":"summary_large_image","twitter_misc":{"Preis":"&#67;&#72;&#70;&nbsp;22.00 TTC","Verf\u00fcgbarkeit":"Auf Lager"},"schema":{"@context":"https:\/\/schema.org","@graph":[{"@type":"WebPage","@id":"https:\/\/chefpastry.ch\/produit\/moule-carciofo-artichaut-silikomart\/","url":"https:\/\/chefpastry.ch\/produit\/moule-carciofo-artichaut-silikomart\/","name":"CARCIOFO (ARTICHAUT) - Chef Pastry","isPartOf":{"@id":"https:\/\/chefpastry.ch\/#website"},"primaryImageOfPage":{"@id":"https:\/\/chefpastry.ch\/produit\/moule-carciofo-artichaut-silikomart\/#primaryimage"},"image":{"@id":"https:\/\/chefpastry.ch\/produit\/moule-carciofo-artichaut-silikomart\/#primaryimage"},"thumbnailUrl":"https:\/\/chefpastry.ch\/wp-content\/uploads\/2023\/02\/CARCIOFO-28.jpg","datePublished":"2023-02-26T10:19:23+00:00","dateModified":"2024-09-12T14:20:28+00:00","description":"Le Moule Artichaut de Silikomart, la nature comme vous ne l'avez jamais vue. Une interpr\u00e9tation originale des \u00e9l\u00e9ments de la nature...","breadcrumb":{"@id":"https:\/\/chefpastry.ch\/produit\/moule-carciofo-artichaut-silikomart\/#breadcrumb"},"inLanguage":"de","potentialAction":[{"@type":"ReadAction","target":["https:\/\/chefpastry.ch\/produit\/moule-carciofo-artichaut-silikomart\/"]}]},{"@type":"ImageObject","inLanguage":"de","@id":"https:\/\/chefpastry.ch\/produit\/moule-carciofo-artichaut-silikomart\/#primaryimage","url":"https:\/\/chefpastry.ch\/wp-content\/uploads\/2023\/02\/CARCIOFO-28.jpg","contentUrl":"https:\/\/chefpastry.ch\/wp-content\/uploads\/2023\/02\/CARCIOFO-28.jpg","width":2500,"height":2500,"caption":"Moule Carciofo Artichaut Silikomart"},{"@type":"BreadcrumbList","@id":"https:\/\/chefpastry.ch\/produit\/moule-carciofo-artichaut-silikomart\/#breadcrumb","itemListElement":[{"@type":"ListItem","position":1,"name":"Home","item":"https:\/\/chefpastry.ch\/"},{"@type":"ListItem","position":2,"name":"E-shop","item":"https:\/\/chefpastry.ch\/e-shop\/"},{"@type":"ListItem","position":3,"name":"CARCIOFO (ARTICHAUT)"}]},{"@type":"WebSite","@id":"https:\/\/chefpastry.ch\/#website","url":"https:\/\/chefpastry.ch\/","name":"Chef Pastry","description":"","publisher":{"@id":"https:\/\/chefpastry.ch\/#organization"},"potentialAction":[{"@type":"SearchAction","target":{"@type":"EntryPoint","urlTemplate":"https:\/\/chefpastry.ch\/?s={search_term_string}"},"query-input":{"@type":"PropertyValueSpecification","valueRequired":true,"valueName":"search_term_string"}}],"inLanguage":"de"},{"@type":"Organization","@id":"https:\/\/chefpastry.ch\/#organization","name":"Chef Pastry","url":"https:\/\/chefpastry.ch\/","logo":{"@type":"ImageObject","inLanguage":"de","@id":"https:\/\/chefpastry.ch\/#\/schema\/logo\/image\/","url":"https:\/\/chefpastry.ch\/wp-content\/uploads\/2022\/07\/cropped-chef_pastry_logo_rgb-03.png","contentUrl":"https:\/\/chefpastry.ch\/wp-content\/uploads\/2022\/07\/cropped-chef_pastry_logo_rgb-03.png","width":1545,"height":412,"caption":"Chef Pastry"},"image":{"@id":"https:\/\/chefpastry.ch\/#\/schema\/logo\/image\/"}}]},"product_price_amount":"22.00","product_price_currency":"CHF","og_availability":"instock","product_availability":"instock","product_retailer_item_id":"36.400.36.0065","product_condition":"new"},"_links":{"self":[{"href":"https:\/\/chefpastry.ch\/de\/wp-json\/wp\/v2\/product\/12652","targetHints":{"allow":["GET"]}}],"collection":[{"href":"https:\/\/chefpastry.ch\/de\/wp-json\/wp\/v2\/product"}],"about":[{"href":"https:\/\/chefpastry.ch\/de\/wp-json\/wp\/v2\/types\/product"}],"replies":[{"embeddable":true,"href":"https:\/\/chefpastry.ch\/de\/wp-json\/wp\/v2\/comments?post=12652"}],"version-history":[{"count":0,"href":"https:\/\/chefpastry.ch\/de\/wp-json\/wp\/v2\/product\/12652\/revisions"}],"wp:featuredmedia":[{"embeddable":true,"href":"https:\/\/chefpastry.ch\/de\/wp-json\/wp\/v2\/media\/12657"}],"wp:attachment":[{"href":"https:\/\/chefpastry.ch\/de\/wp-json\/wp\/v2\/media?parent=12652"}],"wp:term":[{"taxonomy":"product_brand","embeddable":true,"href":"https:\/\/chefpastry.ch\/de\/wp-json\/wp\/v2\/product_brand?post=12652"},{"taxonomy":"product_cat","embeddable":true,"href":"https:\/\/chefpastry.ch\/de\/wp-json\/wp\/v2\/product_cat?post=12652"},{"taxonomy":"product_tag","embeddable":true,"href":"https:\/\/chefpastry.ch\/de\/wp-json\/wp\/v2\/product_tag?post=12652"}],"curies":[{"name":"wp","href":"https:\/\/api.w.org\/{rel}","templated":true}]}}