{"id":12180,"date":"2023-01-25T14:22:05","date_gmt":"2023-01-25T13:22:05","guid":{"rendered":"https:\/\/chefpastry.ch\/?post_type=product&#038;p=12180"},"modified":"2025-04-14T14:52:37","modified_gmt":"2025-04-14T12:52:37","slug":"moule-silicone-silikomart-tarte-ring-blossom","status":"publish","type":"product","link":"https:\/\/chefpastry.ch\/de\/produkt\/moule-silicone-silikomart-tarte-ring-blossom\/","title":{"rendered":"TORTENSET RING BLOSSOM"},"content":{"rendered":"<p>Die <strong>Tarte-Kit Ring Blossom<\/strong> bestehend aus zwei Elementen:<\/p>\n<ul>\n<li>8 Ringe mit 70 mm Durchmesser aus backfertigem T-plus+ Material und eine Silikonform mit 67 mm Durchmesser, mit der Sie Mousse oder Cremes herstellen k\u00f6nnen, die Sie auf das M\u00fcrbeteiggeb\u00e4ck geben k\u00f6nnen.<\/li>\n<\/ul>\n<p>Die Ringe sind antihaftbeschichtet und rostfrei, was ein gleichm\u00e4\u00dfiges Garen und eine hohe Temperaturstabilit\u00e4t erm\u00f6glicht.<\/p>\n<p>Abmessungen:<\/p>\n<ul>\n<li>Form: \u00d867 mm h 20 mm<\/li>\n<li>Kavit\u00e4ten: 8 x 45 ml Insgesamt 360 ml<\/li>\n<li>Ringe: 8 St\u00fcck<\/li>\n<\/ul>\n<p>&nbsp;<\/p>","protected":false},"excerpt":{"rendered":"<p>Die <strong>Tarte-Kit Ring Blossom<\/strong> est compos\u00e9 de deux \u00e9l\u00e9ments : 8 anneaux de 70 mm de diam\u00e8tre en mat\u00e9riau Tplus+ pr\u00eat \u00e0 cuire et un moule en silicone de 67 mm de diam\u00e8tre permettant la cr\u00e9ation de mousses ou de cr\u00e8mes \u00e0 d\u00e9poser sur les sabl\u00e9s.<\/p>","protected":false},"featured_media":12185,"comment_status":"open","ping_status":"closed","template":"","meta":{"_jet_sm_ready_style":"","_jet_sm_style":"","_jet_sm_controls_values":"","_jet_sm_fonts_collection":"","_jet_sm_fonts_links":"","_joinchat":[]},"product_brand":[],"product_cat":[79],"product_tag":[],"class_list":{"0":"post-12180","1":"product","2":"type-product","3":"status-publish","4":"has-post-thumbnail","6":"product_cat-tarte","8":"first","9":"instock","10":"taxable","11":"shipping-taxable","12":"purchasable","13":"product-type-simple"},"yoast_head":"<!-- This site is optimized with the Yoast SEO plugin v27.0 - https:\/\/yoast.com\/product\/yoast-seo-wordpress\/ -->\n<title>KIT TARTE RING BLOSSOM - Chef Pastry<\/title>\n<meta name=\"description\" content=\"Le Kit Blossom est compos\u00e9 de deux \u00e9l\u00e9ments : 8 anneaux de 70 mm de diam\u00e8tre en mat\u00e9riau Tplus+ pr\u00eat \u00e0 cuire et un moule en silicone de 67 mm\" \/>\n<meta name=\"robots\" content=\"index, follow, max-snippet:-1, max-image-preview:large, max-video-preview:-1\" \/>\n<link rel=\"canonical\" href=\"https:\/\/chefpastry.ch\/de\/produkt\/moule-silicone-silikomart-tarte-ring-blossom\/\" \/>\n<meta property=\"og:locale\" content=\"de_DE\" \/>\n<meta property=\"og:type\" content=\"article\" \/>\n<meta property=\"og:title\" content=\"KIT TARTE RING BLOSSOM - Chef Pastry\" \/>\n<meta property=\"og:description\" content=\"Le Kit Blossom est compos\u00e9 de deux \u00e9l\u00e9ments : 8 anneaux de 70 mm de diam\u00e8tre en mat\u00e9riau Tplus+ pr\u00eat \u00e0 cuire et un moule en silicone de 67 mm\" \/>\n<meta property=\"og:url\" content=\"https:\/\/chefpastry.ch\/de\/produkt\/moule-silicone-silikomart-tarte-ring-blossom\/\" \/>\n<meta property=\"og:site_name\" content=\"Chef Pastry\" \/>\n<meta property=\"article:modified_time\" content=\"2025-04-14T12:52:37+00:00\" \/>\n<meta property=\"og:image\" content=\"https:\/\/chefpastry.ch\/wp-content\/uploads\/2023\/01\/KIT-TARTE-RING-BLOSSOM.jpg\" \/>\n\t<meta property=\"og:image:width\" content=\"1500\" \/>\n\t<meta property=\"og:image:height\" content=\"1500\" \/>\n\t<meta property=\"og:image:type\" content=\"image\/jpeg\" \/>\n<meta name=\"twitter:card\" content=\"summary_large_image\" \/>\n<meta name=\"twitter:label1\" content=\"Preis\" \/>\n\t<meta name=\"twitter:data1\" content=\"&#067;&#072;&#070;&nbsp;39.00 TTC\" \/>\n\t<meta name=\"twitter:label2\" content=\"Verf\u00fcgbarkeit\" \/>\n\t<meta name=\"twitter:data2\" content=\"Auf Lager\" \/>\n<script type=\"application\/ld+json\" class=\"yoast-schema-graph\">{\"@context\":\"https:\/\/schema.org\",\"@graph\":[{\"@type\":\"WebPage\",\"@id\":\"https:\/\/chefpastry.ch\/produit\/moule-silicone-silikomart-tarte-ring-blossom\/\",\"url\":\"https:\/\/chefpastry.ch\/produit\/moule-silicone-silikomart-tarte-ring-blossom\/\",\"name\":\"KIT TARTE RING BLOSSOM - Chef Pastry\",\"isPartOf\":{\"@id\":\"https:\/\/chefpastry.ch\/#website\"},\"primaryImageOfPage\":{\"@id\":\"https:\/\/chefpastry.ch\/produit\/moule-silicone-silikomart-tarte-ring-blossom\/#primaryimage\"},\"image\":{\"@id\":\"https:\/\/chefpastry.ch\/produit\/moule-silicone-silikomart-tarte-ring-blossom\/#primaryimage\"},\"thumbnailUrl\":\"https:\/\/chefpastry.ch\/wp-content\/uploads\/2023\/01\/KIT-TARTE-RING-BLOSSOM.jpg\",\"datePublished\":\"2023-01-25T13:22:05+00:00\",\"dateModified\":\"2025-04-14T12:52:37+00:00\",\"description\":\"Le Kit Blossom est compos\u00e9 de deux \u00e9l\u00e9ments : 8 anneaux de 70 mm de diam\u00e8tre en mat\u00e9riau Tplus+ pr\u00eat \u00e0 cuire et un moule en silicone de 67 mm\",\"breadcrumb\":{\"@id\":\"https:\/\/chefpastry.ch\/produit\/moule-silicone-silikomart-tarte-ring-blossom\/#breadcrumb\"},\"inLanguage\":\"de\",\"potentialAction\":[{\"@type\":\"ReadAction\",\"target\":[\"https:\/\/chefpastry.ch\/produit\/moule-silicone-silikomart-tarte-ring-blossom\/\"]}]},{\"@type\":\"ImageObject\",\"inLanguage\":\"de\",\"@id\":\"https:\/\/chefpastry.ch\/produit\/moule-silicone-silikomart-tarte-ring-blossom\/#primaryimage\",\"url\":\"https:\/\/chefpastry.ch\/wp-content\/uploads\/2023\/01\/KIT-TARTE-RING-BLOSSOM.jpg\",\"contentUrl\":\"https:\/\/chefpastry.ch\/wp-content\/uploads\/2023\/01\/KIT-TARTE-RING-BLOSSOM.jpg\",\"width\":1500,\"height\":1500,\"caption\":\"Kit Tarte Ring Blossom\"},{\"@type\":\"BreadcrumbList\",\"@id\":\"https:\/\/chefpastry.ch\/produit\/moule-silicone-silikomart-tarte-ring-blossom\/#breadcrumb\",\"itemListElement\":[{\"@type\":\"ListItem\",\"position\":1,\"name\":\"Home\",\"item\":\"https:\/\/chefpastry.ch\/\"},{\"@type\":\"ListItem\",\"position\":2,\"name\":\"E-shop\",\"item\":\"https:\/\/chefpastry.ch\/e-shop\/\"},{\"@type\":\"ListItem\",\"position\":3,\"name\":\"KIT TARTE RING BLOSSOM\"}]},{\"@type\":\"WebSite\",\"@id\":\"https:\/\/chefpastry.ch\/#website\",\"url\":\"https:\/\/chefpastry.ch\/\",\"name\":\"Chef Pastry\",\"description\":\"\",\"publisher\":{\"@id\":\"https:\/\/chefpastry.ch\/#organization\"},\"potentialAction\":[{\"@type\":\"SearchAction\",\"target\":{\"@type\":\"EntryPoint\",\"urlTemplate\":\"https:\/\/chefpastry.ch\/?s={search_term_string}\"},\"query-input\":{\"@type\":\"PropertyValueSpecification\",\"valueRequired\":true,\"valueName\":\"search_term_string\"}}],\"inLanguage\":\"de\"},{\"@type\":\"Organization\",\"@id\":\"https:\/\/chefpastry.ch\/#organization\",\"name\":\"Chef Pastry\",\"url\":\"https:\/\/chefpastry.ch\/\",\"logo\":{\"@type\":\"ImageObject\",\"inLanguage\":\"de\",\"@id\":\"https:\/\/chefpastry.ch\/#\/schema\/logo\/image\/\",\"url\":\"https:\/\/chefpastry.ch\/wp-content\/uploads\/2022\/07\/cropped-chef_pastry_logo_rgb-03.png\",\"contentUrl\":\"https:\/\/chefpastry.ch\/wp-content\/uploads\/2022\/07\/cropped-chef_pastry_logo_rgb-03.png\",\"width\":1545,\"height\":412,\"caption\":\"Chef Pastry\"},\"image\":{\"@id\":\"https:\/\/chefpastry.ch\/#\/schema\/logo\/image\/\"}}]}<\/script>\n<meta property=\"product:price:amount\" content=\"39.00\" \/>\n<meta property=\"product:price:currency\" content=\"CHF\" \/>\n<meta property=\"og:availability\" content=\"instock\" \/>\n<meta property=\"product:availability\" content=\"instock\" \/>\n<meta property=\"product:retailer_item_id\" content=\"25.396.87.0065\" \/>\n<meta property=\"product:condition\" content=\"new\" \/>\n<!-- \/ Yoast SEO plugin. -->","yoast_head_json":{"title":"KIT TARTE RING BLOSSOM - Chef Pastry","description":"Le Kit Blossom est compos\u00e9 de deux \u00e9l\u00e9ments : 8 anneaux de 70 mm de diam\u00e8tre en mat\u00e9riau Tplus+ pr\u00eat \u00e0 cuire et un moule en silicone de 67 mm","robots":{"index":"index","follow":"follow","max-snippet":"max-snippet:-1","max-image-preview":"max-image-preview:large","max-video-preview":"max-video-preview:-1"},"canonical":"https:\/\/chefpastry.ch\/de\/produkt\/moule-silicone-silikomart-tarte-ring-blossom\/","og_locale":"de_DE","og_type":"article","og_title":"KIT TARTE RING BLOSSOM - Chef Pastry","og_description":"Le Kit Blossom est compos\u00e9 de deux \u00e9l\u00e9ments : 8 anneaux de 70 mm de diam\u00e8tre en mat\u00e9riau Tplus+ pr\u00eat \u00e0 cuire et un moule en silicone de 67 mm","og_url":"https:\/\/chefpastry.ch\/de\/produkt\/moule-silicone-silikomart-tarte-ring-blossom\/","og_site_name":"Chef Pastry","article_modified_time":"2025-04-14T12:52:37+00:00","og_image":[{"width":1500,"height":1500,"url":"https:\/\/chefpastry.ch\/wp-content\/uploads\/2023\/01\/KIT-TARTE-RING-BLOSSOM.jpg","type":"image\/jpeg"}],"twitter_card":"summary_large_image","twitter_misc":{"Preis":"&#67;&#72;&#70;&nbsp;39.00 TTC","Verf\u00fcgbarkeit":"Auf Lager"},"schema":{"@context":"https:\/\/schema.org","@graph":[{"@type":"WebPage","@id":"https:\/\/chefpastry.ch\/produit\/moule-silicone-silikomart-tarte-ring-blossom\/","url":"https:\/\/chefpastry.ch\/produit\/moule-silicone-silikomart-tarte-ring-blossom\/","name":"KIT TARTE RING BLOSSOM - Chef Pastry","isPartOf":{"@id":"https:\/\/chefpastry.ch\/#website"},"primaryImageOfPage":{"@id":"https:\/\/chefpastry.ch\/produit\/moule-silicone-silikomart-tarte-ring-blossom\/#primaryimage"},"image":{"@id":"https:\/\/chefpastry.ch\/produit\/moule-silicone-silikomart-tarte-ring-blossom\/#primaryimage"},"thumbnailUrl":"https:\/\/chefpastry.ch\/wp-content\/uploads\/2023\/01\/KIT-TARTE-RING-BLOSSOM.jpg","datePublished":"2023-01-25T13:22:05+00:00","dateModified":"2025-04-14T12:52:37+00:00","description":"Le Kit Blossom est compos\u00e9 de deux \u00e9l\u00e9ments : 8 anneaux de 70 mm de diam\u00e8tre en mat\u00e9riau Tplus+ pr\u00eat \u00e0 cuire et un moule en silicone de 67 mm","breadcrumb":{"@id":"https:\/\/chefpastry.ch\/produit\/moule-silicone-silikomart-tarte-ring-blossom\/#breadcrumb"},"inLanguage":"de","potentialAction":[{"@type":"ReadAction","target":["https:\/\/chefpastry.ch\/produit\/moule-silicone-silikomart-tarte-ring-blossom\/"]}]},{"@type":"ImageObject","inLanguage":"de","@id":"https:\/\/chefpastry.ch\/produit\/moule-silicone-silikomart-tarte-ring-blossom\/#primaryimage","url":"https:\/\/chefpastry.ch\/wp-content\/uploads\/2023\/01\/KIT-TARTE-RING-BLOSSOM.jpg","contentUrl":"https:\/\/chefpastry.ch\/wp-content\/uploads\/2023\/01\/KIT-TARTE-RING-BLOSSOM.jpg","width":1500,"height":1500,"caption":"Kit Tarte Ring Blossom"},{"@type":"BreadcrumbList","@id":"https:\/\/chefpastry.ch\/produit\/moule-silicone-silikomart-tarte-ring-blossom\/#breadcrumb","itemListElement":[{"@type":"ListItem","position":1,"name":"Home","item":"https:\/\/chefpastry.ch\/"},{"@type":"ListItem","position":2,"name":"E-shop","item":"https:\/\/chefpastry.ch\/e-shop\/"},{"@type":"ListItem","position":3,"name":"KIT TARTE RING BLOSSOM"}]},{"@type":"WebSite","@id":"https:\/\/chefpastry.ch\/#website","url":"https:\/\/chefpastry.ch\/","name":"Chef Pastry","description":"","publisher":{"@id":"https:\/\/chefpastry.ch\/#organization"},"potentialAction":[{"@type":"SearchAction","target":{"@type":"EntryPoint","urlTemplate":"https:\/\/chefpastry.ch\/?s={search_term_string}"},"query-input":{"@type":"PropertyValueSpecification","valueRequired":true,"valueName":"search_term_string"}}],"inLanguage":"de"},{"@type":"Organization","@id":"https:\/\/chefpastry.ch\/#organization","name":"Chef Pastry","url":"https:\/\/chefpastry.ch\/","logo":{"@type":"ImageObject","inLanguage":"de","@id":"https:\/\/chefpastry.ch\/#\/schema\/logo\/image\/","url":"https:\/\/chefpastry.ch\/wp-content\/uploads\/2022\/07\/cropped-chef_pastry_logo_rgb-03.png","contentUrl":"https:\/\/chefpastry.ch\/wp-content\/uploads\/2022\/07\/cropped-chef_pastry_logo_rgb-03.png","width":1545,"height":412,"caption":"Chef Pastry"},"image":{"@id":"https:\/\/chefpastry.ch\/#\/schema\/logo\/image\/"}}]},"product_price_amount":"39.00","product_price_currency":"CHF","og_availability":"instock","product_availability":"instock","product_retailer_item_id":"25.396.87.0065","product_condition":"new"},"_links":{"self":[{"href":"https:\/\/chefpastry.ch\/de\/wp-json\/wp\/v2\/product\/12180","targetHints":{"allow":["GET"]}}],"collection":[{"href":"https:\/\/chefpastry.ch\/de\/wp-json\/wp\/v2\/product"}],"about":[{"href":"https:\/\/chefpastry.ch\/de\/wp-json\/wp\/v2\/types\/product"}],"replies":[{"embeddable":true,"href":"https:\/\/chefpastry.ch\/de\/wp-json\/wp\/v2\/comments?post=12180"}],"version-history":[{"count":1,"href":"https:\/\/chefpastry.ch\/de\/wp-json\/wp\/v2\/product\/12180\/revisions"}],"predecessor-version":[{"id":16355,"href":"https:\/\/chefpastry.ch\/de\/wp-json\/wp\/v2\/product\/12180\/revisions\/16355"}],"wp:featuredmedia":[{"embeddable":true,"href":"https:\/\/chefpastry.ch\/de\/wp-json\/wp\/v2\/media\/12185"}],"wp:attachment":[{"href":"https:\/\/chefpastry.ch\/de\/wp-json\/wp\/v2\/media?parent=12180"}],"wp:term":[{"taxonomy":"product_brand","embeddable":true,"href":"https:\/\/chefpastry.ch\/de\/wp-json\/wp\/v2\/product_brand?post=12180"},{"taxonomy":"product_cat","embeddable":true,"href":"https:\/\/chefpastry.ch\/de\/wp-json\/wp\/v2\/product_cat?post=12180"},{"taxonomy":"product_tag","embeddable":true,"href":"https:\/\/chefpastry.ch\/de\/wp-json\/wp\/v2\/product_tag?post=12180"}],"curies":[{"name":"wp","href":"https:\/\/api.w.org\/{rel}","templated":true}]}}