{"id":10075,"date":"2022-10-18T14:41:35","date_gmt":"2022-10-18T12:41:35","guid":{"rendered":"https:\/\/chefpastry.ch\/?post_type=product&#038;p=10075"},"modified":"2023-12-31T16:50:55","modified_gmt":"2023-12-31T15:50:55","slug":"moule-silicone-silikomart-endless-love-1500","status":"publish","type":"product","link":"https:\/\/chefpastry.ch\/de\/produkt\/moule-silicone-silikomart-endless-love-1500\/","title":{"rendered":"ENDLESS LOVE 1500"},"content":{"rendered":"<p>Die Silikonform Endless Love <strong>Silikomart<\/strong> wird Ihnen helfen, k\u00f6stliche <strong>entremets<\/strong> um Ihre Liebe zu erkl\u00e4ren. Ob Valentinstag, Muttertag oder einfach nur der Moment, um zu sagen <strong>je t&rsquo;aime<\/strong> \u00e0 ceux qui vous sont chers, le moule Endless Love vous permettra d&rsquo;exprimer votre amour en <strong>Konditorei<\/strong>.<\/p>\n<p>Abmessungen:<\/p>\n<ul>\n<li>H\u00f6he 55 mm<\/li>\n<li>\u00d8190 mm<\/li>\n<\/ul>\n<p>Material: Silikon<br \/>\nBackofenfest, sp\u00fclmaschinenfest und gefriergeeignet<\/p>","protected":false},"excerpt":{"rendered":"<p>Le moule silicone Endless Love Silikomart va vous permettre de r\u00e9aliser de d\u00e9licieux entremets pour d\u00e9clarer votre flamme lors de la Saint-Valentin, la f\u00eate des m\u00e8res ou tout simplement le moment de dire je t&rsquo;aime.<\/p>","protected":false},"featured_media":10078,"comment_status":"open","ping_status":"closed","template":"","meta":{"_jet_sm_ready_style":"","_jet_sm_style":"","_jet_sm_controls_values":"","_jet_sm_fonts_collection":"","_jet_sm_fonts_links":"","_joinchat":[]},"product_brand":[],"product_cat":[22],"product_tag":[],"class_list":{"0":"post-10075","1":"product","2":"type-product","3":"status-publish","4":"has-post-thumbnail","6":"product_cat-gateaux","8":"first","9":"instock","10":"taxable","11":"shipping-taxable","12":"purchasable","13":"product-type-simple"},"yoast_head":"<!-- This site is optimized with the Yoast SEO plugin v27.0 - https:\/\/yoast.com\/product\/yoast-seo-wordpress\/ -->\n<title>ENDLESS LOVE 1500 - Chef Pastry<\/title>\n<meta name=\"description\" content=\"Le moule en silicone Endless Love Silikomart va vous permettre de r\u00e9aliser de d\u00e9licieux entremets pour d\u00e9clarer votre flamme.\" \/>\n<meta name=\"robots\" content=\"index, follow, max-snippet:-1, max-image-preview:large, max-video-preview:-1\" \/>\n<link rel=\"canonical\" href=\"https:\/\/chefpastry.ch\/de\/produkt\/moule-silicone-silikomart-endless-love-1500\/\" \/>\n<meta property=\"og:locale\" content=\"de_DE\" \/>\n<meta property=\"og:type\" content=\"article\" \/>\n<meta property=\"og:title\" content=\"ENDLESS LOVE 1500 - Chef Pastry\" \/>\n<meta property=\"og:description\" content=\"Le moule en silicone Endless Love Silikomart va vous permettre de r\u00e9aliser de d\u00e9licieux entremets pour d\u00e9clarer votre flamme.\" \/>\n<meta property=\"og:url\" content=\"https:\/\/chefpastry.ch\/de\/produkt\/moule-silicone-silikomart-endless-love-1500\/\" \/>\n<meta property=\"og:site_name\" content=\"Chef Pastry\" \/>\n<meta property=\"article:modified_time\" content=\"2023-12-31T15:50:55+00:00\" \/>\n<meta property=\"og:image\" content=\"https:\/\/chefpastry.ch\/wp-content\/uploads\/2022\/10\/ENDLESS-LOVE.jpg\" \/>\n\t<meta property=\"og:image:width\" content=\"1500\" \/>\n\t<meta property=\"og:image:height\" content=\"1500\" \/>\n\t<meta property=\"og:image:type\" content=\"image\/jpeg\" \/>\n<meta name=\"twitter:card\" content=\"summary_large_image\" \/>\n<meta name=\"twitter:label1\" content=\"Preis\" \/>\n\t<meta name=\"twitter:data1\" content=\"&#067;&#072;&#070;&nbsp;26.00 TTC\" \/>\n\t<meta name=\"twitter:label2\" content=\"Verf\u00fcgbarkeit\" \/>\n\t<meta name=\"twitter:data2\" content=\"Auf Lager\" \/>\n<script type=\"application\/ld+json\" class=\"yoast-schema-graph\">{\"@context\":\"https:\/\/schema.org\",\"@graph\":[{\"@type\":\"WebPage\",\"@id\":\"https:\/\/chefpastry.ch\/produit\/moule-silicone-silikomart-endless-love-1500\/\",\"url\":\"https:\/\/chefpastry.ch\/produit\/moule-silicone-silikomart-endless-love-1500\/\",\"name\":\"ENDLESS LOVE 1500 - Chef Pastry\",\"isPartOf\":{\"@id\":\"https:\/\/chefpastry.ch\/#website\"},\"primaryImageOfPage\":{\"@id\":\"https:\/\/chefpastry.ch\/produit\/moule-silicone-silikomart-endless-love-1500\/#primaryimage\"},\"image\":{\"@id\":\"https:\/\/chefpastry.ch\/produit\/moule-silicone-silikomart-endless-love-1500\/#primaryimage\"},\"thumbnailUrl\":\"https:\/\/chefpastry.ch\/wp-content\/uploads\/2022\/10\/ENDLESS-LOVE.jpg\",\"datePublished\":\"2022-10-18T12:41:35+00:00\",\"dateModified\":\"2023-12-31T15:50:55+00:00\",\"description\":\"Le moule en silicone Endless Love Silikomart va vous permettre de r\u00e9aliser de d\u00e9licieux entremets pour d\u00e9clarer votre flamme.\",\"breadcrumb\":{\"@id\":\"https:\/\/chefpastry.ch\/produit\/moule-silicone-silikomart-endless-love-1500\/#breadcrumb\"},\"inLanguage\":\"de\",\"potentialAction\":[{\"@type\":\"ReadAction\",\"target\":[\"https:\/\/chefpastry.ch\/produit\/moule-silicone-silikomart-endless-love-1500\/\"]}]},{\"@type\":\"ImageObject\",\"inLanguage\":\"de\",\"@id\":\"https:\/\/chefpastry.ch\/produit\/moule-silicone-silikomart-endless-love-1500\/#primaryimage\",\"url\":\"https:\/\/chefpastry.ch\/wp-content\/uploads\/2022\/10\/ENDLESS-LOVE.jpg\",\"contentUrl\":\"https:\/\/chefpastry.ch\/wp-content\/uploads\/2022\/10\/ENDLESS-LOVE.jpg\",\"width\":1500,\"height\":1500,\"caption\":\"Endless Love 1500 Moule entremets\"},{\"@type\":\"BreadcrumbList\",\"@id\":\"https:\/\/chefpastry.ch\/produit\/moule-silicone-silikomart-endless-love-1500\/#breadcrumb\",\"itemListElement\":[{\"@type\":\"ListItem\",\"position\":1,\"name\":\"Home\",\"item\":\"https:\/\/chefpastry.ch\/\"},{\"@type\":\"ListItem\",\"position\":2,\"name\":\"E-shop\",\"item\":\"https:\/\/chefpastry.ch\/e-shop\/\"},{\"@type\":\"ListItem\",\"position\":3,\"name\":\"ENDLESS LOVE 1500\"}]},{\"@type\":\"WebSite\",\"@id\":\"https:\/\/chefpastry.ch\/#website\",\"url\":\"https:\/\/chefpastry.ch\/\",\"name\":\"Chef Pastry\",\"description\":\"\",\"publisher\":{\"@id\":\"https:\/\/chefpastry.ch\/#organization\"},\"potentialAction\":[{\"@type\":\"SearchAction\",\"target\":{\"@type\":\"EntryPoint\",\"urlTemplate\":\"https:\/\/chefpastry.ch\/?s={search_term_string}\"},\"query-input\":{\"@type\":\"PropertyValueSpecification\",\"valueRequired\":true,\"valueName\":\"search_term_string\"}}],\"inLanguage\":\"de\"},{\"@type\":\"Organization\",\"@id\":\"https:\/\/chefpastry.ch\/#organization\",\"name\":\"Chef Pastry\",\"url\":\"https:\/\/chefpastry.ch\/\",\"logo\":{\"@type\":\"ImageObject\",\"inLanguage\":\"de\",\"@id\":\"https:\/\/chefpastry.ch\/#\/schema\/logo\/image\/\",\"url\":\"https:\/\/chefpastry.ch\/wp-content\/uploads\/2022\/07\/cropped-chef_pastry_logo_rgb-03.png\",\"contentUrl\":\"https:\/\/chefpastry.ch\/wp-content\/uploads\/2022\/07\/cropped-chef_pastry_logo_rgb-03.png\",\"width\":1545,\"height\":412,\"caption\":\"Chef Pastry\"},\"image\":{\"@id\":\"https:\/\/chefpastry.ch\/#\/schema\/logo\/image\/\"}}]}<\/script>\n<meta property=\"product:price:amount\" content=\"26.00\" \/>\n<meta property=\"product:price:currency\" content=\"CHF\" \/>\n<meta property=\"og:availability\" content=\"instock\" \/>\n<meta property=\"product:availability\" content=\"instock\" \/>\n<meta property=\"product:retailer_item_id\" content=\"20.452.13.0065\" \/>\n<meta property=\"product:condition\" content=\"new\" \/>\n<!-- \/ Yoast SEO plugin. -->","yoast_head_json":{"title":"ENDLESS LOVE 1500 - Chef Pastry","description":"Le moule en silicone Endless Love Silikomart va vous permettre de r\u00e9aliser de d\u00e9licieux entremets pour d\u00e9clarer votre flamme.","robots":{"index":"index","follow":"follow","max-snippet":"max-snippet:-1","max-image-preview":"max-image-preview:large","max-video-preview":"max-video-preview:-1"},"canonical":"https:\/\/chefpastry.ch\/de\/produkt\/moule-silicone-silikomart-endless-love-1500\/","og_locale":"de_DE","og_type":"article","og_title":"ENDLESS LOVE 1500 - Chef Pastry","og_description":"Le moule en silicone Endless Love Silikomart va vous permettre de r\u00e9aliser de d\u00e9licieux entremets pour d\u00e9clarer votre flamme.","og_url":"https:\/\/chefpastry.ch\/de\/produkt\/moule-silicone-silikomart-endless-love-1500\/","og_site_name":"Chef Pastry","article_modified_time":"2023-12-31T15:50:55+00:00","og_image":[{"width":1500,"height":1500,"url":"https:\/\/chefpastry.ch\/wp-content\/uploads\/2022\/10\/ENDLESS-LOVE.jpg","type":"image\/jpeg"}],"twitter_card":"summary_large_image","twitter_misc":{"Preis":"&#67;&#72;&#70;&nbsp;26.00 TTC","Verf\u00fcgbarkeit":"Auf Lager"},"schema":{"@context":"https:\/\/schema.org","@graph":[{"@type":"WebPage","@id":"https:\/\/chefpastry.ch\/produit\/moule-silicone-silikomart-endless-love-1500\/","url":"https:\/\/chefpastry.ch\/produit\/moule-silicone-silikomart-endless-love-1500\/","name":"ENDLESS LOVE 1500 - Chef Pastry","isPartOf":{"@id":"https:\/\/chefpastry.ch\/#website"},"primaryImageOfPage":{"@id":"https:\/\/chefpastry.ch\/produit\/moule-silicone-silikomart-endless-love-1500\/#primaryimage"},"image":{"@id":"https:\/\/chefpastry.ch\/produit\/moule-silicone-silikomart-endless-love-1500\/#primaryimage"},"thumbnailUrl":"https:\/\/chefpastry.ch\/wp-content\/uploads\/2022\/10\/ENDLESS-LOVE.jpg","datePublished":"2022-10-18T12:41:35+00:00","dateModified":"2023-12-31T15:50:55+00:00","description":"Le moule en silicone Endless Love Silikomart va vous permettre de r\u00e9aliser de d\u00e9licieux entremets pour d\u00e9clarer votre flamme.","breadcrumb":{"@id":"https:\/\/chefpastry.ch\/produit\/moule-silicone-silikomart-endless-love-1500\/#breadcrumb"},"inLanguage":"de","potentialAction":[{"@type":"ReadAction","target":["https:\/\/chefpastry.ch\/produit\/moule-silicone-silikomart-endless-love-1500\/"]}]},{"@type":"ImageObject","inLanguage":"de","@id":"https:\/\/chefpastry.ch\/produit\/moule-silicone-silikomart-endless-love-1500\/#primaryimage","url":"https:\/\/chefpastry.ch\/wp-content\/uploads\/2022\/10\/ENDLESS-LOVE.jpg","contentUrl":"https:\/\/chefpastry.ch\/wp-content\/uploads\/2022\/10\/ENDLESS-LOVE.jpg","width":1500,"height":1500,"caption":"Endless Love 1500 Moule entremets"},{"@type":"BreadcrumbList","@id":"https:\/\/chefpastry.ch\/produit\/moule-silicone-silikomart-endless-love-1500\/#breadcrumb","itemListElement":[{"@type":"ListItem","position":1,"name":"Home","item":"https:\/\/chefpastry.ch\/"},{"@type":"ListItem","position":2,"name":"E-shop","item":"https:\/\/chefpastry.ch\/e-shop\/"},{"@type":"ListItem","position":3,"name":"ENDLESS LOVE 1500"}]},{"@type":"WebSite","@id":"https:\/\/chefpastry.ch\/#website","url":"https:\/\/chefpastry.ch\/","name":"Chef Pastry","description":"","publisher":{"@id":"https:\/\/chefpastry.ch\/#organization"},"potentialAction":[{"@type":"SearchAction","target":{"@type":"EntryPoint","urlTemplate":"https:\/\/chefpastry.ch\/?s={search_term_string}"},"query-input":{"@type":"PropertyValueSpecification","valueRequired":true,"valueName":"search_term_string"}}],"inLanguage":"de"},{"@type":"Organization","@id":"https:\/\/chefpastry.ch\/#organization","name":"Chef Pastry","url":"https:\/\/chefpastry.ch\/","logo":{"@type":"ImageObject","inLanguage":"de","@id":"https:\/\/chefpastry.ch\/#\/schema\/logo\/image\/","url":"https:\/\/chefpastry.ch\/wp-content\/uploads\/2022\/07\/cropped-chef_pastry_logo_rgb-03.png","contentUrl":"https:\/\/chefpastry.ch\/wp-content\/uploads\/2022\/07\/cropped-chef_pastry_logo_rgb-03.png","width":1545,"height":412,"caption":"Chef Pastry"},"image":{"@id":"https:\/\/chefpastry.ch\/#\/schema\/logo\/image\/"}}]},"product_price_amount":"26.00","product_price_currency":"CHF","og_availability":"instock","product_availability":"instock","product_retailer_item_id":"20.452.13.0065","product_condition":"new"},"_links":{"self":[{"href":"https:\/\/chefpastry.ch\/de\/wp-json\/wp\/v2\/product\/10075","targetHints":{"allow":["GET"]}}],"collection":[{"href":"https:\/\/chefpastry.ch\/de\/wp-json\/wp\/v2\/product"}],"about":[{"href":"https:\/\/chefpastry.ch\/de\/wp-json\/wp\/v2\/types\/product"}],"replies":[{"embeddable":true,"href":"https:\/\/chefpastry.ch\/de\/wp-json\/wp\/v2\/comments?post=10075"}],"version-history":[{"count":0,"href":"https:\/\/chefpastry.ch\/de\/wp-json\/wp\/v2\/product\/10075\/revisions"}],"wp:featuredmedia":[{"embeddable":true,"href":"https:\/\/chefpastry.ch\/de\/wp-json\/wp\/v2\/media\/10078"}],"wp:attachment":[{"href":"https:\/\/chefpastry.ch\/de\/wp-json\/wp\/v2\/media?parent=10075"}],"wp:term":[{"taxonomy":"product_brand","embeddable":true,"href":"https:\/\/chefpastry.ch\/de\/wp-json\/wp\/v2\/product_brand?post=10075"},{"taxonomy":"product_cat","embeddable":true,"href":"https:\/\/chefpastry.ch\/de\/wp-json\/wp\/v2\/product_cat?post=10075"},{"taxonomy":"product_tag","embeddable":true,"href":"https:\/\/chefpastry.ch\/de\/wp-json\/wp\/v2\/product_tag?post=10075"}],"curies":[{"name":"wp","href":"https:\/\/api.w.org\/{rel}","templated":true}]}}